{"id":846,"date":"2022-10-28T11:54:14","date_gmt":"2022-10-28T09:54:14","guid":{"rendered":"https:\/\/www.tim-oesterreich.at\/?page_id=846"},"modified":"2023-04-05T14:46:17","modified_gmt":"2023-04-05T12:46:17","slug":"bus-bahn","status":"publish","type":"page","link":"https:\/\/www.tim-oesterreich.at\/steirischer-zentralraum\/bus-bahn\/","title":{"rendered":"Bus + Bahn"},"content":{"rendered":"<h2>tim Hasnerplatz<\/h2>\n<p><>Bus und Bahn<\/><\/p>\n<div>\n<p><strong>Bus und Bahn<\/strong>:\u00a0<span style=\"font-size: 1em;letter-spacing: 0px\">Nutze das Angebot des <strong>\u00d6ffentlichen Verkehrs<\/strong> f\u00fcr deine t\u00e4glichen Wege oder um bequem deinen tim-Standort zu erreichen. Jeder tim-Standort liegt n\u00e4mlich in <strong>unmittelbarer N\u00e4he<\/strong> einer \u00d6ffi-Haltestelle.<\/span><\/p>\n<div id=\"gtx-trans\"><\/div>\n<\/div>\n<ul>\n<li>\n<h3>Bus + Bahn<\/h3>\n<div>\n<ul>\n<li>Der <strong>\u00d6ffentliche Verkehr<\/strong> bringt dich bequem zu deinem <strong>tim<\/strong>-Standort<\/li>\n<li><strong>Weitere Infos<\/strong> zu <strong>Tarifen und Angeboten des \u00d6ffentlichen Verkehrs<\/strong> findest du bei BusBahnBim<\/li>\n<\/ul>\n<\/div>\n<p><a href=\"https:\/\/verkehrsauskunft.verbundlinie.at\/\">Zu BusBahnBim<\/a><\/li>\n<\/ul>\n","protected":false},"excerpt":{"rendered":"<p>tim Hasnerplatz Bus und Bahn Bus und Bahn:\u00a0Nutze das Angebot des \u00d6ffentlichen Verkehrs f\u00fcr deine t\u00e4glichen Wege oder um bequem deinen tim-Standort zu erreichen. Jeder tim-Standort liegt n\u00e4mlich in unmittelbarer N\u00e4he einer \u00d6ffi-Haltestelle. Bus + Bahn Der \u00d6ffentliche Verkehr bringt dich bequem zu deinem tim-Standort Weitere Infos zu Tarifen und Angeboten des \u00d6ffentlichen Verkehrs findest [&hellip;]<\/p>\n","protected":false},"author":1,"featured_media":0,"parent":0,"menu_order":5,"comment_status":"closed","ping_status":"closed","template":"","meta":{"footnotes":""},"class_list":["post-846","page","type-page","status-publish","hentry"],"acf":[],"yoast_head":"<!-- This site is optimized with the Yoast SEO plugin v26.7 - https:\/\/yoast.com\/wordpress\/plugins\/seo\/ -->\n<title>Bus + Bahn - TIM Steirischer Zentralraum<\/title>\n<meta name=\"robots\" content=\"index, follow, max-snippet:-1, max-image-preview:large, max-video-preview:-1\" \/>\n<link rel=\"canonical\" href=\"https:\/\/www.tim-oesterreich.at\/steirischer-zentralraum\/bus-bahn\/\" \/>\n<meta property=\"og:locale\" content=\"de_DE\" \/>\n<meta property=\"og:type\" content=\"article\" \/>\n<meta property=\"og:title\" content=\"Bus + Bahn - TIM Steirischer Zentralraum\" \/>\n<meta property=\"og:description\" content=\"tim Hasnerplatz Bus und Bahn Bus und Bahn:\u00a0Nutze das Angebot des \u00d6ffentlichen Verkehrs f\u00fcr deine t\u00e4glichen Wege oder um bequem deinen tim-Standort zu erreichen. Jeder tim-Standort liegt n\u00e4mlich in unmittelbarer N\u00e4he einer \u00d6ffi-Haltestelle. Bus + Bahn Der \u00d6ffentliche Verkehr bringt dich bequem zu deinem tim-Standort Weitere Infos zu Tarifen und Angeboten des \u00d6ffentlichen Verkehrs findest [&hellip;]\" \/>\n<meta property=\"og:url\" content=\"https:\/\/www.tim-oesterreich.at\/steirischer-zentralraum\/bus-bahn\/\" \/>\n<meta property=\"og:site_name\" content=\"TIM Steirischer Zentralraum\" \/>\n<meta property=\"article:modified_time\" content=\"2023-04-05T12:46:17+00:00\" \/>\n<meta name=\"twitter:card\" content=\"summary_large_image\" \/>\n<script type=\"application\/ld+json\" class=\"yoast-schema-graph\">{\"@context\":\"https:\/\/schema.org\",\"@graph\":[{\"@type\":\"WebPage\",\"@id\":\"https:\/\/www.tim-oesterreich.at\/steirischer-zentralraum\/bus-bahn\/\",\"url\":\"https:\/\/www.tim-oesterreich.at\/steirischer-zentralraum\/bus-bahn\/\",\"name\":\"Bus + Bahn - TIM Steirischer Zentralraum\",\"isPartOf\":{\"@id\":\"https:\/\/www.tim-oesterreich.at\/steirischer-zentralraum\/#website\"},\"datePublished\":\"2022-10-28T09:54:14+00:00\",\"dateModified\":\"2023-04-05T12:46:17+00:00\",\"breadcrumb\":{\"@id\":\"https:\/\/www.tim-oesterreich.at\/steirischer-zentralraum\/bus-bahn\/#breadcrumb\"},\"inLanguage\":\"de\",\"potentialAction\":[{\"@type\":\"ReadAction\",\"target\":[\"https:\/\/www.tim-oesterreich.at\/steirischer-zentralraum\/bus-bahn\/\"]}]},{\"@type\":\"BreadcrumbList\",\"@id\":\"https:\/\/www.tim-oesterreich.at\/steirischer-zentralraum\/bus-bahn\/#breadcrumb\",\"itemListElement\":[{\"@type\":\"ListItem\",\"position\":1,\"name\":\"Startseite\",\"item\":\"https:\/\/www.tim-oesterreich.at\/steirischer-zentralraum\/\"},{\"@type\":\"ListItem\",\"position\":2,\"name\":\"Bus + Bahn\"}]},{\"@type\":\"WebSite\",\"@id\":\"https:\/\/www.tim-oesterreich.at\/steirischer-zentralraum\/#website\",\"url\":\"https:\/\/www.tim-oesterreich.at\/steirischer-zentralraum\/\",\"name\":\"TIM Steirischer Zentralraum\",\"description\":\"\",\"potentialAction\":[{\"@type\":\"SearchAction\",\"target\":{\"@type\":\"EntryPoint\",\"urlTemplate\":\"https:\/\/www.tim-oesterreich.at\/steirischer-zentralraum\/?s={search_term_string}\"},\"query-input\":{\"@type\":\"PropertyValueSpecification\",\"valueRequired\":true,\"valueName\":\"search_term_string\"}}],\"inLanguage\":\"de\"}]}<\/script>\n<!-- \/ Yoast SEO plugin. -->","yoast_head_json":{"title":"Bus + Bahn - TIM Steirischer Zentralraum","robots":{"index":"index","follow":"follow","max-snippet":"max-snippet:-1","max-image-preview":"max-image-preview:large","max-video-preview":"max-video-preview:-1"},"canonical":"https:\/\/www.tim-oesterreich.at\/steirischer-zentralraum\/bus-bahn\/","og_locale":"de_DE","og_type":"article","og_title":"Bus + Bahn - TIM Steirischer Zentralraum","og_description":"tim Hasnerplatz Bus und Bahn Bus und Bahn:\u00a0Nutze das Angebot des \u00d6ffentlichen Verkehrs f\u00fcr deine t\u00e4glichen Wege oder um bequem deinen tim-Standort zu erreichen. Jeder tim-Standort liegt n\u00e4mlich in unmittelbarer N\u00e4he einer \u00d6ffi-Haltestelle. Bus + Bahn Der \u00d6ffentliche Verkehr bringt dich bequem zu deinem tim-Standort Weitere Infos zu Tarifen und Angeboten des \u00d6ffentlichen Verkehrs findest [&hellip;]","og_url":"https:\/\/www.tim-oesterreich.at\/steirischer-zentralraum\/bus-bahn\/","og_site_name":"TIM Steirischer Zentralraum","article_modified_time":"2023-04-05T12:46:17+00:00","twitter_card":"summary_large_image","schema":{"@context":"https:\/\/schema.org","@graph":[{"@type":"WebPage","@id":"https:\/\/www.tim-oesterreich.at\/steirischer-zentralraum\/bus-bahn\/","url":"https:\/\/www.tim-oesterreich.at\/steirischer-zentralraum\/bus-bahn\/","name":"Bus + Bahn - TIM Steirischer Zentralraum","isPartOf":{"@id":"https:\/\/www.tim-oesterreich.at\/steirischer-zentralraum\/#website"},"datePublished":"2022-10-28T09:54:14+00:00","dateModified":"2023-04-05T12:46:17+00:00","breadcrumb":{"@id":"https:\/\/www.tim-oesterreich.at\/steirischer-zentralraum\/bus-bahn\/#breadcrumb"},"inLanguage":"de","potentialAction":[{"@type":"ReadAction","target":["https:\/\/www.tim-oesterreich.at\/steirischer-zentralraum\/bus-bahn\/"]}]},{"@type":"BreadcrumbList","@id":"https:\/\/www.tim-oesterreich.at\/steirischer-zentralraum\/bus-bahn\/#breadcrumb","itemListElement":[{"@type":"ListItem","position":1,"name":"Startseite","item":"https:\/\/www.tim-oesterreich.at\/steirischer-zentralraum\/"},{"@type":"ListItem","position":2,"name":"Bus + Bahn"}]},{"@type":"WebSite","@id":"https:\/\/www.tim-oesterreich.at\/steirischer-zentralraum\/#website","url":"https:\/\/www.tim-oesterreich.at\/steirischer-zentralraum\/","name":"TIM Steirischer Zentralraum","description":"","potentialAction":[{"@type":"SearchAction","target":{"@type":"EntryPoint","urlTemplate":"https:\/\/www.tim-oesterreich.at\/steirischer-zentralraum\/?s={search_term_string}"},"query-input":{"@type":"PropertyValueSpecification","valueRequired":true,"valueName":"search_term_string"}}],"inLanguage":"de"}]}},"lang":"de","translations":{"de":846,"en":4099},"pll_sync_post":[],"_links":{"self":[{"href":"https:\/\/www.tim-oesterreich.at\/steirischer-zentralraum\/wp-json\/wp\/v2\/pages\/846","targetHints":{"allow":["GET"]}}],"collection":[{"href":"https:\/\/www.tim-oesterreich.at\/steirischer-zentralraum\/wp-json\/wp\/v2\/pages"}],"about":[{"href":"https:\/\/www.tim-oesterreich.at\/steirischer-zentralraum\/wp-json\/wp\/v2\/types\/page"}],"author":[{"embeddable":true,"href":"https:\/\/www.tim-oesterreich.at\/steirischer-zentralraum\/wp-json\/wp\/v2\/users\/1"}],"replies":[{"embeddable":true,"href":"https:\/\/www.tim-oesterreich.at\/steirischer-zentralraum\/wp-json\/wp\/v2\/comments?post=846"}],"version-history":[{"count":3,"href":"https:\/\/www.tim-oesterreich.at\/steirischer-zentralraum\/wp-json\/wp\/v2\/pages\/846\/revisions"}],"predecessor-version":[{"id":2486,"href":"https:\/\/www.tim-oesterreich.at\/steirischer-zentralraum\/wp-json\/wp\/v2\/pages\/846\/revisions\/2486"}],"wp:attachment":[{"href":"https:\/\/www.tim-oesterreich.at\/steirischer-zentralraum\/wp-json\/wp\/v2\/media?parent=846"}],"curies":[{"name":"wp","href":"https:\/\/api.w.org\/{rel}","templated":true}]}}