{"id":5026,"date":"2025-01-23T11:42:14","date_gmt":"2025-01-23T10:42:14","guid":{"rendered":"https:\/\/www.tim-oesterreich.at\/steirischer-zentralraum\/?page_id=5026"},"modified":"2025-01-23T11:42:14","modified_gmt":"2025-01-23T10:42:14","slug":"handbuch-maxus-edeliver7","status":"publish","type":"page","link":"https:\/\/www.tim-oesterreich.at\/steirischer-zentralraum\/handbuch-maxus-edeliver7\/","title":{"rendered":"Handbuch Maxus eDeliver7"},"content":{"rendered":"<h1>Nutzungshinweise<\/h1>\n<h2>Carsharing Fahrzeug &#8211; Maxus eDeliver7<\/h2>\n<div>\n<p style=\"text-align: center\"><a class=\"en-button en-button--large\" style=\"background-color: #00a096\" href=\"#kfz_start\">Fahrzeug starten<\/a><\/p>\n<\/div>\n<div>\n<p style=\"text-align: center\"><a class=\"en-button en-button--large\" style=\"background-color: #00a096\" href=\"#kfz_laden\">Laden des Fahrzeugs<\/a><\/p>\n<\/div>\n<div>\n<p style=\"text-align: center\"><a class=\"en-button en-button--large\" style=\"background-color: #00a096\" href=\"#support\">Support und Sicherheit<\/a><\/p>\n<\/div>\n<div>\n<h1 id=\"kfz_start\"><\/h1>\n<\/div>\n<h3>Fahrzeug starten<\/h3>\n<div>\n<ul>\n<li>Stelle sicher, dass das <strong>Ladekabel entfernt<\/strong> und im Kofferraum des Fahrzeugs verstaut wurde (Siehe <strong>&#8222;Abstecken des Fahrzeugs&#8220;<\/strong>).<\/li>\n<li>Zum Starten des Fahrzeugs tritt fest auf die <strong>Bremse<\/strong> und dru\u0308ck den <strong>Startknopf<\/strong> (Siehe Bild)\u00a0der sich rechts neben dem Lenkrad befindet<\/li>\n<\/ul>\n<\/div>\n<p><img width=\"1052\" height=\"778\" src=\"https:\/\/www.tim-oesterreich.at\/steirischer-zentralraum\/wp-content\/uploads\/sites\/4\/2025\/01\/innenraum-maxus.png\" class=\"attachment-large size-large\" alt=\"\" decoding=\"async\" loading=\"lazy\" srcset=\"https:\/\/www.tim-oesterreich.at\/steirischer-zentralraum\/wp-content\/uploads\/sites\/4\/2025\/01\/innenraum-maxus.png 1052w, https:\/\/www.tim-oesterreich.at\/steirischer-zentralraum\/wp-content\/uploads\/sites\/4\/2025\/01\/innenraum-maxus-768x568.png 768w\" sizes=\"auto, (max-width: 1052px) 100vw, 1052px\" \/><\/p>\n<div>\n<ul>\n<li>W\u00e4hle zum Losfahren die Position <strong>D<\/strong> (vorw\u00e4rts) oder\u00a0<strong>R<\/strong> (r\u00fcckw\u00e4rts) indem du den Schalthebel <strong>rechts hinter dem Lenkrad<\/strong> nach vorne oder hinten kippst.<br \/>\nDas Fahrzeug f\u00e4hrt los <strong>sobald du das Bremspedal losl\u00e4sst<\/strong> (ohne auf das Gaspedal zu dr\u00fccken).<\/li>\n<li>Zum Abstellen des Fahrzeugs, dr\u00fccke die Taste <strong>P<\/strong> auf dem Schalthebel und dr\u00fccke erneut den Startknopf. Zieh anschlie\u00dfend die elektronische Parkbremse <strong>links neben dem Lenkrad<\/strong> an.<\/li>\n<\/ul>\n<p style=\"text-align: right\"><a class=\"en-button\" href=\"#top\"><span style=\"color: white\"> nach oben <\/span><\/a><\/p>\n<\/div>\n<div>\n<h1 id=\"kfz_laden\"><\/h1>\n<\/div>\n<h3>Laden des Fahrzeugs<\/h3>\n<div>\n<ul>\n<li>Sorge daf\u00fcr, dass das Fahrzeug ausgeschaltet und die Z\u00fcndung ausgestellt ist.<\/li>\n<li>Nimm das Ladekabel aus dem Kofferraum\/Fahrerraum und schlie\u00df es an die Stromquelle (Lades\u00e4ule) an.<\/li>\n<li><strong>\u00d6ffne die Fahrert\u00fcre, \u00f6ffne anschlie\u00dfend die Klappe<\/strong> links unter der Fahrert\u00fcre,\u00a0 steck das Ladekabel ein und versichere dich, dass dieses <strong>eingerastet<\/strong> ist.<\/li>\n<\/ul>\n<\/div>\n<p><img width=\"1216\" height=\"1115\" src=\"https:\/\/www.tim-oesterreich.at\/steirischer-zentralraum\/wp-content\/uploads\/sites\/4\/2025\/01\/maxus-aussenansicht-laden.png\" class=\"attachment-large size-large\" alt=\"\" decoding=\"async\" loading=\"lazy\" srcset=\"https:\/\/www.tim-oesterreich.at\/steirischer-zentralraum\/wp-content\/uploads\/sites\/4\/2025\/01\/maxus-aussenansicht-laden.png 1216w, https:\/\/www.tim-oesterreich.at\/steirischer-zentralraum\/wp-content\/uploads\/sites\/4\/2025\/01\/maxus-aussenansicht-laden-768x704.png 768w\" sizes=\"auto, (max-width: 1216px) 100vw, 1216px\" \/><\/p>\n<div>\n<ul>\n<li>Das Fahrzeug verriegelt das Ladekabel nach dem Stecken. \u00dcberpr\u00fcfe die Verriegelung indem du vorsichtig am Griff des Ladekabels ziehst.<\/li>\n<li>Um den Ladevorgang an der Lades\u00e4ule zu starten, muss diese durch die <strong>Ladekarte im Fahrzeug an der Lades\u00e4ule freigeschaltet<\/strong> werden.<\/li>\n<\/ul>\n<h3>Abstecken des Fahrzeugs<\/h3>\n<ul>\n<li>Um den Ladeanschluss des Fahrzeugs zum Wegfahren wieder zu entriegeln, hast du nach dem <strong>\u00d6ffnen etwa 30 Sekunden Zeit<\/strong>, das Ladekabel abzustecken. Alternativ dr\u00fccke den \u00d6ffnen-Knopf in der Fahrert\u00fcr.<\/li>\n<\/ul>\n<\/div>\n<div>\n<ul>\n<li>Stecke das Ladekabel zuerst am Auto und dann an der Lades\u00e4ule ab.<\/li>\n<li>Verstaue das Ladekabel anschlie\u00dfend im Kofferraum und versichere dich, dass das Auto <strong>keine Sch\u00e4den<\/strong> aufweist. Bei Sch\u00e4den melde diese unverz\u00fcglich beim tim-Zentralraum-Serviceteam.<\/li>\n<\/ul>\n<p style=\"text-align: right\"><a class=\"en-button\" href=\"#top\">nach oben<\/a><\/p>\n<\/div>\n<div>\n<h1 id=\"support\"><\/h1>\n<\/div>\n<h3>Support und Sicherheit<\/h3>\n<div>\n<ul>\n<li>Bei Fragen zu deinen <strong>Buchungen<\/strong> oder zur <strong>Funktionsweise des Fahrzeugs<\/strong> kannst du das tim-Zentralraum-Team unter folgender Telefonnummer erreichen:<br \/>\n<strong>+43 (0) 316 844 888 200<\/strong><\/li>\n<li>Im Fall einer <strong>Panne<\/strong> oder eines <strong>technischen Gebrechens<\/strong> am Fahrzeug wende dich an den Pannendienst unter: <strong>+43 (0) 800 840 840 1<br \/>\n<\/strong><\/li>\n<li>In <strong>Bedrohlichen Situationen<\/strong> oder bei <strong>Gefahr im Verzug<\/strong> w\u00e4hle unverz\u00fcglich den Notruf!<br \/>\n<strong><span style=\"font-size: large\">Feuerwehr: <span style=\"color: #e85265\">122<\/span><\/span><\/strong><br \/>\n<strong><span style=\"font-size: large\">Polizei: <span style=\"color: #e85265\">133<\/span><\/span><\/strong><br \/>\n<strong><span style=\"font-size: large\">Rettung: <span style=\"color: #e85265\">144<\/span><\/span><\/strong><br \/>\n<strong><span style=\"font-size: large\">Euro-Notruf: <span style=\"color: #e85265\">112<\/span><\/span><\/strong><\/li>\n<\/ul>\n<p style=\"text-align: right\"><a class=\"en-button\" href=\"#top\"><span style=\"color: white\"> nach oben <\/span> <\/a><\/p>\n<\/div>\n","protected":false},"excerpt":{"rendered":"<p>Nutzungshinweise Carsharing Fahrzeug &#8211; Maxus eDeliver7 Fahrzeug starten Laden des Fahrzeugs Support und Sicherheit Fahrzeug starten Stelle sicher, dass das Ladekabel entfernt und im Kofferraum des Fahrzeugs verstaut wurde (Siehe &#8222;Abstecken des Fahrzeugs&#8220;). Zum Starten des Fahrzeugs tritt fest auf die Bremse und dru\u0308ck den Startknopf (Siehe Bild)\u00a0der sich rechts neben dem Lenkrad befindet W\u00e4hle [&hellip;]<\/p>\n","protected":false},"author":9,"featured_media":0,"parent":0,"menu_order":12,"comment_status":"closed","ping_status":"closed","template":"","meta":{"footnotes":""},"class_list":["post-5026","page","type-page","status-publish","hentry"],"acf":[],"yoast_head":"<!-- This site is optimized with the Yoast SEO plugin v26.7 - https:\/\/yoast.com\/wordpress\/plugins\/seo\/ -->\n<title>Handbuch Maxus eDeliver7 - TIM Steirischer Zentralraum<\/title>\n<meta name=\"robots\" content=\"index, follow, max-snippet:-1, max-image-preview:large, max-video-preview:-1\" \/>\n<link rel=\"canonical\" href=\"https:\/\/www.tim-oesterreich.at\/steirischer-zentralraum\/handbuch-maxus-edeliver7\/\" \/>\n<meta property=\"og:locale\" content=\"de_DE\" \/>\n<meta property=\"og:type\" content=\"article\" \/>\n<meta property=\"og:title\" content=\"Handbuch Maxus eDeliver7 - TIM Steirischer Zentralraum\" \/>\n<meta property=\"og:description\" content=\"Nutzungshinweise Carsharing Fahrzeug &#8211; Maxus eDeliver7 Fahrzeug starten Laden des Fahrzeugs Support und Sicherheit Fahrzeug starten Stelle sicher, dass das Ladekabel entfernt und im Kofferraum des Fahrzeugs verstaut wurde (Siehe &#8222;Abstecken des Fahrzeugs&#8220;). Zum Starten des Fahrzeugs tritt fest auf die Bremse und dru\u0308ck den Startknopf (Siehe Bild)\u00a0der sich rechts neben dem Lenkrad befindet W\u00e4hle [&hellip;]\" \/>\n<meta property=\"og:url\" content=\"https:\/\/www.tim-oesterreich.at\/steirischer-zentralraum\/handbuch-maxus-edeliver7\/\" \/>\n<meta property=\"og:site_name\" content=\"TIM Steirischer Zentralraum\" \/>\n<meta property=\"og:image\" content=\"https:\/\/www.tim-oesterreich.at\/steirischer-zentralraum\/wp-content\/uploads\/sites\/4\/2025\/01\/innenraum-maxus.png\" \/>\n<meta name=\"twitter:card\" content=\"summary_large_image\" \/>\n<script type=\"application\/ld+json\" class=\"yoast-schema-graph\">{\"@context\":\"https:\/\/schema.org\",\"@graph\":[{\"@type\":\"WebPage\",\"@id\":\"https:\/\/www.tim-oesterreich.at\/steirischer-zentralraum\/handbuch-maxus-edeliver7\/\",\"url\":\"https:\/\/www.tim-oesterreich.at\/steirischer-zentralraum\/handbuch-maxus-edeliver7\/\",\"name\":\"Handbuch Maxus eDeliver7 - TIM Steirischer Zentralraum\",\"isPartOf\":{\"@id\":\"https:\/\/www.tim-oesterreich.at\/steirischer-zentralraum\/#website\"},\"primaryImageOfPage\":{\"@id\":\"https:\/\/www.tim-oesterreich.at\/steirischer-zentralraum\/handbuch-maxus-edeliver7\/#primaryimage\"},\"image\":{\"@id\":\"https:\/\/www.tim-oesterreich.at\/steirischer-zentralraum\/handbuch-maxus-edeliver7\/#primaryimage\"},\"thumbnailUrl\":\"https:\/\/www.tim-oesterreich.at\/steirischer-zentralraum\/wp-content\/uploads\/sites\/4\/2025\/01\/innenraum-maxus.png\",\"datePublished\":\"2025-01-23T10:42:14+00:00\",\"breadcrumb\":{\"@id\":\"https:\/\/www.tim-oesterreich.at\/steirischer-zentralraum\/handbuch-maxus-edeliver7\/#breadcrumb\"},\"inLanguage\":\"de\",\"potentialAction\":[{\"@type\":\"ReadAction\",\"target\":[\"https:\/\/www.tim-oesterreich.at\/steirischer-zentralraum\/handbuch-maxus-edeliver7\/\"]}]},{\"@type\":\"ImageObject\",\"inLanguage\":\"de\",\"@id\":\"https:\/\/www.tim-oesterreich.at\/steirischer-zentralraum\/handbuch-maxus-edeliver7\/#primaryimage\",\"url\":\"https:\/\/www.tim-oesterreich.at\/steirischer-zentralraum\/wp-content\/uploads\/sites\/4\/2025\/01\/innenraum-maxus.png\",\"contentUrl\":\"https:\/\/www.tim-oesterreich.at\/steirischer-zentralraum\/wp-content\/uploads\/sites\/4\/2025\/01\/innenraum-maxus.png\",\"width\":1052,\"height\":778},{\"@type\":\"BreadcrumbList\",\"@id\":\"https:\/\/www.tim-oesterreich.at\/steirischer-zentralraum\/handbuch-maxus-edeliver7\/#breadcrumb\",\"itemListElement\":[{\"@type\":\"ListItem\",\"position\":1,\"name\":\"Startseite\",\"item\":\"https:\/\/www.tim-oesterreich.at\/steirischer-zentralraum\/\"},{\"@type\":\"ListItem\",\"position\":2,\"name\":\"Handbuch Maxus eDeliver7\"}]},{\"@type\":\"WebSite\",\"@id\":\"https:\/\/www.tim-oesterreich.at\/steirischer-zentralraum\/#website\",\"url\":\"https:\/\/www.tim-oesterreich.at\/steirischer-zentralraum\/\",\"name\":\"TIM Steirischer Zentralraum\",\"description\":\"\",\"potentialAction\":[{\"@type\":\"SearchAction\",\"target\":{\"@type\":\"EntryPoint\",\"urlTemplate\":\"https:\/\/www.tim-oesterreich.at\/steirischer-zentralraum\/?s={search_term_string}\"},\"query-input\":{\"@type\":\"PropertyValueSpecification\",\"valueRequired\":true,\"valueName\":\"search_term_string\"}}],\"inLanguage\":\"de\"}]}<\/script>\n<!-- \/ Yoast SEO plugin. -->","yoast_head_json":{"title":"Handbuch Maxus eDeliver7 - TIM Steirischer Zentralraum","robots":{"index":"index","follow":"follow","max-snippet":"max-snippet:-1","max-image-preview":"max-image-preview:large","max-video-preview":"max-video-preview:-1"},"canonical":"https:\/\/www.tim-oesterreich.at\/steirischer-zentralraum\/handbuch-maxus-edeliver7\/","og_locale":"de_DE","og_type":"article","og_title":"Handbuch Maxus eDeliver7 - TIM Steirischer Zentralraum","og_description":"Nutzungshinweise Carsharing Fahrzeug &#8211; Maxus eDeliver7 Fahrzeug starten Laden des Fahrzeugs Support und Sicherheit Fahrzeug starten Stelle sicher, dass das Ladekabel entfernt und im Kofferraum des Fahrzeugs verstaut wurde (Siehe &#8222;Abstecken des Fahrzeugs&#8220;). Zum Starten des Fahrzeugs tritt fest auf die Bremse und dru\u0308ck den Startknopf (Siehe Bild)\u00a0der sich rechts neben dem Lenkrad befindet W\u00e4hle [&hellip;]","og_url":"https:\/\/www.tim-oesterreich.at\/steirischer-zentralraum\/handbuch-maxus-edeliver7\/","og_site_name":"TIM Steirischer Zentralraum","og_image":[{"url":"https:\/\/www.tim-oesterreich.at\/steirischer-zentralraum\/wp-content\/uploads\/sites\/4\/2025\/01\/innenraum-maxus.png","type":"","width":"","height":""}],"twitter_card":"summary_large_image","schema":{"@context":"https:\/\/schema.org","@graph":[{"@type":"WebPage","@id":"https:\/\/www.tim-oesterreich.at\/steirischer-zentralraum\/handbuch-maxus-edeliver7\/","url":"https:\/\/www.tim-oesterreich.at\/steirischer-zentralraum\/handbuch-maxus-edeliver7\/","name":"Handbuch Maxus eDeliver7 - TIM Steirischer Zentralraum","isPartOf":{"@id":"https:\/\/www.tim-oesterreich.at\/steirischer-zentralraum\/#website"},"primaryImageOfPage":{"@id":"https:\/\/www.tim-oesterreich.at\/steirischer-zentralraum\/handbuch-maxus-edeliver7\/#primaryimage"},"image":{"@id":"https:\/\/www.tim-oesterreich.at\/steirischer-zentralraum\/handbuch-maxus-edeliver7\/#primaryimage"},"thumbnailUrl":"https:\/\/www.tim-oesterreich.at\/steirischer-zentralraum\/wp-content\/uploads\/sites\/4\/2025\/01\/innenraum-maxus.png","datePublished":"2025-01-23T10:42:14+00:00","breadcrumb":{"@id":"https:\/\/www.tim-oesterreich.at\/steirischer-zentralraum\/handbuch-maxus-edeliver7\/#breadcrumb"},"inLanguage":"de","potentialAction":[{"@type":"ReadAction","target":["https:\/\/www.tim-oesterreich.at\/steirischer-zentralraum\/handbuch-maxus-edeliver7\/"]}]},{"@type":"ImageObject","inLanguage":"de","@id":"https:\/\/www.tim-oesterreich.at\/steirischer-zentralraum\/handbuch-maxus-edeliver7\/#primaryimage","url":"https:\/\/www.tim-oesterreich.at\/steirischer-zentralraum\/wp-content\/uploads\/sites\/4\/2025\/01\/innenraum-maxus.png","contentUrl":"https:\/\/www.tim-oesterreich.at\/steirischer-zentralraum\/wp-content\/uploads\/sites\/4\/2025\/01\/innenraum-maxus.png","width":1052,"height":778},{"@type":"BreadcrumbList","@id":"https:\/\/www.tim-oesterreich.at\/steirischer-zentralraum\/handbuch-maxus-edeliver7\/#breadcrumb","itemListElement":[{"@type":"ListItem","position":1,"name":"Startseite","item":"https:\/\/www.tim-oesterreich.at\/steirischer-zentralraum\/"},{"@type":"ListItem","position":2,"name":"Handbuch Maxus eDeliver7"}]},{"@type":"WebSite","@id":"https:\/\/www.tim-oesterreich.at\/steirischer-zentralraum\/#website","url":"https:\/\/www.tim-oesterreich.at\/steirischer-zentralraum\/","name":"TIM Steirischer Zentralraum","description":"","potentialAction":[{"@type":"SearchAction","target":{"@type":"EntryPoint","urlTemplate":"https:\/\/www.tim-oesterreich.at\/steirischer-zentralraum\/?s={search_term_string}"},"query-input":{"@type":"PropertyValueSpecification","valueRequired":true,"valueName":"search_term_string"}}],"inLanguage":"de"}]}},"lang":"de","translations":{"de":5026,"en":5030},"pll_sync_post":[],"_links":{"self":[{"href":"https:\/\/www.tim-oesterreich.at\/steirischer-zentralraum\/wp-json\/wp\/v2\/pages\/5026","targetHints":{"allow":["GET"]}}],"collection":[{"href":"https:\/\/www.tim-oesterreich.at\/steirischer-zentralraum\/wp-json\/wp\/v2\/pages"}],"about":[{"href":"https:\/\/www.tim-oesterreich.at\/steirischer-zentralraum\/wp-json\/wp\/v2\/types\/page"}],"author":[{"embeddable":true,"href":"https:\/\/www.tim-oesterreich.at\/steirischer-zentralraum\/wp-json\/wp\/v2\/users\/9"}],"replies":[{"embeddable":true,"href":"https:\/\/www.tim-oesterreich.at\/steirischer-zentralraum\/wp-json\/wp\/v2\/comments?post=5026"}],"version-history":[{"count":1,"href":"https:\/\/www.tim-oesterreich.at\/steirischer-zentralraum\/wp-json\/wp\/v2\/pages\/5026\/revisions"}],"predecessor-version":[{"id":5029,"href":"https:\/\/www.tim-oesterreich.at\/steirischer-zentralraum\/wp-json\/wp\/v2\/pages\/5026\/revisions\/5029"}],"wp:attachment":[{"href":"https:\/\/www.tim-oesterreich.at\/steirischer-zentralraum\/wp-json\/wp\/v2\/media?parent=5026"}],"curies":[{"name":"wp","href":"https:\/\/api.w.org\/{rel}","templated":true}]}}