{"id":4904,"date":"2024-02-06T08:48:37","date_gmt":"2024-02-06T07:48:37","guid":{"rendered":"https:\/\/www.tim-oesterreich.at\/steirischer-zentralraum\/?page_id=4904"},"modified":"2025-04-24T08:47:47","modified_gmt":"2025-04-24T06:47:47","slug":"laden","status":"publish","type":"page","link":"https:\/\/www.tim-oesterreich.at\/steirischer-zentralraum\/laden\/","title":{"rendered":"\u00d6ffentlich Laden w\u00e4hrend tim-Fahrt"},"content":{"rendered":"<h2>Informationen zum Laden des tim-Autos<\/h2>\n<div>\n<h3>Laden am Heimatstandort<\/h3>\n<p>Das Laden am Heimat-Carsharing-Stellplatz f\u00fcr ausschlie\u00dflich das dort zugeordnete <strong>e-Carsharing-Fahrzeug<\/strong> ist immer kostenfrei, unabh\u00e4ngig von der Ladedauer. Achte jedoch <strong>unbedingt<\/strong> darauf, dass du das Fahrzeug an der <strong>Carsharings\u00e4ule<\/strong> (und <strong>nicht<\/strong> bei einer <strong>\u00f6ffentlich Laden-S\u00e4ule<\/strong>) ansteckst! Ansonsten fallen Geb\u00fchren an!<\/p>\n<p>In den Carsharingfahrzeugen befindet sich eine <strong>Ladekarte<\/strong>, mit welcher der <strong>Ladevorgang<\/strong> am Carsharing-Stellplatz nach dem Zur\u00fcckbringen des Fahrzeuges <strong>aktiviert<\/strong> werden muss. Jene Karte muss <strong>nach der Verwendung<\/strong> wieder an den vorgesehenen Platz gegeben werden, welcher in der Regel der <strong>Kartenhalter<\/strong> im Handschuhfach ist. Die Ladekarte darf keinesfalls aus dem Fahrzeug entfernt werden. \u00a0<strong>tim<\/strong> kann nicht f\u00fcr die Funktionst\u00fcchtigkeit der Ladekarte garantieren.<\/p>\n<\/div>\n<div>\n<h3>Laden unterwegs<\/h3>\n<p>Dar\u00fcber hinaus ist es mit den Ladekarten m\u00f6glich, das Carsharing-Fahrzeug w\u00e4hrend der Buchungszeit <strong>kostenfrei<\/strong> an allen Ladestellen im <strong>BE\u00d6-Netz<\/strong> (<a href=\"https:\/\/www.beoe.at\/roamingnetz\/\">www.beoe.at\/roamingnetz\/<\/a>) f\u00fcr eine Maximaldauer von <strong>180 Minuten bei AC-Ladung<\/strong> und <strong>60 Minuten bei DC-Ladung<\/strong> zu laden. Bei \u00dcberschreitung der maximalen Ladedauer wird dem\/der Kund:in eine <strong>Parkgeb\u00fchr von 10 ct\/Min.<\/strong> verrechnet. Sollten beim Laden Probleme auftreten, wende dich einfach telefonisch an uns unter 0316 \/ 844 888 200<\/p>\n<p>Die Verwendung der <strong>Ladekarte<\/strong> ist generell ausschlie\u00dflich f\u00fcr das Laden eines gebuchten <strong>e-Carsharing-Fahrzeugs<\/strong> w\u00e4hrend des Buchungszeitraums zul\u00e4ssig. Bei Missachtung k\u00f6nnen dem\/der Kund:in die Kosten f\u00fcr den Ladevorgang zur G\u00e4nze verrechnet werden. Zus\u00e4tzlich wird eine Bearbeitungsgeb\u00fchr lt. Geb\u00fchrenpreisliste eingehoben.<\/p>\n<\/div>\n<p><img width=\"1680\" height=\"1260\" src=\"https:\/\/www.tim-oesterreich.at\/steirischer-zentralraum\/wp-content\/uploads\/sites\/4\/2023\/05\/tim-knoten-fernitz-mellach--regionalmanagement-steirischer-zentralraum-1680x1260.jpg\" class=\"attachment-large size-large\" alt=\"\" decoding=\"async\" loading=\"lazy\" srcset=\"https:\/\/www.tim-oesterreich.at\/steirischer-zentralraum\/wp-content\/uploads\/sites\/4\/2023\/05\/tim-knoten-fernitz-mellach--regionalmanagement-steirischer-zentralraum-1680x1260.jpg 1680w, https:\/\/www.tim-oesterreich.at\/steirischer-zentralraum\/wp-content\/uploads\/sites\/4\/2023\/05\/tim-knoten-fernitz-mellach--regionalmanagement-steirischer-zentralraum-840x630.jpg 840w, https:\/\/www.tim-oesterreich.at\/steirischer-zentralraum\/wp-content\/uploads\/sites\/4\/2023\/05\/tim-knoten-fernitz-mellach--regionalmanagement-steirischer-zentralraum-560x420.jpg 560w\" sizes=\"auto, (max-width: 1680px) 100vw, 1680px\" \/><\/p>\n","protected":false},"excerpt":{"rendered":"<p>Informationen zum Laden des tim-Autos Laden am Heimatstandort Das Laden am Heimat-Carsharing-Stellplatz f\u00fcr ausschlie\u00dflich das dort zugeordnete e-Carsharing-Fahrzeug ist immer kostenfrei, unabh\u00e4ngig von der Ladedauer. Achte jedoch unbedingt darauf, dass du das Fahrzeug an der Carsharings\u00e4ule (und nicht bei einer \u00f6ffentlich Laden-S\u00e4ule) ansteckst! Ansonsten fallen Geb\u00fchren an! In den Carsharingfahrzeugen befindet sich eine Ladekarte, mit [&hellip;]<\/p>\n","protected":false},"author":9,"featured_media":0,"parent":0,"menu_order":0,"comment_status":"closed","ping_status":"closed","template":"","meta":{"footnotes":""},"class_list":["post-4904","page","type-page","status-publish","hentry"],"acf":[],"yoast_head":"<!-- This site is optimized with the Yoast SEO plugin v26.7 - https:\/\/yoast.com\/wordpress\/plugins\/seo\/ -->\n<title>\u00d6ffentlich Laden w\u00e4hrend tim-Fahrt - TIM Steirischer Zentralraum<\/title>\n<meta name=\"robots\" content=\"index, follow, max-snippet:-1, max-image-preview:large, max-video-preview:-1\" \/>\n<link rel=\"canonical\" href=\"https:\/\/www.tim-oesterreich.at\/steirischer-zentralraum\/laden\/\" \/>\n<meta property=\"og:locale\" content=\"de_DE\" \/>\n<meta property=\"og:type\" content=\"article\" \/>\n<meta property=\"og:title\" content=\"\u00d6ffentlich Laden w\u00e4hrend tim-Fahrt - TIM Steirischer Zentralraum\" \/>\n<meta property=\"og:description\" content=\"Informationen zum Laden des tim-Autos Laden am Heimatstandort Das Laden am Heimat-Carsharing-Stellplatz f\u00fcr ausschlie\u00dflich das dort zugeordnete e-Carsharing-Fahrzeug ist immer kostenfrei, unabh\u00e4ngig von der Ladedauer. Achte jedoch unbedingt darauf, dass du das Fahrzeug an der Carsharings\u00e4ule (und nicht bei einer \u00f6ffentlich Laden-S\u00e4ule) ansteckst! Ansonsten fallen Geb\u00fchren an! In den Carsharingfahrzeugen befindet sich eine Ladekarte, mit [&hellip;]\" \/>\n<meta property=\"og:url\" content=\"https:\/\/www.tim-oesterreich.at\/steirischer-zentralraum\/laden\/\" \/>\n<meta property=\"og:site_name\" content=\"TIM Steirischer Zentralraum\" \/>\n<meta property=\"article:modified_time\" content=\"2025-04-24T06:47:47+00:00\" \/>\n<meta property=\"og:image\" content=\"https:\/\/www.tim-oesterreich.at\/steirischer-zentralraum\/wp-content\/uploads\/sites\/4\/2023\/05\/tim-knoten-fernitz-mellach--regionalmanagement-steirischer-zentralraum-1680x1260.jpg\" \/>\n<meta name=\"twitter:card\" content=\"summary_large_image\" \/>\n<script type=\"application\/ld+json\" class=\"yoast-schema-graph\">{\"@context\":\"https:\/\/schema.org\",\"@graph\":[{\"@type\":\"WebPage\",\"@id\":\"https:\/\/www.tim-oesterreich.at\/steirischer-zentralraum\/laden\/\",\"url\":\"https:\/\/www.tim-oesterreich.at\/steirischer-zentralraum\/laden\/\",\"name\":\"\u00d6ffentlich Laden w\u00e4hrend tim-Fahrt - TIM Steirischer Zentralraum\",\"isPartOf\":{\"@id\":\"https:\/\/www.tim-oesterreich.at\/steirischer-zentralraum\/#website\"},\"primaryImageOfPage\":{\"@id\":\"https:\/\/www.tim-oesterreich.at\/steirischer-zentralraum\/laden\/#primaryimage\"},\"image\":{\"@id\":\"https:\/\/www.tim-oesterreich.at\/steirischer-zentralraum\/laden\/#primaryimage\"},\"thumbnailUrl\":\"https:\/\/www.tim-oesterreich.at\/steirischer-zentralraum\/wp-content\/uploads\/sites\/4\/2023\/05\/tim-knoten-fernitz-mellach--regionalmanagement-steirischer-zentralraum-1680x1260.jpg\",\"datePublished\":\"2024-02-06T07:48:37+00:00\",\"dateModified\":\"2025-04-24T06:47:47+00:00\",\"breadcrumb\":{\"@id\":\"https:\/\/www.tim-oesterreich.at\/steirischer-zentralraum\/laden\/#breadcrumb\"},\"inLanguage\":\"de\",\"potentialAction\":[{\"@type\":\"ReadAction\",\"target\":[\"https:\/\/www.tim-oesterreich.at\/steirischer-zentralraum\/laden\/\"]}]},{\"@type\":\"ImageObject\",\"inLanguage\":\"de\",\"@id\":\"https:\/\/www.tim-oesterreich.at\/steirischer-zentralraum\/laden\/#primaryimage\",\"url\":\"https:\/\/www.tim-oesterreich.at\/steirischer-zentralraum\/wp-content\/uploads\/sites\/4\/2023\/05\/tim-knoten-fernitz-mellach--regionalmanagement-steirischer-zentralraum.jpg\",\"contentUrl\":\"https:\/\/www.tim-oesterreich.at\/steirischer-zentralraum\/wp-content\/uploads\/sites\/4\/2023\/05\/tim-knoten-fernitz-mellach--regionalmanagement-steirischer-zentralraum.jpg\",\"width\":2048,\"height\":1365},{\"@type\":\"BreadcrumbList\",\"@id\":\"https:\/\/www.tim-oesterreich.at\/steirischer-zentralraum\/laden\/#breadcrumb\",\"itemListElement\":[{\"@type\":\"ListItem\",\"position\":1,\"name\":\"Startseite\",\"item\":\"https:\/\/www.tim-oesterreich.at\/steirischer-zentralraum\/\"},{\"@type\":\"ListItem\",\"position\":2,\"name\":\"\u00d6ffentlich Laden w\u00e4hrend tim-Fahrt\"}]},{\"@type\":\"WebSite\",\"@id\":\"https:\/\/www.tim-oesterreich.at\/steirischer-zentralraum\/#website\",\"url\":\"https:\/\/www.tim-oesterreich.at\/steirischer-zentralraum\/\",\"name\":\"TIM Steirischer Zentralraum\",\"description\":\"\",\"potentialAction\":[{\"@type\":\"SearchAction\",\"target\":{\"@type\":\"EntryPoint\",\"urlTemplate\":\"https:\/\/www.tim-oesterreich.at\/steirischer-zentralraum\/?s={search_term_string}\"},\"query-input\":{\"@type\":\"PropertyValueSpecification\",\"valueRequired\":true,\"valueName\":\"search_term_string\"}}],\"inLanguage\":\"de\"}]}<\/script>\n<!-- \/ Yoast SEO plugin. -->","yoast_head_json":{"title":"\u00d6ffentlich Laden w\u00e4hrend tim-Fahrt - TIM Steirischer Zentralraum","robots":{"index":"index","follow":"follow","max-snippet":"max-snippet:-1","max-image-preview":"max-image-preview:large","max-video-preview":"max-video-preview:-1"},"canonical":"https:\/\/www.tim-oesterreich.at\/steirischer-zentralraum\/laden\/","og_locale":"de_DE","og_type":"article","og_title":"\u00d6ffentlich Laden w\u00e4hrend tim-Fahrt - TIM Steirischer Zentralraum","og_description":"Informationen zum Laden des tim-Autos Laden am Heimatstandort Das Laden am Heimat-Carsharing-Stellplatz f\u00fcr ausschlie\u00dflich das dort zugeordnete e-Carsharing-Fahrzeug ist immer kostenfrei, unabh\u00e4ngig von der Ladedauer. Achte jedoch unbedingt darauf, dass du das Fahrzeug an der Carsharings\u00e4ule (und nicht bei einer \u00f6ffentlich Laden-S\u00e4ule) ansteckst! Ansonsten fallen Geb\u00fchren an! In den Carsharingfahrzeugen befindet sich eine Ladekarte, mit [&hellip;]","og_url":"https:\/\/www.tim-oesterreich.at\/steirischer-zentralraum\/laden\/","og_site_name":"TIM Steirischer Zentralraum","article_modified_time":"2025-04-24T06:47:47+00:00","og_image":[{"url":"https:\/\/www.tim-oesterreich.at\/steirischer-zentralraum\/wp-content\/uploads\/sites\/4\/2023\/05\/tim-knoten-fernitz-mellach--regionalmanagement-steirischer-zentralraum-1680x1260.jpg","type":"","width":"","height":""}],"twitter_card":"summary_large_image","schema":{"@context":"https:\/\/schema.org","@graph":[{"@type":"WebPage","@id":"https:\/\/www.tim-oesterreich.at\/steirischer-zentralraum\/laden\/","url":"https:\/\/www.tim-oesterreich.at\/steirischer-zentralraum\/laden\/","name":"\u00d6ffentlich Laden w\u00e4hrend tim-Fahrt - TIM Steirischer Zentralraum","isPartOf":{"@id":"https:\/\/www.tim-oesterreich.at\/steirischer-zentralraum\/#website"},"primaryImageOfPage":{"@id":"https:\/\/www.tim-oesterreich.at\/steirischer-zentralraum\/laden\/#primaryimage"},"image":{"@id":"https:\/\/www.tim-oesterreich.at\/steirischer-zentralraum\/laden\/#primaryimage"},"thumbnailUrl":"https:\/\/www.tim-oesterreich.at\/steirischer-zentralraum\/wp-content\/uploads\/sites\/4\/2023\/05\/tim-knoten-fernitz-mellach--regionalmanagement-steirischer-zentralraum-1680x1260.jpg","datePublished":"2024-02-06T07:48:37+00:00","dateModified":"2025-04-24T06:47:47+00:00","breadcrumb":{"@id":"https:\/\/www.tim-oesterreich.at\/steirischer-zentralraum\/laden\/#breadcrumb"},"inLanguage":"de","potentialAction":[{"@type":"ReadAction","target":["https:\/\/www.tim-oesterreich.at\/steirischer-zentralraum\/laden\/"]}]},{"@type":"ImageObject","inLanguage":"de","@id":"https:\/\/www.tim-oesterreich.at\/steirischer-zentralraum\/laden\/#primaryimage","url":"https:\/\/www.tim-oesterreich.at\/steirischer-zentralraum\/wp-content\/uploads\/sites\/4\/2023\/05\/tim-knoten-fernitz-mellach--regionalmanagement-steirischer-zentralraum.jpg","contentUrl":"https:\/\/www.tim-oesterreich.at\/steirischer-zentralraum\/wp-content\/uploads\/sites\/4\/2023\/05\/tim-knoten-fernitz-mellach--regionalmanagement-steirischer-zentralraum.jpg","width":2048,"height":1365},{"@type":"BreadcrumbList","@id":"https:\/\/www.tim-oesterreich.at\/steirischer-zentralraum\/laden\/#breadcrumb","itemListElement":[{"@type":"ListItem","position":1,"name":"Startseite","item":"https:\/\/www.tim-oesterreich.at\/steirischer-zentralraum\/"},{"@type":"ListItem","position":2,"name":"\u00d6ffentlich Laden w\u00e4hrend tim-Fahrt"}]},{"@type":"WebSite","@id":"https:\/\/www.tim-oesterreich.at\/steirischer-zentralraum\/#website","url":"https:\/\/www.tim-oesterreich.at\/steirischer-zentralraum\/","name":"TIM Steirischer Zentralraum","description":"","potentialAction":[{"@type":"SearchAction","target":{"@type":"EntryPoint","urlTemplate":"https:\/\/www.tim-oesterreich.at\/steirischer-zentralraum\/?s={search_term_string}"},"query-input":{"@type":"PropertyValueSpecification","valueRequired":true,"valueName":"search_term_string"}}],"inLanguage":"de"}]}},"lang":"de","translations":{"de":4904},"pll_sync_post":[],"_links":{"self":[{"href":"https:\/\/www.tim-oesterreich.at\/steirischer-zentralraum\/wp-json\/wp\/v2\/pages\/4904","targetHints":{"allow":["GET"]}}],"collection":[{"href":"https:\/\/www.tim-oesterreich.at\/steirischer-zentralraum\/wp-json\/wp\/v2\/pages"}],"about":[{"href":"https:\/\/www.tim-oesterreich.at\/steirischer-zentralraum\/wp-json\/wp\/v2\/types\/page"}],"author":[{"embeddable":true,"href":"https:\/\/www.tim-oesterreich.at\/steirischer-zentralraum\/wp-json\/wp\/v2\/users\/9"}],"replies":[{"embeddable":true,"href":"https:\/\/www.tim-oesterreich.at\/steirischer-zentralraum\/wp-json\/wp\/v2\/comments?post=4904"}],"version-history":[{"count":7,"href":"https:\/\/www.tim-oesterreich.at\/steirischer-zentralraum\/wp-json\/wp\/v2\/pages\/4904\/revisions"}],"predecessor-version":[{"id":5107,"href":"https:\/\/www.tim-oesterreich.at\/steirischer-zentralraum\/wp-json\/wp\/v2\/pages\/4904\/revisions\/5107"}],"wp:attachment":[{"href":"https:\/\/www.tim-oesterreich.at\/steirischer-zentralraum\/wp-json\/wp\/v2\/media?parent=4904"}],"curies":[{"name":"wp","href":"https:\/\/api.w.org\/{rel}","templated":true}]}}