{"id":47,"date":"2022-10-28T14:17:04","date_gmt":"2022-10-28T12:17:04","guid":{"rendered":"https:\/\/www.tim-oesterreich.at\/?page_id=47"},"modified":"2025-04-01T10:00:29","modified_gmt":"2025-04-01T08:00:29","slug":"anmelden-registrieren","status":"publish","type":"page","link":"https:\/\/www.tim-oesterreich.at\/steirischer-zentralraum\/anmelden-registrieren\/","title":{"rendered":"Anmelden\/Registrieren"},"content":{"rendered":"<h2>Anmelden\/Registrieren<\/h2>\n<div>\n<h2>Zur Online-Registrierung<\/h2>\n<p>Du willst das Angebot von <strong>tim<\/strong> nutzen und hast noch keinen Account? Dann informiere dich bitte vorher dar\u00fcber, wie <strong>tim<\/strong> in der Praxis funktioniert. Auf der <a href=\"https:\/\/www.tim-oesterreich.at\/steirischer-zentralraum\/\">Startseite<\/a> findest du kurz zusammengefasst alles, was wichtig! Zus\u00e4tzlich dazu findest du <a href=\"https:\/\/www.tim-oesterreich.at\/steirischer-zentralraum\/wp-content\/uploads\/sites\/4\/2023\/11\/tim-uebersichtsblatt-v3.pdf\">hier<\/a> ein <strong>\u00dcbersichtsblatt<\/strong> mit ein paar <strong>weiteren Infos<\/strong>.<\/p>\n<p>Wenn du<strong> wei\u00dft<\/strong>, wie es l\u00e4uft, dann klicke doch einfach auf &#8222;Registrieren&#8220; und f\u00fclle das Formular aus. Sobald du deine Registrierung abgeschlossen hast, <strong>\u00fcberpr\u00fcfen<\/strong> wir deine Daten und senden dir ein Email, wenn dein<strong> Account aktiv<\/strong> ist. Anschlie\u00dfend kannst du das <strong>gesamte Carsharing-Angebot<\/strong> im <strong>Steirischen Zentralraum<\/strong> nutzen. Bitte beachte die <strong>Mindestvertragsdauer<\/strong> von einem Jahr sowie die <strong>j\u00e4hrliche\u00a0<\/strong> Mitgliedsgeb\u00fchr beim Basistarif. N\u00e4here Infos dazu findest du in der <a href=\"https:\/\/www.tim-oesterreich.at\/steirischer-zentralraum\/tarife\/\">Tarif\u00fcbersicht<\/a>.<\/p>\n<p style=\"text-align: center\"><a class=\"en-button en-button--primary\" href=\"https:\/\/app.tim-zentralraum.at\/register?pid=1356\">Zur Registrierung<\/a><\/p>\n<p style=\"text-align: center\"><strong>Hinweis<\/strong>: Wenn du in <a href=\"https:\/\/www.tim-oesterreich.at\/graz\/anmelden-2\/\">Graz<\/a> oder <a href=\"https:\/\/www.tim-oesterreich.at\/linz\/anmelden\/\">Linz<\/a> wohnst und noch kein <strong>tim<\/strong>-Mitglied bist, dann melde dich bitte zuerst dort als <strong>Hauptnutzer<\/strong> an! Anschlie\u00dfend kannst du dich mit deiner <strong>tim<\/strong>-Karte auch bei <strong>tim<\/strong>-Zentralraum registrieren.<\/p>\n<\/div>\n<div>\n<h2>Zur Anmeldung<\/h2>\n<p>Du hast bereits einen tim-Account im Steirischen Zentralraum? Dann buch dir direkt dein <strong>tim<\/strong>-Auto und logge dich ein.<\/p>\n<p style=\"text-align: center\"><a class=\"en-button en-button--primary\" href=\"https:\/\/app.tim-zentralraum.at\/login?pid=1356\">Login<\/a><\/p>\n<\/div>\n<div>\n<h2>Zur pers\u00f6nlichen Registrierung<\/h2>\n<p>Du bist eher der <strong>pers\u00f6nliche Typ<\/strong> und m\u00f6chtest dich lieber in deiner Gemeinde registrieren? <strong>Kein<\/strong> <strong>Problem!<\/strong> Komm einfach mit deinem <strong>F\u00fchrerschein<\/strong>, deiner<strong> Bankomatkarte<\/strong> sowie (sofern vorhanden) deiner <strong>\u00d6ffi-Jahreskarte<\/strong> zu deinem Gemeindeamt bzw. deinen Stadtwerken. Hier findest du eine Liste mit weiteren <strong>Informationen<\/strong> der jeweiligen Gemeinden und Stadtwerken sowie deren \u00d6ffnungszeiten:<\/p>\n<\/div>\n<div>\n<p>Bezirk Graz-Umgebung:<\/p>\n<ul>\n<li><a href=\"https:\/\/www.gratwein-strassengel.gv.at\/Umwelt-Mobilitaet\/ergaenzende-Mobilitaet\">Gratwein-Stra\u00dfengel<\/a><\/li>\n<li><a href=\"https:\/\/www.hartbeigraz.at\/wohnen\/verkehr\/1023-tim-taeglich-intelligent-mobil.html\">Hart bei Graz<\/a><\/li>\n<li><a href=\"https:\/\/lassnitzhoehe.gv.at\/index.php?route=common\/page&amp;id=4131\">La\u00dfnitzh\u00f6he<\/a><\/li>\n<li><a href=\"https:\/\/www.lieboch.gv.at\/service\/tim\">Lieboch<\/a><\/li>\n<li><a href=\"https:\/\/www.nestelbach-graz.gv.at\/leben-in-der-gemeinde\/mobilitaet\/regiotim\/\">Nestelbach bei Graz<\/a><\/li>\n<li><a href=\"https:\/\/www.premstaetten.gv.at\/buergerservice\/regiotim\/\">Premst\u00e4tten<\/a><\/li>\n<li><a href=\"https:\/\/www.stattegg.eu\/de\/service\/tim\/\">Stattegg<\/a><\/li>\n<\/ul>\n<\/div>\n<div>\n<p>Bezirk Voitsberg:<\/p>\n<ul>\n<li><a href=\"https:\/\/www.baernbach.gv.at\/index.php\/stadtgemeinde-baernbach\/projekte-baernbach\/regiotim\">B\u00e4rnbach<\/a><\/li>\n<li><a href=\"https:\/\/www.stadtwerke-koeflach.at\/regiotim\">K\u00f6flach<\/a><\/li>\n<li><a href=\"http:\/\/www.soeding-st-johann.gv.at\/REGIOtim.381.0.html\">S\u00f6ding-St.Johann<\/a><\/li>\n<li><a href=\"https:\/\/www.stadtwerke-voitsberg.at\/regiontim\/allgemeines\">Voitsberg<\/a><\/li>\n<\/ul>\n<\/div>\n<p><img width=\"412\" height=\"412\" src=\"https:\/\/www.tim-oesterreich.at\/steirischer-zentralraum\/wp-content\/uploads\/sites\/4\/2020\/02\/hart.png\" class=\"attachment-large size-large\" alt=\"Wappen der Gemeinde Hart bei Graz\" decoding=\"async\" loading=\"lazy\" \/><\/p>\n<div>\n<div style=\"text-align: center\">\n<p><strong>Hart bei Graz<\/strong><br \/>\n<a class=\"en-button\" href=\"https:\/\/www.hartbeigraz.at\/Nachhaltigkeit\/Mobilitaet\/TIM\" target=\"_blank\" rel=\"noopener\">Zur Website<\/a><\/p>\n<\/div>\n<\/div>\n<p><img width=\"412\" height=\"412\" src=\"https:\/\/www.tim-oesterreich.at\/steirischer-zentralraum\/wp-content\/uploads\/sites\/4\/2020\/02\/lieboch.png\" class=\"attachment-large size-large\" alt=\"Wappen der Gemeinde Lieboch\" decoding=\"async\" loading=\"lazy\" \/><\/p>\n<div>\n<div style=\"text-align: center\">\n<p><strong>Lieboch<\/strong><br \/>\n<a class=\"en-button\" href=\"https:\/\/lieboch.gv.at\/sites\/tim-taeglichintelligentmobil\" target=\"_blank\" rel=\"noopener\">Zur Website<\/a><\/p>\n<\/div>\n<\/div>\n<p><img width=\"412\" height=\"412\" src=\"https:\/\/www.tim-oesterreich.at\/steirischer-zentralraum\/wp-content\/uploads\/sites\/4\/2020\/02\/lasznitzhoehe.png\" class=\"attachment-large size-large\" alt=\"Wappen der Gemeinde La\u00dfnitzh\u00f6he\" decoding=\"async\" loading=\"lazy\" \/><\/p>\n<div>\n<div style=\"text-align: center\">\n<p><strong>La\u00dfnitzh\u00f6he<\/strong><br \/>\n<a class=\"en-button\" href=\"https:\/\/www.lassnitzhoehe.gv.at\/buergerservice\/regiotim\/\" target=\"_blank\" rel=\"noopener\">Zur Website<\/a><\/p>\n<\/div>\n<\/div>\n<p><img width=\"412\" height=\"412\" src=\"https:\/\/www.tim-oesterreich.at\/steirischer-zentralraum\/wp-content\/uploads\/sites\/4\/2020\/02\/stattegg.png\" class=\"attachment-large size-large\" alt=\"Wappen der Gemeinde Stattegg\" decoding=\"async\" loading=\"lazy\" srcset=\"https:\/\/www.tim-oesterreich.at\/steirischer-zentralraum\/wp-content\/uploads\/sites\/4\/2020\/02\/stattegg.png 412w, https:\/\/www.tim-oesterreich.at\/steirischer-zentralraum\/wp-content\/uploads\/sites\/4\/2020\/02\/stattegg-150x150.png 150w\" sizes=\"auto, (max-width: 412px) 100vw, 412px\" \/><\/p>\n<div>\n<div style=\"text-align: center\">\n<p><strong>Stattegg<\/strong><br \/>\n<a class=\"en-button\" href=\"https:\/\/www.stattegg.eu\/de\/service\/tim\/\" target=\"_blank\" rel=\"noopener\">Zur Website<\/a><\/p>\n<\/div>\n<\/div>\n<p><img width=\"412\" height=\"412\" src=\"https:\/\/www.tim-oesterreich.at\/steirischer-zentralraum\/wp-content\/uploads\/sites\/4\/2020\/02\/premstaetten.png\" class=\"attachment-large size-large\" alt=\"Wappen der Gemeinde Premst\u00e4tten\" decoding=\"async\" loading=\"lazy\" \/><\/p>\n<div>\n<div style=\"text-align: center\">\n<p><strong>Premst\u00e4tten<\/strong><br \/>\n<a class=\"en-button\" href=\"https:\/\/www.premstaetten.gv.at\/umwelt-energie\/tim\/\" target=\"_blank\" rel=\"noopener\">Zur Website<\/a><\/p>\n<\/div>\n<\/div>\n<p><img width=\"412\" height=\"412\" src=\"https:\/\/www.tim-oesterreich.at\/steirischer-zentralraum\/wp-content\/uploads\/sites\/4\/2020\/02\/koeflach.png\" class=\"attachment-large size-large\" alt=\"Wappen der Gemeinde K\u00f6flach\" decoding=\"async\" loading=\"lazy\" \/><\/p>\n<div>\n<div style=\"text-align: center\">\n<p><strong>K\u00f6flach<\/strong><br \/>\n<a class=\"en-button\" href=\"https:\/\/www.stadtwerke-koeflach.at\/regiotim\" target=\"_blank\" rel=\"noopener\">Zur Website<\/a><\/p>\n<\/div>\n<\/div>\n<p><img width=\"412\" height=\"412\" src=\"https:\/\/www.tim-oesterreich.at\/steirischer-zentralraum\/wp-content\/uploads\/sites\/4\/2020\/02\/baernbach.png\" class=\"attachment-large size-large\" alt=\"Wappen der Gemeinde B\u00e4rnbach\" decoding=\"async\" loading=\"lazy\" \/><\/p>\n<div>\n<div style=\"text-align: center\">\n<p><strong>B\u00e4rnbach<\/strong><br \/>\n<a class=\"en-button\" href=\"https:\/\/www.baernbach.gv.at\/index.php\/stadtgemeinde-baernbach\/projekte-baernbach\/regiotim\" target=\"_blank\" rel=\"noopener\">Zur Website<\/a><\/p>\n<\/div>\n<\/div>\n<p><img width=\"412\" height=\"412\" src=\"https:\/\/www.tim-oesterreich.at\/steirischer-zentralraum\/wp-content\/uploads\/sites\/4\/2020\/02\/voitsberg.png\" class=\"attachment-large size-large\" alt=\"Wappen der Gemeinde Voitsberg\" decoding=\"async\" loading=\"lazy\" \/><\/p>\n<div>\n<div style=\"text-align: center\">\n<p><strong>Voitsberg<\/strong><br \/>\n<a class=\"en-button\" href=\"https:\/\/www.stadtwerke-voitsberg.at\/regiontim\/tim-in-voitsberg\" target=\"_blank\" rel=\"noopener\">Zur Website<\/a><\/p>\n<\/div>\n<\/div>\n<p><img width=\"412\" height=\"412\" src=\"https:\/\/www.tim-oesterreich.at\/steirischer-zentralraum\/wp-content\/uploads\/sites\/4\/2022\/02\/feldkrichen-wappen.png\" class=\"attachment-large size-large\" alt=\"\" decoding=\"async\" loading=\"lazy\" srcset=\"https:\/\/www.tim-oesterreich.at\/steirischer-zentralraum\/wp-content\/uploads\/sites\/4\/2022\/02\/feldkrichen-wappen.png 412w, https:\/\/www.tim-oesterreich.at\/steirischer-zentralraum\/wp-content\/uploads\/sites\/4\/2022\/02\/feldkrichen-wappen-150x150.png 150w\" sizes=\"auto, (max-width: 412px) 100vw, 412px\" \/><\/p>\n<div>\n<div style=\"text-align: center\">\n<p><strong>Feldkirchen bei Graz<\/strong><br \/>\n<a class=\"en-button\" href=\"https:\/\/www.feldkirchen-graz.at\/index.php\/9-news\/384-jetzt-ist-auch-unsere-gemeinde-tim-taeglich-intelligent-mobil\" target=\"_blank\" rel=\"noopener\">Zur Website<\/a><\/p>\n<\/div>\n<\/div>\n<p><img width=\"412\" height=\"412\" src=\"https:\/\/www.tim-oesterreich.at\/steirischer-zentralraum\/wp-content\/uploads\/sites\/4\/2020\/02\/soeding-st-johann_neu.png\" class=\"attachment-large size-large\" alt=\"Wappen der Gemeinde S\u00f6ding-Sankt Johann\" decoding=\"async\" loading=\"lazy\" srcset=\"https:\/\/www.tim-oesterreich.at\/steirischer-zentralraum\/wp-content\/uploads\/sites\/4\/2020\/02\/soeding-st-johann_neu.png 412w, https:\/\/www.tim-oesterreich.at\/steirischer-zentralraum\/wp-content\/uploads\/sites\/4\/2020\/02\/soeding-st-johann_neu-150x150.png 150w\" sizes=\"auto, (max-width: 412px) 100vw, 412px\" \/><\/p>\n<div>\n<div style=\"text-align: center\">\n<p><strong>S\u00f6ding-St. Johann<\/strong><br \/>\n<a class=\"en-button\" href=\"http:\/\/www.soeding-st-johann.gv.at\/REGIOtim.381.0.html\" target=\"_blank\" rel=\"noopener\">Zur Website<\/a><\/p>\n<\/div>\n<\/div>\n<p><img width=\"412\" height=\"412\" src=\"https:\/\/www.tim-oesterreich.at\/steirischer-zentralraum\/wp-content\/uploads\/sites\/4\/2020\/02\/gratwein-straszengel.png\" class=\"attachment-large size-large\" alt=\"Wappen der Gemeinde Gratwein\/Stra\u00dfengel\" decoding=\"async\" loading=\"lazy\" \/><\/p>\n<div>\n<div style=\"text-align: center\">\n<p><strong>Gratwein-Stra\u00dfengel<\/strong><br \/>\n<a class=\"en-button\" href=\"https:\/\/gratwein-strassengel.gv.at\/verkehr-mobilitaet\" target=\"_blank\" rel=\"noopener\">Zur Website<\/a><\/p>\n<\/div>\n<\/div>\n<p><img width=\"412\" height=\"412\" src=\"https:\/\/www.tim-oesterreich.at\/steirischer-zentralraum\/wp-content\/uploads\/sites\/4\/2020\/02\/nestelbach.png\" class=\"attachment-large size-large\" alt=\"Wappen der Gemeinde Nestelbach bei Graz\" decoding=\"async\" loading=\"lazy\" \/><\/p>\n<div>\n<div style=\"text-align: center\">\n<p><strong>Nestelbach bei Graz<\/strong><br \/>\n<a class=\"en-button\" href=\"https:\/\/www.nestelbach-graz.gv.at\/leben-in-der-gemeinde\/mobilitaet\/regiotim\/\" target=\"_blank\" rel=\"noopener\">Zur Website<\/a><\/p>\n<\/div>\n<\/div>\n<p><img width=\"412\" height=\"412\" src=\"https:\/\/www.tim-oesterreich.at\/steirischer-zentralraum\/wp-content\/uploads\/sites\/4\/2023\/04\/fernitz-mellach-wappen.png\" class=\"attachment-large size-large\" alt=\"\" decoding=\"async\" loading=\"lazy\" srcset=\"https:\/\/www.tim-oesterreich.at\/steirischer-zentralraum\/wp-content\/uploads\/sites\/4\/2023\/04\/fernitz-mellach-wappen.png 412w, https:\/\/www.tim-oesterreich.at\/steirischer-zentralraum\/wp-content\/uploads\/sites\/4\/2023\/04\/fernitz-mellach-wappen-150x150.png 150w\" sizes=\"auto, (max-width: 412px) 100vw, 412px\" \/><\/p>\n<div>\n<div style=\"text-align: center\">\n<p><strong>Fernitz-Mellach<\/strong><br \/>\n<a class=\"en-button\" href=\"https:\/\/www.fernitz-mellach.gv.at\/regiotim.html\" target=\"_blank\" rel=\"noopener\">Zur Website<\/a><\/p>\n<\/div>\n<\/div>\n<p><img width=\"412\" height=\"412\" src=\"https:\/\/www.tim-oesterreich.at\/steirischer-zentralraum\/wp-content\/uploads\/sites\/4\/2022\/10\/gratkorn-wappen.png\" class=\"attachment-large size-large\" alt=\"\" decoding=\"async\" loading=\"lazy\" srcset=\"https:\/\/www.tim-oesterreich.at\/steirischer-zentralraum\/wp-content\/uploads\/sites\/4\/2022\/10\/gratkorn-wappen.png 412w, https:\/\/www.tim-oesterreich.at\/steirischer-zentralraum\/wp-content\/uploads\/sites\/4\/2022\/10\/gratkorn-wappen-150x150.png 150w\" sizes=\"auto, (max-width: 412px) 100vw, 412px\" \/><\/p>\n<div>\n<div style=\"text-align: center\">\n<p><strong>Gratkorn<br \/>\n<\/strong><br \/>\n<a class=\"en-button\" href=\"https:\/\/www.gratkorn.gv.at\/tourismus-mobilit%C3%A4t\/tim\/\" target=\"_blank\" rel=\"noopener\">Zur Website<\/a><\/p>\n<\/div>\n<\/div>\n<div>\n<p>Deine Gemeinde ist <strong>noch nicht<\/strong> dabei? Dann kannst du dich in deiner <strong>n\u00e4chst gelegenen<\/strong> Gemeinde anmelden!<\/p>\n<p>Bist du aus <strong>Graz<\/strong>? Dann schau mal <a href=\"https:\/\/www.tim-oesterreich.at\/graz\/anmelden-2\/\">hier<\/a> vorbei!<br \/>\nDu bist in <strong>Linz<\/strong> wohnhaft? Dann geht&#8217;s <a href=\"https:\/\/www.tim-oesterreich.at\/linz\/anmelden\/\">hier<\/a> entlang f\u00fcr dich!<\/p>\n<\/div>\n<div>\n<h2>Du hast Fragen?<\/h2>\n<\/div>\n<div>\n<p>Wenn du wissen willst, was dich tim kostet, dann findest du hier unsere <strong>Tarif\u00fcbersicht<\/strong> zum Download.<\/p>\n<\/div>\n<div>\n<p><a class=\"en-button en-button--primary en-button--small\" href=\"https:\/\/www.tim-oesterreich.at\/steirischer-zentralraum\/tarife\/\">Tarif\u00fcbersicht<\/a><\/p>\n<\/div>\n<div>\n<p>Die <strong>Nutzungsbedingungen<\/strong> kannst du dir hier noch einmal herunterladen.<\/p>\n<\/div>\n<div>\n<p><a class=\"en-button en-button--primary en-button--small\" href=\"https:\/\/www.tim-oesterreich.at\/steirischer-zentralraum\/wp-content\/uploads\/sites\/4\/2025\/02\/nutzungsbedingungen-tim-zr-v04_2025.pdf\">Nutzungsbedingungen<\/a><\/p>\n<\/div>\n<div>\n<p>Bei anderen Fragen, helfen dir die <a href=\"https:\/\/www.tim-oesterreich.at\/steirischer-zentralraum\/faq\/\">FAQs<\/a> auf unserer <strong>Website<\/strong> bestimmt weiter. Falls nicht, kannst du dich gerne bei uns <strong>melden<\/strong>.<\/p>\n<ul>\n<li>Per <strong>Telefon<\/strong> (rund um die Uhr): <a href=\"tel:0043316844888200\">0316\/844 888-200<\/a><\/li>\n<li>Per <strong>E-mail<\/strong>: <a href=\"mailto:support@tim-zentralraum.at\">support@tim-zentralraum.at<\/a><\/li>\n<\/ul>\n<\/div>\n<div>\n<p style=\"text-align: center\">Hast du dich registriert, willst nun aber doch vom Vertrag innerhalb der vierzehnt\u00e4gigen Widerrufsfrist ab Vertragsabschluss zur\u00fccktreten,<br \/>\nso findest du <a href=\"https:\/\/www.tim-oesterreich.at\/steirischer-zentralraum\/wp-content\/uploads\/sites\/4\/2022\/09\/musterwiderrufsformular-tim-zentralraum.docx\">hier<\/a> ein Muster-Widerrufsformular. Schicke dieses ausgef\u00fcllt bitte an <a href=\"mailto:support@tim-zentralraum.at\">support@tim-zentralraum.at<\/a><\/p>\n<\/div>\n","protected":false},"excerpt":{"rendered":"<p>Anmelden\/Registrieren Zur Online-Registrierung Du willst das Angebot von tim nutzen und hast noch keinen Account? Dann informiere dich bitte vorher dar\u00fcber, wie tim in der Praxis funktioniert. Auf der Startseite findest du kurz zusammengefasst alles, was wichtig! Zus\u00e4tzlich dazu findest du hier ein \u00dcbersichtsblatt mit ein paar weiteren Infos. Wenn du wei\u00dft, wie es l\u00e4uft, [&hellip;]<\/p>\n","protected":false},"author":1,"featured_media":0,"parent":0,"menu_order":3,"comment_status":"closed","ping_status":"closed","template":"","meta":{"footnotes":""},"class_list":["post-47","page","type-page","status-publish","hentry"],"acf":[],"yoast_head":"<!-- This site is optimized with the Yoast SEO plugin v26.7 - https:\/\/yoast.com\/wordpress\/plugins\/seo\/ -->\n<title>Anmelden\/Registrieren - TIM Steirischer Zentralraum<\/title>\n<meta name=\"description\" content=\"Du bist bereits tim-Mitglied oder m\u00f6chtest noch eines werden? Dann bist du hier genau richtig! Registriere dich doch gleich f\u00fcr deine Carsharing-Plattform!\" \/>\n<meta name=\"robots\" content=\"index, follow, max-snippet:-1, max-image-preview:large, max-video-preview:-1\" \/>\n<link rel=\"canonical\" href=\"https:\/\/www.tim-oesterreich.at\/steirischer-zentralraum\/anmelden-registrieren\/\" \/>\n<meta property=\"og:locale\" content=\"de_DE\" \/>\n<meta property=\"og:type\" content=\"article\" \/>\n<meta property=\"og:title\" content=\"Anmelden\/Registrieren - TIM Steirischer Zentralraum\" \/>\n<meta property=\"og:description\" content=\"Du bist bereits tim-Mitglied oder m\u00f6chtest noch eines werden? Dann bist du hier genau richtig! Registriere dich doch gleich f\u00fcr deine Carsharing-Plattform!\" \/>\n<meta property=\"og:url\" content=\"https:\/\/www.tim-oesterreich.at\/steirischer-zentralraum\/anmelden-registrieren\/\" \/>\n<meta property=\"og:site_name\" content=\"TIM Steirischer Zentralraum\" \/>\n<meta property=\"article:modified_time\" content=\"2025-04-01T08:00:29+00:00\" \/>\n<meta property=\"og:image\" content=\"https:\/\/www.tim-oesterreich.at\/steirischer-zentralraum\/wp-content\/uploads\/sites\/4\/2020\/02\/hart.png\" \/>\n<meta name=\"twitter:card\" content=\"summary_large_image\" \/>\n<script type=\"application\/ld+json\" class=\"yoast-schema-graph\">{\"@context\":\"https:\/\/schema.org\",\"@graph\":[{\"@type\":\"WebPage\",\"@id\":\"https:\/\/www.tim-oesterreich.at\/steirischer-zentralraum\/anmelden-registrieren\/\",\"url\":\"https:\/\/www.tim-oesterreich.at\/steirischer-zentralraum\/anmelden-registrieren\/\",\"name\":\"Anmelden\/Registrieren - TIM Steirischer Zentralraum\",\"isPartOf\":{\"@id\":\"https:\/\/www.tim-oesterreich.at\/steirischer-zentralraum\/#website\"},\"primaryImageOfPage\":{\"@id\":\"https:\/\/www.tim-oesterreich.at\/steirischer-zentralraum\/anmelden-registrieren\/#primaryimage\"},\"image\":{\"@id\":\"https:\/\/www.tim-oesterreich.at\/steirischer-zentralraum\/anmelden-registrieren\/#primaryimage\"},\"thumbnailUrl\":\"https:\/\/www.tim-oesterreich.at\/steirischer-zentralraum\/wp-content\/uploads\/sites\/4\/2020\/02\/hart.png\",\"datePublished\":\"2022-10-28T12:17:04+00:00\",\"dateModified\":\"2025-04-01T08:00:29+00:00\",\"description\":\"Du bist bereits tim-Mitglied oder m\u00f6chtest noch eines werden? Dann bist du hier genau richtig! Registriere dich doch gleich f\u00fcr deine Carsharing-Plattform!\",\"breadcrumb\":{\"@id\":\"https:\/\/www.tim-oesterreich.at\/steirischer-zentralraum\/anmelden-registrieren\/#breadcrumb\"},\"inLanguage\":\"de\",\"potentialAction\":[{\"@type\":\"ReadAction\",\"target\":[\"https:\/\/www.tim-oesterreich.at\/steirischer-zentralraum\/anmelden-registrieren\/\"]}]},{\"@type\":\"ImageObject\",\"inLanguage\":\"de\",\"@id\":\"https:\/\/www.tim-oesterreich.at\/steirischer-zentralraum\/anmelden-registrieren\/#primaryimage\",\"url\":\"https:\/\/www.tim-oesterreich.at\/steirischer-zentralraum\/wp-content\/uploads\/sites\/4\/2020\/02\/hart.png\",\"contentUrl\":\"https:\/\/www.tim-oesterreich.at\/steirischer-zentralraum\/wp-content\/uploads\/sites\/4\/2020\/02\/hart.png\",\"width\":412,\"height\":412,\"caption\":\"Wappen der Gemeinde Hart bei Graz\"},{\"@type\":\"BreadcrumbList\",\"@id\":\"https:\/\/www.tim-oesterreich.at\/steirischer-zentralraum\/anmelden-registrieren\/#breadcrumb\",\"itemListElement\":[{\"@type\":\"ListItem\",\"position\":1,\"name\":\"Startseite\",\"item\":\"https:\/\/www.tim-oesterreich.at\/steirischer-zentralraum\/\"},{\"@type\":\"ListItem\",\"position\":2,\"name\":\"Anmelden\/Registrieren\"}]},{\"@type\":\"WebSite\",\"@id\":\"https:\/\/www.tim-oesterreich.at\/steirischer-zentralraum\/#website\",\"url\":\"https:\/\/www.tim-oesterreich.at\/steirischer-zentralraum\/\",\"name\":\"TIM Steirischer Zentralraum\",\"description\":\"\",\"potentialAction\":[{\"@type\":\"SearchAction\",\"target\":{\"@type\":\"EntryPoint\",\"urlTemplate\":\"https:\/\/www.tim-oesterreich.at\/steirischer-zentralraum\/?s={search_term_string}\"},\"query-input\":{\"@type\":\"PropertyValueSpecification\",\"valueRequired\":true,\"valueName\":\"search_term_string\"}}],\"inLanguage\":\"de\"}]}<\/script>\n<!-- \/ Yoast SEO plugin. -->","yoast_head_json":{"title":"Anmelden\/Registrieren - TIM Steirischer Zentralraum","description":"Du bist bereits tim-Mitglied oder m\u00f6chtest noch eines werden? Dann bist du hier genau richtig! Registriere dich doch gleich f\u00fcr deine Carsharing-Plattform!","robots":{"index":"index","follow":"follow","max-snippet":"max-snippet:-1","max-image-preview":"max-image-preview:large","max-video-preview":"max-video-preview:-1"},"canonical":"https:\/\/www.tim-oesterreich.at\/steirischer-zentralraum\/anmelden-registrieren\/","og_locale":"de_DE","og_type":"article","og_title":"Anmelden\/Registrieren - TIM Steirischer Zentralraum","og_description":"Du bist bereits tim-Mitglied oder m\u00f6chtest noch eines werden? Dann bist du hier genau richtig! Registriere dich doch gleich f\u00fcr deine Carsharing-Plattform!","og_url":"https:\/\/www.tim-oesterreich.at\/steirischer-zentralraum\/anmelden-registrieren\/","og_site_name":"TIM Steirischer Zentralraum","article_modified_time":"2025-04-01T08:00:29+00:00","og_image":[{"url":"https:\/\/www.tim-oesterreich.at\/steirischer-zentralraum\/wp-content\/uploads\/sites\/4\/2020\/02\/hart.png","type":"","width":"","height":""}],"twitter_card":"summary_large_image","schema":{"@context":"https:\/\/schema.org","@graph":[{"@type":"WebPage","@id":"https:\/\/www.tim-oesterreich.at\/steirischer-zentralraum\/anmelden-registrieren\/","url":"https:\/\/www.tim-oesterreich.at\/steirischer-zentralraum\/anmelden-registrieren\/","name":"Anmelden\/Registrieren - TIM Steirischer Zentralraum","isPartOf":{"@id":"https:\/\/www.tim-oesterreich.at\/steirischer-zentralraum\/#website"},"primaryImageOfPage":{"@id":"https:\/\/www.tim-oesterreich.at\/steirischer-zentralraum\/anmelden-registrieren\/#primaryimage"},"image":{"@id":"https:\/\/www.tim-oesterreich.at\/steirischer-zentralraum\/anmelden-registrieren\/#primaryimage"},"thumbnailUrl":"https:\/\/www.tim-oesterreich.at\/steirischer-zentralraum\/wp-content\/uploads\/sites\/4\/2020\/02\/hart.png","datePublished":"2022-10-28T12:17:04+00:00","dateModified":"2025-04-01T08:00:29+00:00","description":"Du bist bereits tim-Mitglied oder m\u00f6chtest noch eines werden? Dann bist du hier genau richtig! Registriere dich doch gleich f\u00fcr deine Carsharing-Plattform!","breadcrumb":{"@id":"https:\/\/www.tim-oesterreich.at\/steirischer-zentralraum\/anmelden-registrieren\/#breadcrumb"},"inLanguage":"de","potentialAction":[{"@type":"ReadAction","target":["https:\/\/www.tim-oesterreich.at\/steirischer-zentralraum\/anmelden-registrieren\/"]}]},{"@type":"ImageObject","inLanguage":"de","@id":"https:\/\/www.tim-oesterreich.at\/steirischer-zentralraum\/anmelden-registrieren\/#primaryimage","url":"https:\/\/www.tim-oesterreich.at\/steirischer-zentralraum\/wp-content\/uploads\/sites\/4\/2020\/02\/hart.png","contentUrl":"https:\/\/www.tim-oesterreich.at\/steirischer-zentralraum\/wp-content\/uploads\/sites\/4\/2020\/02\/hart.png","width":412,"height":412,"caption":"Wappen der Gemeinde Hart bei Graz"},{"@type":"BreadcrumbList","@id":"https:\/\/www.tim-oesterreich.at\/steirischer-zentralraum\/anmelden-registrieren\/#breadcrumb","itemListElement":[{"@type":"ListItem","position":1,"name":"Startseite","item":"https:\/\/www.tim-oesterreich.at\/steirischer-zentralraum\/"},{"@type":"ListItem","position":2,"name":"Anmelden\/Registrieren"}]},{"@type":"WebSite","@id":"https:\/\/www.tim-oesterreich.at\/steirischer-zentralraum\/#website","url":"https:\/\/www.tim-oesterreich.at\/steirischer-zentralraum\/","name":"TIM Steirischer Zentralraum","description":"","potentialAction":[{"@type":"SearchAction","target":{"@type":"EntryPoint","urlTemplate":"https:\/\/www.tim-oesterreich.at\/steirischer-zentralraum\/?s={search_term_string}"},"query-input":{"@type":"PropertyValueSpecification","valueRequired":true,"valueName":"search_term_string"}}],"inLanguage":"de"}]}},"lang":"de","translations":{"de":47,"en":4095},"pll_sync_post":[],"_links":{"self":[{"href":"https:\/\/www.tim-oesterreich.at\/steirischer-zentralraum\/wp-json\/wp\/v2\/pages\/47","targetHints":{"allow":["GET"]}}],"collection":[{"href":"https:\/\/www.tim-oesterreich.at\/steirischer-zentralraum\/wp-json\/wp\/v2\/pages"}],"about":[{"href":"https:\/\/www.tim-oesterreich.at\/steirischer-zentralraum\/wp-json\/wp\/v2\/types\/page"}],"author":[{"embeddable":true,"href":"https:\/\/www.tim-oesterreich.at\/steirischer-zentralraum\/wp-json\/wp\/v2\/users\/1"}],"replies":[{"embeddable":true,"href":"https:\/\/www.tim-oesterreich.at\/steirischer-zentralraum\/wp-json\/wp\/v2\/comments?post=47"}],"version-history":[{"count":9,"href":"https:\/\/www.tim-oesterreich.at\/steirischer-zentralraum\/wp-json\/wp\/v2\/pages\/47\/revisions"}],"predecessor-version":[{"id":5100,"href":"https:\/\/www.tim-oesterreich.at\/steirischer-zentralraum\/wp-json\/wp\/v2\/pages\/47\/revisions\/5100"}],"wp:attachment":[{"href":"https:\/\/www.tim-oesterreich.at\/steirischer-zentralraum\/wp-json\/wp\/v2\/media?parent=47"}],"curies":[{"name":"wp","href":"https:\/\/api.w.org\/{rel}","templated":true}]}}