{"id":4346,"date":"2022-11-02T15:02:45","date_gmt":"2022-11-02T14:02:45","guid":{"rendered":"https:\/\/www.tim-oesterreich.at\/steirischer-zentralraum\/?page_id=4346"},"modified":"2024-01-08T13:21:59","modified_gmt":"2024-01-08T12:21:59","slug":"handbuch-christiania-light","status":"publish","type":"page","link":"https:\/\/www.tim-oesterreich.at\/steirischer-zentralraum\/handbuch-christiania-light\/","title":{"rendered":"Handbuch Christiania Light"},"content":{"rendered":"<h1>Nutzungshinweise<\/h1>\n<h2>Lastenrad Fahrzeug &#8211; Christiania Light<\/h2>\n<div>\n<p style=\"text-align: center\"><a class=\"en-button en-button--large\" style=\"background-color: #00a096\" href=\"#buchen\">Buchen\/\u00d6ffnen<\/a><\/p>\n<\/div>\n<div>\n<p style=\"text-align: center\"><a class=\"en-button en-button--large\" style=\"background-color: #00a096\" href=\"#e_unterst\u00fctzung\">E-Unterst\u00fctzung<\/a><\/p>\n<\/div>\n<div>\n<p style=\"text-align: center\"><a class=\"en-button en-button--large\" style=\"background-color: #00a096\" href=\"#w\u00e4hrend_der_Fahrt\">W\u00e4hrend der Fahrt<\/a><\/p>\n<\/div>\n<div>\n<p style=\"text-align: center\"><a class=\"en-button en-button--large\" style=\"background-color: #00a096\" href=\"#abstellen\">Abstellen\/Zur\u00fcck am Standort<\/a><\/p>\n<\/div>\n<div>\n<p style=\"text-align: center\"><a class=\"en-button en-button--large\" style=\"background-color: #00a096\" href=\"#support\">Support und Sicherheit<\/a><\/p>\n<\/div>\n<div>\n<h1 id=\"buchen\"><\/h1>\n<\/div>\n<h3>Buchen\/\u00d6ffnen<\/h3>\n<div>\n<h3>Buchen\/\u00d6ffnen<\/h3>\n<ol>\n<li>Als tim-Mitglied meldest du dich \u00fcber die <a href=\"http:\/\/app.tim-zentralraum.at\">Buchungsplattform<\/a> an und reservierst das Lastenrad f\u00fcr den gew\u00fcnschten Zeitraum.<\/li>\n<li>Um das Schloss am Hinterreifen des Lastenrads zu \u00f6ffnen bewege das Lastenrad ein wenig indem du kurz am Sitz r\u00fcttelst oder darauf klopfst. Dadurch aktiviert sich das Schloss und gibt einen Piepton von sich. Warte anschlie\u00dfend ca. 45 Sekunden bis das Schloss die Verbindung zum Server aufgebaut hat.<\/li>\n<li>Aktiviere das Schloss nun erneut durch r\u00fctteln am Sattel.<\/li>\n<li>Halte dann einfach deine tim-Karte zum blinkenden Licht am Schloss. Das Schloss l\u00e4sst sich auch mit dem Smartphone \u00f6ffnen. Folge dazu den Anweisungen in der App bzw. in der Webanwendung.<\/li>\n<\/ol>\n<\/div>\n<p><img width=\"400\" height=\"454\" src=\"https:\/\/www.tim-oesterreich.at\/steirischer-zentralraum\/wp-content\/uploads\/sites\/4\/2022\/11\/lastenrad-bild-1-e1667396421124.png\" class=\"attachment-large size-large\" alt=\"\" decoding=\"async\" loading=\"lazy\" \/><\/p>\n<div>\n<ol start=\"5\">\n<li>Bevor du losf\u00e4hrst, <strong>entferne noch die Kette<\/strong>, verstaue sie in der Box und stecke das Ladekabel ab. Bitte h\u00e4nge dieses am Standort so auf, dass es nicht am Boden liegt.<\/li>\n<\/ol>\n<p style=\"text-align: right\"><a class=\"en-button\" href=\"#top\">nach oben<\/a><\/p>\n<\/div>\n<div>\n<h1 id=\"e_unterst\u00fctzung\"><\/h1>\n<\/div>\n<h3>E-Unterst\u00fctzung<\/h3>\n<div>\n<p>Um f\u00fcr die Fahrt die E-Unterst\u00fctzung zu aktiveren, dreh den Schl\u00fcssel rechts<br \/>\nhinten auf die Stellung \u201eEIN\u201c. Ob die Stellung richtig ist, erkennst du am<br \/>\nleuchtenden R\u00fccklicht.<\/p>\n<p>Die Kn\u00f6pfe zur Bedienung befinden sich links an der Lenkerstange.<\/p>\n<p>Mit dem untersten schaltest du<br \/>\ndie Unterst\u00fctzung ein. Mit dem obersten schaltest du das Licht ein und aus.<\/p>\n<p>Mit den Pfeiltasten regelst<br \/>\ndu die Unterst\u00fctzungsstufe.<\/p>\n<\/div>\n<p><img width=\"200\" height=\"165\" src=\"https:\/\/www.tim-oesterreich.at\/steirischer-zentralraum\/wp-content\/uploads\/sites\/4\/2022\/11\/lastenrad-bild-2-e1667396340460.png\" class=\"attachment-large size-large\" alt=\"\" decoding=\"async\" loading=\"lazy\" \/><img width=\"200\" height=\"168\" src=\"https:\/\/www.tim-oesterreich.at\/steirischer-zentralraum\/wp-content\/uploads\/sites\/4\/2022\/11\/lastenrad-bild-3-e1667396349469.png\" class=\"attachment-large size-large\" alt=\"\" decoding=\"async\" loading=\"lazy\" \/><\/p>\n<div>\n<p style=\"text-align: right\"><a class=\"en-button\" href=\"#top\">nach oben<\/a><\/p>\n<\/div>\n<div>\n<h1 id=\"w\u00e4hrend_der_Fahrt\"><\/h1>\n<\/div>\n<h3>W\u00e4hrend der Fahrt<\/h3>\n<div>\n<ol>\n<li>Du kannst die Unterst\u00fctzungsstufe (rechts am Bildschirm) mit den Tasten nach oben und unten ver\u00e4ndern. Wirst du einmal langsamer als 10 km\/h, reduziert sich die Unterst\u00fctzungsstufe sicherheitsbedingt automatisch auf die niedrigste Stufe. Die Unterst\u00fctzung kannst du auch durch Drehen am Gasdrehgriff links regeln.<\/li>\n<li>In der Box darfst du <strong>maximal 100 kg<\/strong> auf einmal bef\u00f6rdern und Insassen m\u00fcssen sich anschnallen. Kinder unter 12 Jahren m\u00fcssen au\u00dferdem auch beim Mitfahren einen Helm tragen.<\/li>\n<\/ol>\n<p style=\"text-align: right\"><a class=\"en-button\" href=\"#top\">nach oben<\/a><\/p>\n<\/div>\n<div>\n<h1 id=\"abstellen\"><\/h1>\n<\/div>\n<h3>Abstellen\/Zur\u00fcck am Standort<\/h3>\n<div>\n<ol>\n<li>Hast du alles erledigt? Dann stelle das Lastenrad wieder auf den daf\u00fcr vorgesehenen Stellplatz am <strong>tim<\/strong>-Standort.<\/li>\n<li>Anschlie\u00dfend wickle die Kette um den Fahrradst\u00e4nder und stecke diese wieder ins Rahmenschloss. Zum Schlie\u00dfen des Rahmenschlosses, bewege den Schlie\u00dfmechanismus wie angezeigt gegen den Uhrzeigersinn und dr\u00fccke das Schloss zu.<\/li>\n<li>Dann drehe den Schl\u00fcssel hinten links wieder auf die Stellung<strong> \u201eAUS\u201c<\/strong> und stecke das Ladekabel wieder in die rechte Hinterseite am Akku.<\/li>\n<li>Zum Schluss aktiviere noch die Feststellbremse durch Anziehen der linken Bremse und dr\u00fccken des silbernen Knopfes.<\/li>\n<\/ol>\n<p style=\"text-align: right\"><a class=\"en-button\" href=\"#top\">nach oben<\/a><\/p>\n<\/div>\n<div>\n<h1 id=\"support\"><\/h1>\n<\/div>\n<h3>Support und Sicherheit<\/h3>\n<div>\n<ul>\n<li>Bei Fragen zu deinen <strong>Buchungen<\/strong> oder zur <strong>Funktionsweise des Fahrzeugs<\/strong> kannst du das tim-Zentralraum-Team unter folgender Telefonnummer erreichen:<br \/>\n<strong>+43 (0) 316 844 888 200<\/strong><\/li>\n<li>In <strong>bedrohlichen Situationen<\/strong> oder bei <strong>Gefahr im Verzug<\/strong> w\u00e4hle unverz\u00fcglich den <strong>Notruf<\/strong>!<br \/>\n<strong><span style=\"font-size: large\">Feuerwehr: <span style=\"color: #e85265\">122<\/span><\/span><\/strong><br \/>\n<strong><span style=\"font-size: large\">Polizei: <span style=\"color: #e85265\">133<\/span><\/span><\/strong><br \/>\n<strong><span style=\"font-size: large\">Rettung: <span style=\"color: #e85265\">144<\/span><\/span><\/strong><br \/>\n<strong><span style=\"font-size: large\">Euro-Notruf: <span style=\"color: #e85265\">112<\/span><\/span><\/strong><\/li>\n<\/ul>\n<p style=\"text-align: right\"><a class=\"en-button\" href=\"#top\">nach oben<\/a><\/p>\n<\/div>\n","protected":false},"excerpt":{"rendered":"<p>Nutzungshinweise Lastenrad Fahrzeug &#8211; Christiania Light Buchen\/\u00d6ffnen E-Unterst\u00fctzung W\u00e4hrend der Fahrt Abstellen\/Zur\u00fcck am Standort Support und Sicherheit Buchen\/\u00d6ffnen Buchen\/\u00d6ffnen Als tim-Mitglied meldest du dich \u00fcber die Buchungsplattform an und reservierst das Lastenrad f\u00fcr den gew\u00fcnschten Zeitraum. Um das Schloss am Hinterreifen des Lastenrads zu \u00f6ffnen bewege das Lastenrad ein wenig indem du kurz am Sitz [&hellip;]<\/p>\n","protected":false},"author":9,"featured_media":0,"parent":0,"menu_order":14,"comment_status":"closed","ping_status":"closed","template":"","meta":{"footnotes":""},"class_list":["post-4346","page","type-page","status-publish","hentry"],"acf":[],"yoast_head":"<!-- This site is optimized with the Yoast SEO plugin v26.7 - https:\/\/yoast.com\/wordpress\/plugins\/seo\/ -->\n<title>Handbuch Christiania Light - TIM Steirischer Zentralraum<\/title>\n<meta name=\"robots\" content=\"index, follow, max-snippet:-1, max-image-preview:large, max-video-preview:-1\" \/>\n<link rel=\"canonical\" href=\"https:\/\/www.tim-oesterreich.at\/steirischer-zentralraum\/handbuch-christiania-light\/\" \/>\n<meta property=\"og:locale\" content=\"de_DE\" \/>\n<meta property=\"og:type\" content=\"article\" \/>\n<meta property=\"og:title\" content=\"Handbuch Christiania Light - TIM Steirischer Zentralraum\" \/>\n<meta property=\"og:description\" content=\"Nutzungshinweise Lastenrad Fahrzeug &#8211; Christiania Light Buchen\/\u00d6ffnen E-Unterst\u00fctzung W\u00e4hrend der Fahrt Abstellen\/Zur\u00fcck am Standort Support und Sicherheit Buchen\/\u00d6ffnen Buchen\/\u00d6ffnen Als tim-Mitglied meldest du dich \u00fcber die Buchungsplattform an und reservierst das Lastenrad f\u00fcr den gew\u00fcnschten Zeitraum. Um das Schloss am Hinterreifen des Lastenrads zu \u00f6ffnen bewege das Lastenrad ein wenig indem du kurz am Sitz [&hellip;]\" \/>\n<meta property=\"og:url\" content=\"https:\/\/www.tim-oesterreich.at\/steirischer-zentralraum\/handbuch-christiania-light\/\" \/>\n<meta property=\"og:site_name\" content=\"TIM Steirischer Zentralraum\" \/>\n<meta property=\"article:modified_time\" content=\"2024-01-08T12:21:59+00:00\" \/>\n<meta property=\"og:image\" content=\"https:\/\/www.tim-oesterreich.at\/steirischer-zentralraum\/wp-content\/uploads\/sites\/4\/2022\/11\/lastenrad-bild-1-e1667396421124.png\" \/>\n<meta name=\"twitter:card\" content=\"summary_large_image\" \/>\n<script type=\"application\/ld+json\" class=\"yoast-schema-graph\">{\"@context\":\"https:\/\/schema.org\",\"@graph\":[{\"@type\":\"WebPage\",\"@id\":\"https:\/\/www.tim-oesterreich.at\/steirischer-zentralraum\/handbuch-christiania-light\/\",\"url\":\"https:\/\/www.tim-oesterreich.at\/steirischer-zentralraum\/handbuch-christiania-light\/\",\"name\":\"Handbuch Christiania Light - TIM Steirischer Zentralraum\",\"isPartOf\":{\"@id\":\"https:\/\/www.tim-oesterreich.at\/steirischer-zentralraum\/#website\"},\"primaryImageOfPage\":{\"@id\":\"https:\/\/www.tim-oesterreich.at\/steirischer-zentralraum\/handbuch-christiania-light\/#primaryimage\"},\"image\":{\"@id\":\"https:\/\/www.tim-oesterreich.at\/steirischer-zentralraum\/handbuch-christiania-light\/#primaryimage\"},\"thumbnailUrl\":\"https:\/\/www.tim-oesterreich.at\/steirischer-zentralraum\/wp-content\/uploads\/sites\/4\/2022\/11\/lastenrad-bild-1-e1667396421124.png\",\"datePublished\":\"2022-11-02T14:02:45+00:00\",\"dateModified\":\"2024-01-08T12:21:59+00:00\",\"breadcrumb\":{\"@id\":\"https:\/\/www.tim-oesterreich.at\/steirischer-zentralraum\/handbuch-christiania-light\/#breadcrumb\"},\"inLanguage\":\"de\",\"potentialAction\":[{\"@type\":\"ReadAction\",\"target\":[\"https:\/\/www.tim-oesterreich.at\/steirischer-zentralraum\/handbuch-christiania-light\/\"]}]},{\"@type\":\"ImageObject\",\"inLanguage\":\"de\",\"@id\":\"https:\/\/www.tim-oesterreich.at\/steirischer-zentralraum\/handbuch-christiania-light\/#primaryimage\",\"url\":\"https:\/\/www.tim-oesterreich.at\/steirischer-zentralraum\/wp-content\/uploads\/sites\/4\/2022\/11\/lastenrad-bild-1-e1667396421124.png\",\"contentUrl\":\"https:\/\/www.tim-oesterreich.at\/steirischer-zentralraum\/wp-content\/uploads\/sites\/4\/2022\/11\/lastenrad-bild-1-e1667396421124.png\",\"width\":400,\"height\":454},{\"@type\":\"BreadcrumbList\",\"@id\":\"https:\/\/www.tim-oesterreich.at\/steirischer-zentralraum\/handbuch-christiania-light\/#breadcrumb\",\"itemListElement\":[{\"@type\":\"ListItem\",\"position\":1,\"name\":\"Startseite\",\"item\":\"https:\/\/www.tim-oesterreich.at\/steirischer-zentralraum\/\"},{\"@type\":\"ListItem\",\"position\":2,\"name\":\"Handbuch Christiania Light\"}]},{\"@type\":\"WebSite\",\"@id\":\"https:\/\/www.tim-oesterreich.at\/steirischer-zentralraum\/#website\",\"url\":\"https:\/\/www.tim-oesterreich.at\/steirischer-zentralraum\/\",\"name\":\"TIM Steirischer Zentralraum\",\"description\":\"\",\"potentialAction\":[{\"@type\":\"SearchAction\",\"target\":{\"@type\":\"EntryPoint\",\"urlTemplate\":\"https:\/\/www.tim-oesterreich.at\/steirischer-zentralraum\/?s={search_term_string}\"},\"query-input\":{\"@type\":\"PropertyValueSpecification\",\"valueRequired\":true,\"valueName\":\"search_term_string\"}}],\"inLanguage\":\"de\"}]}<\/script>\n<!-- \/ Yoast SEO plugin. -->","yoast_head_json":{"title":"Handbuch Christiania Light - TIM Steirischer Zentralraum","robots":{"index":"index","follow":"follow","max-snippet":"max-snippet:-1","max-image-preview":"max-image-preview:large","max-video-preview":"max-video-preview:-1"},"canonical":"https:\/\/www.tim-oesterreich.at\/steirischer-zentralraum\/handbuch-christiania-light\/","og_locale":"de_DE","og_type":"article","og_title":"Handbuch Christiania Light - TIM Steirischer Zentralraum","og_description":"Nutzungshinweise Lastenrad Fahrzeug &#8211; Christiania Light Buchen\/\u00d6ffnen E-Unterst\u00fctzung W\u00e4hrend der Fahrt Abstellen\/Zur\u00fcck am Standort Support und Sicherheit Buchen\/\u00d6ffnen Buchen\/\u00d6ffnen Als tim-Mitglied meldest du dich \u00fcber die Buchungsplattform an und reservierst das Lastenrad f\u00fcr den gew\u00fcnschten Zeitraum. Um das Schloss am Hinterreifen des Lastenrads zu \u00f6ffnen bewege das Lastenrad ein wenig indem du kurz am Sitz [&hellip;]","og_url":"https:\/\/www.tim-oesterreich.at\/steirischer-zentralraum\/handbuch-christiania-light\/","og_site_name":"TIM Steirischer Zentralraum","article_modified_time":"2024-01-08T12:21:59+00:00","og_image":[{"url":"https:\/\/www.tim-oesterreich.at\/steirischer-zentralraum\/wp-content\/uploads\/sites\/4\/2022\/11\/lastenrad-bild-1-e1667396421124.png","type":"","width":"","height":""}],"twitter_card":"summary_large_image","schema":{"@context":"https:\/\/schema.org","@graph":[{"@type":"WebPage","@id":"https:\/\/www.tim-oesterreich.at\/steirischer-zentralraum\/handbuch-christiania-light\/","url":"https:\/\/www.tim-oesterreich.at\/steirischer-zentralraum\/handbuch-christiania-light\/","name":"Handbuch Christiania Light - TIM Steirischer Zentralraum","isPartOf":{"@id":"https:\/\/www.tim-oesterreich.at\/steirischer-zentralraum\/#website"},"primaryImageOfPage":{"@id":"https:\/\/www.tim-oesterreich.at\/steirischer-zentralraum\/handbuch-christiania-light\/#primaryimage"},"image":{"@id":"https:\/\/www.tim-oesterreich.at\/steirischer-zentralraum\/handbuch-christiania-light\/#primaryimage"},"thumbnailUrl":"https:\/\/www.tim-oesterreich.at\/steirischer-zentralraum\/wp-content\/uploads\/sites\/4\/2022\/11\/lastenrad-bild-1-e1667396421124.png","datePublished":"2022-11-02T14:02:45+00:00","dateModified":"2024-01-08T12:21:59+00:00","breadcrumb":{"@id":"https:\/\/www.tim-oesterreich.at\/steirischer-zentralraum\/handbuch-christiania-light\/#breadcrumb"},"inLanguage":"de","potentialAction":[{"@type":"ReadAction","target":["https:\/\/www.tim-oesterreich.at\/steirischer-zentralraum\/handbuch-christiania-light\/"]}]},{"@type":"ImageObject","inLanguage":"de","@id":"https:\/\/www.tim-oesterreich.at\/steirischer-zentralraum\/handbuch-christiania-light\/#primaryimage","url":"https:\/\/www.tim-oesterreich.at\/steirischer-zentralraum\/wp-content\/uploads\/sites\/4\/2022\/11\/lastenrad-bild-1-e1667396421124.png","contentUrl":"https:\/\/www.tim-oesterreich.at\/steirischer-zentralraum\/wp-content\/uploads\/sites\/4\/2022\/11\/lastenrad-bild-1-e1667396421124.png","width":400,"height":454},{"@type":"BreadcrumbList","@id":"https:\/\/www.tim-oesterreich.at\/steirischer-zentralraum\/handbuch-christiania-light\/#breadcrumb","itemListElement":[{"@type":"ListItem","position":1,"name":"Startseite","item":"https:\/\/www.tim-oesterreich.at\/steirischer-zentralraum\/"},{"@type":"ListItem","position":2,"name":"Handbuch Christiania Light"}]},{"@type":"WebSite","@id":"https:\/\/www.tim-oesterreich.at\/steirischer-zentralraum\/#website","url":"https:\/\/www.tim-oesterreich.at\/steirischer-zentralraum\/","name":"TIM Steirischer Zentralraum","description":"","potentialAction":[{"@type":"SearchAction","target":{"@type":"EntryPoint","urlTemplate":"https:\/\/www.tim-oesterreich.at\/steirischer-zentralraum\/?s={search_term_string}"},"query-input":{"@type":"PropertyValueSpecification","valueRequired":true,"valueName":"search_term_string"}}],"inLanguage":"de"}]}},"lang":"de","translations":{"de":4346,"en":4440},"pll_sync_post":[],"_links":{"self":[{"href":"https:\/\/www.tim-oesterreich.at\/steirischer-zentralraum\/wp-json\/wp\/v2\/pages\/4346","targetHints":{"allow":["GET"]}}],"collection":[{"href":"https:\/\/www.tim-oesterreich.at\/steirischer-zentralraum\/wp-json\/wp\/v2\/pages"}],"about":[{"href":"https:\/\/www.tim-oesterreich.at\/steirischer-zentralraum\/wp-json\/wp\/v2\/types\/page"}],"author":[{"embeddable":true,"href":"https:\/\/www.tim-oesterreich.at\/steirischer-zentralraum\/wp-json\/wp\/v2\/users\/9"}],"replies":[{"embeddable":true,"href":"https:\/\/www.tim-oesterreich.at\/steirischer-zentralraum\/wp-json\/wp\/v2\/comments?post=4346"}],"version-history":[{"count":7,"href":"https:\/\/www.tim-oesterreich.at\/steirischer-zentralraum\/wp-json\/wp\/v2\/pages\/4346\/revisions"}],"predecessor-version":[{"id":4875,"href":"https:\/\/www.tim-oesterreich.at\/steirischer-zentralraum\/wp-json\/wp\/v2\/pages\/4346\/revisions\/4875"}],"wp:attachment":[{"href":"https:\/\/www.tim-oesterreich.at\/steirischer-zentralraum\/wp-json\/wp\/v2\/media?parent=4346"}],"curies":[{"name":"wp","href":"https:\/\/api.w.org\/{rel}","templated":true}]}}