{"id":4208,"date":"2022-10-28T09:22:57","date_gmt":"2022-10-28T07:22:57","guid":{"rendered":"https:\/\/www.tim-oesterreich.at\/steirischer-zentralraum\/?page_id=4208"},"modified":"2024-02-05T16:44:48","modified_gmt":"2024-02-05T15:44:48","slug":"vorteile","status":"publish","type":"page","link":"https:\/\/www.tim-oesterreich.at\/steirischer-zentralraum\/vorteile\/","title":{"rendered":"Vorteile"},"content":{"rendered":"<h2>Vorteile<\/h2>\n<div>\n<h1 style=\"text-align: center\">Deine Vorteile als <strong>tim<\/strong>-Nutzer:in<\/h1>\n<p style=\"text-align: center\">Mit <strong>tim<\/strong> hast du als Kund:in einige Vorteile wie beispielsweise Rabatte oder andere Aktionen.<\/p>\n<\/div>\n<ul>\n<li>\n<h3>Neu: Rabatt f\u00fcr tim-User:innen bei IKEA<\/h3>\n<p><strong>1. Februar 2024<\/strong><\/p>\n<div>Neu ab 1. Februar 2024: Wer mit einem tim-Auto zum M\u00f6belhaus IKEA beim Center West in Graz f\u00e4hrt, erh\u00e4lt einen Rabatt von 5 Euro pro Einkauf.<\/div>\n<p><a href=\"https:\/\/www.tim-oesterreich.at\/steirischer-zentralraum\/ikea\/\">mehr lesen&#8230;<\/a><\/li>\n<li>\n<h3>Aktion f\u00fcr Besitzer:innen einer Jahreskarte oder eines KlimaTickets<\/h3>\n<p><strong>1. Januar 2023<\/strong><\/p>\n<div>Aktion: Neu- und Bestandskund:innen sparen bei tim mit \u00d6ffi-Karten<\/div>\n<p><a href=\"https:\/\/www.tim-oesterreich.at\/steirischer-zentralraum\/klimaticket\/\">mehr lesen&#8230;<\/a><\/li>\n<li>\n<h3>Deine Familie spart bei tim<\/h3>\n<p><strong>2. Juni 2022<\/strong><\/p>\n<div>Du wohnst mit einem tim-Mitglied im selben Haushalt und willst auch tim nutzen? Dann kannst du noch mehr sparen.<\/div>\n<p><a href=\"https:\/\/www.tim-oesterreich.at\/steirischer-zentralraum\/aktion-familientarif\/\">mehr lesen&#8230;<\/a><\/li>\n<\/ul>\n","protected":false},"excerpt":{"rendered":"<p>Vorteile Deine Vorteile als tim-Nutzer:in Mit tim hast du als Kund:in einige Vorteile wie beispielsweise Rabatte oder andere Aktionen. Neu: Rabatt f\u00fcr tim-User:innen bei IKEA 1. Februar 2024 Neu ab 1. Februar 2024: Wer mit einem tim-Auto zum M\u00f6belhaus IKEA beim Center West in Graz f\u00e4hrt, erh\u00e4lt einen Rabatt von 5 Euro pro Einkauf. mehr [&hellip;]<\/p>\n","protected":false},"author":9,"featured_media":0,"parent":0,"menu_order":20,"comment_status":"closed","ping_status":"closed","template":"","meta":{"footnotes":""},"class_list":["post-4208","page","type-page","status-publish","hentry"],"acf":[],"yoast_head":"<!-- This site is optimized with the Yoast SEO plugin v26.7 - https:\/\/yoast.com\/wordpress\/plugins\/seo\/ -->\n<title>Vorteile - TIM Steirischer Zentralraum<\/title>\n<meta name=\"description\" content=\"Bei tim hast du als Kund:in zahlreiche Vorteile wie beispielsweise Rabatte oder andere Aktionen.\" \/>\n<meta name=\"robots\" content=\"index, follow, max-snippet:-1, max-image-preview:large, max-video-preview:-1\" \/>\n<link rel=\"canonical\" href=\"https:\/\/www.tim-oesterreich.at\/steirischer-zentralraum\/vorteile\/\" \/>\n<meta property=\"og:locale\" content=\"de_DE\" \/>\n<meta property=\"og:type\" content=\"article\" \/>\n<meta property=\"og:title\" content=\"Vorteile - TIM Steirischer Zentralraum\" \/>\n<meta property=\"og:description\" content=\"Bei tim hast du als Kund:in zahlreiche Vorteile wie beispielsweise Rabatte oder andere Aktionen.\" \/>\n<meta property=\"og:url\" content=\"https:\/\/www.tim-oesterreich.at\/steirischer-zentralraum\/vorteile\/\" \/>\n<meta property=\"og:site_name\" content=\"TIM Steirischer Zentralraum\" \/>\n<meta property=\"article:modified_time\" content=\"2024-02-05T15:44:48+00:00\" \/>\n<meta name=\"twitter:card\" content=\"summary_large_image\" \/>\n<script type=\"application\/ld+json\" class=\"yoast-schema-graph\">{\"@context\":\"https:\/\/schema.org\",\"@graph\":[{\"@type\":\"WebPage\",\"@id\":\"https:\/\/www.tim-oesterreich.at\/steirischer-zentralraum\/vorteile\/\",\"url\":\"https:\/\/www.tim-oesterreich.at\/steirischer-zentralraum\/vorteile\/\",\"name\":\"Vorteile - TIM Steirischer Zentralraum\",\"isPartOf\":{\"@id\":\"https:\/\/www.tim-oesterreich.at\/steirischer-zentralraum\/#website\"},\"datePublished\":\"2022-10-28T07:22:57+00:00\",\"dateModified\":\"2024-02-05T15:44:48+00:00\",\"description\":\"Bei tim hast du als Kund:in zahlreiche Vorteile wie beispielsweise Rabatte oder andere Aktionen.\",\"breadcrumb\":{\"@id\":\"https:\/\/www.tim-oesterreich.at\/steirischer-zentralraum\/vorteile\/#breadcrumb\"},\"inLanguage\":\"de\",\"potentialAction\":[{\"@type\":\"ReadAction\",\"target\":[\"https:\/\/www.tim-oesterreich.at\/steirischer-zentralraum\/vorteile\/\"]}]},{\"@type\":\"BreadcrumbList\",\"@id\":\"https:\/\/www.tim-oesterreich.at\/steirischer-zentralraum\/vorteile\/#breadcrumb\",\"itemListElement\":[{\"@type\":\"ListItem\",\"position\":1,\"name\":\"Startseite\",\"item\":\"https:\/\/www.tim-oesterreich.at\/steirischer-zentralraum\/\"},{\"@type\":\"ListItem\",\"position\":2,\"name\":\"Vorteile\"}]},{\"@type\":\"WebSite\",\"@id\":\"https:\/\/www.tim-oesterreich.at\/steirischer-zentralraum\/#website\",\"url\":\"https:\/\/www.tim-oesterreich.at\/steirischer-zentralraum\/\",\"name\":\"TIM Steirischer Zentralraum\",\"description\":\"\",\"potentialAction\":[{\"@type\":\"SearchAction\",\"target\":{\"@type\":\"EntryPoint\",\"urlTemplate\":\"https:\/\/www.tim-oesterreich.at\/steirischer-zentralraum\/?s={search_term_string}\"},\"query-input\":{\"@type\":\"PropertyValueSpecification\",\"valueRequired\":true,\"valueName\":\"search_term_string\"}}],\"inLanguage\":\"de\"}]}<\/script>\n<!-- \/ Yoast SEO plugin. -->","yoast_head_json":{"title":"Vorteile - TIM Steirischer Zentralraum","description":"Bei tim hast du als Kund:in zahlreiche Vorteile wie beispielsweise Rabatte oder andere Aktionen.","robots":{"index":"index","follow":"follow","max-snippet":"max-snippet:-1","max-image-preview":"max-image-preview:large","max-video-preview":"max-video-preview:-1"},"canonical":"https:\/\/www.tim-oesterreich.at\/steirischer-zentralraum\/vorteile\/","og_locale":"de_DE","og_type":"article","og_title":"Vorteile - TIM Steirischer Zentralraum","og_description":"Bei tim hast du als Kund:in zahlreiche Vorteile wie beispielsweise Rabatte oder andere Aktionen.","og_url":"https:\/\/www.tim-oesterreich.at\/steirischer-zentralraum\/vorteile\/","og_site_name":"TIM Steirischer Zentralraum","article_modified_time":"2024-02-05T15:44:48+00:00","twitter_card":"summary_large_image","schema":{"@context":"https:\/\/schema.org","@graph":[{"@type":"WebPage","@id":"https:\/\/www.tim-oesterreich.at\/steirischer-zentralraum\/vorteile\/","url":"https:\/\/www.tim-oesterreich.at\/steirischer-zentralraum\/vorteile\/","name":"Vorteile - TIM Steirischer Zentralraum","isPartOf":{"@id":"https:\/\/www.tim-oesterreich.at\/steirischer-zentralraum\/#website"},"datePublished":"2022-10-28T07:22:57+00:00","dateModified":"2024-02-05T15:44:48+00:00","description":"Bei tim hast du als Kund:in zahlreiche Vorteile wie beispielsweise Rabatte oder andere Aktionen.","breadcrumb":{"@id":"https:\/\/www.tim-oesterreich.at\/steirischer-zentralraum\/vorteile\/#breadcrumb"},"inLanguage":"de","potentialAction":[{"@type":"ReadAction","target":["https:\/\/www.tim-oesterreich.at\/steirischer-zentralraum\/vorteile\/"]}]},{"@type":"BreadcrumbList","@id":"https:\/\/www.tim-oesterreich.at\/steirischer-zentralraum\/vorteile\/#breadcrumb","itemListElement":[{"@type":"ListItem","position":1,"name":"Startseite","item":"https:\/\/www.tim-oesterreich.at\/steirischer-zentralraum\/"},{"@type":"ListItem","position":2,"name":"Vorteile"}]},{"@type":"WebSite","@id":"https:\/\/www.tim-oesterreich.at\/steirischer-zentralraum\/#website","url":"https:\/\/www.tim-oesterreich.at\/steirischer-zentralraum\/","name":"TIM Steirischer Zentralraum","description":"","potentialAction":[{"@type":"SearchAction","target":{"@type":"EntryPoint","urlTemplate":"https:\/\/www.tim-oesterreich.at\/steirischer-zentralraum\/?s={search_term_string}"},"query-input":{"@type":"PropertyValueSpecification","valueRequired":true,"valueName":"search_term_string"}}],"inLanguage":"de"}]}},"lang":"de","translations":{"de":4208,"en":4427},"pll_sync_post":[],"_links":{"self":[{"href":"https:\/\/www.tim-oesterreich.at\/steirischer-zentralraum\/wp-json\/wp\/v2\/pages\/4208","targetHints":{"allow":["GET"]}}],"collection":[{"href":"https:\/\/www.tim-oesterreich.at\/steirischer-zentralraum\/wp-json\/wp\/v2\/pages"}],"about":[{"href":"https:\/\/www.tim-oesterreich.at\/steirischer-zentralraum\/wp-json\/wp\/v2\/types\/page"}],"author":[{"embeddable":true,"href":"https:\/\/www.tim-oesterreich.at\/steirischer-zentralraum\/wp-json\/wp\/v2\/users\/9"}],"replies":[{"embeddable":true,"href":"https:\/\/www.tim-oesterreich.at\/steirischer-zentralraum\/wp-json\/wp\/v2\/comments?post=4208"}],"version-history":[{"count":7,"href":"https:\/\/www.tim-oesterreich.at\/steirischer-zentralraum\/wp-json\/wp\/v2\/pages\/4208\/revisions"}],"predecessor-version":[{"id":4899,"href":"https:\/\/www.tim-oesterreich.at\/steirischer-zentralraum\/wp-json\/wp\/v2\/pages\/4208\/revisions\/4899"}],"wp:attachment":[{"href":"https:\/\/www.tim-oesterreich.at\/steirischer-zentralraum\/wp-json\/wp\/v2\/media?parent=4208"}],"curies":[{"name":"wp","href":"https:\/\/api.w.org\/{rel}","templated":true}]}}