{"id":4131,"date":"2022-10-28T12:58:11","date_gmt":"2022-10-28T10:58:11","guid":{"rendered":"https:\/\/www.tim-oesterreich.at\/steirischer-zentralraum\/?page_id=4131"},"modified":"2025-04-01T09:59:11","modified_gmt":"2025-04-01T07:59:11","slug":"price-list","status":"publish","type":"page","link":"https:\/\/www.tim-oesterreich.at\/steirischer-zentralraum\/en\/price-list\/","title":{"rendered":"Price list"},"content":{"rendered":"<h1>Price overview<\/h1>\n<div>\n<p style=\"text-align: center\"><span style=\"font-weight: 400\">Please find<\/span><b> tim<\/b><span style=\"font-weight: 400\">&#8217;s price list for Central Styria below. The price sheet can be downloaded <a href=\"https:\/\/www.tim-oesterreich.at\/steirischer-zentralraum\/en\/documents\/\">here<\/a>, if you want to.<br \/>\n<\/span><\/p>\n<\/div>\n<p><img width=\"1680\" height=\"1240\" src=\"https:\/\/www.tim-oesterreich.at\/steirischer-zentralraum\/wp-content\/uploads\/sites\/4\/2025\/02\/tim-zentralraum-price-sheet-04-2025-1680x1240.png\" class=\"attachment-large size-large\" alt=\"\" decoding=\"async\" loading=\"lazy\" \/><\/p>\n<div>\n<p><strong>Note on use:<\/strong> The <strong>general motorway toll is included<\/strong> for all <strong>tim<\/strong> vehicles. The <strong>tunnel toll<\/strong> for the Gleinalm and Boruck tunnels is also included for most vehicles. It is advisable to <strong>check the validity<\/strong> of the toll at <a href=\"https:\/\/evidenz.asfinag.at\/\">https:\/\/evidenz.asfinag.at\/<\/a> before driving through!<\/p>\n<p>Please also note that there are separate tariffs for car sharing cars in Graz. You can find more information <a href=\"https:\/\/www.tim-oesterreich.at\/graz\/en\/\">here<\/a>.<\/p>\n<\/div>\n","protected":false},"excerpt":{"rendered":"<p>Price overview Please find tim&#8217;s price list for Central Styria below. The price sheet can be downloaded here, if you want to. Note on use: The general motorway toll is included for all tim vehicles. The tunnel toll for the Gleinalm and Boruck tunnels is also included for most vehicles. It is advisable to check [&hellip;]<\/p>\n","protected":false},"author":18,"featured_media":0,"parent":0,"menu_order":40,"comment_status":"closed","ping_status":"closed","template":"","meta":{"footnotes":""},"class_list":["post-4131","page","type-page","status-publish","hentry"],"acf":[],"yoast_head":"<!-- This site is optimized with the Yoast SEO plugin v26.7 - https:\/\/yoast.com\/wordpress\/plugins\/seo\/ -->\n<title>Price list - TIM Steirischer Zentralraum<\/title>\n<meta name=\"description\" content=\"Du willst wissen, was dich tim kostet? Dann findest du hier eine \u00dcbersicht \u00fcber die Sharing-Tarife der verf\u00fcgbaren Fahrzeuge!\" \/>\n<meta name=\"robots\" content=\"index, follow, max-snippet:-1, max-image-preview:large, max-video-preview:-1\" \/>\n<link rel=\"canonical\" href=\"https:\/\/www.tim-oesterreich.at\/steirischer-zentralraum\/en\/price-list\/\" \/>\n<meta property=\"og:locale\" content=\"de_DE\" \/>\n<meta property=\"og:type\" content=\"article\" \/>\n<meta property=\"og:title\" content=\"Price list - TIM Steirischer Zentralraum\" \/>\n<meta property=\"og:description\" content=\"Du willst wissen, was dich tim kostet? Dann findest du hier eine \u00dcbersicht \u00fcber die Sharing-Tarife der verf\u00fcgbaren Fahrzeuge!\" \/>\n<meta property=\"og:url\" content=\"https:\/\/www.tim-oesterreich.at\/steirischer-zentralraum\/en\/price-list\/\" \/>\n<meta property=\"og:site_name\" content=\"TIM Steirischer Zentralraum\" \/>\n<meta property=\"article:modified_time\" content=\"2025-04-01T07:59:11+00:00\" \/>\n<meta property=\"og:image\" content=\"https:\/\/www.tim-oesterreich.at\/steirischer-zentralraum\/wp-content\/uploads\/sites\/4\/2025\/02\/tim-zentralraum-price-sheet-04-2025-1680x1240.png\" \/>\n<meta name=\"twitter:card\" content=\"summary_large_image\" \/>\n<script type=\"application\/ld+json\" class=\"yoast-schema-graph\">{\"@context\":\"https:\/\/schema.org\",\"@graph\":[{\"@type\":\"WebPage\",\"@id\":\"https:\/\/www.tim-oesterreich.at\/steirischer-zentralraum\/en\/price-list\/\",\"url\":\"https:\/\/www.tim-oesterreich.at\/steirischer-zentralraum\/en\/price-list\/\",\"name\":\"Price list - TIM Steirischer Zentralraum\",\"isPartOf\":{\"@id\":\"https:\/\/www.tim-oesterreich.at\/steirischer-zentralraum\/#website\"},\"primaryImageOfPage\":{\"@id\":\"https:\/\/www.tim-oesterreich.at\/steirischer-zentralraum\/en\/price-list\/#primaryimage\"},\"image\":{\"@id\":\"https:\/\/www.tim-oesterreich.at\/steirischer-zentralraum\/en\/price-list\/#primaryimage\"},\"thumbnailUrl\":\"https:\/\/www.tim-oesterreich.at\/steirischer-zentralraum\/wp-content\/uploads\/sites\/4\/2025\/02\/tim-zentralraum-price-sheet-04-2025-1680x1240.png\",\"datePublished\":\"2022-10-28T10:58:11+00:00\",\"dateModified\":\"2025-04-01T07:59:11+00:00\",\"description\":\"Du willst wissen, was dich tim kostet? Dann findest du hier eine \u00dcbersicht \u00fcber die Sharing-Tarife der verf\u00fcgbaren Fahrzeuge!\",\"breadcrumb\":{\"@id\":\"https:\/\/www.tim-oesterreich.at\/steirischer-zentralraum\/en\/price-list\/#breadcrumb\"},\"inLanguage\":\"de\",\"potentialAction\":[{\"@type\":\"ReadAction\",\"target\":[\"https:\/\/www.tim-oesterreich.at\/steirischer-zentralraum\/en\/price-list\/\"]}]},{\"@type\":\"ImageObject\",\"inLanguage\":\"de\",\"@id\":\"https:\/\/www.tim-oesterreich.at\/steirischer-zentralraum\/en\/price-list\/#primaryimage\",\"url\":\"https:\/\/www.tim-oesterreich.at\/steirischer-zentralraum\/wp-content\/uploads\/sites\/4\/2025\/02\/tim-zentralraum-price-sheet-04-2025.png\",\"contentUrl\":\"https:\/\/www.tim-oesterreich.at\/steirischer-zentralraum\/wp-content\/uploads\/sites\/4\/2025\/02\/tim-zentralraum-price-sheet-04-2025.png\",\"width\":1753,\"height\":1240},{\"@type\":\"BreadcrumbList\",\"@id\":\"https:\/\/www.tim-oesterreich.at\/steirischer-zentralraum\/en\/price-list\/#breadcrumb\",\"itemListElement\":[{\"@type\":\"ListItem\",\"position\":1,\"name\":\"Startseite\",\"item\":\"https:\/\/www.tim-oesterreich.at\/steirischer-zentralraum\/\"},{\"@type\":\"ListItem\",\"position\":2,\"name\":\"Price list\"}]},{\"@type\":\"WebSite\",\"@id\":\"https:\/\/www.tim-oesterreich.at\/steirischer-zentralraum\/#website\",\"url\":\"https:\/\/www.tim-oesterreich.at\/steirischer-zentralraum\/\",\"name\":\"TIM Steirischer Zentralraum\",\"description\":\"\",\"potentialAction\":[{\"@type\":\"SearchAction\",\"target\":{\"@type\":\"EntryPoint\",\"urlTemplate\":\"https:\/\/www.tim-oesterreich.at\/steirischer-zentralraum\/?s={search_term_string}\"},\"query-input\":{\"@type\":\"PropertyValueSpecification\",\"valueRequired\":true,\"valueName\":\"search_term_string\"}}],\"inLanguage\":\"de\"}]}<\/script>\n<!-- \/ Yoast SEO plugin. -->","yoast_head_json":{"title":"Price list - TIM Steirischer Zentralraum","description":"Du willst wissen, was dich tim kostet? Dann findest du hier eine \u00dcbersicht \u00fcber die Sharing-Tarife der verf\u00fcgbaren Fahrzeuge!","robots":{"index":"index","follow":"follow","max-snippet":"max-snippet:-1","max-image-preview":"max-image-preview:large","max-video-preview":"max-video-preview:-1"},"canonical":"https:\/\/www.tim-oesterreich.at\/steirischer-zentralraum\/en\/price-list\/","og_locale":"de_DE","og_type":"article","og_title":"Price list - TIM Steirischer Zentralraum","og_description":"Du willst wissen, was dich tim kostet? Dann findest du hier eine \u00dcbersicht \u00fcber die Sharing-Tarife der verf\u00fcgbaren Fahrzeuge!","og_url":"https:\/\/www.tim-oesterreich.at\/steirischer-zentralraum\/en\/price-list\/","og_site_name":"TIM Steirischer Zentralraum","article_modified_time":"2025-04-01T07:59:11+00:00","og_image":[{"url":"https:\/\/www.tim-oesterreich.at\/steirischer-zentralraum\/wp-content\/uploads\/sites\/4\/2025\/02\/tim-zentralraum-price-sheet-04-2025-1680x1240.png","type":"","width":"","height":""}],"twitter_card":"summary_large_image","schema":{"@context":"https:\/\/schema.org","@graph":[{"@type":"WebPage","@id":"https:\/\/www.tim-oesterreich.at\/steirischer-zentralraum\/en\/price-list\/","url":"https:\/\/www.tim-oesterreich.at\/steirischer-zentralraum\/en\/price-list\/","name":"Price list - TIM Steirischer Zentralraum","isPartOf":{"@id":"https:\/\/www.tim-oesterreich.at\/steirischer-zentralraum\/#website"},"primaryImageOfPage":{"@id":"https:\/\/www.tim-oesterreich.at\/steirischer-zentralraum\/en\/price-list\/#primaryimage"},"image":{"@id":"https:\/\/www.tim-oesterreich.at\/steirischer-zentralraum\/en\/price-list\/#primaryimage"},"thumbnailUrl":"https:\/\/www.tim-oesterreich.at\/steirischer-zentralraum\/wp-content\/uploads\/sites\/4\/2025\/02\/tim-zentralraum-price-sheet-04-2025-1680x1240.png","datePublished":"2022-10-28T10:58:11+00:00","dateModified":"2025-04-01T07:59:11+00:00","description":"Du willst wissen, was dich tim kostet? Dann findest du hier eine \u00dcbersicht \u00fcber die Sharing-Tarife der verf\u00fcgbaren Fahrzeuge!","breadcrumb":{"@id":"https:\/\/www.tim-oesterreich.at\/steirischer-zentralraum\/en\/price-list\/#breadcrumb"},"inLanguage":"de","potentialAction":[{"@type":"ReadAction","target":["https:\/\/www.tim-oesterreich.at\/steirischer-zentralraum\/en\/price-list\/"]}]},{"@type":"ImageObject","inLanguage":"de","@id":"https:\/\/www.tim-oesterreich.at\/steirischer-zentralraum\/en\/price-list\/#primaryimage","url":"https:\/\/www.tim-oesterreich.at\/steirischer-zentralraum\/wp-content\/uploads\/sites\/4\/2025\/02\/tim-zentralraum-price-sheet-04-2025.png","contentUrl":"https:\/\/www.tim-oesterreich.at\/steirischer-zentralraum\/wp-content\/uploads\/sites\/4\/2025\/02\/tim-zentralraum-price-sheet-04-2025.png","width":1753,"height":1240},{"@type":"BreadcrumbList","@id":"https:\/\/www.tim-oesterreich.at\/steirischer-zentralraum\/en\/price-list\/#breadcrumb","itemListElement":[{"@type":"ListItem","position":1,"name":"Startseite","item":"https:\/\/www.tim-oesterreich.at\/steirischer-zentralraum\/"},{"@type":"ListItem","position":2,"name":"Price list"}]},{"@type":"WebSite","@id":"https:\/\/www.tim-oesterreich.at\/steirischer-zentralraum\/#website","url":"https:\/\/www.tim-oesterreich.at\/steirischer-zentralraum\/","name":"TIM Steirischer Zentralraum","description":"","potentialAction":[{"@type":"SearchAction","target":{"@type":"EntryPoint","urlTemplate":"https:\/\/www.tim-oesterreich.at\/steirischer-zentralraum\/?s={search_term_string}"},"query-input":{"@type":"PropertyValueSpecification","valueRequired":true,"valueName":"search_term_string"}}],"inLanguage":"de"}]}},"lang":"en","translations":{"en":4131,"de":3338},"pll_sync_post":[],"_links":{"self":[{"href":"https:\/\/www.tim-oesterreich.at\/steirischer-zentralraum\/wp-json\/wp\/v2\/pages\/4131","targetHints":{"allow":["GET"]}}],"collection":[{"href":"https:\/\/www.tim-oesterreich.at\/steirischer-zentralraum\/wp-json\/wp\/v2\/pages"}],"about":[{"href":"https:\/\/www.tim-oesterreich.at\/steirischer-zentralraum\/wp-json\/wp\/v2\/types\/page"}],"author":[{"embeddable":true,"href":"https:\/\/www.tim-oesterreich.at\/steirischer-zentralraum\/wp-json\/wp\/v2\/users\/18"}],"replies":[{"embeddable":true,"href":"https:\/\/www.tim-oesterreich.at\/steirischer-zentralraum\/wp-json\/wp\/v2\/comments?post=4131"}],"version-history":[{"count":7,"href":"https:\/\/www.tim-oesterreich.at\/steirischer-zentralraum\/wp-json\/wp\/v2\/pages\/4131\/revisions"}],"predecessor-version":[{"id":5096,"href":"https:\/\/www.tim-oesterreich.at\/steirischer-zentralraum\/wp-json\/wp\/v2\/pages\/4131\/revisions\/5096"}],"wp:attachment":[{"href":"https:\/\/www.tim-oesterreich.at\/steirischer-zentralraum\/wp-json\/wp\/v2\/media?parent=4131"}],"curies":[{"name":"wp","href":"https:\/\/api.w.org\/{rel}","templated":true}]}}