{"id":4127,"date":"2022-10-28T14:11:43","date_gmt":"2022-10-28T12:11:43","guid":{"rendered":"https:\/\/www.tim-oesterreich.at\/steirischer-zentralraum\/?page_id=4127"},"modified":"2022-10-28T14:11:43","modified_gmt":"2022-10-28T12:11:43","slug":"news","status":"publish","type":"page","link":"https:\/\/www.tim-oesterreich.at\/steirischer-zentralraum\/en\/news\/","title":{"rendered":"News"},"content":{"rendered":"<h2>News<\/h2>\n<ul>\n<li>\n<h3>tim setzt auf Lastenr\u00e4der<\/h3>\n<p><strong>21. Oktober 2022<\/strong><\/p>\n<div>Der Steirische Zentralraum entwickelt das multimodale Angebot rund um tim gemeinsam weiter und setzt auf e-Lastenr\u00e4der.<\/div>\n<p><a href=\"https:\/\/www.tim-oesterreich.at\/steirischer-zentralraum\/tim-setzt-auf-lastenraeder\/\">mehr lesen&#8230;<\/a><\/li>\n<li>\n<h3>Europ\u00e4ische Mobilit\u00e4tswoche 2022: Mix and Move! klimafreundlich mobil<\/h3>\n<p><strong>16. September 2022<\/strong><a href=\"https:\/\/www.tim-oesterreich.at\/steirischer-zentralraum\/?p=3785\">mehr lesen&#8230;<\/a><\/li>\n<li>\n<h3>Mobilit\u00e4t mal anders<\/h3>\n<p><strong>7. September 2022<\/strong><\/p>\n<div>Im Herbst startet die Region Steirischer Zentralraum in Kooperation mit dem Verkehrsverbund Steiermark ein regionales Mobilit\u00e4tsexperiment, wo tim Testweise genutzt werden kann.<\/div>\n<p><a href=\"https:\/\/www.tim-oesterreich.at\/steirischer-zentralraum\/mobilitaet-mal-anders\/\">mehr lesen&#8230;<\/a><\/li>\n<li>\n<h3>Feldkirchen bei Graz er\u00f6ffnet zwei tim-Standorte<\/h3>\n<p><strong>12. Juli 2022<\/strong><\/p>\n<div>tim w\u00e4chst weiter und er\u00f6ffnet gleich zwei neue Standorte in Feldkirchen bei Graz.<\/div>\n<p><a href=\"https:\/\/www.tim-oesterreich.at\/steirischer-zentralraum\/feldkirchen-bei-graz-tim-standorte\/\">mehr lesen&#8230;<\/a><\/li>\n<li>\n<h3>Deine Familie spart bei tim<\/h3>\n<p><strong>2. Juni 2022<\/strong><\/p>\n<div>Du wohnst mit einem tim-Mitglied im selben Haushalt und willst auch tim nutzen? Dann kannst du noch mehr sparen.<\/div>\n<p><a href=\"https:\/\/www.tim-oesterreich.at\/steirischer-zentralraum\/aktion-familientarif\/\">mehr lesen&#8230;<\/a><\/li>\n<li>\n<h3>tim-Aktion f\u00fcr Neukund:innen in der Lipizzanerheimat!<\/h3>\n<p><strong>7. April 2022<\/strong><a href=\"https:\/\/www.tim-oesterreich.at\/steirischer-zentralraum\/?p=3310\">mehr lesen&#8230;<\/a><\/li>\n<li>\n<h3>Online-Registrierung freigeschaltet<\/h3>\n<p><strong>1. M\u00e4rz 2022<\/strong><\/p>\n<div>Bei tim-Zentralraum ist es nun neben der Registrierung in deiner Gemeinde auch m\u00f6glich, sich online bequem anzumelden.<\/div>\n<p><a href=\"https:\/\/www.tim-oesterreich.at\/steirischer-zentralraum\/online-registrierung-freigeschaltet\/\">mehr lesen&#8230;<\/a><\/li>\n<li>\n<h3>Aktion f\u00fcr Besitzer:innen einer Jahreskarte oder eines KlimaTickets<\/h3>\n<p><strong>21. Januar 2022<\/strong><\/p>\n<div>Aktion: Neukund:innen sparen bei tim mit \u00d6ffi-Karten<\/div>\n<p><a href=\"https:\/\/www.tim-oesterreich.at\/steirischer-zentralraum\/klimaticket\/\">mehr lesen&#8230;<\/a><\/li>\n<li>\n<h3>Europ\u00e4ische Mobilit\u00e4tswoche 2021 &#8211; Aktion: &#8222;Beweg Dich und bleib gesund&#8220;<\/h3>\n<p><strong>16. September 2021<\/strong><a href=\"https:\/\/www.tim-oesterreich.at\/steirischer-zentralraum\/?p=3083\">mehr lesen&#8230;<\/a><\/li>\n<li>\n<h3>Fr\u00fchjahr 2021: tim Aktion im Steirischen Zentralraum<\/h3>\n<p><strong>25. Februar 2021<\/strong><\/p>\n<div>Bei einer Neuanmeldung zwischen 15. und 31. M\u00e4rz entf\u00e4llt die erste tim &#8211; Jahresgeb\u00fchr im Wert von \u20ac 50! Einfach perfekt um das e-Carsharing Angebot mit insgesamt 13 Fahrzeugen an 9 Standorten der Region und vielen weiteren in der Stadt Graz kennenzulernen. tim ist immer in deiner N\u00e4he!<\/div>\n<p><a href=\"https:\/\/www.tim-oesterreich.at\/steirischer-zentralraum\/?p=3004\">mehr lesen&#8230;<\/a><\/li>\n<li>\n<h3>tim ersetzt zwei private Familienautos in Hart bei Graz<\/h3>\n<p><strong>18. November 2020<\/strong><\/p>\n<div>Wie zwei Familien in der Gemeinde Hart bei Graz auf das private Auto verzichten und voll auf e-Carsharing setzen.<\/div>\n<p><a href=\"https:\/\/www.tim-oesterreich.at\/steirischer-zentralraum\/europaeische-mobilitaetswoche-2020-tim-aktion-in-den-bezirken-graz-umgebung-und-voitsberg-2-2\/\">mehr lesen&#8230;<\/a><\/li>\n<li>\n<h3>Marktgemeinde Premst\u00e4tten: tim ist da!<\/h3>\n<p><strong>30. Oktober 2020<\/strong><\/p>\n<div>Mit der Er\u00f6ffnung des Standorts beim neuen Rathaus ist nun auch die Marktgemeinde Premst\u00e4tten Teil des Mobilit\u00e4tssystems tim.<\/div>\n<p><a href=\"https:\/\/www.tim-oesterreich.at\/steirischer-zentralraum\/europaeische-mobilitaetswoche-2020-tim-aktion-in-den-bezirken-graz-umgebung-und-voitsberg-2\/\">mehr lesen&#8230;<\/a><\/li>\n<\/ul>\n","protected":false},"excerpt":{"rendered":"<p>News tim setzt auf Lastenr\u00e4der 21. Oktober 2022 Der Steirische Zentralraum entwickelt das multimodale Angebot rund um tim gemeinsam weiter und setzt auf e-Lastenr\u00e4der. mehr lesen&#8230; Europ\u00e4ische Mobilit\u00e4tswoche 2022: Mix and Move! klimafreundlich mobil 16. September 2022mehr lesen&#8230; Mobilit\u00e4t mal anders 7. September 2022 Im Herbst startet die Region Steirischer Zentralraum in Kooperation mit dem [&hellip;]<\/p>\n","protected":false},"author":18,"featured_media":0,"parent":0,"menu_order":35,"comment_status":"closed","ping_status":"closed","template":"","meta":{"footnotes":""},"class_list":["post-4127","page","type-page","status-publish","hentry"],"acf":[],"yoast_head":"<!-- This site is optimized with the Yoast SEO plugin v26.7 - https:\/\/yoast.com\/wordpress\/plugins\/seo\/ -->\n<title>News - TIM Steirischer Zentralraum<\/title>\n<meta name=\"robots\" content=\"index, follow, max-snippet:-1, max-image-preview:large, max-video-preview:-1\" \/>\n<link rel=\"canonical\" href=\"https:\/\/www.tim-oesterreich.at\/steirischer-zentralraum\/en\/news\/\" \/>\n<meta property=\"og:locale\" content=\"de_DE\" \/>\n<meta property=\"og:type\" content=\"article\" \/>\n<meta property=\"og:title\" content=\"News - TIM Steirischer Zentralraum\" \/>\n<meta property=\"og:description\" content=\"News tim setzt auf Lastenr\u00e4der 21. Oktober 2022 Der Steirische Zentralraum entwickelt das multimodale Angebot rund um tim gemeinsam weiter und setzt auf e-Lastenr\u00e4der. mehr lesen&#8230; Europ\u00e4ische Mobilit\u00e4tswoche 2022: Mix and Move! klimafreundlich mobil 16. September 2022mehr lesen&#8230; Mobilit\u00e4t mal anders 7. September 2022 Im Herbst startet die Region Steirischer Zentralraum in Kooperation mit dem [&hellip;]\" \/>\n<meta property=\"og:url\" content=\"https:\/\/www.tim-oesterreich.at\/steirischer-zentralraum\/en\/news\/\" \/>\n<meta property=\"og:site_name\" content=\"TIM Steirischer Zentralraum\" \/>\n<meta name=\"twitter:card\" content=\"summary_large_image\" \/>\n<script type=\"application\/ld+json\" class=\"yoast-schema-graph\">{\"@context\":\"https:\/\/schema.org\",\"@graph\":[{\"@type\":\"WebPage\",\"@id\":\"https:\/\/www.tim-oesterreich.at\/steirischer-zentralraum\/en\/news\/\",\"url\":\"https:\/\/www.tim-oesterreich.at\/steirischer-zentralraum\/en\/news\/\",\"name\":\"News - TIM Steirischer Zentralraum\",\"isPartOf\":{\"@id\":\"https:\/\/www.tim-oesterreich.at\/steirischer-zentralraum\/#website\"},\"datePublished\":\"2022-10-28T12:11:43+00:00\",\"breadcrumb\":{\"@id\":\"https:\/\/www.tim-oesterreich.at\/steirischer-zentralraum\/en\/news\/#breadcrumb\"},\"inLanguage\":\"de\",\"potentialAction\":[{\"@type\":\"ReadAction\",\"target\":[\"https:\/\/www.tim-oesterreich.at\/steirischer-zentralraum\/en\/news\/\"]}]},{\"@type\":\"BreadcrumbList\",\"@id\":\"https:\/\/www.tim-oesterreich.at\/steirischer-zentralraum\/en\/news\/#breadcrumb\",\"itemListElement\":[{\"@type\":\"ListItem\",\"position\":1,\"name\":\"Startseite\",\"item\":\"https:\/\/www.tim-oesterreich.at\/steirischer-zentralraum\/\"},{\"@type\":\"ListItem\",\"position\":2,\"name\":\"News\"}]},{\"@type\":\"WebSite\",\"@id\":\"https:\/\/www.tim-oesterreich.at\/steirischer-zentralraum\/#website\",\"url\":\"https:\/\/www.tim-oesterreich.at\/steirischer-zentralraum\/\",\"name\":\"TIM Steirischer Zentralraum\",\"description\":\"\",\"potentialAction\":[{\"@type\":\"SearchAction\",\"target\":{\"@type\":\"EntryPoint\",\"urlTemplate\":\"https:\/\/www.tim-oesterreich.at\/steirischer-zentralraum\/?s={search_term_string}\"},\"query-input\":{\"@type\":\"PropertyValueSpecification\",\"valueRequired\":true,\"valueName\":\"search_term_string\"}}],\"inLanguage\":\"de\"}]}<\/script>\n<!-- \/ Yoast SEO plugin. -->","yoast_head_json":{"title":"News - TIM Steirischer Zentralraum","robots":{"index":"index","follow":"follow","max-snippet":"max-snippet:-1","max-image-preview":"max-image-preview:large","max-video-preview":"max-video-preview:-1"},"canonical":"https:\/\/www.tim-oesterreich.at\/steirischer-zentralraum\/en\/news\/","og_locale":"de_DE","og_type":"article","og_title":"News - TIM Steirischer Zentralraum","og_description":"News tim setzt auf Lastenr\u00e4der 21. Oktober 2022 Der Steirische Zentralraum entwickelt das multimodale Angebot rund um tim gemeinsam weiter und setzt auf e-Lastenr\u00e4der. mehr lesen&#8230; Europ\u00e4ische Mobilit\u00e4tswoche 2022: Mix and Move! klimafreundlich mobil 16. September 2022mehr lesen&#8230; Mobilit\u00e4t mal anders 7. September 2022 Im Herbst startet die Region Steirischer Zentralraum in Kooperation mit dem [&hellip;]","og_url":"https:\/\/www.tim-oesterreich.at\/steirischer-zentralraum\/en\/news\/","og_site_name":"TIM Steirischer Zentralraum","twitter_card":"summary_large_image","schema":{"@context":"https:\/\/schema.org","@graph":[{"@type":"WebPage","@id":"https:\/\/www.tim-oesterreich.at\/steirischer-zentralraum\/en\/news\/","url":"https:\/\/www.tim-oesterreich.at\/steirischer-zentralraum\/en\/news\/","name":"News - TIM Steirischer Zentralraum","isPartOf":{"@id":"https:\/\/www.tim-oesterreich.at\/steirischer-zentralraum\/#website"},"datePublished":"2022-10-28T12:11:43+00:00","breadcrumb":{"@id":"https:\/\/www.tim-oesterreich.at\/steirischer-zentralraum\/en\/news\/#breadcrumb"},"inLanguage":"de","potentialAction":[{"@type":"ReadAction","target":["https:\/\/www.tim-oesterreich.at\/steirischer-zentralraum\/en\/news\/"]}]},{"@type":"BreadcrumbList","@id":"https:\/\/www.tim-oesterreich.at\/steirischer-zentralraum\/en\/news\/#breadcrumb","itemListElement":[{"@type":"ListItem","position":1,"name":"Startseite","item":"https:\/\/www.tim-oesterreich.at\/steirischer-zentralraum\/"},{"@type":"ListItem","position":2,"name":"News"}]},{"@type":"WebSite","@id":"https:\/\/www.tim-oesterreich.at\/steirischer-zentralraum\/#website","url":"https:\/\/www.tim-oesterreich.at\/steirischer-zentralraum\/","name":"TIM Steirischer Zentralraum","description":"","potentialAction":[{"@type":"SearchAction","target":{"@type":"EntryPoint","urlTemplate":"https:\/\/www.tim-oesterreich.at\/steirischer-zentralraum\/?s={search_term_string}"},"query-input":{"@type":"PropertyValueSpecification","valueRequired":true,"valueName":"search_term_string"}}],"inLanguage":"de"}]}},"lang":"en","translations":{"en":4127,"de":1600},"pll_sync_post":[],"_links":{"self":[{"href":"https:\/\/www.tim-oesterreich.at\/steirischer-zentralraum\/wp-json\/wp\/v2\/pages\/4127","targetHints":{"allow":["GET"]}}],"collection":[{"href":"https:\/\/www.tim-oesterreich.at\/steirischer-zentralraum\/wp-json\/wp\/v2\/pages"}],"about":[{"href":"https:\/\/www.tim-oesterreich.at\/steirischer-zentralraum\/wp-json\/wp\/v2\/types\/page"}],"author":[{"embeddable":true,"href":"https:\/\/www.tim-oesterreich.at\/steirischer-zentralraum\/wp-json\/wp\/v2\/users\/18"}],"replies":[{"embeddable":true,"href":"https:\/\/www.tim-oesterreich.at\/steirischer-zentralraum\/wp-json\/wp\/v2\/comments?post=4127"}],"version-history":[{"count":2,"href":"https:\/\/www.tim-oesterreich.at\/steirischer-zentralraum\/wp-json\/wp\/v2\/pages\/4127\/revisions"}],"predecessor-version":[{"id":4273,"href":"https:\/\/www.tim-oesterreich.at\/steirischer-zentralraum\/wp-json\/wp\/v2\/pages\/4127\/revisions\/4273"}],"wp:attachment":[{"href":"https:\/\/www.tim-oesterreich.at\/steirischer-zentralraum\/wp-json\/wp\/v2\/media?parent=4127"}],"curies":[{"name":"wp","href":"https:\/\/api.w.org\/{rel}","templated":true}]}}