{"id":4093,"date":"2022-10-28T11:53:59","date_gmt":"2022-10-28T09:53:59","guid":{"rendered":"https:\/\/www.tim-oesterreich.at\/steirischer-zentralraum\/?page_id=4093"},"modified":"2023-05-12T10:00:34","modified_gmt":"2023-05-12T08:00:34","slug":"tim-cargo-bike","status":"publish","type":"page","link":"https:\/\/www.tim-oesterreich.at\/steirischer-zentralraum\/en\/tim-cargo-bike\/","title":{"rendered":"tim cargo bike"},"content":{"rendered":"<p><>e-cargo bike sharing<\/><\/p>\n<div>\n<p><span id=\"xl-qi-tp-output-text\" class=\"xl-qi-tp__output-text\">Whether it&#8217;s a short shopping trip, shopping in a furniture store or a weekend trip with friends or children &#8211; <\/span><strong><span id=\"xl-qi-tp-output-text\" class=\"xl-qi-tp__output-text\">with tim you are flexible in every situation<\/span><\/strong><\/p>\n<\/div>\n<ul>\n<li>\n<h3><strong>e-cargo bike <\/strong>Sharing<\/h3>\n<div>\n<ul>\n<li><span id=\"xl-qi-tp-output-text\" class=\"xl-qi-tp__output-text\">ideal for shopping or a weekend trip<\/span><\/li>\n<li><span id=\"xl-qi-tp-output-text\" class=\"xl-qi-tp__output-text\">the first 3 hours free<\/span><\/li>\n<li><span id=\"xl-qi-tp-output-text\" class=\"xl-qi-tp__output-text\">then 1\u20ac\/hour<br \/>\n<\/span><\/li>\n<li><strong><strong>Christiania Bikes E-Light or Bakfiets CargoTrike Cruiser Narrow Steps<\/strong><\/strong><\/li>\n<\/ul>\n<\/div>\n<\/li>\n<\/ul>\n<h3>Christiania Bikes E-Light <\/h3>\n<div>\n<p><strong>Range:<\/strong> 25-30 km<sup>1<\/sup><br \/>\n<strong>Load capacity:<\/strong> 100 kg + driver<br \/>\n<strong>Seats:<\/strong> Driver&#8217;s seat + bench seat with seat belt for up to two children<br \/>\n<strong>Locations:<\/strong> B\u00e4rnbach, Feldkirchen bei Graz, Hart bei Graz, Lassnitzh\u00f6he, Lieboch, Nestelbach bei Graz, Premst\u00e4tten, S\u00f6ding-St. Johann, Stattegg<br \/>\n<strong>Other specifications:<\/strong> Rear engine, derailleur with disc brakes, lighting system.<\/p>\n<\/div>\n<p><a href=\"http:\/\/app.tim-zentralraum.at\/login\">Book it<\/a> <a href=\"https:\/\/www.tim-oesterreich.at\/steirischer-zentralraum\/wp-content\/uploads\/sites\/4\/2023\/04\/tim-zentralraum-cargobike-rates-11-2022v2.pdf\">Cargo bikes pricing<\/a> <a href=\"https:\/\/www.tim-oesterreich.at\/steirischer-zentralraum\/en\/handbuch-christiania-light\/\">Handbook<\/a> <\/p>\n<dl>\n<dt>from the 4th hour<\/dt>\n<dd><span class=\"en-price__unit\">\u20ac<\/span>1<\/dd>\n<\/dl>\n<h3>Bakfiets CargoTrike Cruiser Narrow Steps<\/h3>\n<div>\n<p><strong>Range:<\/strong> 30-50 km<sup>1<\/sup><br \/>\n<strong>Load capacity:<\/strong> 100 kg + driver<br \/>\n<strong>Seats:<\/strong> Driver&#8217;s seat + two bench seats with seat belts for up to four children<br \/>\n<strong>Locations:<\/strong> B\u00e4rnbach, Feldkirchen bei Graz, Hart bei Graz, Lassnitzh\u00f6he, Lieboch, Nestelbach bei Graz, Premst\u00e4tten, S\u00f6ding-St. Johann, Stattegg<br \/>\n<strong>Other specifications:<\/strong> Mid-engine, derailleur with disc brakes, lighting system.<\/p>\n<\/div>\n<p><a href=\"http:\/\/app.tim-zentralraum.at\/login\">Book it<\/a> <a href=\"https:\/\/www.tim-oesterreich.at\/steirischer-zentralraum\/wp-content\/uploads\/sites\/4\/2023\/04\/tim-zentralraum-cargobike-rates-11-2022v2.pdf\">Cargo bikes pricing<\/a> <a href=\"https:\/\/www.tim-oesterreich.at\/steirischer-zentralraum\/wp-content\/uploads\/sites\/4\/2022\/11\/tim-cargobike_gratwein_handbook.pdf\">Handbook<\/a> <\/p>\n<dl>\n<dt>from the 4th hour<\/dt>\n<dd><span class=\"en-price__unit\">\u20ac<\/span>1<\/dd>\n<\/dl>\n<div>\n<div style=\"text-align: center;padding-bottom: 3em\">\n<p style=\"font-size: 0.75em\"><sup>1<\/sup> Depending on the support needed<\/p>\n<p>Would you like to know more about the tim offerings in Graz? Then inform yourself at <a href=\"\/graz\/autos\/en\">tim Graz!<\/a><\/p>\n<\/div>\n<\/div>\n","protected":false},"excerpt":{"rendered":"<p>e-cargo bike sharing Whether it&#8217;s a short shopping trip, shopping in a furniture store or a weekend trip with friends or children &#8211; with tim you are flexible in every situation e-cargo bike Sharing ideal for shopping or a weekend trip the first 3 hours free then 1\u20ac\/hour Christiania Bikes E-Light or Bakfiets CargoTrike Cruiser [&hellip;]<\/p>\n","protected":false},"author":18,"featured_media":0,"parent":0,"menu_order":2,"comment_status":"closed","ping_status":"closed","template":"","meta":{"footnotes":""},"class_list":["post-4093","page","type-page","status-publish","hentry"],"acf":[],"yoast_head":"<!-- This site is optimized with the Yoast SEO plugin v26.7 - https:\/\/yoast.com\/wordpress\/plugins\/seo\/ -->\n<title>tim cargo bike - TIM Steirischer Zentralraum<\/title>\n<meta name=\"robots\" content=\"index, follow, max-snippet:-1, max-image-preview:large, max-video-preview:-1\" \/>\n<link rel=\"canonical\" href=\"https:\/\/www.tim-oesterreich.at\/steirischer-zentralraum\/en\/tim-cargo-bike\/\" \/>\n<meta property=\"og:locale\" content=\"de_DE\" \/>\n<meta property=\"og:type\" content=\"article\" \/>\n<meta property=\"og:title\" content=\"tim cargo bike - TIM Steirischer Zentralraum\" \/>\n<meta property=\"og:description\" content=\"e-cargo bike sharing Whether it&#8217;s a short shopping trip, shopping in a furniture store or a weekend trip with friends or children &#8211; with tim you are flexible in every situation e-cargo bike Sharing ideal for shopping or a weekend trip the first 3 hours free then 1\u20ac\/hour Christiania Bikes E-Light or Bakfiets CargoTrike Cruiser [&hellip;]\" \/>\n<meta property=\"og:url\" content=\"https:\/\/www.tim-oesterreich.at\/steirischer-zentralraum\/en\/tim-cargo-bike\/\" \/>\n<meta property=\"og:site_name\" content=\"TIM Steirischer Zentralraum\" \/>\n<meta property=\"article:modified_time\" content=\"2023-05-12T08:00:34+00:00\" \/>\n<meta name=\"twitter:card\" content=\"summary_large_image\" \/>\n<script type=\"application\/ld+json\" class=\"yoast-schema-graph\">{\"@context\":\"https:\/\/schema.org\",\"@graph\":[{\"@type\":\"WebPage\",\"@id\":\"https:\/\/www.tim-oesterreich.at\/steirischer-zentralraum\/en\/tim-cargo-bike\/\",\"url\":\"https:\/\/www.tim-oesterreich.at\/steirischer-zentralraum\/en\/tim-cargo-bike\/\",\"name\":\"tim cargo bike - TIM Steirischer Zentralraum\",\"isPartOf\":{\"@id\":\"https:\/\/www.tim-oesterreich.at\/steirischer-zentralraum\/#website\"},\"datePublished\":\"2022-10-28T09:53:59+00:00\",\"dateModified\":\"2023-05-12T08:00:34+00:00\",\"breadcrumb\":{\"@id\":\"https:\/\/www.tim-oesterreich.at\/steirischer-zentralraum\/en\/tim-cargo-bike\/#breadcrumb\"},\"inLanguage\":\"de\",\"potentialAction\":[{\"@type\":\"ReadAction\",\"target\":[\"https:\/\/www.tim-oesterreich.at\/steirischer-zentralraum\/en\/tim-cargo-bike\/\"]}]},{\"@type\":\"BreadcrumbList\",\"@id\":\"https:\/\/www.tim-oesterreich.at\/steirischer-zentralraum\/en\/tim-cargo-bike\/#breadcrumb\",\"itemListElement\":[{\"@type\":\"ListItem\",\"position\":1,\"name\":\"Startseite\",\"item\":\"https:\/\/www.tim-oesterreich.at\/steirischer-zentralraum\/\"},{\"@type\":\"ListItem\",\"position\":2,\"name\":\"tim cargo bike\"}]},{\"@type\":\"WebSite\",\"@id\":\"https:\/\/www.tim-oesterreich.at\/steirischer-zentralraum\/#website\",\"url\":\"https:\/\/www.tim-oesterreich.at\/steirischer-zentralraum\/\",\"name\":\"TIM Steirischer Zentralraum\",\"description\":\"\",\"potentialAction\":[{\"@type\":\"SearchAction\",\"target\":{\"@type\":\"EntryPoint\",\"urlTemplate\":\"https:\/\/www.tim-oesterreich.at\/steirischer-zentralraum\/?s={search_term_string}\"},\"query-input\":{\"@type\":\"PropertyValueSpecification\",\"valueRequired\":true,\"valueName\":\"search_term_string\"}}],\"inLanguage\":\"de\"}]}<\/script>\n<!-- \/ Yoast SEO plugin. -->","yoast_head_json":{"title":"tim cargo bike - TIM Steirischer Zentralraum","robots":{"index":"index","follow":"follow","max-snippet":"max-snippet:-1","max-image-preview":"max-image-preview:large","max-video-preview":"max-video-preview:-1"},"canonical":"https:\/\/www.tim-oesterreich.at\/steirischer-zentralraum\/en\/tim-cargo-bike\/","og_locale":"de_DE","og_type":"article","og_title":"tim cargo bike - TIM Steirischer Zentralraum","og_description":"e-cargo bike sharing Whether it&#8217;s a short shopping trip, shopping in a furniture store or a weekend trip with friends or children &#8211; with tim you are flexible in every situation e-cargo bike Sharing ideal for shopping or a weekend trip the first 3 hours free then 1\u20ac\/hour Christiania Bikes E-Light or Bakfiets CargoTrike Cruiser [&hellip;]","og_url":"https:\/\/www.tim-oesterreich.at\/steirischer-zentralraum\/en\/tim-cargo-bike\/","og_site_name":"TIM Steirischer Zentralraum","article_modified_time":"2023-05-12T08:00:34+00:00","twitter_card":"summary_large_image","schema":{"@context":"https:\/\/schema.org","@graph":[{"@type":"WebPage","@id":"https:\/\/www.tim-oesterreich.at\/steirischer-zentralraum\/en\/tim-cargo-bike\/","url":"https:\/\/www.tim-oesterreich.at\/steirischer-zentralraum\/en\/tim-cargo-bike\/","name":"tim cargo bike - TIM Steirischer Zentralraum","isPartOf":{"@id":"https:\/\/www.tim-oesterreich.at\/steirischer-zentralraum\/#website"},"datePublished":"2022-10-28T09:53:59+00:00","dateModified":"2023-05-12T08:00:34+00:00","breadcrumb":{"@id":"https:\/\/www.tim-oesterreich.at\/steirischer-zentralraum\/en\/tim-cargo-bike\/#breadcrumb"},"inLanguage":"de","potentialAction":[{"@type":"ReadAction","target":["https:\/\/www.tim-oesterreich.at\/steirischer-zentralraum\/en\/tim-cargo-bike\/"]}]},{"@type":"BreadcrumbList","@id":"https:\/\/www.tim-oesterreich.at\/steirischer-zentralraum\/en\/tim-cargo-bike\/#breadcrumb","itemListElement":[{"@type":"ListItem","position":1,"name":"Startseite","item":"https:\/\/www.tim-oesterreich.at\/steirischer-zentralraum\/"},{"@type":"ListItem","position":2,"name":"tim cargo bike"}]},{"@type":"WebSite","@id":"https:\/\/www.tim-oesterreich.at\/steirischer-zentralraum\/#website","url":"https:\/\/www.tim-oesterreich.at\/steirischer-zentralraum\/","name":"TIM Steirischer Zentralraum","description":"","potentialAction":[{"@type":"SearchAction","target":{"@type":"EntryPoint","urlTemplate":"https:\/\/www.tim-oesterreich.at\/steirischer-zentralraum\/?s={search_term_string}"},"query-input":{"@type":"PropertyValueSpecification","valueRequired":true,"valueName":"search_term_string"}}],"inLanguage":"de"}]}},"lang":"en","translations":{"en":4093,"de":3386},"pll_sync_post":[],"_links":{"self":[{"href":"https:\/\/www.tim-oesterreich.at\/steirischer-zentralraum\/wp-json\/wp\/v2\/pages\/4093","targetHints":{"allow":["GET"]}}],"collection":[{"href":"https:\/\/www.tim-oesterreich.at\/steirischer-zentralraum\/wp-json\/wp\/v2\/pages"}],"about":[{"href":"https:\/\/www.tim-oesterreich.at\/steirischer-zentralraum\/wp-json\/wp\/v2\/types\/page"}],"author":[{"embeddable":true,"href":"https:\/\/www.tim-oesterreich.at\/steirischer-zentralraum\/wp-json\/wp\/v2\/users\/18"}],"replies":[{"embeddable":true,"href":"https:\/\/www.tim-oesterreich.at\/steirischer-zentralraum\/wp-json\/wp\/v2\/comments?post=4093"}],"version-history":[{"count":4,"href":"https:\/\/www.tim-oesterreich.at\/steirischer-zentralraum\/wp-json\/wp\/v2\/pages\/4093\/revisions"}],"predecessor-version":[{"id":4439,"href":"https:\/\/www.tim-oesterreich.at\/steirischer-zentralraum\/wp-json\/wp\/v2\/pages\/4093\/revisions\/4439"}],"wp:attachment":[{"href":"https:\/\/www.tim-oesterreich.at\/steirischer-zentralraum\/wp-json\/wp\/v2\/media?parent=4093"}],"curies":[{"name":"wp","href":"https:\/\/api.w.org\/{rel}","templated":true}]}}