{"id":3338,"date":"2022-10-28T12:58:11","date_gmt":"2022-10-28T10:58:11","guid":{"rendered":"https:\/\/www.tim-oesterreich.at\/steirischer-zentralraum\/?page_id=3338"},"modified":"2025-04-01T09:57:28","modified_gmt":"2025-04-01T07:57:28","slug":"tarife","status":"publish","type":"page","link":"https:\/\/www.tim-oesterreich.at\/steirischer-zentralraum\/tarife\/","title":{"rendered":"Tarife"},"content":{"rendered":"<h1>Tarif\u00fcbersicht<\/h1>\n<div>\n<p style=\"text-align: center\">Hier findest du das Tarifblatt von tim im Steirischen Zentralraum. Wenn du willst, kannst du es <a href=\"https:\/\/www.tim-oesterreich.at\/steirischer-zentralraum\/dokumente\/\">hier<\/a> auch gerne herunterladen.<\/p>\n<\/div>\n<p><img width=\"1680\" height=\"1240\" src=\"https:\/\/www.tim-oesterreich.at\/steirischer-zentralraum\/wp-content\/uploads\/sites\/4\/2025\/02\/tim-zentralraum-tarifuebersicht-04-2025-1680x1240.png\" class=\"attachment-large size-large\" alt=\"\" decoding=\"async\" loading=\"lazy\" \/><\/p>\n<div>\n<p><strong>Hinweis zur Nutzung:<\/strong> Die generelle Autobahnmaut ist bei allen tim-Fahrzeugen inkludiert. Die Tunnelmaut f\u00fcr den Gleinalm- und Borucktunnel sind bei den meisten Fahrzeugen ebenfalls inkludiert. Es empfiehlt sich dazu vor der Durchfahrt unter <a href=\"https:\/\/evidenz.asfinag.at\/\">https:\/\/evidenz.asfinag.at\/<\/a> die G\u00fcltigkeit zu pr\u00fcfen!<\/p>\n<p>Bitte beachte auch, dass es f\u00fcr die Carsharing-Autos in Graz gesonderte Tarife gibt. Weitere Infos dazu findest du <a href=\"https:\/\/www.tim-oesterreich.at\/graz\/autos\/\">hier<\/a>.<\/p>\n<\/div>\n","protected":false},"excerpt":{"rendered":"<p>Tarif\u00fcbersicht Hier findest du das Tarifblatt von tim im Steirischen Zentralraum. Wenn du willst, kannst du es hier auch gerne herunterladen. Hinweis zur Nutzung: Die generelle Autobahnmaut ist bei allen tim-Fahrzeugen inkludiert. Die Tunnelmaut f\u00fcr den Gleinalm- und Borucktunnel sind bei den meisten Fahrzeugen ebenfalls inkludiert. Es empfiehlt sich dazu vor der Durchfahrt unter https:\/\/evidenz.asfinag.at\/ [&hellip;]<\/p>\n","protected":false},"author":9,"featured_media":0,"parent":0,"menu_order":21,"comment_status":"closed","ping_status":"closed","template":"","meta":{"footnotes":""},"class_list":["post-3338","page","type-page","status-publish","hentry"],"acf":[],"yoast_head":"<!-- This site is optimized with the Yoast SEO plugin v26.7 - https:\/\/yoast.com\/wordpress\/plugins\/seo\/ -->\n<title>Tarife - TIM Steirischer Zentralraum<\/title>\n<meta name=\"description\" content=\"Du willst wissen, was dich tim kostet? Dann findest du hier eine \u00dcbersicht \u00fcber die Sharing-Tarife der verf\u00fcgbaren Fahrzeuge!\" \/>\n<meta name=\"robots\" content=\"index, follow, max-snippet:-1, max-image-preview:large, max-video-preview:-1\" \/>\n<link rel=\"canonical\" href=\"https:\/\/www.tim-oesterreich.at\/steirischer-zentralraum\/tarife\/\" \/>\n<meta property=\"og:locale\" content=\"de_DE\" \/>\n<meta property=\"og:type\" content=\"article\" \/>\n<meta property=\"og:title\" content=\"Tarife - TIM Steirischer Zentralraum\" \/>\n<meta property=\"og:description\" content=\"Du willst wissen, was dich tim kostet? Dann findest du hier eine \u00dcbersicht \u00fcber die Sharing-Tarife der verf\u00fcgbaren Fahrzeuge!\" \/>\n<meta property=\"og:url\" content=\"https:\/\/www.tim-oesterreich.at\/steirischer-zentralraum\/tarife\/\" \/>\n<meta property=\"og:site_name\" content=\"TIM Steirischer Zentralraum\" \/>\n<meta property=\"article:modified_time\" content=\"2025-04-01T07:57:28+00:00\" \/>\n<meta property=\"og:image\" content=\"https:\/\/www.tim-oesterreich.at\/steirischer-zentralraum\/wp-content\/uploads\/sites\/4\/2025\/02\/tim-zentralraum-tarifuebersicht-04-2025-1680x1240.png\" \/>\n<meta name=\"twitter:card\" content=\"summary_large_image\" \/>\n<script type=\"application\/ld+json\" class=\"yoast-schema-graph\">{\"@context\":\"https:\/\/schema.org\",\"@graph\":[{\"@type\":\"WebPage\",\"@id\":\"https:\/\/www.tim-oesterreich.at\/steirischer-zentralraum\/tarife\/\",\"url\":\"https:\/\/www.tim-oesterreich.at\/steirischer-zentralraum\/tarife\/\",\"name\":\"Tarife - TIM Steirischer Zentralraum\",\"isPartOf\":{\"@id\":\"https:\/\/www.tim-oesterreich.at\/steirischer-zentralraum\/#website\"},\"primaryImageOfPage\":{\"@id\":\"https:\/\/www.tim-oesterreich.at\/steirischer-zentralraum\/tarife\/#primaryimage\"},\"image\":{\"@id\":\"https:\/\/www.tim-oesterreich.at\/steirischer-zentralraum\/tarife\/#primaryimage\"},\"thumbnailUrl\":\"https:\/\/www.tim-oesterreich.at\/steirischer-zentralraum\/wp-content\/uploads\/sites\/4\/2025\/02\/tim-zentralraum-tarifuebersicht-04-2025-1680x1240.png\",\"datePublished\":\"2022-10-28T10:58:11+00:00\",\"dateModified\":\"2025-04-01T07:57:28+00:00\",\"description\":\"Du willst wissen, was dich tim kostet? Dann findest du hier eine \u00dcbersicht \u00fcber die Sharing-Tarife der verf\u00fcgbaren Fahrzeuge!\",\"breadcrumb\":{\"@id\":\"https:\/\/www.tim-oesterreich.at\/steirischer-zentralraum\/tarife\/#breadcrumb\"},\"inLanguage\":\"de\",\"potentialAction\":[{\"@type\":\"ReadAction\",\"target\":[\"https:\/\/www.tim-oesterreich.at\/steirischer-zentralraum\/tarife\/\"]}]},{\"@type\":\"ImageObject\",\"inLanguage\":\"de\",\"@id\":\"https:\/\/www.tim-oesterreich.at\/steirischer-zentralraum\/tarife\/#primaryimage\",\"url\":\"https:\/\/www.tim-oesterreich.at\/steirischer-zentralraum\/wp-content\/uploads\/sites\/4\/2025\/02\/tim-zentralraum-tarifuebersicht-04-2025.png\",\"contentUrl\":\"https:\/\/www.tim-oesterreich.at\/steirischer-zentralraum\/wp-content\/uploads\/sites\/4\/2025\/02\/tim-zentralraum-tarifuebersicht-04-2025.png\",\"width\":1753,\"height\":1240},{\"@type\":\"BreadcrumbList\",\"@id\":\"https:\/\/www.tim-oesterreich.at\/steirischer-zentralraum\/tarife\/#breadcrumb\",\"itemListElement\":[{\"@type\":\"ListItem\",\"position\":1,\"name\":\"Startseite\",\"item\":\"https:\/\/www.tim-oesterreich.at\/steirischer-zentralraum\/\"},{\"@type\":\"ListItem\",\"position\":2,\"name\":\"Tarife\"}]},{\"@type\":\"WebSite\",\"@id\":\"https:\/\/www.tim-oesterreich.at\/steirischer-zentralraum\/#website\",\"url\":\"https:\/\/www.tim-oesterreich.at\/steirischer-zentralraum\/\",\"name\":\"TIM Steirischer Zentralraum\",\"description\":\"\",\"potentialAction\":[{\"@type\":\"SearchAction\",\"target\":{\"@type\":\"EntryPoint\",\"urlTemplate\":\"https:\/\/www.tim-oesterreich.at\/steirischer-zentralraum\/?s={search_term_string}\"},\"query-input\":{\"@type\":\"PropertyValueSpecification\",\"valueRequired\":true,\"valueName\":\"search_term_string\"}}],\"inLanguage\":\"de\"}]}<\/script>\n<!-- \/ Yoast SEO plugin. -->","yoast_head_json":{"title":"Tarife - TIM Steirischer Zentralraum","description":"Du willst wissen, was dich tim kostet? Dann findest du hier eine \u00dcbersicht \u00fcber die Sharing-Tarife der verf\u00fcgbaren Fahrzeuge!","robots":{"index":"index","follow":"follow","max-snippet":"max-snippet:-1","max-image-preview":"max-image-preview:large","max-video-preview":"max-video-preview:-1"},"canonical":"https:\/\/www.tim-oesterreich.at\/steirischer-zentralraum\/tarife\/","og_locale":"de_DE","og_type":"article","og_title":"Tarife - TIM Steirischer Zentralraum","og_description":"Du willst wissen, was dich tim kostet? Dann findest du hier eine \u00dcbersicht \u00fcber die Sharing-Tarife der verf\u00fcgbaren Fahrzeuge!","og_url":"https:\/\/www.tim-oesterreich.at\/steirischer-zentralraum\/tarife\/","og_site_name":"TIM Steirischer Zentralraum","article_modified_time":"2025-04-01T07:57:28+00:00","og_image":[{"url":"https:\/\/www.tim-oesterreich.at\/steirischer-zentralraum\/wp-content\/uploads\/sites\/4\/2025\/02\/tim-zentralraum-tarifuebersicht-04-2025-1680x1240.png","type":"","width":"","height":""}],"twitter_card":"summary_large_image","schema":{"@context":"https:\/\/schema.org","@graph":[{"@type":"WebPage","@id":"https:\/\/www.tim-oesterreich.at\/steirischer-zentralraum\/tarife\/","url":"https:\/\/www.tim-oesterreich.at\/steirischer-zentralraum\/tarife\/","name":"Tarife - TIM Steirischer Zentralraum","isPartOf":{"@id":"https:\/\/www.tim-oesterreich.at\/steirischer-zentralraum\/#website"},"primaryImageOfPage":{"@id":"https:\/\/www.tim-oesterreich.at\/steirischer-zentralraum\/tarife\/#primaryimage"},"image":{"@id":"https:\/\/www.tim-oesterreich.at\/steirischer-zentralraum\/tarife\/#primaryimage"},"thumbnailUrl":"https:\/\/www.tim-oesterreich.at\/steirischer-zentralraum\/wp-content\/uploads\/sites\/4\/2025\/02\/tim-zentralraum-tarifuebersicht-04-2025-1680x1240.png","datePublished":"2022-10-28T10:58:11+00:00","dateModified":"2025-04-01T07:57:28+00:00","description":"Du willst wissen, was dich tim kostet? Dann findest du hier eine \u00dcbersicht \u00fcber die Sharing-Tarife der verf\u00fcgbaren Fahrzeuge!","breadcrumb":{"@id":"https:\/\/www.tim-oesterreich.at\/steirischer-zentralraum\/tarife\/#breadcrumb"},"inLanguage":"de","potentialAction":[{"@type":"ReadAction","target":["https:\/\/www.tim-oesterreich.at\/steirischer-zentralraum\/tarife\/"]}]},{"@type":"ImageObject","inLanguage":"de","@id":"https:\/\/www.tim-oesterreich.at\/steirischer-zentralraum\/tarife\/#primaryimage","url":"https:\/\/www.tim-oesterreich.at\/steirischer-zentralraum\/wp-content\/uploads\/sites\/4\/2025\/02\/tim-zentralraum-tarifuebersicht-04-2025.png","contentUrl":"https:\/\/www.tim-oesterreich.at\/steirischer-zentralraum\/wp-content\/uploads\/sites\/4\/2025\/02\/tim-zentralraum-tarifuebersicht-04-2025.png","width":1753,"height":1240},{"@type":"BreadcrumbList","@id":"https:\/\/www.tim-oesterreich.at\/steirischer-zentralraum\/tarife\/#breadcrumb","itemListElement":[{"@type":"ListItem","position":1,"name":"Startseite","item":"https:\/\/www.tim-oesterreich.at\/steirischer-zentralraum\/"},{"@type":"ListItem","position":2,"name":"Tarife"}]},{"@type":"WebSite","@id":"https:\/\/www.tim-oesterreich.at\/steirischer-zentralraum\/#website","url":"https:\/\/www.tim-oesterreich.at\/steirischer-zentralraum\/","name":"TIM Steirischer Zentralraum","description":"","potentialAction":[{"@type":"SearchAction","target":{"@type":"EntryPoint","urlTemplate":"https:\/\/www.tim-oesterreich.at\/steirischer-zentralraum\/?s={search_term_string}"},"query-input":{"@type":"PropertyValueSpecification","valueRequired":true,"valueName":"search_term_string"}}],"inLanguage":"de"}]}},"lang":"de","translations":{"de":3338,"en":4131},"pll_sync_post":[],"_links":{"self":[{"href":"https:\/\/www.tim-oesterreich.at\/steirischer-zentralraum\/wp-json\/wp\/v2\/pages\/3338","targetHints":{"allow":["GET"]}}],"collection":[{"href":"https:\/\/www.tim-oesterreich.at\/steirischer-zentralraum\/wp-json\/wp\/v2\/pages"}],"about":[{"href":"https:\/\/www.tim-oesterreich.at\/steirischer-zentralraum\/wp-json\/wp\/v2\/types\/page"}],"author":[{"embeddable":true,"href":"https:\/\/www.tim-oesterreich.at\/steirischer-zentralraum\/wp-json\/wp\/v2\/users\/9"}],"replies":[{"embeddable":true,"href":"https:\/\/www.tim-oesterreich.at\/steirischer-zentralraum\/wp-json\/wp\/v2\/comments?post=3338"}],"version-history":[{"count":7,"href":"https:\/\/www.tim-oesterreich.at\/steirischer-zentralraum\/wp-json\/wp\/v2\/pages\/3338\/revisions"}],"predecessor-version":[{"id":5095,"href":"https:\/\/www.tim-oesterreich.at\/steirischer-zentralraum\/wp-json\/wp\/v2\/pages\/3338\/revisions\/5095"}],"wp:attachment":[{"href":"https:\/\/www.tim-oesterreich.at\/steirischer-zentralraum\/wp-json\/wp\/v2\/media?parent=3338"}],"curies":[{"name":"wp","href":"https:\/\/api.w.org\/{rel}","templated":true}]}}