{"id":3209,"date":"2022-10-28T14:37:49","date_gmt":"2022-10-28T12:37:49","guid":{"rendered":"https:\/\/www.tim-oesterreich.at\/steirischer-zentralraum\/?page_id=3209"},"modified":"2023-04-05T14:46:18","modified_gmt":"2023-04-05T12:46:18","slug":"barrierefreiheit","status":"publish","type":"page","link":"https:\/\/www.tim-oesterreich.at\/steirischer-zentralraum\/barrierefreiheit\/","title":{"rendered":"Erkl\u00e4rung zur Barrierefreiheit"},"content":{"rendered":"<h2>tim Hasnerplatz<\/h2>\n<div>\n<h1 class=\"en-format-h1 en-mdl-heading__heading\">Erkl\u00e4rung zur Barrierefreiheit<\/h1>\n<p>Die <strong>Holding Graz<\/strong> ist bem\u00fcht, ihre Websites im Einklang mit der <a href=\"https:\/\/eur-lex.europa.eu\/legal-content\/DE\/TXT\/?uri=CELEX:32016L2102\">Richtlinie (EU) 2016\/2102 des Europ\u00e4ischen Parlaments und des Rates vom 26. Oktober 2016 \u00fcber den barrierefreien Zugang zu den Websites und mobilen Anwendungen \u00f6ffentlicher Stellen<\/a> (ABl. L 327 vom 2.12.2016, S. 1) barrierefrei zug\u00e4nglich zu machen. Diese Erkl\u00e4rung zur Barrierefreiheit gilt f\u00fcr die Websites <a href=\"http:\/\/www.tim-oesterreich.at\">www.tim-oesterreich.at<\/a> und die jeweiligen Sub-Seiten f\u00fcr Graz, Linz und den steirischen Zentralraum.<\/p>\n<h2>Stand der Vereinbarkeit mit den Anforderungen<\/h2>\n<p>Diese <span lang=\"en\">Website<\/span> ist wegen der folgenden Unvereinbarkeiten und\/oder Ausnahmen teilweise mit <strong>Konformit\u00e4tsstufe AA<\/strong> der <a href=\"https:\/\/www.w3.org\/TR\/WCAG21\/\">\u201eRichtlinien f\u00fcr barrierefreie Webinhalte Web \u2013 <span lang=\"en\"><abbr title=\"Web Content Accessibility Guidelines\">WCAG<\/abbr><\/span> 2.1\u2033<\/a> entsprechend der geltenden harmonisierten europ\u00e4ischen Norm \u201eEurop\u00e4ischer Standard <abbr title=\"Europ\u00e4ische Norm\">EN<\/abbr> 301 549 V2.1.2 (2018-08)\u201c vereinbar.<\/p>\n<h2>Nicht barrierefreie Inhalte<\/h2>\n<p>TIM (und die Holding Graz) sind grunds\u00e4tzlich bestrebt, die Informationen bestm\u00f6glich barrierefrei anzubieten. Neue Applikationen beziehungsweise Erweiterungen werden barrierefrei umgesetzt. \u00c4ltere Applikationen werden mittelfristig \u00fcberarbeitet beziehungsweise abgel\u00f6st.<\/p>\n<p>Die nachstehend aufgef\u00fchrten Inhalte sind aus folgenden Gr\u00fcnden nicht barrierefrei \u2013 jeweils bezugnehmend auf die <a href=\"https:\/\/www.w3.org\/TR\/WCAG21\/\">Web Content Accessibility Guidelines (WCAG) 2.1 W3C Recommendation, Stand: 5. Juni 2018<\/a>:<\/p>\n<ol>\n<li>\u00c4lteren YouTube Videos fehlt eine manuelle Transcription. Wir erg\u00e4nzen diese laufend. (1.2.3 Audio Description or Media Alternative (Prerecorded))<\/li>\n<\/ol>\n<h2>Erstellung dieser Erkl\u00e4rung zur Barrierefreiheit<\/h2>\n<p><strong>Erstellungsdatum:<\/strong> Diese Erkl\u00e4rung wurde im Dezember 2021 erstellt.<\/p>\n<p><strong>Vorlage f\u00fcr das Statement:<\/strong> <a href=\"https:\/\/eur-lex.europa.eu\/resource.html?uri=cellar:e1dfb98d-5aa1-11e8-ab41-01aa75ed71a1.0001.02\/DOC_2&amp;format=PDF\"><span lang=\"en\">MODEL ACCESSIBILITY STATEMENT<\/span><\/a><\/p>\n<p><strong>Grundlage des Statements:<\/strong> Manuelle und automatisierte (Siteimprove, axe) Accessibility-Evaluierung einer externen Beraterfirma anhand von Samples der Website www.tim-oesterreich.at<\/p>\n<p>Die Erkl\u00e4rung wurde zuletzt am 02.12.2021 \u00fcberpr\u00fcft.<\/p>\n<h2>Feedback und Kontaktangaben, Beschwerdem\u00f6glichkeit<\/h2>\n<p>Sollten Sie auf www.tim-oesterreich.at Barrieren finden, k\u00f6nnen Sie diese melden und somit helfen, unser Angebot weiter zu verbessern.<\/p>\n<p><a href=\"mailto:office@holding-graz.at\">Meldung von Barrieren auf TIM<\/a><\/p>\n<h2>Verantwortlich f\u00fcr diese Seite:<\/h2>\n<p><strong>Holding Graz \u2013 Kommunale Dienstleistungen GmbH<\/strong><br \/>\nAndreas Hofer Platz 15<br \/>\n8010 Graz<br \/>\nTel.: +43 316 887-0<\/p>\n<p><a href=\"mailto:office@holding-graz.at\">office@holding-graz.at<\/a><br \/>\n<a href=\"https:\/\/www.tim-oesterreich.at\/graz\/kontakt\/\">Kontakt<\/a><\/p>\n<h2>Feedback-Prozess<\/h2>\n<p>Wir werden Ihre Meldung oder Beschwerde im Rahmen der geltend gemachten M\u00e4ngel bei der Einhaltung der Barrierefreiheitsanforderungen der Website pr\u00fcfen und sind bestrebt Ihnen zeitnahe zu antworten. Falls notwendig, werden die M\u00e4ngel beseitigt. Das Ergebnis der Pr\u00fcfung sowie die getroffenen oder beabsichtigten Ma\u00dfnahmen werden Ihnen binnen 2 Monaten bekannt gegeben. Sollte der Inhalt der Website von der Verpflichtung zur barrierefreien Umsetzung ausgenommen sein, werden Sie ebenfalls binnen 2 Monaten dar\u00fcber verst\u00e4ndigt.<\/p>\n<\/div>\n","protected":false},"excerpt":{"rendered":"<p>tim Hasnerplatz Erkl\u00e4rung zur Barrierefreiheit Die Holding Graz ist bem\u00fcht, ihre Websites im Einklang mit der Richtlinie (EU) 2016\/2102 des Europ\u00e4ischen Parlaments und des Rates vom 26. Oktober 2016 \u00fcber den barrierefreien Zugang zu den Websites und mobilen Anwendungen \u00f6ffentlicher Stellen (ABl. L 327 vom 2.12.2016, S. 1) barrierefrei zug\u00e4nglich zu machen. Diese Erkl\u00e4rung zur [&hellip;]<\/p>\n","protected":false},"author":9,"featured_media":0,"parent":0,"menu_order":9,"comment_status":"closed","ping_status":"closed","template":"","meta":{"footnotes":""},"class_list":["post-3209","page","type-page","status-publish","hentry"],"acf":[],"yoast_head":"<!-- This site is optimized with the Yoast SEO plugin v26.7 - https:\/\/yoast.com\/wordpress\/plugins\/seo\/ -->\n<title>Erkl\u00e4rung zur Barrierefreiheit - TIM Steirischer Zentralraum<\/title>\n<meta name=\"robots\" content=\"index, follow, max-snippet:-1, max-image-preview:large, max-video-preview:-1\" \/>\n<link rel=\"canonical\" href=\"https:\/\/www.tim-oesterreich.at\/steirischer-zentralraum\/barrierefreiheit\/\" \/>\n<meta property=\"og:locale\" content=\"de_DE\" \/>\n<meta property=\"og:type\" content=\"article\" \/>\n<meta property=\"og:title\" content=\"Erkl\u00e4rung zur Barrierefreiheit - TIM Steirischer Zentralraum\" \/>\n<meta property=\"og:description\" content=\"tim Hasnerplatz Erkl\u00e4rung zur Barrierefreiheit Die Holding Graz ist bem\u00fcht, ihre Websites im Einklang mit der Richtlinie (EU) 2016\/2102 des Europ\u00e4ischen Parlaments und des Rates vom 26. Oktober 2016 \u00fcber den barrierefreien Zugang zu den Websites und mobilen Anwendungen \u00f6ffentlicher Stellen (ABl. L 327 vom 2.12.2016, S. 1) barrierefrei zug\u00e4nglich zu machen. Diese Erkl\u00e4rung zur [&hellip;]\" \/>\n<meta property=\"og:url\" content=\"https:\/\/www.tim-oesterreich.at\/steirischer-zentralraum\/barrierefreiheit\/\" \/>\n<meta property=\"og:site_name\" content=\"TIM Steirischer Zentralraum\" \/>\n<meta property=\"article:modified_time\" content=\"2023-04-05T12:46:18+00:00\" \/>\n<meta name=\"twitter:card\" content=\"summary_large_image\" \/>\n<script type=\"application\/ld+json\" class=\"yoast-schema-graph\">{\"@context\":\"https:\/\/schema.org\",\"@graph\":[{\"@type\":\"WebPage\",\"@id\":\"https:\/\/www.tim-oesterreich.at\/steirischer-zentralraum\/barrierefreiheit\/\",\"url\":\"https:\/\/www.tim-oesterreich.at\/steirischer-zentralraum\/barrierefreiheit\/\",\"name\":\"Erkl\u00e4rung zur Barrierefreiheit - TIM Steirischer Zentralraum\",\"isPartOf\":{\"@id\":\"https:\/\/www.tim-oesterreich.at\/steirischer-zentralraum\/#website\"},\"datePublished\":\"2022-10-28T12:37:49+00:00\",\"dateModified\":\"2023-04-05T12:46:18+00:00\",\"breadcrumb\":{\"@id\":\"https:\/\/www.tim-oesterreich.at\/steirischer-zentralraum\/barrierefreiheit\/#breadcrumb\"},\"inLanguage\":\"de\",\"potentialAction\":[{\"@type\":\"ReadAction\",\"target\":[\"https:\/\/www.tim-oesterreich.at\/steirischer-zentralraum\/barrierefreiheit\/\"]}]},{\"@type\":\"BreadcrumbList\",\"@id\":\"https:\/\/www.tim-oesterreich.at\/steirischer-zentralraum\/barrierefreiheit\/#breadcrumb\",\"itemListElement\":[{\"@type\":\"ListItem\",\"position\":1,\"name\":\"Startseite\",\"item\":\"https:\/\/www.tim-oesterreich.at\/steirischer-zentralraum\/\"},{\"@type\":\"ListItem\",\"position\":2,\"name\":\"Erkl\u00e4rung zur Barrierefreiheit\"}]},{\"@type\":\"WebSite\",\"@id\":\"https:\/\/www.tim-oesterreich.at\/steirischer-zentralraum\/#website\",\"url\":\"https:\/\/www.tim-oesterreich.at\/steirischer-zentralraum\/\",\"name\":\"TIM Steirischer Zentralraum\",\"description\":\"\",\"potentialAction\":[{\"@type\":\"SearchAction\",\"target\":{\"@type\":\"EntryPoint\",\"urlTemplate\":\"https:\/\/www.tim-oesterreich.at\/steirischer-zentralraum\/?s={search_term_string}\"},\"query-input\":{\"@type\":\"PropertyValueSpecification\",\"valueRequired\":true,\"valueName\":\"search_term_string\"}}],\"inLanguage\":\"de\"}]}<\/script>\n<!-- \/ Yoast SEO plugin. -->","yoast_head_json":{"title":"Erkl\u00e4rung zur Barrierefreiheit - TIM Steirischer Zentralraum","robots":{"index":"index","follow":"follow","max-snippet":"max-snippet:-1","max-image-preview":"max-image-preview:large","max-video-preview":"max-video-preview:-1"},"canonical":"https:\/\/www.tim-oesterreich.at\/steirischer-zentralraum\/barrierefreiheit\/","og_locale":"de_DE","og_type":"article","og_title":"Erkl\u00e4rung zur Barrierefreiheit - TIM Steirischer Zentralraum","og_description":"tim Hasnerplatz Erkl\u00e4rung zur Barrierefreiheit Die Holding Graz ist bem\u00fcht, ihre Websites im Einklang mit der Richtlinie (EU) 2016\/2102 des Europ\u00e4ischen Parlaments und des Rates vom 26. Oktober 2016 \u00fcber den barrierefreien Zugang zu den Websites und mobilen Anwendungen \u00f6ffentlicher Stellen (ABl. L 327 vom 2.12.2016, S. 1) barrierefrei zug\u00e4nglich zu machen. Diese Erkl\u00e4rung zur [&hellip;]","og_url":"https:\/\/www.tim-oesterreich.at\/steirischer-zentralraum\/barrierefreiheit\/","og_site_name":"TIM Steirischer Zentralraum","article_modified_time":"2023-04-05T12:46:18+00:00","twitter_card":"summary_large_image","schema":{"@context":"https:\/\/schema.org","@graph":[{"@type":"WebPage","@id":"https:\/\/www.tim-oesterreich.at\/steirischer-zentralraum\/barrierefreiheit\/","url":"https:\/\/www.tim-oesterreich.at\/steirischer-zentralraum\/barrierefreiheit\/","name":"Erkl\u00e4rung zur Barrierefreiheit - TIM Steirischer Zentralraum","isPartOf":{"@id":"https:\/\/www.tim-oesterreich.at\/steirischer-zentralraum\/#website"},"datePublished":"2022-10-28T12:37:49+00:00","dateModified":"2023-04-05T12:46:18+00:00","breadcrumb":{"@id":"https:\/\/www.tim-oesterreich.at\/steirischer-zentralraum\/barrierefreiheit\/#breadcrumb"},"inLanguage":"de","potentialAction":[{"@type":"ReadAction","target":["https:\/\/www.tim-oesterreich.at\/steirischer-zentralraum\/barrierefreiheit\/"]}]},{"@type":"BreadcrumbList","@id":"https:\/\/www.tim-oesterreich.at\/steirischer-zentralraum\/barrierefreiheit\/#breadcrumb","itemListElement":[{"@type":"ListItem","position":1,"name":"Startseite","item":"https:\/\/www.tim-oesterreich.at\/steirischer-zentralraum\/"},{"@type":"ListItem","position":2,"name":"Erkl\u00e4rung zur Barrierefreiheit"}]},{"@type":"WebSite","@id":"https:\/\/www.tim-oesterreich.at\/steirischer-zentralraum\/#website","url":"https:\/\/www.tim-oesterreich.at\/steirischer-zentralraum\/","name":"TIM Steirischer Zentralraum","description":"","potentialAction":[{"@type":"SearchAction","target":{"@type":"EntryPoint","urlTemplate":"https:\/\/www.tim-oesterreich.at\/steirischer-zentralraum\/?s={search_term_string}"},"query-input":{"@type":"PropertyValueSpecification","valueRequired":true,"valueName":"search_term_string"}}],"inLanguage":"de"}]}},"lang":"de","translations":{"de":3209,"en":4108},"pll_sync_post":[],"_links":{"self":[{"href":"https:\/\/www.tim-oesterreich.at\/steirischer-zentralraum\/wp-json\/wp\/v2\/pages\/3209","targetHints":{"allow":["GET"]}}],"collection":[{"href":"https:\/\/www.tim-oesterreich.at\/steirischer-zentralraum\/wp-json\/wp\/v2\/pages"}],"about":[{"href":"https:\/\/www.tim-oesterreich.at\/steirischer-zentralraum\/wp-json\/wp\/v2\/types\/page"}],"author":[{"embeddable":true,"href":"https:\/\/www.tim-oesterreich.at\/steirischer-zentralraum\/wp-json\/wp\/v2\/users\/9"}],"replies":[{"embeddable":true,"href":"https:\/\/www.tim-oesterreich.at\/steirischer-zentralraum\/wp-json\/wp\/v2\/comments?post=3209"}],"version-history":[{"count":2,"href":"https:\/\/www.tim-oesterreich.at\/steirischer-zentralraum\/wp-json\/wp\/v2\/pages\/3209\/revisions"}],"predecessor-version":[{"id":3211,"href":"https:\/\/www.tim-oesterreich.at\/steirischer-zentralraum\/wp-json\/wp\/v2\/pages\/3209\/revisions\/3211"}],"wp:attachment":[{"href":"https:\/\/www.tim-oesterreich.at\/steirischer-zentralraum\/wp-json\/wp\/v2\/media?parent=3209"}],"curies":[{"name":"wp","href":"https:\/\/api.w.org\/{rel}","templated":true}]}}