{"id":3050,"date":"2022-10-28T12:11:11","date_gmt":"2022-10-28T10:11:11","guid":{"rendered":"https:\/\/www.tim-oesterreich.at\/steirischer-zentralraum\/?page_id=3050"},"modified":"2023-04-05T14:46:18","modified_gmt":"2023-04-05T12:46:18","slug":"handbuch-vw-id-3","status":"publish","type":"page","link":"https:\/\/www.tim-oesterreich.at\/steirischer-zentralraum\/handbuch-vw-id-3\/","title":{"rendered":"Handbuch VW ID.3"},"content":{"rendered":"<h1>Nutzungshinweise<\/h1>\n<h2>Carsharing Fahrzeug &#8211; VW ID.3<\/h2>\n<div>\n<p style=\"text-align: center\"><a class=\"en-button en-button--large\" style=\"background-color: #00a096\" href=\"#kfz_start\">Fahrzeug starten<\/a><\/p>\n<\/div>\n<div>\n<p style=\"text-align: center\"><a class=\"en-button en-button--large\" style=\"background-color: #00a096\" href=\"#kfz_laden\">Laden des Fahrzeugs<\/a><\/p>\n<\/div>\n<div>\n<p style=\"text-align: center\"><a class=\"en-button en-button--large\" style=\"background-color: #00a096\" href=\"#support\">Support und Sicherheit<\/a><\/p>\n<\/div>\n<div>\n<h1 id=\"kfz_start\"><\/h1>\n<\/div>\n<h3>Fahrzeug starten<\/h3>\n<div>\n<ul>\n<li>Stelle sicher, dass das <strong>Ladekabel entfernt<\/strong> und im Kofferraum des Fahrzeugs verstaut wurde (Siehe <strong>&#8222;Laden des Fahrzeugs&#8220;<\/strong>).<\/li>\n<li>Das Fahrzeug muss grunds\u00e4tzlich nicht manuell gestartet werden. Einfach das <strong>Bremspedal bet\u00e4tigen<\/strong> und den <strong>gew\u00fcnschten Fahrmodus w\u00e4hlen.<\/strong><\/li>\n<li>Der Schalthebel befindet sich nicht in der Mittelkonsole, sondern <strong>rechts\u00a0hinter dem Lenkrad<\/strong> (Siehe Bild).<\/li>\n<\/ul>\n<\/div>\n<p><img width=\"768\" height=\"768\" src=\"https:\/\/www.tim-oesterreich.at\/steirischer-zentralraum\/wp-content\/uploads\/sites\/4\/2020\/10\/schalthebel-bremse.jpg\" class=\"attachment-large size-large\" alt=\"\" decoding=\"async\" loading=\"lazy\" srcset=\"https:\/\/www.tim-oesterreich.at\/steirischer-zentralraum\/wp-content\/uploads\/sites\/4\/2020\/10\/schalthebel-bremse.jpg 768w, https:\/\/www.tim-oesterreich.at\/steirischer-zentralraum\/wp-content\/uploads\/sites\/4\/2020\/10\/schalthebel-bremse-150x150.jpg 150w, https:\/\/www.tim-oesterreich.at\/steirischer-zentralraum\/wp-content\/uploads\/sites\/4\/2020\/10\/schalthebel-bremse-420x420.jpg 420w\" sizes=\"auto, (max-width: 768px) 100vw, 768px\" \/><img width=\"1280\" height=\"720\" src=\"https:\/\/www.tim-oesterreich.at\/steirischer-zentralraum\/wp-content\/uploads\/sites\/4\/2021\/06\/id-3-schalthebel.png\" class=\"attachment-large size-large\" alt=\"\" decoding=\"async\" loading=\"lazy\" srcset=\"https:\/\/www.tim-oesterreich.at\/steirischer-zentralraum\/wp-content\/uploads\/sites\/4\/2021\/06\/id-3-schalthebel.png 1280w, https:\/\/www.tim-oesterreich.at\/steirischer-zentralraum\/wp-content\/uploads\/sites\/4\/2021\/06\/id-3-schalthebel-768x432.png 768w\" sizes=\"auto, (max-width: 1280px) 100vw, 1280px\" \/><\/p>\n<div>\n<ul>\n<li>Kippe den Schalter nach vor um den Fahrmodus\u00a0<strong>D<\/strong>\u00a0(vorw\u00e4rts) bzw. <strong>B<\/strong> (vorw\u00e4rts, mit maximaler R\u00fcckladung) oder <strong>R<\/strong> (r\u00fcckw\u00e4rts) zu w\u00e4hlen. Die elektronische Parkbremse l\u00f6st sich automatisch sobald du angegurtet bist.<br \/>\nDas Fahrzeug f\u00e4hrt los <strong>sobald du das Bremspedal losl\u00e4sst<\/strong> (ohne auf das Gaspedal zu dr\u00fccken).<\/li>\n<li>Zum Abstellen des Fahrzeugs bet\u00e4tige die bremse und dr\u00fcck auf den Knopf <strong>P<\/strong> am Gangwahlhebel. Die elektronische Parkbremse wird dann automatisch aktiviert.<\/li>\n<\/ul>\n<p style=\"text-align: right\"><a class=\"en-button\" href=\"#top\">nach oben<\/a><\/p>\n<\/div>\n<div>\n<h1 id=\"kfz_laden\"><\/h1>\n<\/div>\n<h3>Laden des Fahrzeugs<\/h3>\n<div>\n<ul>\n<li>Stell das Fahrzeug ab, bet\u00e4tige die Bremse und dr\u00fccke den Knopf\u00a0<strong>P<\/strong> am Gangwahlhebel.<\/li>\n<li>Nimm das Ladekabel aus dem Kofferraum und schlie\u00df es an die Stromquelle (Lades\u00e4ule) an.<\/li>\n<li>\u00d6ffne die <strong>Klappe<\/strong>, steck das Ladekabel ein und versichere dich, dass dieses <strong>eingerastet<\/strong> ist.<\/li>\n<\/ul>\n<\/div>\n<p><img width=\"804\" height=\"685\" src=\"https:\/\/www.tim-oesterreich.at\/steirischer-zentralraum\/wp-content\/uploads\/sites\/4\/2021\/06\/id-3-laden.png\" class=\"attachment-large size-large\" alt=\"\" decoding=\"async\" loading=\"lazy\" srcset=\"https:\/\/www.tim-oesterreich.at\/steirischer-zentralraum\/wp-content\/uploads\/sites\/4\/2021\/06\/id-3-laden.png 804w, https:\/\/www.tim-oesterreich.at\/steirischer-zentralraum\/wp-content\/uploads\/sites\/4\/2021\/06\/id-3-laden-768x654.png 768w\" sizes=\"auto, (max-width: 804px) 100vw, 804px\" \/><\/p>\n<div>\n<ul>\n<li>Das Fahrzeug verriegelt das Ladekabel nach dem Stecken. \u00dcberpr\u00fcfe die Verriegelung indem du vorsichtig am Griff des Ladekabels ziehst.<\/li>\n<li>Um den Ladevorgang an der Lades\u00e4ule zu starten, muss diese durch deine <strong>tim-Karte freigeschaltet<\/strong> werden.<\/li>\n<\/ul>\n<\/div>\n<div>\n<ul>\n<li>\n<h3>Abstecken des Fahrzeugs<\/h3>\n<ul>\n<li>Um den Ladeanschluss des Fahrzeugs zum Wegfahren wieder zu entriegeln, dr\u00fcck den Knopf (siehe Bild) links in der Fahrert\u00fcr.<\/li>\n<\/ul>\n<\/li>\n<\/ul>\n<\/div>\n<p><img width=\"819\" height=\"715\" src=\"https:\/\/www.tim-oesterreich.at\/steirischer-zentralraum\/wp-content\/uploads\/sites\/4\/2021\/06\/id-3-entriegeln.png\" class=\"attachment-large size-large\" alt=\"\" decoding=\"async\" loading=\"lazy\" srcset=\"https:\/\/www.tim-oesterreich.at\/steirischer-zentralraum\/wp-content\/uploads\/sites\/4\/2021\/06\/id-3-entriegeln.png 819w, https:\/\/www.tim-oesterreich.at\/steirischer-zentralraum\/wp-content\/uploads\/sites\/4\/2021\/06\/id-3-entriegeln-768x670.png 768w\" sizes=\"auto, (max-width: 819px) 100vw, 819px\" \/><\/p>\n<div>\n<div class=\"en-griditem__inner en-mdl-text__inner en-wysiwyg\">\n<ul>\n<li>Stecke das Ladekabel am Auto und dann an der Lades\u00e4ule ab.<\/li>\n<li>Verstaue das Ladekabel anschlie\u00dfend im Kofferraum und versichere dich, dass das Auto keine Sch\u00e4den aufweist. Bei Sch\u00e4den melde diese unverz\u00fcglich beim tim-Zentralraum-Serviceteam.<\/li>\n<\/ul>\n<p style=\"text-align: right\"><a class=\"en-button\" href=\"https:\/\/www.tim-oesterreich.at\/steirischer-zentralraum\/handbuch-vw-id-3\/#top\">nach oben<\/a><\/p>\n<\/div>\n<\/div>\n<div>\n<h1 id=\"support\"><\/h1>\n<\/div>\n<h3>Support und Sicherheit<\/h3>\n<div>\n<ul>\n<li>Bei Fragen zu deinen <strong>Buchungen<\/strong> oder zur <strong>Funktionsweise des Fahrzeugs<\/strong> kannst du das tim-Zentralraum-Team unter folgender Telefonnummer erreichen:<br \/>\n<strong>+43 (0) 316 844 888 200<\/strong><\/li>\n<li>Im Fall einer <strong>Panne<\/strong> oder eines <strong>technischen Gebrechens<\/strong> am Fahrzeug wende dich an den Pannendienst unter: <strong>+43 (0) 1 86 666<\/strong><\/li>\n<li>In <strong>Bedrohlichen Situationen<\/strong> oder bei <strong>Gefahr im Verzug<\/strong> w\u00e4hle unverz\u00fcglich den Notruf!<br \/>\n<strong><span style=\"font-size: large\">Feuerwehr: <span style=\"color: #e85265\">122<\/span><\/span><\/strong><br \/>\n<strong><span style=\"font-size: large\">Polizei: <span style=\"color: #e85265\">133<\/span><\/span><\/strong><br \/>\n<strong><span style=\"font-size: large\">Rettung: <span style=\"color: #e85265\">144<\/span><\/span><\/strong><br \/>\n<strong><span style=\"font-size: large\">Euro-Notruf: <span style=\"color: #e85265\">112<\/span><\/span><\/strong><\/li>\n<\/ul>\n<p style=\"text-align: right\"><a class=\"en-button\" href=\"#top\">nach oben<\/a><\/p>\n<\/div>\n","protected":false},"excerpt":{"rendered":"<p>Nutzungshinweise Carsharing Fahrzeug &#8211; VW ID.3 Fahrzeug starten Laden des Fahrzeugs Support und Sicherheit Fahrzeug starten Stelle sicher, dass das Ladekabel entfernt und im Kofferraum des Fahrzeugs verstaut wurde (Siehe &#8222;Laden des Fahrzeugs&#8220;). Das Fahrzeug muss grunds\u00e4tzlich nicht manuell gestartet werden. Einfach das Bremspedal bet\u00e4tigen und den gew\u00fcnschten Fahrmodus w\u00e4hlen. Der Schalthebel befindet sich nicht [&hellip;]<\/p>\n","protected":false},"author":9,"featured_media":0,"parent":0,"menu_order":15,"comment_status":"closed","ping_status":"closed","template":"","meta":{"footnotes":""},"class_list":["post-3050","page","type-page","status-publish","hentry"],"acf":[],"yoast_head":"<!-- This site is optimized with the Yoast SEO plugin v26.7 - https:\/\/yoast.com\/wordpress\/plugins\/seo\/ -->\n<title>Handbuch VW ID.3 - TIM Steirischer Zentralraum<\/title>\n<meta name=\"robots\" content=\"index, follow, max-snippet:-1, max-image-preview:large, max-video-preview:-1\" \/>\n<link rel=\"canonical\" href=\"https:\/\/www.tim-oesterreich.at\/steirischer-zentralraum\/handbuch-vw-id-3\/\" \/>\n<meta property=\"og:locale\" content=\"de_DE\" \/>\n<meta property=\"og:type\" content=\"article\" \/>\n<meta property=\"og:title\" content=\"Handbuch VW ID.3 - TIM Steirischer Zentralraum\" \/>\n<meta property=\"og:description\" content=\"Nutzungshinweise Carsharing Fahrzeug &#8211; VW ID.3 Fahrzeug starten Laden des Fahrzeugs Support und Sicherheit Fahrzeug starten Stelle sicher, dass das Ladekabel entfernt und im Kofferraum des Fahrzeugs verstaut wurde (Siehe &#8222;Laden des Fahrzeugs&#8220;). Das Fahrzeug muss grunds\u00e4tzlich nicht manuell gestartet werden. Einfach das Bremspedal bet\u00e4tigen und den gew\u00fcnschten Fahrmodus w\u00e4hlen. Der Schalthebel befindet sich nicht [&hellip;]\" \/>\n<meta property=\"og:url\" content=\"https:\/\/www.tim-oesterreich.at\/steirischer-zentralraum\/handbuch-vw-id-3\/\" \/>\n<meta property=\"og:site_name\" content=\"TIM Steirischer Zentralraum\" \/>\n<meta property=\"article:modified_time\" content=\"2023-04-05T12:46:18+00:00\" \/>\n<meta property=\"og:image\" content=\"https:\/\/www.tim-oesterreich.at\/steirischer-zentralraum\/wp-content\/uploads\/sites\/4\/2020\/10\/schalthebel-bremse.jpg\" \/>\n<meta name=\"twitter:card\" content=\"summary_large_image\" \/>\n<script type=\"application\/ld+json\" class=\"yoast-schema-graph\">{\"@context\":\"https:\/\/schema.org\",\"@graph\":[{\"@type\":\"WebPage\",\"@id\":\"https:\/\/www.tim-oesterreich.at\/steirischer-zentralraum\/handbuch-vw-id-3\/\",\"url\":\"https:\/\/www.tim-oesterreich.at\/steirischer-zentralraum\/handbuch-vw-id-3\/\",\"name\":\"Handbuch VW ID.3 - TIM Steirischer Zentralraum\",\"isPartOf\":{\"@id\":\"https:\/\/www.tim-oesterreich.at\/steirischer-zentralraum\/#website\"},\"primaryImageOfPage\":{\"@id\":\"https:\/\/www.tim-oesterreich.at\/steirischer-zentralraum\/handbuch-vw-id-3\/#primaryimage\"},\"image\":{\"@id\":\"https:\/\/www.tim-oesterreich.at\/steirischer-zentralraum\/handbuch-vw-id-3\/#primaryimage\"},\"thumbnailUrl\":\"https:\/\/www.tim-oesterreich.at\/steirischer-zentralraum\/wp-content\/uploads\/sites\/4\/2020\/10\/schalthebel-bremse.jpg\",\"datePublished\":\"2022-10-28T10:11:11+00:00\",\"dateModified\":\"2023-04-05T12:46:18+00:00\",\"breadcrumb\":{\"@id\":\"https:\/\/www.tim-oesterreich.at\/steirischer-zentralraum\/handbuch-vw-id-3\/#breadcrumb\"},\"inLanguage\":\"de\",\"potentialAction\":[{\"@type\":\"ReadAction\",\"target\":[\"https:\/\/www.tim-oesterreich.at\/steirischer-zentralraum\/handbuch-vw-id-3\/\"]}]},{\"@type\":\"ImageObject\",\"inLanguage\":\"de\",\"@id\":\"https:\/\/www.tim-oesterreich.at\/steirischer-zentralraum\/handbuch-vw-id-3\/#primaryimage\",\"url\":\"https:\/\/www.tim-oesterreich.at\/steirischer-zentralraum\/wp-content\/uploads\/sites\/4\/2020\/10\/schalthebel-bremse.jpg\",\"contentUrl\":\"https:\/\/www.tim-oesterreich.at\/steirischer-zentralraum\/wp-content\/uploads\/sites\/4\/2020\/10\/schalthebel-bremse.jpg\",\"width\":768,\"height\":768},{\"@type\":\"BreadcrumbList\",\"@id\":\"https:\/\/www.tim-oesterreich.at\/steirischer-zentralraum\/handbuch-vw-id-3\/#breadcrumb\",\"itemListElement\":[{\"@type\":\"ListItem\",\"position\":1,\"name\":\"Startseite\",\"item\":\"https:\/\/www.tim-oesterreich.at\/steirischer-zentralraum\/\"},{\"@type\":\"ListItem\",\"position\":2,\"name\":\"Handbuch VW ID.3\"}]},{\"@type\":\"WebSite\",\"@id\":\"https:\/\/www.tim-oesterreich.at\/steirischer-zentralraum\/#website\",\"url\":\"https:\/\/www.tim-oesterreich.at\/steirischer-zentralraum\/\",\"name\":\"TIM Steirischer Zentralraum\",\"description\":\"\",\"potentialAction\":[{\"@type\":\"SearchAction\",\"target\":{\"@type\":\"EntryPoint\",\"urlTemplate\":\"https:\/\/www.tim-oesterreich.at\/steirischer-zentralraum\/?s={search_term_string}\"},\"query-input\":{\"@type\":\"PropertyValueSpecification\",\"valueRequired\":true,\"valueName\":\"search_term_string\"}}],\"inLanguage\":\"de\"}]}<\/script>\n<!-- \/ Yoast SEO plugin. -->","yoast_head_json":{"title":"Handbuch VW ID.3 - TIM Steirischer Zentralraum","robots":{"index":"index","follow":"follow","max-snippet":"max-snippet:-1","max-image-preview":"max-image-preview:large","max-video-preview":"max-video-preview:-1"},"canonical":"https:\/\/www.tim-oesterreich.at\/steirischer-zentralraum\/handbuch-vw-id-3\/","og_locale":"de_DE","og_type":"article","og_title":"Handbuch VW ID.3 - TIM Steirischer Zentralraum","og_description":"Nutzungshinweise Carsharing Fahrzeug &#8211; VW ID.3 Fahrzeug starten Laden des Fahrzeugs Support und Sicherheit Fahrzeug starten Stelle sicher, dass das Ladekabel entfernt und im Kofferraum des Fahrzeugs verstaut wurde (Siehe &#8222;Laden des Fahrzeugs&#8220;). Das Fahrzeug muss grunds\u00e4tzlich nicht manuell gestartet werden. Einfach das Bremspedal bet\u00e4tigen und den gew\u00fcnschten Fahrmodus w\u00e4hlen. Der Schalthebel befindet sich nicht [&hellip;]","og_url":"https:\/\/www.tim-oesterreich.at\/steirischer-zentralraum\/handbuch-vw-id-3\/","og_site_name":"TIM Steirischer Zentralraum","article_modified_time":"2023-04-05T12:46:18+00:00","og_image":[{"url":"https:\/\/www.tim-oesterreich.at\/steirischer-zentralraum\/wp-content\/uploads\/sites\/4\/2020\/10\/schalthebel-bremse.jpg","type":"","width":"","height":""}],"twitter_card":"summary_large_image","schema":{"@context":"https:\/\/schema.org","@graph":[{"@type":"WebPage","@id":"https:\/\/www.tim-oesterreich.at\/steirischer-zentralraum\/handbuch-vw-id-3\/","url":"https:\/\/www.tim-oesterreich.at\/steirischer-zentralraum\/handbuch-vw-id-3\/","name":"Handbuch VW ID.3 - TIM Steirischer Zentralraum","isPartOf":{"@id":"https:\/\/www.tim-oesterreich.at\/steirischer-zentralraum\/#website"},"primaryImageOfPage":{"@id":"https:\/\/www.tim-oesterreich.at\/steirischer-zentralraum\/handbuch-vw-id-3\/#primaryimage"},"image":{"@id":"https:\/\/www.tim-oesterreich.at\/steirischer-zentralraum\/handbuch-vw-id-3\/#primaryimage"},"thumbnailUrl":"https:\/\/www.tim-oesterreich.at\/steirischer-zentralraum\/wp-content\/uploads\/sites\/4\/2020\/10\/schalthebel-bremse.jpg","datePublished":"2022-10-28T10:11:11+00:00","dateModified":"2023-04-05T12:46:18+00:00","breadcrumb":{"@id":"https:\/\/www.tim-oesterreich.at\/steirischer-zentralraum\/handbuch-vw-id-3\/#breadcrumb"},"inLanguage":"de","potentialAction":[{"@type":"ReadAction","target":["https:\/\/www.tim-oesterreich.at\/steirischer-zentralraum\/handbuch-vw-id-3\/"]}]},{"@type":"ImageObject","inLanguage":"de","@id":"https:\/\/www.tim-oesterreich.at\/steirischer-zentralraum\/handbuch-vw-id-3\/#primaryimage","url":"https:\/\/www.tim-oesterreich.at\/steirischer-zentralraum\/wp-content\/uploads\/sites\/4\/2020\/10\/schalthebel-bremse.jpg","contentUrl":"https:\/\/www.tim-oesterreich.at\/steirischer-zentralraum\/wp-content\/uploads\/sites\/4\/2020\/10\/schalthebel-bremse.jpg","width":768,"height":768},{"@type":"BreadcrumbList","@id":"https:\/\/www.tim-oesterreich.at\/steirischer-zentralraum\/handbuch-vw-id-3\/#breadcrumb","itemListElement":[{"@type":"ListItem","position":1,"name":"Startseite","item":"https:\/\/www.tim-oesterreich.at\/steirischer-zentralraum\/"},{"@type":"ListItem","position":2,"name":"Handbuch VW ID.3"}]},{"@type":"WebSite","@id":"https:\/\/www.tim-oesterreich.at\/steirischer-zentralraum\/#website","url":"https:\/\/www.tim-oesterreich.at\/steirischer-zentralraum\/","name":"TIM Steirischer Zentralraum","description":"","potentialAction":[{"@type":"SearchAction","target":{"@type":"EntryPoint","urlTemplate":"https:\/\/www.tim-oesterreich.at\/steirischer-zentralraum\/?s={search_term_string}"},"query-input":{"@type":"PropertyValueSpecification","valueRequired":true,"valueName":"search_term_string"}}],"inLanguage":"de"}]}},"lang":"de","translations":{"de":3050,"en":4119},"pll_sync_post":[],"_links":{"self":[{"href":"https:\/\/www.tim-oesterreich.at\/steirischer-zentralraum\/wp-json\/wp\/v2\/pages\/3050","targetHints":{"allow":["GET"]}}],"collection":[{"href":"https:\/\/www.tim-oesterreich.at\/steirischer-zentralraum\/wp-json\/wp\/v2\/pages"}],"about":[{"href":"https:\/\/www.tim-oesterreich.at\/steirischer-zentralraum\/wp-json\/wp\/v2\/types\/page"}],"author":[{"embeddable":true,"href":"https:\/\/www.tim-oesterreich.at\/steirischer-zentralraum\/wp-json\/wp\/v2\/users\/9"}],"replies":[{"embeddable":true,"href":"https:\/\/www.tim-oesterreich.at\/steirischer-zentralraum\/wp-json\/wp\/v2\/comments?post=3050"}],"version-history":[{"count":7,"href":"https:\/\/www.tim-oesterreich.at\/steirischer-zentralraum\/wp-json\/wp\/v2\/pages\/3050\/revisions"}],"predecessor-version":[{"id":4449,"href":"https:\/\/www.tim-oesterreich.at\/steirischer-zentralraum\/wp-json\/wp\/v2\/pages\/3050\/revisions\/4449"}],"wp:attachment":[{"href":"https:\/\/www.tim-oesterreich.at\/steirischer-zentralraum\/wp-json\/wp\/v2\/media?parent=3050"}],"curies":[{"name":"wp","href":"https:\/\/api.w.org\/{rel}","templated":true}]}}