{"id":2926,"date":"2022-10-28T12:10:43","date_gmt":"2022-10-28T10:10:43","guid":{"rendered":"https:\/\/www.tim-oesterreich.at\/steirischer-zentralraum\/?page_id=2926"},"modified":"2023-11-13T09:05:42","modified_gmt":"2023-11-13T08:05:42","slug":"handbuch-renault-zoe","status":"publish","type":"page","link":"https:\/\/www.tim-oesterreich.at\/steirischer-zentralraum\/handbuch-renault-zoe\/","title":{"rendered":"Handbuch Renault ZOE"},"content":{"rendered":"<h1>Nutzungshinweise<\/h1>\n<h2>Carsharing Fahrzeug &#8211; Renault ZOE<\/h2>\n<div>\n<p style=\"text-align: center\"><a class=\"en-button en-button--large\" style=\"background-color: #00a096\" href=\"#kfz_start\">Fahrzeug starten<\/a><\/p>\n<\/div>\n<div>\n<p style=\"text-align: center\"><a class=\"en-button en-button--large\" style=\"background-color: #00a096\" href=\"#kfz_laden\">Laden des Fahrzeugs<\/a><\/p>\n<\/div>\n<div>\n<p style=\"text-align: center\"><a class=\"en-button en-button--large\" style=\"background-color: #00a096\" href=\"#weitere_hinweise\">Weitere Hinweise<\/a><\/p>\n<\/div>\n<div>\n<p style=\"text-align: center\"><a class=\"en-button en-button--large\" style=\"background-color: #00a096\" href=\"#support\">Support und Sicherheit<\/a><\/p>\n<\/div>\n<div>\n<h1 id=\"kfz_start\"><\/h1>\n<\/div>\n<h3>Fahrzeug starten<\/h3>\n<div>\n<ul>\n<li>Stelle sicher, dass das <strong>Ladekabel entfernt<\/strong> und im Kofferraum des Fahrzeugs verstaut wurde (Siehe <strong>&#8222;Laden des Fahrzeugs&#8220;<\/strong>).<\/li>\n<li>Zum Starten des Fahrzeugs stell den Schalthebel auf die Parkposition <strong>P<\/strong>, tritt fest auf die <strong>Bremse<\/strong> und dru\u0308ck den <strong>Startknopf<\/strong> (Siehe Bild) der sich rechts neben dem Lenkrad befindet.<\/li>\n<\/ul>\n<\/div>\n<p><img width=\"768\" height=\"768\" src=\"https:\/\/www.tim-oesterreich.at\/steirischer-zentralraum\/wp-content\/uploads\/sites\/4\/2020\/10\/schalthebel-bremse.jpg\" class=\"attachment-large size-large\" alt=\"\" decoding=\"async\" loading=\"lazy\" srcset=\"https:\/\/www.tim-oesterreich.at\/steirischer-zentralraum\/wp-content\/uploads\/sites\/4\/2020\/10\/schalthebel-bremse.jpg 768w, https:\/\/www.tim-oesterreich.at\/steirischer-zentralraum\/wp-content\/uploads\/sites\/4\/2020\/10\/schalthebel-bremse-150x150.jpg 150w, https:\/\/www.tim-oesterreich.at\/steirischer-zentralraum\/wp-content\/uploads\/sites\/4\/2020\/10\/schalthebel-bremse-420x420.jpg 420w\" sizes=\"auto, (max-width: 768px) 100vw, 768px\" \/><img width=\"1024\" height=\"768\" src=\"https:\/\/www.tim-oesterreich.at\/steirischer-zentralraum\/wp-content\/uploads\/sites\/4\/2020\/10\/start-stop-knopf-zoe.jpg\" class=\"attachment-large size-large\" alt=\"\" decoding=\"async\" loading=\"lazy\" srcset=\"https:\/\/www.tim-oesterreich.at\/steirischer-zentralraum\/wp-content\/uploads\/sites\/4\/2020\/10\/start-stop-knopf-zoe.jpg 1024w, https:\/\/www.tim-oesterreich.at\/steirischer-zentralraum\/wp-content\/uploads\/sites\/4\/2020\/10\/start-stop-knopf-zoe-840x630.jpg 840w, https:\/\/www.tim-oesterreich.at\/steirischer-zentralraum\/wp-content\/uploads\/sites\/4\/2020\/10\/start-stop-knopf-zoe-768x576.jpg 768w, https:\/\/www.tim-oesterreich.at\/steirischer-zentralraum\/wp-content\/uploads\/sites\/4\/2020\/10\/start-stop-knopf-zoe-560x420.jpg 560w\" sizes=\"auto, (max-width: 1024px) 100vw, 1024px\" \/><\/p>\n<div>\n<ul>\n<li>Stell zum Losfahren den Schalthebel in die Position <strong>D<\/strong> (vorw\u00e4rts) oder <strong>R<\/strong> (r\u00fcckw\u00e4rts) und stell sicher, dass die Handbremse gel\u00f6st ist.<br \/>\nDas Fahrzeug f\u00e4hrt los <strong>sobald du das Bremspedal losl\u00e4sst<\/strong> (ohne auf das Gaspedal zu dr\u00fccken).<\/li>\n<li>Zum Abstellen des Fahrzeugs stell den Schalthebel auf die Position P und dr\u00fcck erneut den Startknopf. Zieh die Handbremse an.<\/li>\n<\/ul>\n<p style=\"text-align: right\"><a class=\"en-button\" href=\"#top\">nach oben<\/a><\/p>\n<\/div>\n<div>\n<h1 id=\"kfz_laden\"><\/h1>\n<\/div>\n<h3>Laden des Fahrzeugs<\/h3>\n<div>\n<ul>\n<li>Bring den Schalthebel in die Position <strong>P<\/strong> und stell die Z\u00fcndung ab.<\/li>\n<li>Nimm das Ladekabel aus dem Kofferraum und schlie\u00df es an die Stromquelle (Lades\u00e4ule) an.<\/li>\n<li>Um den Ladeanschluss des Fahrzeugs zu \u00f6ffnen, dr\u00fcck den Knopf (siehe Bild) links neben dem Lenkrad.<\/li>\n<\/ul>\n<\/div>\n<p><img width=\"1024\" height=\"768\" src=\"https:\/\/www.tim-oesterreich.at\/steirischer-zentralraum\/wp-content\/uploads\/sites\/4\/2020\/10\/ladekabel-zoe.jpg\" class=\"attachment-large size-large\" alt=\"\" decoding=\"async\" loading=\"lazy\" srcset=\"https:\/\/www.tim-oesterreich.at\/steirischer-zentralraum\/wp-content\/uploads\/sites\/4\/2020\/10\/ladekabel-zoe.jpg 1024w, https:\/\/www.tim-oesterreich.at\/steirischer-zentralraum\/wp-content\/uploads\/sites\/4\/2020\/10\/ladekabel-zoe-840x630.jpg 840w, https:\/\/www.tim-oesterreich.at\/steirischer-zentralraum\/wp-content\/uploads\/sites\/4\/2020\/10\/ladekabel-zoe-768x576.jpg 768w, https:\/\/www.tim-oesterreich.at\/steirischer-zentralraum\/wp-content\/uploads\/sites\/4\/2020\/10\/ladekabel-zoe-560x420.jpg 560w\" sizes=\"auto, (max-width: 1024px) 100vw, 1024px\" \/><img width=\"1024\" height=\"768\" src=\"https:\/\/www.tim-oesterreich.at\/steirischer-zentralraum\/wp-content\/uploads\/sites\/4\/2020\/10\/knopf-ladekabel-entriegeln-zoe.jpg\" class=\"attachment-large size-large\" alt=\"\" decoding=\"async\" loading=\"lazy\" srcset=\"https:\/\/www.tim-oesterreich.at\/steirischer-zentralraum\/wp-content\/uploads\/sites\/4\/2020\/10\/knopf-ladekabel-entriegeln-zoe.jpg 1024w, https:\/\/www.tim-oesterreich.at\/steirischer-zentralraum\/wp-content\/uploads\/sites\/4\/2020\/10\/knopf-ladekabel-entriegeln-zoe-840x630.jpg 840w, https:\/\/www.tim-oesterreich.at\/steirischer-zentralraum\/wp-content\/uploads\/sites\/4\/2020\/10\/knopf-ladekabel-entriegeln-zoe-768x576.jpg 768w, https:\/\/www.tim-oesterreich.at\/steirischer-zentralraum\/wp-content\/uploads\/sites\/4\/2020\/10\/knopf-ladekabel-entriegeln-zoe-560x420.jpg 560w\" sizes=\"auto, (max-width: 1024px) 100vw, 1024px\" \/><\/p>\n<div>\n<ul>\n<li>\u00d6ffne die <strong>Klappe<\/strong>, steck das Ladekabel ein und versichere dich, dass dieses <strong>eingerastet<\/strong> ist.<\/li>\n<li>Das Fahrzeug verriegelt das Ladekabel nach dem Stecken. \u00dcberpr\u00fcfe die Verriegelung indem du vorsichtig am Griff des Ladekabels ziehst.<\/li>\n<li>Um den Ladevorgang an der Lades\u00e4ule zu starten, muss diese durch die <strong>Ladekarte im Fahrzeug freigeschaltet<\/strong> werden.<\/li>\n<\/ul>\n<\/div>\n<div>\n<section id=\"_en-mdl--27\" class=\"en-griditem en-mdl en-mdl-text\" data-en-mdl-pool-name=\"default\" data-en-mdl-level=\"2\" data-en-mdl-style=\"default\">\n<div class=\"en-griditem__inner en-mdl-text__inner en-wysiwyg\">\n<h3>Abstecken des Fahrzeugs<\/h3>\n<ul>\n<li>Um den Ladeanschluss des Fahrzeugs zum Wegfahren wieder zu entriegeln, dr\u00fcck wieder den Knopf (siehe Bild bei &#8222;<strong>Laden des Fahrzeugs<\/strong>&#8222;) links neben dem Lenkrad.<\/li>\n<li>Stecke das Ladekabel am Auto und dann an der Lades\u00e4ule ab.<\/li>\n<li>Verstaue das Ladekabel anschlie\u00dfend im Kofferraum und versichere dich, dass das Auto keine Sch\u00e4den aufweist. Bei Sch\u00e4den melde diese unverz\u00fcglich beim tim-Zentralraum-Serviceteam.<\/li>\n<\/ul>\n<\/div>\n<\/section>\n<section id=\"_en-mdl--29\" class=\"en-griditem en-mdl en-mdl-text\" data-en-mdl-pool-name=\"default\" data-en-mdl-level=\"2\" data-en-mdl-style=\"default\">\n<div class=\"en-griditem__inner en-mdl-text__inner en-wysiwyg\"><\/div>\n<\/section>\n<p style=\"text-align: right\"><a class=\"en-button\" href=\"#top\">nach oben<\/a><\/p>\n<\/div>\n<h3>Reifendruck speichern<\/h3>\n<div>\n<h1 id=\"reifendruck_speichern\"><\/h1>\n<div class=\"page\" title=\"Page 4\">\n<div class=\"layoutArea\">\n<p><strong>Beim Aufleuchten der Reifenkontrollleuchte, muss der Reifendruck kontrolliert und anschlie\u00dfend unbedingt gespeichert werden.<\/strong><\/p>\n<ul>\n<li>Zum Speichern verwende den <strong>rechten Hebel hinter dem Lenkrad<\/strong>.<\/li>\n<li>Auf diesem befinden sich auf der <strong>Spitze des Hebels zwei Druckkn\u00f6pfe<\/strong>, mit welchen du anschlie\u00dfend am <strong>Bildschirm<\/strong> hinter dem Lenkrad zur Funktion &#8222;REIFENDRUCK SPEICHERN&#8220; <strong>navigierst<\/strong>.<\/li>\n<li>Zur Initialisierung des Reifendruckes <strong>dr\u00fccke und halte<\/strong> einen der beiden Kn\u00f6pfe f\u00fcr ca. 3 Sekunden.<\/li>\n<li>Anschlie\u00dfend wird die Meldung &#8222;Speichern Reifendruck l\u00e4uft&#8220; angezeigt.<strong><br \/>\n<\/strong><\/li>\n<\/ul>\n<\/div>\n<\/div>\n<p style=\"text-align: right\"><a class=\"en-button\" href=\"#top\">nach oben<\/a><\/p>\n<\/div>\n<div>\n<h1 id=\"weitere_hinweise\"><\/h1>\n<\/div>\n<h3>Weitere Hinweise<\/h3>\n<div>\n<div class=\"page\" title=\"Page 4\">\n<div class=\"layoutArea\">\n<div class=\"column\">\n<p>Beim O\u0308ffnen der Fahrertu\u0308r kann die Meldung <strong>\u201eBitte Chipkarte entfernen\u201c<\/strong> am Fahrzeugdisplay erscheinen und ein begleitender Signalton zu ho\u0308ren sein.<br \/>\nDie Chipkarte ist <strong>fix im Fahrzeug verbaut<\/strong> und kann nicht entfernt werden. Zum Versperren wird ausschlie\u00dflich die tim-Nutzerkarte verwendet.<\/p>\n<p><strong>Die Meldung kannst du daher ignorieren.<\/strong><\/p>\n<\/div>\n<\/div>\n<\/div>\n<p style=\"text-align: right\"><a class=\"en-button\" href=\"#top\">nach oben<\/a><\/p>\n<\/div>\n<div>\n<h1 id=\"support\"><\/h1>\n<\/div>\n<h3>Support und Sicherheit<\/h3>\n<div>\n<ul>\n<li>Bei Fragen zu deinen <strong>Buchungen<\/strong> oder zur <strong>Funktionsweise des Fahrzeugs<\/strong> kannst du das tim-Zentralraum-Team unter folgender Telefonnummer erreichen:<br \/>\n<strong>+43 (0) 316 844 888 200<\/strong><\/li>\n<li>Im Fall einer <strong>Panne<\/strong> oder eines <strong>technischen Gebrechens<\/strong> am Fahrzeug wende dich an den Pannendienst unter: <strong>+43 (0) 800 203 123<\/strong><\/li>\n<li>In <strong>Bedrohlichen Situationen<\/strong> oder bei <strong>Gefahr im Verzug<\/strong> w\u00e4hle unverz\u00fcglich den Notruf!<br \/>\n<strong><span style=\"font-size: large\">Feuerwehr: <span style=\"color: #e85265\">122<\/span><\/span><\/strong><br \/>\n<strong><span style=\"font-size: large\">Polizei: <span style=\"color: #e85265\">133<\/span><\/span><\/strong><br \/>\n<strong><span style=\"font-size: large\">Rettung: <span style=\"color: #e85265\">144<\/span><\/span><\/strong><br \/>\n<strong><span style=\"font-size: large\">Euro-Notruf: <span style=\"color: #e85265\">112<\/span><\/span><\/strong><\/li>\n<\/ul>\n<p style=\"text-align: right\"><a class=\"en-button\" href=\"#top\">nach oben<\/a><\/p>\n<\/div>\n","protected":false},"excerpt":{"rendered":"<p>Nutzungshinweise Carsharing Fahrzeug &#8211; Renault ZOE Fahrzeug starten Laden des Fahrzeugs Weitere Hinweise Support und Sicherheit Fahrzeug starten Stelle sicher, dass das Ladekabel entfernt und im Kofferraum des Fahrzeugs verstaut wurde (Siehe &#8222;Laden des Fahrzeugs&#8220;). Zum Starten des Fahrzeugs stell den Schalthebel auf die Parkposition P, tritt fest auf die Bremse und dru\u0308ck den Startknopf [&hellip;]<\/p>\n","protected":false},"author":9,"featured_media":0,"parent":0,"menu_order":11,"comment_status":"closed","ping_status":"closed","template":"","meta":{"footnotes":""},"class_list":["post-2926","page","type-page","status-publish","hentry"],"acf":[],"yoast_head":"<!-- This site is optimized with the Yoast SEO plugin v26.7 - https:\/\/yoast.com\/wordpress\/plugins\/seo\/ -->\n<title>Handbuch Renault ZOE - TIM Steirischer Zentralraum<\/title>\n<meta name=\"robots\" content=\"index, follow, max-snippet:-1, max-image-preview:large, max-video-preview:-1\" \/>\n<link rel=\"canonical\" href=\"https:\/\/www.tim-oesterreich.at\/steirischer-zentralraum\/handbuch-renault-zoe\/\" \/>\n<meta property=\"og:locale\" content=\"de_DE\" \/>\n<meta property=\"og:type\" content=\"article\" \/>\n<meta property=\"og:title\" content=\"Handbuch Renault ZOE - TIM Steirischer Zentralraum\" \/>\n<meta property=\"og:description\" content=\"Nutzungshinweise Carsharing Fahrzeug &#8211; Renault ZOE Fahrzeug starten Laden des Fahrzeugs Weitere Hinweise Support und Sicherheit Fahrzeug starten Stelle sicher, dass das Ladekabel entfernt und im Kofferraum des Fahrzeugs verstaut wurde (Siehe &#8222;Laden des Fahrzeugs&#8220;). Zum Starten des Fahrzeugs stell den Schalthebel auf die Parkposition P, tritt fest auf die Bremse und dru\u0308ck den Startknopf [&hellip;]\" \/>\n<meta property=\"og:url\" content=\"https:\/\/www.tim-oesterreich.at\/steirischer-zentralraum\/handbuch-renault-zoe\/\" \/>\n<meta property=\"og:site_name\" content=\"TIM Steirischer Zentralraum\" \/>\n<meta property=\"article:modified_time\" content=\"2023-11-13T08:05:42+00:00\" \/>\n<meta property=\"og:image\" content=\"https:\/\/www.tim-oesterreich.at\/steirischer-zentralraum\/wp-content\/uploads\/sites\/4\/2020\/10\/schalthebel-bremse.jpg\" \/>\n<meta name=\"twitter:card\" content=\"summary_large_image\" \/>\n<script type=\"application\/ld+json\" class=\"yoast-schema-graph\">{\"@context\":\"https:\/\/schema.org\",\"@graph\":[{\"@type\":\"WebPage\",\"@id\":\"https:\/\/www.tim-oesterreich.at\/steirischer-zentralraum\/handbuch-renault-zoe\/\",\"url\":\"https:\/\/www.tim-oesterreich.at\/steirischer-zentralraum\/handbuch-renault-zoe\/\",\"name\":\"Handbuch Renault ZOE - TIM Steirischer Zentralraum\",\"isPartOf\":{\"@id\":\"https:\/\/www.tim-oesterreich.at\/steirischer-zentralraum\/#website\"},\"primaryImageOfPage\":{\"@id\":\"https:\/\/www.tim-oesterreich.at\/steirischer-zentralraum\/handbuch-renault-zoe\/#primaryimage\"},\"image\":{\"@id\":\"https:\/\/www.tim-oesterreich.at\/steirischer-zentralraum\/handbuch-renault-zoe\/#primaryimage\"},\"thumbnailUrl\":\"https:\/\/www.tim-oesterreich.at\/steirischer-zentralraum\/wp-content\/uploads\/sites\/4\/2020\/10\/schalthebel-bremse.jpg\",\"datePublished\":\"2022-10-28T10:10:43+00:00\",\"dateModified\":\"2023-11-13T08:05:42+00:00\",\"breadcrumb\":{\"@id\":\"https:\/\/www.tim-oesterreich.at\/steirischer-zentralraum\/handbuch-renault-zoe\/#breadcrumb\"},\"inLanguage\":\"de\",\"potentialAction\":[{\"@type\":\"ReadAction\",\"target\":[\"https:\/\/www.tim-oesterreich.at\/steirischer-zentralraum\/handbuch-renault-zoe\/\"]}]},{\"@type\":\"ImageObject\",\"inLanguage\":\"de\",\"@id\":\"https:\/\/www.tim-oesterreich.at\/steirischer-zentralraum\/handbuch-renault-zoe\/#primaryimage\",\"url\":\"https:\/\/www.tim-oesterreich.at\/steirischer-zentralraum\/wp-content\/uploads\/sites\/4\/2020\/10\/schalthebel-bremse.jpg\",\"contentUrl\":\"https:\/\/www.tim-oesterreich.at\/steirischer-zentralraum\/wp-content\/uploads\/sites\/4\/2020\/10\/schalthebel-bremse.jpg\",\"width\":768,\"height\":768},{\"@type\":\"BreadcrumbList\",\"@id\":\"https:\/\/www.tim-oesterreich.at\/steirischer-zentralraum\/handbuch-renault-zoe\/#breadcrumb\",\"itemListElement\":[{\"@type\":\"ListItem\",\"position\":1,\"name\":\"Startseite\",\"item\":\"https:\/\/www.tim-oesterreich.at\/steirischer-zentralraum\/\"},{\"@type\":\"ListItem\",\"position\":2,\"name\":\"Handbuch Renault ZOE\"}]},{\"@type\":\"WebSite\",\"@id\":\"https:\/\/www.tim-oesterreich.at\/steirischer-zentralraum\/#website\",\"url\":\"https:\/\/www.tim-oesterreich.at\/steirischer-zentralraum\/\",\"name\":\"TIM Steirischer Zentralraum\",\"description\":\"\",\"potentialAction\":[{\"@type\":\"SearchAction\",\"target\":{\"@type\":\"EntryPoint\",\"urlTemplate\":\"https:\/\/www.tim-oesterreich.at\/steirischer-zentralraum\/?s={search_term_string}\"},\"query-input\":{\"@type\":\"PropertyValueSpecification\",\"valueRequired\":true,\"valueName\":\"search_term_string\"}}],\"inLanguage\":\"de\"}]}<\/script>\n<!-- \/ Yoast SEO plugin. -->","yoast_head_json":{"title":"Handbuch Renault ZOE - TIM Steirischer Zentralraum","robots":{"index":"index","follow":"follow","max-snippet":"max-snippet:-1","max-image-preview":"max-image-preview:large","max-video-preview":"max-video-preview:-1"},"canonical":"https:\/\/www.tim-oesterreich.at\/steirischer-zentralraum\/handbuch-renault-zoe\/","og_locale":"de_DE","og_type":"article","og_title":"Handbuch Renault ZOE - TIM Steirischer Zentralraum","og_description":"Nutzungshinweise Carsharing Fahrzeug &#8211; Renault ZOE Fahrzeug starten Laden des Fahrzeugs Weitere Hinweise Support und Sicherheit Fahrzeug starten Stelle sicher, dass das Ladekabel entfernt und im Kofferraum des Fahrzeugs verstaut wurde (Siehe &#8222;Laden des Fahrzeugs&#8220;). Zum Starten des Fahrzeugs stell den Schalthebel auf die Parkposition P, tritt fest auf die Bremse und dru\u0308ck den Startknopf [&hellip;]","og_url":"https:\/\/www.tim-oesterreich.at\/steirischer-zentralraum\/handbuch-renault-zoe\/","og_site_name":"TIM Steirischer Zentralraum","article_modified_time":"2023-11-13T08:05:42+00:00","og_image":[{"url":"https:\/\/www.tim-oesterreich.at\/steirischer-zentralraum\/wp-content\/uploads\/sites\/4\/2020\/10\/schalthebel-bremse.jpg","type":"","width":"","height":""}],"twitter_card":"summary_large_image","schema":{"@context":"https:\/\/schema.org","@graph":[{"@type":"WebPage","@id":"https:\/\/www.tim-oesterreich.at\/steirischer-zentralraum\/handbuch-renault-zoe\/","url":"https:\/\/www.tim-oesterreich.at\/steirischer-zentralraum\/handbuch-renault-zoe\/","name":"Handbuch Renault ZOE - TIM Steirischer Zentralraum","isPartOf":{"@id":"https:\/\/www.tim-oesterreich.at\/steirischer-zentralraum\/#website"},"primaryImageOfPage":{"@id":"https:\/\/www.tim-oesterreich.at\/steirischer-zentralraum\/handbuch-renault-zoe\/#primaryimage"},"image":{"@id":"https:\/\/www.tim-oesterreich.at\/steirischer-zentralraum\/handbuch-renault-zoe\/#primaryimage"},"thumbnailUrl":"https:\/\/www.tim-oesterreich.at\/steirischer-zentralraum\/wp-content\/uploads\/sites\/4\/2020\/10\/schalthebel-bremse.jpg","datePublished":"2022-10-28T10:10:43+00:00","dateModified":"2023-11-13T08:05:42+00:00","breadcrumb":{"@id":"https:\/\/www.tim-oesterreich.at\/steirischer-zentralraum\/handbuch-renault-zoe\/#breadcrumb"},"inLanguage":"de","potentialAction":[{"@type":"ReadAction","target":["https:\/\/www.tim-oesterreich.at\/steirischer-zentralraum\/handbuch-renault-zoe\/"]}]},{"@type":"ImageObject","inLanguage":"de","@id":"https:\/\/www.tim-oesterreich.at\/steirischer-zentralraum\/handbuch-renault-zoe\/#primaryimage","url":"https:\/\/www.tim-oesterreich.at\/steirischer-zentralraum\/wp-content\/uploads\/sites\/4\/2020\/10\/schalthebel-bremse.jpg","contentUrl":"https:\/\/www.tim-oesterreich.at\/steirischer-zentralraum\/wp-content\/uploads\/sites\/4\/2020\/10\/schalthebel-bremse.jpg","width":768,"height":768},{"@type":"BreadcrumbList","@id":"https:\/\/www.tim-oesterreich.at\/steirischer-zentralraum\/handbuch-renault-zoe\/#breadcrumb","itemListElement":[{"@type":"ListItem","position":1,"name":"Startseite","item":"https:\/\/www.tim-oesterreich.at\/steirischer-zentralraum\/"},{"@type":"ListItem","position":2,"name":"Handbuch Renault ZOE"}]},{"@type":"WebSite","@id":"https:\/\/www.tim-oesterreich.at\/steirischer-zentralraum\/#website","url":"https:\/\/www.tim-oesterreich.at\/steirischer-zentralraum\/","name":"TIM Steirischer Zentralraum","description":"","potentialAction":[{"@type":"SearchAction","target":{"@type":"EntryPoint","urlTemplate":"https:\/\/www.tim-oesterreich.at\/steirischer-zentralraum\/?s={search_term_string}"},"query-input":{"@type":"PropertyValueSpecification","valueRequired":true,"valueName":"search_term_string"}}],"inLanguage":"de"}]}},"lang":"de","translations":{"de":2926,"en":4112},"pll_sync_post":[],"_links":{"self":[{"href":"https:\/\/www.tim-oesterreich.at\/steirischer-zentralraum\/wp-json\/wp\/v2\/pages\/2926","targetHints":{"allow":["GET"]}}],"collection":[{"href":"https:\/\/www.tim-oesterreich.at\/steirischer-zentralraum\/wp-json\/wp\/v2\/pages"}],"about":[{"href":"https:\/\/www.tim-oesterreich.at\/steirischer-zentralraum\/wp-json\/wp\/v2\/types\/page"}],"author":[{"embeddable":true,"href":"https:\/\/www.tim-oesterreich.at\/steirischer-zentralraum\/wp-json\/wp\/v2\/users\/9"}],"replies":[{"embeddable":true,"href":"https:\/\/www.tim-oesterreich.at\/steirischer-zentralraum\/wp-json\/wp\/v2\/comments?post=2926"}],"version-history":[{"count":7,"href":"https:\/\/www.tim-oesterreich.at\/steirischer-zentralraum\/wp-json\/wp\/v2\/pages\/2926\/revisions"}],"predecessor-version":[{"id":2949,"href":"https:\/\/www.tim-oesterreich.at\/steirischer-zentralraum\/wp-json\/wp\/v2\/pages\/2926\/revisions\/2949"}],"wp:attachment":[{"href":"https:\/\/www.tim-oesterreich.at\/steirischer-zentralraum\/wp-json\/wp\/v2\/media?parent=2926"}],"curies":[{"name":"wp","href":"https:\/\/api.w.org\/{rel}","templated":true}]}}