{"id":1946,"date":"2022-10-28T14:34:15","date_gmt":"2022-10-28T12:34:15","guid":{"rendered":"https:\/\/www.tim-oesterreich.at\/?page_id=1946"},"modified":"2025-02-10T12:03:54","modified_gmt":"2025-02-10T11:03:54","slug":"datenschutz","status":"publish","type":"page","link":"https:\/\/www.tim-oesterreich.at\/steirischer-zentralraum\/datenschutz\/","title":{"rendered":"Datenschutzhinweis"},"content":{"rendered":"<h1>Datenschutzhinweis<\/h1>\n<div>\n<p>Der Schutz Ihrer Privatsph\u00e4re bei der Nutzung unserer Webseite ist f\u00fcr uns ein wichtiges Anliegen. Deshalb erl\u00e4utert die vorliegende Datenschutzinformation gr\u00fcndlich, welche personenbezogenen Daten von Ihnen bei der Nutzung unseres Internetangebots verarbeitet und wie diese Daten von uns (= Verantwortlicher) gesch\u00fctzt werden. Die Datenverarbeitung erfolgt auf Basis der geltenden gesetzlichen Bestimmungen.<\/p>\n<h3>Zustimmung<\/h3>\n<p>Hier k\u00f6nnen Sie Ihre Cookie Einstellungen einsehen und \u00e4ndern:<\/p>\n\n<p>&nbsp;<\/p>\n<p><strong>Verantwortliche der Datenverarbeitung: <\/strong><\/p>\n<p>Gemeinde Hart bei Graz<br \/>\nMarktgemeinde Lieboch<br \/>\nMarktgemeinde Lassnitzh\u00f6he<br \/>\nGemeinde Nestelbach bei Graz<br \/>\nMarktgemeinde Premst\u00e4tten<br \/>\nGemeinde S\u00f6ding-St.Johann<br \/>\nStadtwerke Voitsberg<br \/>\nStadtwerke K\u00f6flach<br \/>\nStadtgemeinde B\u00e4rnbach<br \/>\nMarktgemeinde Gratwein-Strassengel<br \/>\nGemeinde Stattegg<br \/>\nMarktgemeinde Feldkirchen bei Graz<br \/>\nGemeinde Fernitz-Mellach<br \/>\nMarktgemeinde Gratkorn<\/p>\n<p><strong>Datenschutzerkl\u00e4rung: <\/strong><\/p>\n<\/div>\n<p><img width=\"412\" height=\"412\" src=\"https:\/\/www.tim-oesterreich.at\/steirischer-zentralraum\/wp-content\/uploads\/sites\/4\/2020\/02\/hart.png\" class=\"attachment-large size-large\" alt=\"Wappen der Gemeinde Hart bei Graz\" decoding=\"async\" loading=\"lazy\" \/><\/p>\n<div>\n<div style=\"text-align: center\">\n<p><a class=\"en-button\" href=\"https:\/\/www.hartbeigraz.at\/Service\/Datenschutz\" target=\"_blank\" rel=\"noopener\">Hart bei Graz<\/a><\/p>\n<\/div>\n<\/div>\n<p><img width=\"412\" height=\"412\" src=\"https:\/\/www.tim-oesterreich.at\/steirischer-zentralraum\/wp-content\/uploads\/sites\/4\/2020\/02\/lieboch.png\" class=\"attachment-large size-large\" alt=\"Wappen der Gemeinde Lieboch\" decoding=\"async\" loading=\"lazy\" \/><\/p>\n<div>\n<div style=\"text-align: center\">\n<p><a class=\"en-button\" href=\"https:\/\/lieboch.gv.at\/sites\/datenschutzerklaerung\" target=\"_blank\" rel=\"noopener\">Lieboch<\/a><\/p>\n<\/div>\n<\/div>\n<p><img width=\"412\" height=\"412\" src=\"https:\/\/www.tim-oesterreich.at\/steirischer-zentralraum\/wp-content\/uploads\/sites\/4\/2020\/02\/lasznitzhoehe.png\" class=\"attachment-large size-large\" alt=\"Wappen der Gemeinde La\u00dfnitzh\u00f6he\" decoding=\"async\" loading=\"lazy\" \/><\/p>\n<div>\n<div style=\"text-align: center\">\n<p><a class=\"en-button\" href=\"https:\/\/www.lassnitzhoehe.gv.at\/datenschutz-und-nutzungsbedingungen\/\" target=\"_blank\" rel=\"noopener\">La\u00dfnitzh\u00f6he<\/a><\/p>\n<\/div>\n<\/div>\n<p><img width=\"412\" height=\"412\" src=\"https:\/\/www.tim-oesterreich.at\/steirischer-zentralraum\/wp-content\/uploads\/sites\/4\/2020\/02\/premstaetten.png\" class=\"attachment-large size-large\" alt=\"Wappen der Gemeinde Premst\u00e4tten\" decoding=\"async\" loading=\"lazy\" \/><\/p>\n<div>\n<div style=\"text-align: center\">\n<p><a class=\"en-button\" href=\"https:\/\/www.premstaetten.gv.at\/datenschutz\/\" target=\"_blank\" rel=\"noopener\">Premst\u00e4tten<\/a><\/p>\n<\/div>\n<\/div>\n<p><img width=\"412\" height=\"412\" src=\"https:\/\/www.tim-oesterreich.at\/steirischer-zentralraum\/wp-content\/uploads\/sites\/4\/2020\/02\/voitsberg.png\" class=\"attachment-large size-large\" alt=\"Wappen der Gemeinde Voitsberg\" decoding=\"async\" loading=\"lazy\" \/><\/p>\n<div>\n<div style=\"text-align: center\">\n<p><a class=\"en-button\" href=\"https:\/\/www.stadtwerke-voitsberg.at\/datenschutz\" target=\"_blank\" rel=\"noopener\">Voitsberg<\/a><\/p>\n<\/div>\n<\/div>\n<p><img width=\"412\" height=\"412\" src=\"https:\/\/www.tim-oesterreich.at\/steirischer-zentralraum\/wp-content\/uploads\/sites\/4\/2020\/02\/koeflach.png\" class=\"attachment-large size-large\" alt=\"Wappen der Gemeinde K\u00f6flach\" decoding=\"async\" loading=\"lazy\" \/><\/p>\n<div>\n<div style=\"text-align: center\">\n<p><a class=\"en-button\" href=\"https:\/\/www.stadtwerke-koeflach.at\/impressum\" target=\"_blank\" rel=\"noopener\">K\u00f6flach<\/a><\/p>\n<\/div>\n<\/div>\n<p><img width=\"412\" height=\"412\" src=\"https:\/\/www.tim-oesterreich.at\/steirischer-zentralraum\/wp-content\/uploads\/sites\/4\/2020\/02\/baernbach.png\" class=\"attachment-large size-large\" alt=\"Wappen der Gemeinde B\u00e4rnbach\" decoding=\"async\" loading=\"lazy\" \/><\/p>\n<div>\n<div style=\"text-align: center\">\n<p><a class=\"en-button\" href=\"https:\/\/www.baernbach.gv.at\/index.php\/kontakt\/datenschutzerklaerung\" target=\"_blank\" rel=\"noopener\">B\u00e4rnbach<\/a><\/p>\n<\/div>\n<\/div>\n<p><img width=\"412\" height=\"412\" src=\"https:\/\/www.tim-oesterreich.at\/steirischer-zentralraum\/wp-content\/uploads\/sites\/4\/2020\/02\/stattegg.png\" class=\"attachment-large size-large\" alt=\"Wappen der Gemeinde Stattegg\" decoding=\"async\" loading=\"lazy\" srcset=\"https:\/\/www.tim-oesterreich.at\/steirischer-zentralraum\/wp-content\/uploads\/sites\/4\/2020\/02\/stattegg.png 412w, https:\/\/www.tim-oesterreich.at\/steirischer-zentralraum\/wp-content\/uploads\/sites\/4\/2020\/02\/stattegg-150x150.png 150w\" sizes=\"auto, (max-width: 412px) 100vw, 412px\" \/><\/p>\n<div>\n<div style=\"text-align: center\">\n<p><a class=\"en-button\" href=\"https:\/\/www.stattegg.eu\/de\/datenschutz\/\" target=\"_blank\" rel=\"noopener\">Stattegg<\/a><\/p>\n<\/div>\n<\/div>\n<p><img width=\"412\" height=\"412\" src=\"https:\/\/www.tim-oesterreich.at\/steirischer-zentralraum\/wp-content\/uploads\/sites\/4\/2020\/02\/nestelbach.png\" class=\"attachment-large size-large\" alt=\"Wappen der Gemeinde Nestelbach bei Graz\" decoding=\"async\" loading=\"lazy\" \/><\/p>\n<div>\n<div style=\"text-align: center\">\n<p><a class=\"en-button\" href=\"https:\/\/www.nestelbach-graz.gv.at\/datenschutz-und-nutzungsbedingungen\/\" target=\"_blank\" rel=\"noopener\">Nestelbach bei Graz<\/a><\/p>\n<\/div>\n<\/div>\n<p><img width=\"412\" height=\"412\" src=\"https:\/\/www.tim-oesterreich.at\/steirischer-zentralraum\/wp-content\/uploads\/sites\/4\/2020\/02\/soeding-st-johann_neu.png\" class=\"attachment-large size-large\" alt=\"Wappen der Gemeinde S\u00f6ding-Sankt Johann\" decoding=\"async\" loading=\"lazy\" srcset=\"https:\/\/www.tim-oesterreich.at\/steirischer-zentralraum\/wp-content\/uploads\/sites\/4\/2020\/02\/soeding-st-johann_neu.png 412w, https:\/\/www.tim-oesterreich.at\/steirischer-zentralraum\/wp-content\/uploads\/sites\/4\/2020\/02\/soeding-st-johann_neu-150x150.png 150w\" sizes=\"auto, (max-width: 412px) 100vw, 412px\" \/><\/p>\n<div>\n<div style=\"text-align: center\">\n<p><a class=\"en-button\" href=\"http:\/\/www.soeding-st-johann.gv.at\/Impressum.184.0.html?&amp;cHash=4e71998b74aef87a5d3a17664d0e1f35&amp;tx_ttnews%5Bpointer%5D=35\" target=\"_blank\" rel=\"noopener\">S\u00f6ding-St. Johann<\/a><\/p>\n<\/div>\n<\/div>\n<p><img width=\"412\" height=\"412\" src=\"https:\/\/www.tim-oesterreich.at\/steirischer-zentralraum\/wp-content\/uploads\/sites\/4\/2020\/02\/gratwein-straszengel.png\" class=\"attachment-large size-large\" alt=\"Wappen der Gemeinde Gratwein\/Stra\u00dfengel\" decoding=\"async\" loading=\"lazy\" \/><\/p>\n<div>\n<div style=\"text-align: center\">\n<p><a class=\"en-button\" href=\"https:\/\/gratwein-strassengel.gv.at\/datenschutz\" target=\"_blank\" rel=\"noopener\">Gratwein-Stra\u00dfengel<\/a><\/p>\n<\/div>\n<\/div>\n<p><img width=\"412\" height=\"412\" src=\"https:\/\/www.tim-oesterreich.at\/steirischer-zentralraum\/wp-content\/uploads\/sites\/4\/2022\/02\/feldkrichen-wappen.png\" class=\"attachment-large size-large\" alt=\"\" decoding=\"async\" loading=\"lazy\" srcset=\"https:\/\/www.tim-oesterreich.at\/steirischer-zentralraum\/wp-content\/uploads\/sites\/4\/2022\/02\/feldkrichen-wappen.png 412w, https:\/\/www.tim-oesterreich.at\/steirischer-zentralraum\/wp-content\/uploads\/sites\/4\/2022\/02\/feldkrichen-wappen-150x150.png 150w\" sizes=\"auto, (max-width: 412px) 100vw, 412px\" \/><\/p>\n<div>\n<div style=\"text-align: center\">\n<p><a class=\"en-button\" href=\"https:\/\/www.feldkirchen-graz.at\/index.php\/startseite\/datenschutzerklaerung\" target=\"_blank\" rel=\"noopener\">Feldkirchen bei Graz<\/a><\/p>\n<\/div>\n<\/div>\n<p><img width=\"412\" height=\"412\" src=\"https:\/\/www.tim-oesterreich.at\/steirischer-zentralraum\/wp-content\/uploads\/sites\/4\/2023\/04\/fernitz-mellach-wappen.png\" class=\"attachment-large size-large\" alt=\"\" decoding=\"async\" loading=\"lazy\" srcset=\"https:\/\/www.tim-oesterreich.at\/steirischer-zentralraum\/wp-content\/uploads\/sites\/4\/2023\/04\/fernitz-mellach-wappen.png 412w, https:\/\/www.tim-oesterreich.at\/steirischer-zentralraum\/wp-content\/uploads\/sites\/4\/2023\/04\/fernitz-mellach-wappen-150x150.png 150w\" sizes=\"auto, (max-width: 412px) 100vw, 412px\" \/><\/p>\n<div>\n<div style=\"text-align: center\">\n<p><a class=\"en-button\" href=\"https:\/\/www.fernitz-mellach.gv.at\/index.php\" target=\"_blank\" rel=\"noopener\">Fernitz-Mellach<\/a><\/p>\n<\/div>\n<\/div>\n<p><img width=\"412\" height=\"412\" src=\"https:\/\/www.tim-oesterreich.at\/steirischer-zentralraum\/wp-content\/uploads\/sites\/4\/2022\/10\/gratkorn-wappen.png\" class=\"attachment-large size-large\" alt=\"\" decoding=\"async\" loading=\"lazy\" srcset=\"https:\/\/www.tim-oesterreich.at\/steirischer-zentralraum\/wp-content\/uploads\/sites\/4\/2022\/10\/gratkorn-wappen.png 412w, https:\/\/www.tim-oesterreich.at\/steirischer-zentralraum\/wp-content\/uploads\/sites\/4\/2022\/10\/gratkorn-wappen-150x150.png 150w\" sizes=\"auto, (max-width: 412px) 100vw, 412px\" \/><\/p>\n<div>\n<div style=\"text-align: center\">\n<p><a class=\"en-button\" href=\"https:\/\/www.gratkorn.gv.at\/j\/privacy\" target=\"_blank\" rel=\"noopener\">Gratkorn<\/a><\/p>\n<\/div>\n<\/div>\n","protected":false},"excerpt":{"rendered":"<p>Datenschutzhinweis Der Schutz Ihrer Privatsph\u00e4re bei der Nutzung unserer Webseite ist f\u00fcr uns ein wichtiges Anliegen. Deshalb erl\u00e4utert die vorliegende Datenschutzinformation gr\u00fcndlich, welche personenbezogenen Daten von Ihnen bei der Nutzung unseres Internetangebots verarbeitet und wie diese Daten von uns (= Verantwortlicher) gesch\u00fctzt werden. Die Datenverarbeitung erfolgt auf Basis der geltenden gesetzlichen Bestimmungen. Zustimmung Hier k\u00f6nnen [&hellip;]<\/p>\n","protected":false},"author":1,"featured_media":0,"parent":0,"menu_order":6,"comment_status":"closed","ping_status":"closed","template":"","meta":{"footnotes":""},"class_list":["post-1946","page","type-page","status-publish","hentry"],"acf":[],"yoast_head":"<!-- This site is optimized with the Yoast SEO plugin v26.7 - https:\/\/yoast.com\/wordpress\/plugins\/seo\/ -->\n<title>Datenschutzhinweis - TIM Steirischer Zentralraum<\/title>\n<meta name=\"robots\" content=\"index, follow, max-snippet:-1, max-image-preview:large, max-video-preview:-1\" \/>\n<link rel=\"canonical\" href=\"https:\/\/www.tim-oesterreich.at\/steirischer-zentralraum\/datenschutz\/\" \/>\n<meta property=\"og:locale\" content=\"de_DE\" \/>\n<meta property=\"og:type\" content=\"article\" \/>\n<meta property=\"og:title\" content=\"Datenschutzhinweis - TIM Steirischer Zentralraum\" \/>\n<meta property=\"og:description\" content=\"Datenschutzhinweis Der Schutz Ihrer Privatsph\u00e4re bei der Nutzung unserer Webseite ist f\u00fcr uns ein wichtiges Anliegen. Deshalb erl\u00e4utert die vorliegende Datenschutzinformation gr\u00fcndlich, welche personenbezogenen Daten von Ihnen bei der Nutzung unseres Internetangebots verarbeitet und wie diese Daten von uns (= Verantwortlicher) gesch\u00fctzt werden. Die Datenverarbeitung erfolgt auf Basis der geltenden gesetzlichen Bestimmungen. Zustimmung Hier k\u00f6nnen [&hellip;]\" \/>\n<meta property=\"og:url\" content=\"https:\/\/www.tim-oesterreich.at\/steirischer-zentralraum\/datenschutz\/\" \/>\n<meta property=\"og:site_name\" content=\"TIM Steirischer Zentralraum\" \/>\n<meta property=\"article:modified_time\" content=\"2025-02-10T11:03:54+00:00\" \/>\n<meta property=\"og:image\" content=\"https:\/\/www.tim-oesterreich.at\/steirischer-zentralraum\/wp-content\/uploads\/sites\/4\/2020\/02\/hart.png\" \/>\n<meta name=\"twitter:card\" content=\"summary_large_image\" \/>\n<script type=\"application\/ld+json\" class=\"yoast-schema-graph\">{\"@context\":\"https:\/\/schema.org\",\"@graph\":[{\"@type\":\"WebPage\",\"@id\":\"https:\/\/www.tim-oesterreich.at\/steirischer-zentralraum\/datenschutz\/\",\"url\":\"https:\/\/www.tim-oesterreich.at\/steirischer-zentralraum\/datenschutz\/\",\"name\":\"Datenschutzhinweis - TIM Steirischer Zentralraum\",\"isPartOf\":{\"@id\":\"https:\/\/www.tim-oesterreich.at\/steirischer-zentralraum\/#website\"},\"primaryImageOfPage\":{\"@id\":\"https:\/\/www.tim-oesterreich.at\/steirischer-zentralraum\/datenschutz\/#primaryimage\"},\"image\":{\"@id\":\"https:\/\/www.tim-oesterreich.at\/steirischer-zentralraum\/datenschutz\/#primaryimage\"},\"thumbnailUrl\":\"https:\/\/www.tim-oesterreich.at\/steirischer-zentralraum\/wp-content\/uploads\/sites\/4\/2020\/02\/hart.png\",\"datePublished\":\"2022-10-28T12:34:15+00:00\",\"dateModified\":\"2025-02-10T11:03:54+00:00\",\"breadcrumb\":{\"@id\":\"https:\/\/www.tim-oesterreich.at\/steirischer-zentralraum\/datenschutz\/#breadcrumb\"},\"inLanguage\":\"de\",\"potentialAction\":[{\"@type\":\"ReadAction\",\"target\":[\"https:\/\/www.tim-oesterreich.at\/steirischer-zentralraum\/datenschutz\/\"]}]},{\"@type\":\"ImageObject\",\"inLanguage\":\"de\",\"@id\":\"https:\/\/www.tim-oesterreich.at\/steirischer-zentralraum\/datenschutz\/#primaryimage\",\"url\":\"https:\/\/www.tim-oesterreich.at\/steirischer-zentralraum\/wp-content\/uploads\/sites\/4\/2020\/02\/hart.png\",\"contentUrl\":\"https:\/\/www.tim-oesterreich.at\/steirischer-zentralraum\/wp-content\/uploads\/sites\/4\/2020\/02\/hart.png\",\"width\":412,\"height\":412,\"caption\":\"Wappen der Gemeinde Hart bei Graz\"},{\"@type\":\"BreadcrumbList\",\"@id\":\"https:\/\/www.tim-oesterreich.at\/steirischer-zentralraum\/datenschutz\/#breadcrumb\",\"itemListElement\":[{\"@type\":\"ListItem\",\"position\":1,\"name\":\"Startseite\",\"item\":\"https:\/\/www.tim-oesterreich.at\/steirischer-zentralraum\/\"},{\"@type\":\"ListItem\",\"position\":2,\"name\":\"Datenschutzhinweis\"}]},{\"@type\":\"WebSite\",\"@id\":\"https:\/\/www.tim-oesterreich.at\/steirischer-zentralraum\/#website\",\"url\":\"https:\/\/www.tim-oesterreich.at\/steirischer-zentralraum\/\",\"name\":\"TIM Steirischer Zentralraum\",\"description\":\"\",\"potentialAction\":[{\"@type\":\"SearchAction\",\"target\":{\"@type\":\"EntryPoint\",\"urlTemplate\":\"https:\/\/www.tim-oesterreich.at\/steirischer-zentralraum\/?s={search_term_string}\"},\"query-input\":{\"@type\":\"PropertyValueSpecification\",\"valueRequired\":true,\"valueName\":\"search_term_string\"}}],\"inLanguage\":\"de\"}]}<\/script>\n<!-- \/ Yoast SEO plugin. -->","yoast_head_json":{"title":"Datenschutzhinweis - TIM Steirischer Zentralraum","robots":{"index":"index","follow":"follow","max-snippet":"max-snippet:-1","max-image-preview":"max-image-preview:large","max-video-preview":"max-video-preview:-1"},"canonical":"https:\/\/www.tim-oesterreich.at\/steirischer-zentralraum\/datenschutz\/","og_locale":"de_DE","og_type":"article","og_title":"Datenschutzhinweis - TIM Steirischer Zentralraum","og_description":"Datenschutzhinweis Der Schutz Ihrer Privatsph\u00e4re bei der Nutzung unserer Webseite ist f\u00fcr uns ein wichtiges Anliegen. Deshalb erl\u00e4utert die vorliegende Datenschutzinformation gr\u00fcndlich, welche personenbezogenen Daten von Ihnen bei der Nutzung unseres Internetangebots verarbeitet und wie diese Daten von uns (= Verantwortlicher) gesch\u00fctzt werden. Die Datenverarbeitung erfolgt auf Basis der geltenden gesetzlichen Bestimmungen. Zustimmung Hier k\u00f6nnen [&hellip;]","og_url":"https:\/\/www.tim-oesterreich.at\/steirischer-zentralraum\/datenschutz\/","og_site_name":"TIM Steirischer Zentralraum","article_modified_time":"2025-02-10T11:03:54+00:00","og_image":[{"url":"https:\/\/www.tim-oesterreich.at\/steirischer-zentralraum\/wp-content\/uploads\/sites\/4\/2020\/02\/hart.png","type":"","width":"","height":""}],"twitter_card":"summary_large_image","schema":{"@context":"https:\/\/schema.org","@graph":[{"@type":"WebPage","@id":"https:\/\/www.tim-oesterreich.at\/steirischer-zentralraum\/datenschutz\/","url":"https:\/\/www.tim-oesterreich.at\/steirischer-zentralraum\/datenschutz\/","name":"Datenschutzhinweis - TIM Steirischer Zentralraum","isPartOf":{"@id":"https:\/\/www.tim-oesterreich.at\/steirischer-zentralraum\/#website"},"primaryImageOfPage":{"@id":"https:\/\/www.tim-oesterreich.at\/steirischer-zentralraum\/datenschutz\/#primaryimage"},"image":{"@id":"https:\/\/www.tim-oesterreich.at\/steirischer-zentralraum\/datenschutz\/#primaryimage"},"thumbnailUrl":"https:\/\/www.tim-oesterreich.at\/steirischer-zentralraum\/wp-content\/uploads\/sites\/4\/2020\/02\/hart.png","datePublished":"2022-10-28T12:34:15+00:00","dateModified":"2025-02-10T11:03:54+00:00","breadcrumb":{"@id":"https:\/\/www.tim-oesterreich.at\/steirischer-zentralraum\/datenschutz\/#breadcrumb"},"inLanguage":"de","potentialAction":[{"@type":"ReadAction","target":["https:\/\/www.tim-oesterreich.at\/steirischer-zentralraum\/datenschutz\/"]}]},{"@type":"ImageObject","inLanguage":"de","@id":"https:\/\/www.tim-oesterreich.at\/steirischer-zentralraum\/datenschutz\/#primaryimage","url":"https:\/\/www.tim-oesterreich.at\/steirischer-zentralraum\/wp-content\/uploads\/sites\/4\/2020\/02\/hart.png","contentUrl":"https:\/\/www.tim-oesterreich.at\/steirischer-zentralraum\/wp-content\/uploads\/sites\/4\/2020\/02\/hart.png","width":412,"height":412,"caption":"Wappen der Gemeinde Hart bei Graz"},{"@type":"BreadcrumbList","@id":"https:\/\/www.tim-oesterreich.at\/steirischer-zentralraum\/datenschutz\/#breadcrumb","itemListElement":[{"@type":"ListItem","position":1,"name":"Startseite","item":"https:\/\/www.tim-oesterreich.at\/steirischer-zentralraum\/"},{"@type":"ListItem","position":2,"name":"Datenschutzhinweis"}]},{"@type":"WebSite","@id":"https:\/\/www.tim-oesterreich.at\/steirischer-zentralraum\/#website","url":"https:\/\/www.tim-oesterreich.at\/steirischer-zentralraum\/","name":"TIM Steirischer Zentralraum","description":"","potentialAction":[{"@type":"SearchAction","target":{"@type":"EntryPoint","urlTemplate":"https:\/\/www.tim-oesterreich.at\/steirischer-zentralraum\/?s={search_term_string}"},"query-input":{"@type":"PropertyValueSpecification","valueRequired":true,"valueName":"search_term_string"}}],"inLanguage":"de"}]}},"lang":"de","translations":{"de":1946,"en":4101},"pll_sync_post":[],"_links":{"self":[{"href":"https:\/\/www.tim-oesterreich.at\/steirischer-zentralraum\/wp-json\/wp\/v2\/pages\/1946","targetHints":{"allow":["GET"]}}],"collection":[{"href":"https:\/\/www.tim-oesterreich.at\/steirischer-zentralraum\/wp-json\/wp\/v2\/pages"}],"about":[{"href":"https:\/\/www.tim-oesterreich.at\/steirischer-zentralraum\/wp-json\/wp\/v2\/types\/page"}],"author":[{"embeddable":true,"href":"https:\/\/www.tim-oesterreich.at\/steirischer-zentralraum\/wp-json\/wp\/v2\/users\/1"}],"replies":[{"embeddable":true,"href":"https:\/\/www.tim-oesterreich.at\/steirischer-zentralraum\/wp-json\/wp\/v2\/comments?post=1946"}],"version-history":[{"count":8,"href":"https:\/\/www.tim-oesterreich.at\/steirischer-zentralraum\/wp-json\/wp\/v2\/pages\/1946\/revisions"}],"predecessor-version":[{"id":5056,"href":"https:\/\/www.tim-oesterreich.at\/steirischer-zentralraum\/wp-json\/wp\/v2\/pages\/1946\/revisions\/5056"}],"wp:attachment":[{"href":"https:\/\/www.tim-oesterreich.at\/steirischer-zentralraum\/wp-json\/wp\/v2\/media?parent=1946"}],"curies":[{"name":"wp","href":"https:\/\/api.w.org\/{rel}","templated":true}]}}