{"id":846,"date":"2022-10-31T09:39:34","date_gmt":"2022-10-31T08:39:34","guid":{"rendered":"https:\/\/www.tim-oesterreich.at\/?page_id=846"},"modified":"2021-04-15T13:39:55","modified_gmt":"2021-04-15T11:39:55","slug":"autos","status":"publish","type":"page","link":"https:\/\/www.tim-oesterreich.at\/linz\/autos\/","title":{"rendered":"Autos"},"content":{"rendered":"<h2>Autos<\/h2>\n<p><>Carsharing und Mietwagen<\/><\/p>\n<div>\n<p>Ob kurzer Shoppingtrip, Einkauf im M\u00f6belhaus oder Wochenendausflug mit Freunden \u2013 <strong>mit tim bist du in jeder Situation flexibel unterwegs!<\/strong><\/p>\n<\/div>\n<ul>\n<li>\n<h3><strong>Car<\/strong>Sharing<\/h3>\n<div>\n<ul>\n<li>optimal f\u00fcr einen kurzen Zeitraum!<\/li>\n<li>ab <strong>5\u00a0\u20ac<\/strong>\/Stunde<\/li>\n<li><strong>VW ID.3, VW e-Golf<\/strong>\u00a0und\u00a0<strong>Skoda Fabia Combi<\/strong> zur Auswahl<\/li>\n<\/ul>\n<\/div>\n<\/li>\n<li>\n<h3><strong>Miet<\/strong>wagen<\/h3>\n<div>\n<ul>\n<li>optimal f\u00fcr einen kurzen Zeitraum!<\/li>\n<li>ab <strong>5 \u20ac<\/strong>\/Stunde<\/li>\n<li><strong>VW ID.3, VW e-Golf<\/strong> und <strong>Skoda Octavia Combi <\/strong>zur Auswahl<strong><br \/>\n<\/strong><\/li>\n<\/ul>\n<\/div>\n<\/li>\n<\/ul>\n<h2>Carsharing<\/h2>\n<div>\n<p>Wusstest du, dass bei mehrt\u00e4gigen Buchungen, ein tim\u2013Mietwagen billiger ist als ein (e-)Carsharingauto?<\/p>\n<\/div>\n<div>\n<h3>Noch Fragen?<\/h3>\n<p>Wenn du mehr erfahren willst, wirf einen Blick in unsere <a href=\"https:\/\/www.tim-oesterreich.at\/linz\/faq\/\">FAQ<\/a>.<br \/>\nVideos, die viele deiner Fragen beantworten, gibt es <a href=\"https:\/\/www.tim-oesterreich.at\/linz\/videos-so-funktioniert-tim\/\" target=\"_blank\" rel=\"noopener\">hier<\/a>!<\/p>\n<\/div>\n<h3>VW ID.3<\/h3>\n<div>\n<div>Das optisch ansprechende und brandneue Fahrzeug von VW bietet dir noch mehr Flexibilit\u00e4t bei deinen individuellen Fahrten.<\/div>\n<p>Einmal voll aufgeladen, legst du mit ihm bis zu 420 Kilometer zur\u00fcck!<\/p>\n<\/div>\n<p><a href=\"https:\/\/bp.tim-linz.at\">Auto buchen<\/a> <a href=\"https:\/\/www.tim-oesterreich.at\/linz\/wp-content\/uploads\/sites\/3\/2021\/04\/tim_carsharing-preise.pdf\">Carsharing Tarife<\/a> <\/p>\n<dl>\n<dt>ab<\/dt>\n<dd><span class=\"en-price__unit\">\u20ac<\/span>5<\/dd>\n<\/dl>\n<h3>VW e-GOLF<\/h3>\n<div>\n<p>Vor allem auf kurzen Strecken ist unser e-Golf wie geschaffen f\u00fcr dich. Er kombiniert beide Welten, klassisches Design und innovativen e-Antrieb. So l\u00e4sst keine W\u00fcnsche offen.<\/p>\n<\/div>\n<p><a href=\"https:\/\/bp.tim-linz.at\">Auto buchen<\/a> <a href=\"https:\/\/www.tim-oesterreich.at\/linz\/wp-content\/uploads\/sites\/3\/2021\/04\/tim_carsharing-preise.pdf\">Carsharing Tarife<\/a> <\/p>\n<dl>\n<dt>ab<\/dt>\n<dd><span class=\"en-price__unit\">\u20ac<\/span>5<\/dd>\n<\/dl>\n<h3>SKODA FABIA COMBI<\/h3>\n<div>\n<p>Viele durchdachte Features, mit denen Du noch sicherer und noch komfortabler unterwegs bist. Der &#8222;Skoda Fabia Combi&#8220; macht intelligente Mobilit\u00e4t zum echten Kinderspiel.<\/p>\n<\/div>\n<p><a href=\"https:\/\/bp.tim-linz.at\">Auto buchen<\/a> <a href=\"https:\/\/www.tim-oesterreich.at\/linz\/wp-content\/uploads\/sites\/3\/2019\/09\/einseitig_carsharing_preise.pdf\">Carsharing Tarife<\/a> <\/p>\n<dl>\n<dt>ab<\/dt>\n<dd><span class=\"en-price__unit\">\u20ac<\/span>5<\/dd>\n<\/dl>\n<h3>PEUGEOT TRANSPORTER<\/h3>\n<div>\n<p>Du musst etwas Gr\u00f6\u00dferes transportieren? Kein Problem \u2013 der Laderaum des &#8222;Peugeot Transporters&#8220; misst L 190cm x B 125cm x H 140cm.<\/p>\n<\/div>\n<p><a href=\"https:\/\/bp.tim-linz.at\">Auto buchen<\/a> <a href=\"https:\/\/www.tim-oesterreich.at\/graz\/wp-content\/uploads\/sites\/2\/2019\/03\/tim_tarfininfo_2019_a4-120319.pdf\">Carsharing Tarife<\/a> <\/p>\n<dl>\n<dt>ab<\/dt>\n<dd><span class=\"en-price__unit\">\u20ac<\/span>4<\/dd>\n<\/dl>\n<h2>Mietwagen<\/h2>\n<div>\n<p>Wusstest du, dass bei Buchungen \u00fcber mehrere Tage, ein tim\u2013Mietwagen billiger ist als ein (e-)Carsharingauto?<\/p>\n<\/div>\n<div>\n<h3>Noch Fragen?<\/h3>\n<p>Wenn du mehr erfahren willst, wirf einen Blick in unsere <a href=\"https:\/\/www.tim-oesterreich.at\/linz\/faq\/\">FAQ<\/a>.<br \/>\nVideos, die viele deiner Fragen beantworten, gibt es <a href=\"https:\/\/www.tim-oesterreich.at\/linz\/videos-so-funktioniert-tim\/\" target=\"_blank\" rel=\"noopener\">hier<\/a>!<\/p>\n<\/div>\n<h3>SKODA OCTAVIA COMBI<\/h3>\n<div>\n<p>Der &#8222;Skoda Octavia Combi&#8220; ist dein idealer Begleiter, wenn du h\u00f6chsten Komfort und Fahrspa\u00df suchst. Und in seinem Kofferraum findest du genug Platz!<\/p>\n<\/div>\n<p><a href=\"https:\/\/bp.tim-linz.at\">Auto buchen<\/a> <a href=\"https:\/\/www.tim-oesterreich.at\/linz\/wp-content\/uploads\/sites\/3\/2021\/04\/tim_mietwagen-preise.pdf\">Mietwagen Tarife<\/a> <\/p>\n<dl>\n<dt>ab<\/dt>\n<dd><span class=\"en-price__unit\">\u20ac<\/span>85<\/dd>\n<\/dl>\n","protected":false},"excerpt":{"rendered":"<p>Autos Carsharing und Mietwagen Ob kurzer Shoppingtrip, Einkauf im M\u00f6belhaus oder Wochenendausflug mit Freunden \u2013 mit tim bist du in jeder Situation flexibel unterwegs! CarSharing optimal f\u00fcr einen kurzen Zeitraum! ab 5\u00a0\u20ac\/Stunde VW ID.3, VW e-Golf\u00a0und\u00a0Skoda Fabia Combi zur Auswahl Mietwagen optimal f\u00fcr einen kurzen Zeitraum! ab 5 \u20ac\/Stunde VW ID.3, VW e-Golf und Skoda [&hellip;]<\/p>\n","protected":false},"author":7,"featured_media":0,"parent":0,"menu_order":4,"comment_status":"closed","ping_status":"closed","template":"","meta":{"footnotes":""},"class_list":["post-846","page","type-page","status-publish","hentry"],"acf":[],"yoast_head":"<!-- This site is optimized with the Yoast SEO plugin v26.7 - https:\/\/yoast.com\/wordpress\/plugins\/seo\/ -->\n<title>Autos - TIM Linz<\/title>\n<meta name=\"robots\" content=\"index, follow, max-snippet:-1, max-image-preview:large, max-video-preview:-1\" \/>\n<link rel=\"canonical\" href=\"https:\/\/www.tim-oesterreich.at\/linz\/autos\/\" \/>\n<meta property=\"og:locale\" content=\"de_DE\" \/>\n<meta property=\"og:type\" content=\"article\" \/>\n<meta property=\"og:title\" content=\"Autos - TIM Linz\" \/>\n<meta property=\"og:description\" content=\"Autos Carsharing und Mietwagen Ob kurzer Shoppingtrip, Einkauf im M\u00f6belhaus oder Wochenendausflug mit Freunden \u2013 mit tim bist du in jeder Situation flexibel unterwegs! CarSharing optimal f\u00fcr einen kurzen Zeitraum! ab 5\u00a0\u20ac\/Stunde VW ID.3, VW e-Golf\u00a0und\u00a0Skoda Fabia Combi zur Auswahl Mietwagen optimal f\u00fcr einen kurzen Zeitraum! ab 5 \u20ac\/Stunde VW ID.3, VW e-Golf und Skoda [&hellip;]\" \/>\n<meta property=\"og:url\" content=\"https:\/\/www.tim-oesterreich.at\/linz\/autos\/\" \/>\n<meta property=\"og:site_name\" content=\"TIM Linz\" \/>\n<meta name=\"twitter:card\" content=\"summary_large_image\" \/>\n<script type=\"application\/ld+json\" class=\"yoast-schema-graph\">{\"@context\":\"https:\/\/schema.org\",\"@graph\":[{\"@type\":\"WebPage\",\"@id\":\"https:\/\/www.tim-oesterreich.at\/linz\/autos\/\",\"url\":\"https:\/\/www.tim-oesterreich.at\/linz\/autos\/\",\"name\":\"Autos - TIM Linz\",\"isPartOf\":{\"@id\":\"https:\/\/www.tim-oesterreich.at\/linz\/#website\"},\"datePublished\":\"2022-10-31T08:39:34+00:00\",\"breadcrumb\":{\"@id\":\"https:\/\/www.tim-oesterreich.at\/linz\/autos\/#breadcrumb\"},\"inLanguage\":\"de\",\"potentialAction\":[{\"@type\":\"ReadAction\",\"target\":[\"https:\/\/www.tim-oesterreich.at\/linz\/autos\/\"]}]},{\"@type\":\"BreadcrumbList\",\"@id\":\"https:\/\/www.tim-oesterreich.at\/linz\/autos\/#breadcrumb\",\"itemListElement\":[{\"@type\":\"ListItem\",\"position\":1,\"name\":\"Startseite\",\"item\":\"https:\/\/www.tim-oesterreich.at\/linz\/\"},{\"@type\":\"ListItem\",\"position\":2,\"name\":\"Autos\"}]},{\"@type\":\"WebSite\",\"@id\":\"https:\/\/www.tim-oesterreich.at\/linz\/#website\",\"url\":\"https:\/\/www.tim-oesterreich.at\/linz\/\",\"name\":\"TIM Linz\",\"description\":\"\",\"potentialAction\":[{\"@type\":\"SearchAction\",\"target\":{\"@type\":\"EntryPoint\",\"urlTemplate\":\"https:\/\/www.tim-oesterreich.at\/linz\/?s={search_term_string}\"},\"query-input\":{\"@type\":\"PropertyValueSpecification\",\"valueRequired\":true,\"valueName\":\"search_term_string\"}}],\"inLanguage\":\"de\"}]}<\/script>\n<!-- \/ Yoast SEO plugin. -->","yoast_head_json":{"title":"Autos - TIM Linz","robots":{"index":"index","follow":"follow","max-snippet":"max-snippet:-1","max-image-preview":"max-image-preview:large","max-video-preview":"max-video-preview:-1"},"canonical":"https:\/\/www.tim-oesterreich.at\/linz\/autos\/","og_locale":"de_DE","og_type":"article","og_title":"Autos - TIM Linz","og_description":"Autos Carsharing und Mietwagen Ob kurzer Shoppingtrip, Einkauf im M\u00f6belhaus oder Wochenendausflug mit Freunden \u2013 mit tim bist du in jeder Situation flexibel unterwegs! CarSharing optimal f\u00fcr einen kurzen Zeitraum! ab 5\u00a0\u20ac\/Stunde VW ID.3, VW e-Golf\u00a0und\u00a0Skoda Fabia Combi zur Auswahl Mietwagen optimal f\u00fcr einen kurzen Zeitraum! ab 5 \u20ac\/Stunde VW ID.3, VW e-Golf und Skoda [&hellip;]","og_url":"https:\/\/www.tim-oesterreich.at\/linz\/autos\/","og_site_name":"TIM Linz","twitter_card":"summary_large_image","schema":{"@context":"https:\/\/schema.org","@graph":[{"@type":"WebPage","@id":"https:\/\/www.tim-oesterreich.at\/linz\/autos\/","url":"https:\/\/www.tim-oesterreich.at\/linz\/autos\/","name":"Autos - TIM Linz","isPartOf":{"@id":"https:\/\/www.tim-oesterreich.at\/linz\/#website"},"datePublished":"2022-10-31T08:39:34+00:00","breadcrumb":{"@id":"https:\/\/www.tim-oesterreich.at\/linz\/autos\/#breadcrumb"},"inLanguage":"de","potentialAction":[{"@type":"ReadAction","target":["https:\/\/www.tim-oesterreich.at\/linz\/autos\/"]}]},{"@type":"BreadcrumbList","@id":"https:\/\/www.tim-oesterreich.at\/linz\/autos\/#breadcrumb","itemListElement":[{"@type":"ListItem","position":1,"name":"Startseite","item":"https:\/\/www.tim-oesterreich.at\/linz\/"},{"@type":"ListItem","position":2,"name":"Autos"}]},{"@type":"WebSite","@id":"https:\/\/www.tim-oesterreich.at\/linz\/#website","url":"https:\/\/www.tim-oesterreich.at\/linz\/","name":"TIM Linz","description":"","potentialAction":[{"@type":"SearchAction","target":{"@type":"EntryPoint","urlTemplate":"https:\/\/www.tim-oesterreich.at\/linz\/?s={search_term_string}"},"query-input":{"@type":"PropertyValueSpecification","valueRequired":true,"valueName":"search_term_string"}}],"inLanguage":"de"}]}},"lang":"de","translations":{"de":846,"en":4216},"pll_sync_post":[],"_links":{"self":[{"href":"https:\/\/www.tim-oesterreich.at\/linz\/wp-json\/wp\/v2\/pages\/846","targetHints":{"allow":["GET"]}}],"collection":[{"href":"https:\/\/www.tim-oesterreich.at\/linz\/wp-json\/wp\/v2\/pages"}],"about":[{"href":"https:\/\/www.tim-oesterreich.at\/linz\/wp-json\/wp\/v2\/types\/page"}],"author":[{"embeddable":true,"href":"https:\/\/www.tim-oesterreich.at\/linz\/wp-json\/wp\/v2\/users\/7"}],"replies":[{"embeddable":true,"href":"https:\/\/www.tim-oesterreich.at\/linz\/wp-json\/wp\/v2\/comments?post=846"}],"version-history":[{"count":3,"href":"https:\/\/www.tim-oesterreich.at\/linz\/wp-json\/wp\/v2\/pages\/846\/revisions"}],"predecessor-version":[{"id":3393,"href":"https:\/\/www.tim-oesterreich.at\/linz\/wp-json\/wp\/v2\/pages\/846\/revisions\/3393"}],"wp:attachment":[{"href":"https:\/\/www.tim-oesterreich.at\/linz\/wp-json\/wp\/v2\/media?parent=846"}],"curies":[{"name":"wp","href":"https:\/\/api.w.org\/{rel}","templated":true}]}}