{"id":5274,"date":"2024-04-29T09:42:20","date_gmt":"2024-04-29T07:42:20","guid":{"rendered":"https:\/\/www.tim-oesterreich.at\/linz\/?page_id=5274"},"modified":"2024-04-29T10:11:46","modified_gmt":"2024-04-29T08:11:46","slug":"gutscheine","status":"publish","type":"page","link":"https:\/\/www.tim-oesterreich.at\/linz\/gutscheine\/","title":{"rendered":"Gutscheine"},"content":{"rendered":"<h1>Gutscheine<\/h1>\n<div>\n<p>&nbsp;<\/p>\n<p>&nbsp;<\/p>\n<\/div>\n<h2>Du m\u00f6chtest tim verschenken?<\/h2>\n<div>\n<p><span style=\"font-size: 1em;letter-spacing: 0px\">Im LINZ AG-Kundenzentrum sind <strong>LINZ AG-Gutscheine<\/strong> in einer St\u00fcckelung von \u20ac 10,-\u00a0 erh\u00e4ltlich. Diese kann man auch bei <strong>tim<\/strong> einl\u00f6sen. Perfekt zum Verschenken!<\/span><\/p>\n<p>&nbsp;<\/p>\n<p><strong>So l\u00f6st du LINZ AG-Gutscheine bei tim ein:<\/strong><\/p>\n<p>Besuche dazu einfach das LINZ AG-Kundenzentrum (Wiener Stra\u00dfe 151, 4021 Linz &#8211; gleich neben dem <strong>tim<\/strong>-Servicecenter) und l\u00f6se die LINZ AG-Gutscheine dort auf dein <strong>tim<\/strong>-Konto ein.<\/p>\n<p>&nbsp;<\/p>\n<p>Weitere Infos erh\u00e4ltst du <a href=\"https:\/\/www.linzag.at\/portal\/de\/ueber_die_linzag\/beratungsstandorte\/linz_ag_kundenzentrum\/gutscheine\">hier<\/a>.<\/p>\n<\/div>\n<p><img width=\"1680\" height=\"1080\" src=\"https:\/\/www.tim-oesterreich.at\/linz\/wp-content\/uploads\/sites\/3\/2024\/04\/linzag-gutscheine2-1680x1080.jpg\" class=\"attachment-large size-large\" alt=\"\" decoding=\"async\" loading=\"lazy\" \/><\/p>\n<div>\n<p>Bildnachweis: LINZ AG<\/p>\n<\/div>\n","protected":false},"excerpt":{"rendered":"<p>Gutscheine &nbsp; &nbsp; Du m\u00f6chtest tim verschenken? Im LINZ AG-Kundenzentrum sind LINZ AG-Gutscheine in einer St\u00fcckelung von \u20ac 10,-\u00a0 erh\u00e4ltlich. Diese kann man auch bei tim einl\u00f6sen. Perfekt zum Verschenken! &nbsp; So l\u00f6st du LINZ AG-Gutscheine bei tim ein: Besuche dazu einfach das LINZ AG-Kundenzentrum (Wiener Stra\u00dfe 151, 4021 Linz &#8211; gleich neben dem tim-Servicecenter) [&hellip;]<\/p>\n","protected":false},"author":10,"featured_media":0,"parent":0,"menu_order":0,"comment_status":"closed","ping_status":"closed","template":"","meta":{"footnotes":""},"class_list":["post-5274","page","type-page","status-publish","hentry"],"acf":[],"yoast_head":"<!-- This site is optimized with the Yoast SEO plugin v26.7 - https:\/\/yoast.com\/wordpress\/plugins\/seo\/ -->\n<title>Gutscheine - TIM Linz<\/title>\n<meta name=\"robots\" content=\"index, follow, max-snippet:-1, max-image-preview:large, max-video-preview:-1\" \/>\n<link rel=\"canonical\" href=\"https:\/\/www.tim-oesterreich.at\/linz\/gutscheine\/\" \/>\n<meta property=\"og:locale\" content=\"de_DE\" \/>\n<meta property=\"og:type\" content=\"article\" \/>\n<meta property=\"og:title\" content=\"Gutscheine - TIM Linz\" \/>\n<meta property=\"og:description\" content=\"Gutscheine &nbsp; &nbsp; Du m\u00f6chtest tim verschenken? Im LINZ AG-Kundenzentrum sind LINZ AG-Gutscheine in einer St\u00fcckelung von \u20ac 10,-\u00a0 erh\u00e4ltlich. Diese kann man auch bei tim einl\u00f6sen. Perfekt zum Verschenken! &nbsp; So l\u00f6st du LINZ AG-Gutscheine bei tim ein: Besuche dazu einfach das LINZ AG-Kundenzentrum (Wiener Stra\u00dfe 151, 4021 Linz &#8211; gleich neben dem tim-Servicecenter) [&hellip;]\" \/>\n<meta property=\"og:url\" content=\"https:\/\/www.tim-oesterreich.at\/linz\/gutscheine\/\" \/>\n<meta property=\"og:site_name\" content=\"TIM Linz\" \/>\n<meta property=\"article:modified_time\" content=\"2024-04-29T08:11:46+00:00\" \/>\n<meta property=\"og:image\" content=\"https:\/\/www.tim-oesterreich.at\/linz\/wp-content\/uploads\/sites\/3\/2024\/04\/linzag-gutscheine2-1680x1080.jpg\" \/>\n<meta name=\"twitter:card\" content=\"summary_large_image\" \/>\n<script type=\"application\/ld+json\" class=\"yoast-schema-graph\">{\"@context\":\"https:\/\/schema.org\",\"@graph\":[{\"@type\":\"WebPage\",\"@id\":\"https:\/\/www.tim-oesterreich.at\/linz\/gutscheine\/\",\"url\":\"https:\/\/www.tim-oesterreich.at\/linz\/gutscheine\/\",\"name\":\"Gutscheine - TIM Linz\",\"isPartOf\":{\"@id\":\"https:\/\/www.tim-oesterreich.at\/linz\/#website\"},\"primaryImageOfPage\":{\"@id\":\"https:\/\/www.tim-oesterreich.at\/linz\/gutscheine\/#primaryimage\"},\"image\":{\"@id\":\"https:\/\/www.tim-oesterreich.at\/linz\/gutscheine\/#primaryimage\"},\"thumbnailUrl\":\"https:\/\/www.tim-oesterreich.at\/linz\/wp-content\/uploads\/sites\/3\/2024\/04\/linzag-gutscheine2-1680x1080.jpg\",\"datePublished\":\"2024-04-29T07:42:20+00:00\",\"dateModified\":\"2024-04-29T08:11:46+00:00\",\"breadcrumb\":{\"@id\":\"https:\/\/www.tim-oesterreich.at\/linz\/gutscheine\/#breadcrumb\"},\"inLanguage\":\"de\",\"potentialAction\":[{\"@type\":\"ReadAction\",\"target\":[\"https:\/\/www.tim-oesterreich.at\/linz\/gutscheine\/\"]}]},{\"@type\":\"ImageObject\",\"inLanguage\":\"de\",\"@id\":\"https:\/\/www.tim-oesterreich.at\/linz\/gutscheine\/#primaryimage\",\"url\":\"https:\/\/www.tim-oesterreich.at\/linz\/wp-content\/uploads\/sites\/3\/2024\/04\/linzag-gutscheine2.jpg\",\"contentUrl\":\"https:\/\/www.tim-oesterreich.at\/linz\/wp-content\/uploads\/sites\/3\/2024\/04\/linzag-gutscheine2.jpg\",\"width\":1728,\"height\":1080},{\"@type\":\"BreadcrumbList\",\"@id\":\"https:\/\/www.tim-oesterreich.at\/linz\/gutscheine\/#breadcrumb\",\"itemListElement\":[{\"@type\":\"ListItem\",\"position\":1,\"name\":\"Startseite\",\"item\":\"https:\/\/www.tim-oesterreich.at\/linz\/\"},{\"@type\":\"ListItem\",\"position\":2,\"name\":\"Gutscheine\"}]},{\"@type\":\"WebSite\",\"@id\":\"https:\/\/www.tim-oesterreich.at\/linz\/#website\",\"url\":\"https:\/\/www.tim-oesterreich.at\/linz\/\",\"name\":\"TIM Linz\",\"description\":\"\",\"potentialAction\":[{\"@type\":\"SearchAction\",\"target\":{\"@type\":\"EntryPoint\",\"urlTemplate\":\"https:\/\/www.tim-oesterreich.at\/linz\/?s={search_term_string}\"},\"query-input\":{\"@type\":\"PropertyValueSpecification\",\"valueRequired\":true,\"valueName\":\"search_term_string\"}}],\"inLanguage\":\"de\"}]}<\/script>\n<!-- \/ Yoast SEO plugin. -->","yoast_head_json":{"title":"Gutscheine - TIM Linz","robots":{"index":"index","follow":"follow","max-snippet":"max-snippet:-1","max-image-preview":"max-image-preview:large","max-video-preview":"max-video-preview:-1"},"canonical":"https:\/\/www.tim-oesterreich.at\/linz\/gutscheine\/","og_locale":"de_DE","og_type":"article","og_title":"Gutscheine - TIM Linz","og_description":"Gutscheine &nbsp; &nbsp; Du m\u00f6chtest tim verschenken? Im LINZ AG-Kundenzentrum sind LINZ AG-Gutscheine in einer St\u00fcckelung von \u20ac 10,-\u00a0 erh\u00e4ltlich. Diese kann man auch bei tim einl\u00f6sen. Perfekt zum Verschenken! &nbsp; So l\u00f6st du LINZ AG-Gutscheine bei tim ein: Besuche dazu einfach das LINZ AG-Kundenzentrum (Wiener Stra\u00dfe 151, 4021 Linz &#8211; gleich neben dem tim-Servicecenter) [&hellip;]","og_url":"https:\/\/www.tim-oesterreich.at\/linz\/gutscheine\/","og_site_name":"TIM Linz","article_modified_time":"2024-04-29T08:11:46+00:00","og_image":[{"url":"https:\/\/www.tim-oesterreich.at\/linz\/wp-content\/uploads\/sites\/3\/2024\/04\/linzag-gutscheine2-1680x1080.jpg","type":"","width":"","height":""}],"twitter_card":"summary_large_image","schema":{"@context":"https:\/\/schema.org","@graph":[{"@type":"WebPage","@id":"https:\/\/www.tim-oesterreich.at\/linz\/gutscheine\/","url":"https:\/\/www.tim-oesterreich.at\/linz\/gutscheine\/","name":"Gutscheine - TIM Linz","isPartOf":{"@id":"https:\/\/www.tim-oesterreich.at\/linz\/#website"},"primaryImageOfPage":{"@id":"https:\/\/www.tim-oesterreich.at\/linz\/gutscheine\/#primaryimage"},"image":{"@id":"https:\/\/www.tim-oesterreich.at\/linz\/gutscheine\/#primaryimage"},"thumbnailUrl":"https:\/\/www.tim-oesterreich.at\/linz\/wp-content\/uploads\/sites\/3\/2024\/04\/linzag-gutscheine2-1680x1080.jpg","datePublished":"2024-04-29T07:42:20+00:00","dateModified":"2024-04-29T08:11:46+00:00","breadcrumb":{"@id":"https:\/\/www.tim-oesterreich.at\/linz\/gutscheine\/#breadcrumb"},"inLanguage":"de","potentialAction":[{"@type":"ReadAction","target":["https:\/\/www.tim-oesterreich.at\/linz\/gutscheine\/"]}]},{"@type":"ImageObject","inLanguage":"de","@id":"https:\/\/www.tim-oesterreich.at\/linz\/gutscheine\/#primaryimage","url":"https:\/\/www.tim-oesterreich.at\/linz\/wp-content\/uploads\/sites\/3\/2024\/04\/linzag-gutscheine2.jpg","contentUrl":"https:\/\/www.tim-oesterreich.at\/linz\/wp-content\/uploads\/sites\/3\/2024\/04\/linzag-gutscheine2.jpg","width":1728,"height":1080},{"@type":"BreadcrumbList","@id":"https:\/\/www.tim-oesterreich.at\/linz\/gutscheine\/#breadcrumb","itemListElement":[{"@type":"ListItem","position":1,"name":"Startseite","item":"https:\/\/www.tim-oesterreich.at\/linz\/"},{"@type":"ListItem","position":2,"name":"Gutscheine"}]},{"@type":"WebSite","@id":"https:\/\/www.tim-oesterreich.at\/linz\/#website","url":"https:\/\/www.tim-oesterreich.at\/linz\/","name":"TIM Linz","description":"","potentialAction":[{"@type":"SearchAction","target":{"@type":"EntryPoint","urlTemplate":"https:\/\/www.tim-oesterreich.at\/linz\/?s={search_term_string}"},"query-input":{"@type":"PropertyValueSpecification","valueRequired":true,"valueName":"search_term_string"}}],"inLanguage":"de"}]}},"lang":"de","translations":{"de":5274,"en":5318},"pll_sync_post":[],"_links":{"self":[{"href":"https:\/\/www.tim-oesterreich.at\/linz\/wp-json\/wp\/v2\/pages\/5274","targetHints":{"allow":["GET"]}}],"collection":[{"href":"https:\/\/www.tim-oesterreich.at\/linz\/wp-json\/wp\/v2\/pages"}],"about":[{"href":"https:\/\/www.tim-oesterreich.at\/linz\/wp-json\/wp\/v2\/types\/page"}],"author":[{"embeddable":true,"href":"https:\/\/www.tim-oesterreich.at\/linz\/wp-json\/wp\/v2\/users\/10"}],"replies":[{"embeddable":true,"href":"https:\/\/www.tim-oesterreich.at\/linz\/wp-json\/wp\/v2\/comments?post=5274"}],"version-history":[{"count":7,"href":"https:\/\/www.tim-oesterreich.at\/linz\/wp-json\/wp\/v2\/pages\/5274\/revisions"}],"predecessor-version":[{"id":5317,"href":"https:\/\/www.tim-oesterreich.at\/linz\/wp-json\/wp\/v2\/pages\/5274\/revisions\/5317"}],"wp:attachment":[{"href":"https:\/\/www.tim-oesterreich.at\/linz\/wp-json\/wp\/v2\/media?parent=5274"}],"curies":[{"name":"wp","href":"https:\/\/api.w.org\/{rel}","templated":true}]}}