{"id":5245,"date":"2024-02-22T16:40:25","date_gmt":"2024-02-22T15:40:25","guid":{"rendered":"https:\/\/www.tim-oesterreich.at\/linz\/?page_id=5245"},"modified":"2024-02-22T16:51:45","modified_gmt":"2024-02-22T15:51:45","slug":"vorteile","status":"publish","type":"page","link":"https:\/\/www.tim-oesterreich.at\/linz\/vorteile\/","title":{"rendered":"Vorteile"},"content":{"rendered":"<h2>Vorteile<\/h2>\n<ul>\n<li>\n<h3>Mehr Sicherheit mit tim-PLUS!<\/h3>\n<p><strong>13. M\u00e4rz 2023<\/strong><\/p>\n<div>tim-PLUS erm\u00f6glicht dir noch mehr Sicherheit und weniger Selbstbehalt im Schadensfall!<\/p>\n<p>Mit einer tim-PLUS Mitgliedschaft f\u00fcr zus\u00e4tzlich EUR 5,- pro Monat, reduziert sich der Selbstbehalt von maximal EUR 750,- auf maximal EUR 350,- (g\u00fcltig f\u00fcr einen Schadensfall innerhalb von 12 Monaten).<br \/>\nKlick&#8216; auf &#8222;mehr lesen&#8230;&#8220; und erfahre, wie du dich als bestehende\/r tim-Kund*in oder als neue\/er tim-Kund*in f\u00fcr eine tim-PLUS Mitgliedschaft anmelden kannst!<\/p><\/div>\n<p><a href=\"https:\/\/www.tim-oesterreich.at\/linz\/mehr-sicherheit-mit-tim-plus\/\">mehr lesen&#8230;<\/a><\/li>\n<li>\n<h3>Mit MEGA-Ticket oder Klimaticket \u20ac 15,- sparen!<\/h3>\n<p><strong>4. Oktober 2022<\/strong><\/p>\n<div>Da f\u00e4llt die Entscheidung noch leichter:<\/p>\n<p>Melde dich jetzt f\u00fcr einen Einschulungstermin an, zeig uns dein MEGA-Ticket, Semesterticket oder Klimaticket inkl. Kernzone Linz und spar&#8216; dir die Registrierungsgeb\u00fchr in H\u00f6he von \u20ac 15,-!<\/p>\n<p>Mit tim bist du t\u00e4glich.intelligent.mobil!<br \/>\nInformiere dich jetzt \u00fcber Tarife, Standorte &amp; Co. &#8211; entweder direkt auf der Website, telefonisch unter 0732\/3400-7733 oder per E-Mail unter office@tim-linz.at.<\/p><\/div>\n<p><a href=\"https:\/\/www.tim-oesterreich.at\/linz\/mit-mega-ticket-oder-klimaticket-e-15-sparen\/\">mehr lesen&#8230;<\/a><\/li>\n<li>\n<h3>Student:innen fahren g\u00fcnstiger!<\/h3>\n<p><strong>3. Oktober 2022<\/strong><\/p>\n<div>Du studierst, hast kein eigenes Auto, brauchst aber ab und zu eines?<\/p>\n<p>Dann ist tim das richtige f\u00fcr dich! Ab sofort stehen dir unsere Vorteile f\u00fcr Student:innen zur Verf\u00fcgung: Halbe Registrierungsgeb\u00fchr, Semester-Mitgliedschaft (nur 6 Monate Mindestbindung), halbe Grundgeb\u00fchr.<br \/>\nG\u00fcltig f\u00fcr alle Student:innen mit g\u00fcltigem Studentenausweis bis 27 Jahre.<\/p>\n<p>Neugierig geworden?<br \/>\nDu erreichst uns telefonisch unter 0732\/3400-7733 oder per E-Mail unter office@tim-linz.at.<\/p><\/div>\n<p><a href=\"https:\/\/www.tim-oesterreich.at\/linz\/studentenvorteile\/\">mehr lesen&#8230;<\/a><\/li>\n<li>\n<h3>Weitersagen lohnt sich!<\/h3>\n<p><strong>27. Juli 2022<\/strong><\/p>\n<div>Eine Freundin von dir hat auch Interesse an (e-)Carsharing? Ihr macht die Dienstfahrten in der Firma mit dem Privat-PKW, weil ihr keinen Dienstwagen habt? Empfehle tim weiter und erhalte zwei monatliche Grundgeb\u00fchren geschenkt! Der\/die Neukund:in muss dich bei der Registrierung einfach als Vermittler:in angeben. Sobald der-\/diejenige ebenfalls tim-Mitglied ist, senden wir dir eine Best\u00e4tigung \u00fcber deine Gutschrift per E-Mail zu.<br \/>\nBehalte es nicht f\u00fcr dich, wenn du zufrieden bist &#8211; sag&#8216; es weiter und profitiere davon!<\/div>\n<p><a href=\"https:\/\/www.tim-oesterreich.at\/linz\/weitersagen-lohnt-sich\/\">mehr lesen&#8230;<\/a><\/li>\n<li>\n<h3>CityBike-Aktion bei tim: Sichere dir deinen Gutschein!<\/h3>\n<p><strong>17. Mai 2021<\/strong><\/p>\n<div>Mit tim bist du jetzt noch flexibler unterwegs und kannst dir nicht nur Autos leihen, sondern auch ein paar Runden mit dem CityBike Linz drehen.<\/p>\n<p>Meldest du dich jetzt neu bei tim an, bekommst du zus\u00e4tzlich deinen pers\u00f6nlichen CityBike-Gutschein in der H\u00f6he von \u20ac 10,-<\/p><\/div>\n<p><a href=\"https:\/\/www.tim-oesterreich.at\/linz\/citybike-aktion-bei-tim\/\">mehr lesen&#8230;<\/a><\/li>\n<\/ul>\n","protected":false},"excerpt":{"rendered":"<p>Vorteile Mehr Sicherheit mit tim-PLUS! 13. M\u00e4rz 2023 tim-PLUS erm\u00f6glicht dir noch mehr Sicherheit und weniger Selbstbehalt im Schadensfall! Mit einer tim-PLUS Mitgliedschaft f\u00fcr zus\u00e4tzlich EUR 5,- pro Monat, reduziert sich der Selbstbehalt von maximal EUR 750,- auf maximal EUR 350,- (g\u00fcltig f\u00fcr einen Schadensfall innerhalb von 12 Monaten). Klick&#8216; auf &#8222;mehr lesen&#8230;&#8220; und erfahre, [&hellip;]<\/p>\n","protected":false},"author":10,"featured_media":0,"parent":0,"menu_order":0,"comment_status":"closed","ping_status":"closed","template":"","meta":{"footnotes":""},"class_list":["post-5245","page","type-page","status-publish","hentry"],"acf":[],"yoast_head":"<!-- This site is optimized with the Yoast SEO plugin v26.7 - https:\/\/yoast.com\/wordpress\/plugins\/seo\/ -->\n<title>Vorteile - TIM Linz<\/title>\n<meta name=\"robots\" content=\"index, follow, max-snippet:-1, max-image-preview:large, max-video-preview:-1\" \/>\n<link rel=\"canonical\" href=\"https:\/\/www.tim-oesterreich.at\/linz\/vorteile\/\" \/>\n<meta property=\"og:locale\" content=\"de_DE\" \/>\n<meta property=\"og:type\" content=\"article\" \/>\n<meta property=\"og:title\" content=\"Vorteile - TIM Linz\" \/>\n<meta property=\"og:description\" content=\"Vorteile Mehr Sicherheit mit tim-PLUS! 13. M\u00e4rz 2023 tim-PLUS erm\u00f6glicht dir noch mehr Sicherheit und weniger Selbstbehalt im Schadensfall! Mit einer tim-PLUS Mitgliedschaft f\u00fcr zus\u00e4tzlich EUR 5,- pro Monat, reduziert sich der Selbstbehalt von maximal EUR 750,- auf maximal EUR 350,- (g\u00fcltig f\u00fcr einen Schadensfall innerhalb von 12 Monaten). Klick&#8216; auf &#8222;mehr lesen&#8230;&#8220; und erfahre, [&hellip;]\" \/>\n<meta property=\"og:url\" content=\"https:\/\/www.tim-oesterreich.at\/linz\/vorteile\/\" \/>\n<meta property=\"og:site_name\" content=\"TIM Linz\" \/>\n<meta property=\"article:modified_time\" content=\"2024-02-22T15:51:45+00:00\" \/>\n<meta name=\"twitter:card\" content=\"summary_large_image\" \/>\n<script type=\"application\/ld+json\" class=\"yoast-schema-graph\">{\"@context\":\"https:\/\/schema.org\",\"@graph\":[{\"@type\":\"WebPage\",\"@id\":\"https:\/\/www.tim-oesterreich.at\/linz\/vorteile\/\",\"url\":\"https:\/\/www.tim-oesterreich.at\/linz\/vorteile\/\",\"name\":\"Vorteile - TIM Linz\",\"isPartOf\":{\"@id\":\"https:\/\/www.tim-oesterreich.at\/linz\/#website\"},\"datePublished\":\"2024-02-22T15:40:25+00:00\",\"dateModified\":\"2024-02-22T15:51:45+00:00\",\"breadcrumb\":{\"@id\":\"https:\/\/www.tim-oesterreich.at\/linz\/vorteile\/#breadcrumb\"},\"inLanguage\":\"de\",\"potentialAction\":[{\"@type\":\"ReadAction\",\"target\":[\"https:\/\/www.tim-oesterreich.at\/linz\/vorteile\/\"]}]},{\"@type\":\"BreadcrumbList\",\"@id\":\"https:\/\/www.tim-oesterreich.at\/linz\/vorteile\/#breadcrumb\",\"itemListElement\":[{\"@type\":\"ListItem\",\"position\":1,\"name\":\"Startseite\",\"item\":\"https:\/\/www.tim-oesterreich.at\/linz\/\"},{\"@type\":\"ListItem\",\"position\":2,\"name\":\"Vorteile\"}]},{\"@type\":\"WebSite\",\"@id\":\"https:\/\/www.tim-oesterreich.at\/linz\/#website\",\"url\":\"https:\/\/www.tim-oesterreich.at\/linz\/\",\"name\":\"TIM Linz\",\"description\":\"\",\"potentialAction\":[{\"@type\":\"SearchAction\",\"target\":{\"@type\":\"EntryPoint\",\"urlTemplate\":\"https:\/\/www.tim-oesterreich.at\/linz\/?s={search_term_string}\"},\"query-input\":{\"@type\":\"PropertyValueSpecification\",\"valueRequired\":true,\"valueName\":\"search_term_string\"}}],\"inLanguage\":\"de\"}]}<\/script>\n<!-- \/ Yoast SEO plugin. -->","yoast_head_json":{"title":"Vorteile - TIM Linz","robots":{"index":"index","follow":"follow","max-snippet":"max-snippet:-1","max-image-preview":"max-image-preview:large","max-video-preview":"max-video-preview:-1"},"canonical":"https:\/\/www.tim-oesterreich.at\/linz\/vorteile\/","og_locale":"de_DE","og_type":"article","og_title":"Vorteile - TIM Linz","og_description":"Vorteile Mehr Sicherheit mit tim-PLUS! 13. M\u00e4rz 2023 tim-PLUS erm\u00f6glicht dir noch mehr Sicherheit und weniger Selbstbehalt im Schadensfall! Mit einer tim-PLUS Mitgliedschaft f\u00fcr zus\u00e4tzlich EUR 5,- pro Monat, reduziert sich der Selbstbehalt von maximal EUR 750,- auf maximal EUR 350,- (g\u00fcltig f\u00fcr einen Schadensfall innerhalb von 12 Monaten). Klick&#8216; auf &#8222;mehr lesen&#8230;&#8220; und erfahre, [&hellip;]","og_url":"https:\/\/www.tim-oesterreich.at\/linz\/vorteile\/","og_site_name":"TIM Linz","article_modified_time":"2024-02-22T15:51:45+00:00","twitter_card":"summary_large_image","schema":{"@context":"https:\/\/schema.org","@graph":[{"@type":"WebPage","@id":"https:\/\/www.tim-oesterreich.at\/linz\/vorteile\/","url":"https:\/\/www.tim-oesterreich.at\/linz\/vorteile\/","name":"Vorteile - TIM Linz","isPartOf":{"@id":"https:\/\/www.tim-oesterreich.at\/linz\/#website"},"datePublished":"2024-02-22T15:40:25+00:00","dateModified":"2024-02-22T15:51:45+00:00","breadcrumb":{"@id":"https:\/\/www.tim-oesterreich.at\/linz\/vorteile\/#breadcrumb"},"inLanguage":"de","potentialAction":[{"@type":"ReadAction","target":["https:\/\/www.tim-oesterreich.at\/linz\/vorteile\/"]}]},{"@type":"BreadcrumbList","@id":"https:\/\/www.tim-oesterreich.at\/linz\/vorteile\/#breadcrumb","itemListElement":[{"@type":"ListItem","position":1,"name":"Startseite","item":"https:\/\/www.tim-oesterreich.at\/linz\/"},{"@type":"ListItem","position":2,"name":"Vorteile"}]},{"@type":"WebSite","@id":"https:\/\/www.tim-oesterreich.at\/linz\/#website","url":"https:\/\/www.tim-oesterreich.at\/linz\/","name":"TIM Linz","description":"","potentialAction":[{"@type":"SearchAction","target":{"@type":"EntryPoint","urlTemplate":"https:\/\/www.tim-oesterreich.at\/linz\/?s={search_term_string}"},"query-input":{"@type":"PropertyValueSpecification","valueRequired":true,"valueName":"search_term_string"}}],"inLanguage":"de"}]}},"lang":"de","translations":{"de":5245,"en":5249},"pll_sync_post":[],"_links":{"self":[{"href":"https:\/\/www.tim-oesterreich.at\/linz\/wp-json\/wp\/v2\/pages\/5245","targetHints":{"allow":["GET"]}}],"collection":[{"href":"https:\/\/www.tim-oesterreich.at\/linz\/wp-json\/wp\/v2\/pages"}],"about":[{"href":"https:\/\/www.tim-oesterreich.at\/linz\/wp-json\/wp\/v2\/types\/page"}],"author":[{"embeddable":true,"href":"https:\/\/www.tim-oesterreich.at\/linz\/wp-json\/wp\/v2\/users\/10"}],"replies":[{"embeddable":true,"href":"https:\/\/www.tim-oesterreich.at\/linz\/wp-json\/wp\/v2\/comments?post=5245"}],"version-history":[{"count":2,"href":"https:\/\/www.tim-oesterreich.at\/linz\/wp-json\/wp\/v2\/pages\/5245\/revisions"}],"predecessor-version":[{"id":5251,"href":"https:\/\/www.tim-oesterreich.at\/linz\/wp-json\/wp\/v2\/pages\/5245\/revisions\/5251"}],"wp:attachment":[{"href":"https:\/\/www.tim-oesterreich.at\/linz\/wp-json\/wp\/v2\/media?parent=5245"}],"curies":[{"name":"wp","href":"https:\/\/api.w.org\/{rel}","templated":true}]}}