{"id":47,"date":"2022-10-28T14:29:30","date_gmt":"2022-10-28T12:29:30","guid":{"rendered":"https:\/\/www.tim-oesterreich.at\/?page_id=47"},"modified":"2025-11-03T15:21:29","modified_gmt":"2025-11-03T14:21:29","slug":"anmelden","status":"publish","type":"page","link":"https:\/\/www.tim-oesterreich.at\/linz\/anmelden\/","title":{"rendered":"Voranmelden"},"content":{"rendered":"<h2>Voranmelden<\/h2>\n<div>\n<h2>Deine tim-Linz Voranmeldung<\/h2>\n<p>F\u00fcr deine <strong>tim<\/strong>-Beratung nehmen wir uns gerne ausreichend Zeit. Um diese Zeit f\u00fcr dich im Vorfeld auch reservieren zu k\u00f6nnen, f\u00fclle bitte nachfolgende Felder aus und schick uns deine Voranmeldung. Wir kontaktieren dich dann so schnell wie m\u00f6glich mit einem Terminvorschlag.<\/p>\n<p><strong>Du willst dir die AGB schon vorher durchlesen? Unten kannst du sie dir herunterladen!<\/strong><\/p>\n<p>Wenn du dir Videos anschauen willst, in denen dir <strong>tim<\/strong> erkl\u00e4rt wird, dann klicke doch einfach <a href=\"https:\/\/www.tim-oesterreich.at\/linz\/videos-so-funktioniert-tim\/\">hier<\/a>!<\/p>\n<p>Du kannst uns auch telefonisch unter 0732\/3400-7733 oder via Mail unter <a href=\"mailto:office@tim-linz.at\">office@tim-linz.at<\/a> erreichen!<\/p>\n<p>&nbsp;<\/p>\n<div class='fluentform ff-default fluentform_wrapper_3 ffs_default_wrap'>\n<form data-form_id=\"3\" id=\"fluentform_3\" class=\"frm-fluent-form fluent_form_3 ff-el-form-top ff_form_instance_3_2 ff-form-loading ffs_default\" data-form_instance=\"ff_form_instance_3_2\" method=\"POST\" >\n<fieldset  style=\"border: none!important;margin: 0!important;padding: 0!important;background-color: transparent!important;box-shadow: none!important;outline: none!important; min-inline-size: 100%;\">\n<legend class=\"ff_screen_reader_title\" style=\"display: block; margin: 0!important;padding: 0!important;height: 0!important;text-indent: -999999px;width: 0!important;overflow:hidden;\">Voranmeldung<\/legend>\n<div\n                style=\"display: none!important; position: absolute!important; transform: translateX(1000%)!important;\"\n                class=\"ff-el-group ff-hpsf-container\"\n        ><\/p>\n<div class=\"ff-el-input--label asterisk-right\">\n                <label for=\"ff_3_item_sf\" aria-label=\"Notify\"><br \/>\n                    Notify                <\/label>\n            <\/div>\n<div class=\"ff-el-input--content\">\n                <input type=\"text\"\n                       name=\"item_3__fluent_sf\"\n                       class=\"ff-el-form-control\"\n                       id=\"ff_3_item_sf\"\n                \/>\n            <\/div>\n<\/p><\/div>\n<p>        <input type='hidden' name='__fluent_form_embded_post_id' value='47' \/><input type=\"hidden\" id=\"_fluentform_3_fluentformnonce\" name=\"_fluentform_3_fluentformnonce\" value=\"3e27adf5b8\" \/><input type=\"hidden\" name=\"_wp_http_referer\" value=\"\/linz\/wp-admin\/post.php\" \/><\/p>\n<div data-name=\"ff_cn_id_1\"  class='ff-t-container ff-column-container ff_columns_total_2  '>\n<div class='ff-t-cell ff-t-column-1' style='flex-basis: 50%;'>\n<div class='ff-el-group'>\n<div class=\"ff-el-input--label ff-el-is-required asterisk-right\"><label for='ff_3_2_input_text' aria-label=\"Vorname\">Vorname<\/label><\/div>\n<div class='ff-el-input--content'><input type=\"text\" name=\"input_text\" class=\"ff-el-form-control\" data-name=\"input_text\" id=\"ff_3_2_input_text\"  aria-invalid=\"false\" aria-required=true><\/div>\n<\/div>\n<\/div>\n<div class='ff-t-cell ff-t-column-2' style='flex-basis: 50%;'>\n<div class='ff-el-group'>\n<div class=\"ff-el-input--label ff-el-is-required asterisk-right\"><label for='ff_3_2_input_text_1' aria-label=\"Nachname\">Nachname<\/label><\/div>\n<div class='ff-el-input--content'><input type=\"text\" name=\"input_text_1\" class=\"ff-el-form-control\" data-name=\"input_text_1\" id=\"ff_3_2_input_text_1\"  aria-invalid=\"false\" aria-required=true><\/div>\n<\/div>\n<\/div>\n<\/div>\n<div class='ff-el-group'>\n<div class=\"ff-el-input--label asterisk-right\"><label for='ff_3_2_street' aria-label=\"Stra\u00dfe\">Stra\u00dfe<\/label><\/div>\n<div class='ff-el-input--content'><input type=\"text\" name=\"street\" class=\"ff-el-form-control\" data-name=\"street\" id=\"ff_3_2_street\"  aria-invalid=\"false\" aria-required=false><\/div>\n<\/div>\n<div class='ff-el-group'>\n<div class=\"ff-el-input--label asterisk-right\"><label for='ff_3_2_zip_code' aria-label=\"PLZ\">PLZ<\/label><\/div>\n<div class='ff-el-input--content'><input type=\"text\" name=\"zip_code\" class=\"ff-el-form-control\" data-name=\"zip_code\" id=\"ff_3_2_zip_code\"  aria-invalid=\"false\" aria-required=false><\/div>\n<\/div>\n<div class='ff-el-group'>\n<div class=\"ff-el-input--label asterisk-right\"><label for='ff_3_2_place' aria-label=\"Stadt\">Stadt<\/label><\/div>\n<div class='ff-el-input--content'><input type=\"text\" name=\"place\" class=\"ff-el-form-control\" data-name=\"place\" id=\"ff_3_2_place\"  aria-invalid=\"false\" aria-required=false><\/div>\n<\/div>\n<div class='ff-el-group'>\n<div class=\"ff-el-input--label ff-el-is-required asterisk-right\"><label for='ff_3_2_email' aria-label=\"E-Mail\">E-Mail<\/label><\/div>\n<div class='ff-el-input--content'><input type=\"email\" name=\"email\" id=\"ff_3_2_email\" class=\"ff-el-form-control\" data-name=\"email\"  aria-invalid=\"false\" aria-required=true><\/div>\n<\/div>\n<div class='ff-el-group'>\n<div class=\"ff-el-input--label ff-el-is-required asterisk-right\"><label for='ff_3_2_phone' aria-label=\"Telefon\">Telefon<\/label><\/div>\n<div class='ff-el-input--content'><input type=\"text\" name=\"phone\" class=\"ff-el-form-control\" data-name=\"phone\" id=\"ff_3_2_phone\"  aria-invalid=\"false\" aria-required=true><\/div>\n<\/div>\n<div class='ff-el-group'>\n<div class='ff-el-input--content'>\n<div class='ff-el-form-check ff-el-form-check-'><label class='ff-el-form-check-label' for=offer_063c7e90472f755055f1936d7b9e11c0><input  type=\"checkbox\" name=\"offer[]\" data-name=\"offer\" class=\"ff-el-form-check-input ff-el-form-check-checkbox\" value=\"Ich m\u00f6chte tim n\u00e4her kennenlernen und bitte daher um Kontaktaufnahme!\"  id='offer_063c7e90472f755055f1936d7b9e11c0' aria-label='Ich m\u00f6chte tim n\u00e4her kennenlernen und bitte daher um Kontaktaufnahme!' aria-invalid='false' aria-required=false> <span>Ich m\u00f6chte tim n\u00e4her kennenlernen und bitte daher um Kontaktaufnahme! <\/span><\/label><\/div>\n<\/div>\n<\/div>\n<div data-name=\"ff_cn_id_2\"  class='ff-t-container ff-column-container ff_columns_total_2 en-fluent-form__button-container '>\n<div class='ff-t-cell ff-t-column-1' style='flex-basis: 50%;'>\n<div class='ff-el-group  ff-custom_html' tabindex='-1' data-name=\"custom_html-3_1\" >\n<p><a href=\"https:\/\/www.tim-oesterreich.at\/linz\/wp-content\/uploads\/sites\/3\/2023\/02\/agb_timlinz_2023.pdf\">AGB herunterladen<\/a><\/p>\n<\/div>\n<\/div>\n<div class='ff-t-cell ff-t-column-2' style='flex-basis: 50%;'>\n<div class='ff-el-group ff-text-left ff_submit_btn_wrapper ff_submit_btn_wrapper_custom'><button class=\"ff-btn ff-btn-submit ff-btn-md en-button en-button--primary ff_btn_style\" type=\"submit\" name=\"custom_submit_button-3_2\" data-name=\"custom_submit_button-3_2\" >Absenden<\/button><\/p>\n<style>form.fluent_form_3 .ff-btn-submit { background-color: #409EFF; color: #ffffff; }<\/style>\n<\/div>\n<\/div>\n<\/div>\n<\/fieldset>\n<\/form>\n<div id='fluentform_3_errors' class='ff-errors-in-stack ff_form_instance_3_2 ff-form-loading_errors ff_form_instance_3_2_errors'><\/div>\n<\/div>\n<p>        <script type=\"text\/javascript\">\n            window.fluent_form_ff_form_instance_3_2 = {\"id\":\"3\",\"settings\":{\"layout\":{\"labelPlacement\":\"top\",\"helpMessagePlacement\":\"with_label\",\"errorMessagePlacement\":\"inline\",\"asteriskPlacement\":\"asterisk-right\"},\"restrictions\":{\"denyEmptySubmission\":{\"enabled\":false}}},\"form_instance\":\"ff_form_instance_3_2\",\"form_id_selector\":\"fluentform_3\",\"rules\":{\"input_text\":{\"required\":{\"value\":true,\"message\":\"Dieses Feld ist erforderlich\",\"global\":false,\"global_message\":\"Dieses Feld ist erforderlich\"}},\"input_text_1\":{\"required\":{\"value\":true,\"message\":\"Dieses Feld ist erforderlich\",\"global\":false,\"global_message\":\"Dieses Feld ist erforderlich\"}},\"street\":{\"required\":{\"value\":false,\"message\":\"Dieses Feld ist erforderlich\",\"global\":false,\"global_message\":\"Dieses Feld ist erforderlich\"}},\"zip_code\":{\"required\":{\"value\":false,\"message\":\"Dieses Feld ist erforderlich\",\"global\":false,\"global_message\":\"Dieses Feld ist erforderlich\"}},\"place\":{\"required\":{\"value\":false,\"message\":\"Dieses Feld ist erforderlich\",\"global\":false,\"global_message\":\"Dieses Feld ist erforderlich\"}},\"email\":{\"required\":{\"value\":true,\"message\":\"Dieses Feld ist erforderlich\",\"global\":false,\"global_message\":\"Dieses Feld ist erforderlich\"},\"email\":{\"value\":true,\"message\":\"Dieses Feld muss eine g\\u00fcltige E-Mail-Adresse enthalten\",\"global\":false,\"global_message\":\"Dieses Feld muss eine g\\u00fcltige E-Mail-Adresse enthalten\"}},\"phone\":{\"required\":{\"value\":true,\"message\":\"Dieses Feld ist erforderlich\",\"global\":false,\"global_message\":\"Dieses Feld ist erforderlich\"}},\"offer\":{\"required\":{\"value\":false,\"message\":\"Dieses Feld ist erforderlich\",\"global\":false,\"global_message\":\"Dieses Feld ist erforderlich\"}}},\"debounce_time\":300};\n                    <\/script><\/p>\n<\/div>\n<div>\n<h2>Hier geht&#8217;s zum Login<\/h2>\n<p>Dann buch dir direkt dein <strong>tim-Auto.<\/strong><\/p>\n<p>Zur Buchungsplattform gelangst du \u00fcber <strong>&#8222;Login&#8220;<\/strong> oder du l\u00e4dst dir die <strong>tim Linz-App<\/strong> im App Store oder im Google Play Store herunter.<\/p>\n<p><a class=\"en-button en-button--primary\" href=\"https:\/\/app.tim-linz.at\">Login<\/a><\/p>\n<p><a class=\"en-button en-button--primary\" href=\"https:\/\/play.google.com\/store\/apps\/details?id=com.ibiola.tim.linz&amp;hl=de\">Google Play<\/a><\/p>\n<p><a class=\"en-button en-button--primary\" href=\"https:\/\/apps.apple.com\/at\/app\/tim-linz\/id6474180081?platform=ipad\">App Store<\/a><\/p>\n<p>&nbsp;<\/p>\n<\/div>\n","protected":false},"excerpt":{"rendered":"<p>Voranmelden Deine tim-Linz Voranmeldung F\u00fcr deine tim-Beratung nehmen wir uns gerne ausreichend Zeit. Um diese Zeit f\u00fcr dich im Vorfeld auch reservieren zu k\u00f6nnen, f\u00fclle bitte nachfolgende Felder aus und schick uns deine Voranmeldung. Wir kontaktieren dich dann so schnell wie m\u00f6glich mit einem Terminvorschlag. Du willst dir die AGB schon vorher durchlesen? Unten kannst [&hellip;]<\/p>\n","protected":false},"author":1,"featured_media":0,"parent":0,"menu_order":3,"comment_status":"closed","ping_status":"closed","template":"","meta":{"footnotes":""},"class_list":["post-47","page","type-page","status-publish","hentry"],"acf":[],"yoast_head":"<!-- This site is optimized with the Yoast SEO plugin v26.7 - https:\/\/yoast.com\/wordpress\/plugins\/seo\/ -->\n<title>Voranmelden - TIM Linz<\/title>\n<meta name=\"robots\" content=\"index, follow, max-snippet:-1, max-image-preview:large, max-video-preview:-1\" \/>\n<link rel=\"canonical\" href=\"https:\/\/www.tim-oesterreich.at\/linz\/anmelden\/\" \/>\n<meta property=\"og:locale\" content=\"de_DE\" \/>\n<meta property=\"og:type\" content=\"article\" \/>\n<meta property=\"og:title\" content=\"Voranmelden - TIM Linz\" \/>\n<meta property=\"og:description\" content=\"Voranmelden Deine tim-Linz Voranmeldung F\u00fcr deine tim-Beratung nehmen wir uns gerne ausreichend Zeit. Um diese Zeit f\u00fcr dich im Vorfeld auch reservieren zu k\u00f6nnen, f\u00fclle bitte nachfolgende Felder aus und schick uns deine Voranmeldung. Wir kontaktieren dich dann so schnell wie m\u00f6glich mit einem Terminvorschlag. Du willst dir die AGB schon vorher durchlesen? Unten kannst [&hellip;]\" \/>\n<meta property=\"og:url\" content=\"https:\/\/www.tim-oesterreich.at\/linz\/anmelden\/\" \/>\n<meta property=\"og:site_name\" content=\"TIM Linz\" \/>\n<meta property=\"article:modified_time\" content=\"2025-11-03T14:21:29+00:00\" \/>\n<meta name=\"twitter:card\" content=\"summary_large_image\" \/>\n<script type=\"application\/ld+json\" class=\"yoast-schema-graph\">{\"@context\":\"https:\/\/schema.org\",\"@graph\":[{\"@type\":\"WebPage\",\"@id\":\"https:\/\/www.tim-oesterreich.at\/linz\/anmelden\/\",\"url\":\"https:\/\/www.tim-oesterreich.at\/linz\/anmelden\/\",\"name\":\"Voranmelden - TIM Linz\",\"isPartOf\":{\"@id\":\"https:\/\/www.tim-oesterreich.at\/linz\/#website\"},\"datePublished\":\"2022-10-28T12:29:30+00:00\",\"dateModified\":\"2025-11-03T14:21:29+00:00\",\"breadcrumb\":{\"@id\":\"https:\/\/www.tim-oesterreich.at\/linz\/anmelden\/#breadcrumb\"},\"inLanguage\":\"de\",\"potentialAction\":[{\"@type\":\"ReadAction\",\"target\":[\"https:\/\/www.tim-oesterreich.at\/linz\/anmelden\/\"]}]},{\"@type\":\"BreadcrumbList\",\"@id\":\"https:\/\/www.tim-oesterreich.at\/linz\/anmelden\/#breadcrumb\",\"itemListElement\":[{\"@type\":\"ListItem\",\"position\":1,\"name\":\"Startseite\",\"item\":\"https:\/\/www.tim-oesterreich.at\/linz\/\"},{\"@type\":\"ListItem\",\"position\":2,\"name\":\"Voranmelden\"}]},{\"@type\":\"WebSite\",\"@id\":\"https:\/\/www.tim-oesterreich.at\/linz\/#website\",\"url\":\"https:\/\/www.tim-oesterreich.at\/linz\/\",\"name\":\"TIM Linz\",\"description\":\"\",\"potentialAction\":[{\"@type\":\"SearchAction\",\"target\":{\"@type\":\"EntryPoint\",\"urlTemplate\":\"https:\/\/www.tim-oesterreich.at\/linz\/?s={search_term_string}\"},\"query-input\":{\"@type\":\"PropertyValueSpecification\",\"valueRequired\":true,\"valueName\":\"search_term_string\"}}],\"inLanguage\":\"de\"}]}<\/script>\n<!-- \/ Yoast SEO plugin. -->","yoast_head_json":{"title":"Voranmelden - TIM Linz","robots":{"index":"index","follow":"follow","max-snippet":"max-snippet:-1","max-image-preview":"max-image-preview:large","max-video-preview":"max-video-preview:-1"},"canonical":"https:\/\/www.tim-oesterreich.at\/linz\/anmelden\/","og_locale":"de_DE","og_type":"article","og_title":"Voranmelden - TIM Linz","og_description":"Voranmelden Deine tim-Linz Voranmeldung F\u00fcr deine tim-Beratung nehmen wir uns gerne ausreichend Zeit. Um diese Zeit f\u00fcr dich im Vorfeld auch reservieren zu k\u00f6nnen, f\u00fclle bitte nachfolgende Felder aus und schick uns deine Voranmeldung. Wir kontaktieren dich dann so schnell wie m\u00f6glich mit einem Terminvorschlag. Du willst dir die AGB schon vorher durchlesen? Unten kannst [&hellip;]","og_url":"https:\/\/www.tim-oesterreich.at\/linz\/anmelden\/","og_site_name":"TIM Linz","article_modified_time":"2025-11-03T14:21:29+00:00","twitter_card":"summary_large_image","schema":{"@context":"https:\/\/schema.org","@graph":[{"@type":"WebPage","@id":"https:\/\/www.tim-oesterreich.at\/linz\/anmelden\/","url":"https:\/\/www.tim-oesterreich.at\/linz\/anmelden\/","name":"Voranmelden - TIM Linz","isPartOf":{"@id":"https:\/\/www.tim-oesterreich.at\/linz\/#website"},"datePublished":"2022-10-28T12:29:30+00:00","dateModified":"2025-11-03T14:21:29+00:00","breadcrumb":{"@id":"https:\/\/www.tim-oesterreich.at\/linz\/anmelden\/#breadcrumb"},"inLanguage":"de","potentialAction":[{"@type":"ReadAction","target":["https:\/\/www.tim-oesterreich.at\/linz\/anmelden\/"]}]},{"@type":"BreadcrumbList","@id":"https:\/\/www.tim-oesterreich.at\/linz\/anmelden\/#breadcrumb","itemListElement":[{"@type":"ListItem","position":1,"name":"Startseite","item":"https:\/\/www.tim-oesterreich.at\/linz\/"},{"@type":"ListItem","position":2,"name":"Voranmelden"}]},{"@type":"WebSite","@id":"https:\/\/www.tim-oesterreich.at\/linz\/#website","url":"https:\/\/www.tim-oesterreich.at\/linz\/","name":"TIM Linz","description":"","potentialAction":[{"@type":"SearchAction","target":{"@type":"EntryPoint","urlTemplate":"https:\/\/www.tim-oesterreich.at\/linz\/?s={search_term_string}"},"query-input":{"@type":"PropertyValueSpecification","valueRequired":true,"valueName":"search_term_string"}}],"inLanguage":"de"}]}},"lang":"de","translations":{"de":47,"en":4212},"pll_sync_post":[],"_links":{"self":[{"href":"https:\/\/www.tim-oesterreich.at\/linz\/wp-json\/wp\/v2\/pages\/47","targetHints":{"allow":["GET"]}}],"collection":[{"href":"https:\/\/www.tim-oesterreich.at\/linz\/wp-json\/wp\/v2\/pages"}],"about":[{"href":"https:\/\/www.tim-oesterreich.at\/linz\/wp-json\/wp\/v2\/types\/page"}],"author":[{"embeddable":true,"href":"https:\/\/www.tim-oesterreich.at\/linz\/wp-json\/wp\/v2\/users\/1"}],"replies":[{"embeddable":true,"href":"https:\/\/www.tim-oesterreich.at\/linz\/wp-json\/wp\/v2\/comments?post=47"}],"version-history":[{"count":11,"href":"https:\/\/www.tim-oesterreich.at\/linz\/wp-json\/wp\/v2\/pages\/47\/revisions"}],"predecessor-version":[{"id":6406,"href":"https:\/\/www.tim-oesterreich.at\/linz\/wp-json\/wp\/v2\/pages\/47\/revisions\/6406"}],"wp:attachment":[{"href":"https:\/\/www.tim-oesterreich.at\/linz\/wp-json\/wp\/v2\/media?parent=47"}],"curies":[{"name":"wp","href":"https:\/\/api.w.org\/{rel}","templated":true}]}}