{"id":4236,"date":"2022-10-31T12:23:47","date_gmt":"2022-10-31T11:23:47","guid":{"rendered":"https:\/\/www.tim-oesterreich.at\/linz\/?page_id=4236"},"modified":"2022-10-31T12:41:39","modified_gmt":"2022-10-31T11:41:39","slug":"news","status":"publish","type":"page","link":"https:\/\/www.tim-oesterreich.at\/linz\/en\/news\/","title":{"rendered":"News"},"content":{"rendered":"<h2>News<\/h2>\n<ul>\n<li>\n<h3>\u00c4nderung unserer Kundenvereinbarung<\/h3>\n<p><strong>31. Oktober 2022<\/strong><a href=\"https:\/\/www.tim-oesterreich.at\/linz\/aenderung-unserer-kundenvereinbarung\/\">mehr lesen&#8230;<\/a><\/li>\n<li>\n<h3>100 Business-Kunden und Studentenrabatt<\/h3>\n<p><strong>5. Oktober 2022<\/strong><\/p>\n<div>Neuigkeiten zum Semesterstart &#8211; Seit der Er\u00f6ffnung der ersten beiden Standorte vor drei Jahren sind neben Privatkunden auch bereits 100 Unternehmen mit dem (e-)Carsharing-Modell tim (t\u00e4glich. intelligent. mobil.) in Linz nachhaltig mobil. Die Wirtschaftshochschule LIMAK ist der 100. Business-Kunde und nutzt vorwiegend den tim-Mobilit\u00e4tsknoten an der Johannes Kepler Universit\u00e4t (JKU). Apropos JKU \u2013 p\u00fcnktlich zum Semesterbeginn im Oktober startete das neue Angebot f\u00fcr Studierende. Wer bei uns im tim-Servicecenter eine Mitgliedschaft abschlie\u00dft und seinen Studentenausweis vorzeigt, spart bei Registrierungsgeb\u00fchr, monatlicher Grundgeb\u00fchr und Mindestvertragslaufzeit!<\/div>\n<p><a href=\"https:\/\/www.tim-oesterreich.at\/linz\/100-business-kunden-und-studentenrabatt\/\">mehr lesen&#8230;<\/a><\/li>\n<li>\n<h3>Mit MEGA-Ticket oder Klimaticket \u20ac 15,- sparen!<\/h3>\n<p><strong>4. Oktober 2022<\/strong><\/p>\n<div>Da f\u00e4llt die Entscheidung noch leichter:<\/p>\n<p>Melde dich jetzt f\u00fcr einen Einschulungstermin an, zeig uns dein MEGA-Ticket, Semesterticket oder Klimaticket inkl. Kernzone Linz und spar&#8216; dir die Registrierungsgeb\u00fchr in H\u00f6he von \u20ac 15,-!<\/p>\n<p>Mit tim bist du t\u00e4glich.intelligent.mobil!<br \/>\nInformiere dich jetzt \u00fcber Tarife, Standorte &amp; Co. &#8211; entweder direkt auf der Website, telefonisch unter 0732\/3400-7733 oder per E-Mail unter office@tim-linz.at.<\/p><\/div>\n<p><a href=\"https:\/\/www.tim-oesterreich.at\/linz\/mit-mega-ticket-oder-klimaticket-e-15-sparen\/\">mehr lesen&#8230;<\/a><\/li>\n<li>\n<h3>Student:innen fahren g\u00fcnstiger!<\/h3>\n<p><strong>3. Oktober 2022<\/strong><\/p>\n<div>Du studierst, hast kein eigenes Auto, brauchst aber ab und zu eines?<\/p>\n<p>Dann ist tim das richtige f\u00fcr dich! Ab sofort stehen dir unsere Vorteile f\u00fcr Student:innen zur Verf\u00fcgung: Halbe Registrierungsgeb\u00fchr, Semester-Mitgliedschaft (nur 6 Monate Mindestbindung), halbe Grundgeb\u00fchr.<br \/>\nG\u00fcltig f\u00fcr alle Student:innen mit g\u00fcltigem Studentenausweis bis 27 Jahre.<\/p>\n<p>Neugierig geworden?<br \/>\nDu erreichst uns telefonisch unter 0732\/3400-7733 oder per E-Mail unter office@tim-linz.at.<\/p><\/div>\n<p><a href=\"https:\/\/www.tim-oesterreich.at\/linz\/studenten-fahren-guenstiger\/\">mehr lesen&#8230;<\/a><\/li>\n<li>\n<h3>Das war das tim-Kundenevent 2022!<\/h3>\n<p><strong>13. September 2022<\/strong><\/p>\n<div>Eine exklusive Veranstaltung im Theater in der Innenstadt f\u00fcr unsere tim-Kunden stand am 9. September auf dem Programm.<\/p>\n<p>Die Gewinner wurden mit ihrer Begleitung zu einem vergn\u00fcglichen, kurzweiligen Abend beim Musical \u201eNick Knattertons Abenteuer &#8211; Ein klarer Fall von Falle\u201c eingeladen.<br \/>\nDas charmante St\u00fcck mit vielen \u00fcberraschenden Wendungen spielte in der Unterwelt der Nachkriegszeit und wurde mit beliebten Hits aus den 50er, 60er und 70er Jahren untermalt.<\/p>\n<p>Wir m\u00f6chten uns auf diesem Weg noch mal bei allen tim-Kunden bedanken, die mit uns den Abend verbracht haben!<\/p><\/div>\n<p><a href=\"https:\/\/www.tim-oesterreich.at\/linz\/das-war-das-tim-kundenevent-2022\/\">mehr lesen&#8230;<\/a><\/li>\n<li>\n<h3>Mit tim zu Nick Knatterton!<\/h3>\n<p><strong>4. August 2022<\/strong><\/p>\n<div>Nick Knatterton \u2013 spannend, charmant und voller \u00fcberraschender Wendungen ermittelt er in seinem wohl pers\u00f6nlichsten Fall.<br \/>\nUnsere tim-Kund\/innen k\u00f6nnen Karten f\u00fcr eine Vorstellung am 9. September 2022 im Theater in der Innenstadt gewinnen.<br \/>\nSichere dir exklusiv als tim-Kund:in zwei Gratiskarten! Jetzt schnell Formular ausf\u00fcllen und gewinnen!<\/div>\n<p><a href=\"https:\/\/www.tim-oesterreich.at\/linz\/mit-tim-zu-nick-knatterton\/\">mehr lesen&#8230;<\/a><\/li>\n<li>\n<h3>Weitersagen lohnt sich!<\/h3>\n<p><strong>27. Juli 2022<\/strong><\/p>\n<div>Eine Freundin von dir hat auch Interesse an (e-)Carsharing? Ihr macht die Dienstfahrten in der Firma mit dem Privat-PKW, weil ihr keinen Dienstwagen habt? Empfehle tim weiter und erhalte zwei monatliche Grundgeb\u00fchren geschenkt! Der\/die Neukund:in muss dich bei der Registrierung einfach als Vermittler:in angeben. Sobald der-\/diejenige ebenfalls tim-Mitglied ist, senden wir dir eine Best\u00e4tigung \u00fcber deine Gutschrift per E-Mail zu.<br \/>\nBehalte es nicht f\u00fcr dich, wenn du zufrieden bist &#8211; sag&#8216; es weiter und profitiere davon!<\/div>\n<p><a href=\"https:\/\/www.tim-oesterreich.at\/linz\/weitersagen-lohnt-sich\/\">mehr lesen&#8230;<\/a><\/li>\n<li>\n<h3>tim knackt die Millionengrenze bei den gefahrenen Kilometern<\/h3>\n<p><strong>15. Juni 2022<\/strong><\/p>\n<div>Seit 2019 k\u00f6nnen die Linzer und Linzerinnen das multimodale Mobilit\u00e4tsangebot von tim (t\u00e4glich.intelligent.mobil) nutzen und dabei von unkomplizierter Mobilit\u00e4t, ohne ein eigenes Auto zu besitzen, profitieren. An den multimodalen Verkehrspunkten stehen neben den vorhandenen \u00d6ffi-Angeboten mit Bus und Stra\u00dfenbahn auch (e-)Carsharing f\u00fcr individuelle Fahrten zur Verf\u00fcgung. Neun Standorte stehen mittlerweile im Stadtgebiet von Linz und einer in der Stadt Leonding zur Verf\u00fcgung. Jetzt erreichte tim einen weiteren Meilenstein: Die Nutzer und \u2013Nutzerinnen sind mehr als 1 Million Kilometer mit den Autos von tim unterwegs gewesen.<\/div>\n<p><a href=\"https:\/\/www.tim-oesterreich.at\/linz\/tim-knackt-die-millionengrenze-bei-den-gefahrenen-kilometern\/\">mehr lesen&#8230;<\/a><\/li>\n<li>\n<h3>tim breaks the one-million mark in kilometres covered<\/h3>\n<p><strong>15. Juni 2022<\/strong><a href=\"https:\/\/www.tim-oesterreich.at\/linz\/en\/tim-breaks-the-one-million-mark-in-kilometres-covered\/\">mehr lesen&#8230;<\/a><\/li>\n<li>\n<h3>tim is a popular service in the business sector too<\/h3>\n<p><strong>20. April 2022<\/strong><a href=\"https:\/\/www.tim-oesterreich.at\/linz\/en\/tim-is-a-popular-service-in-the-business-sector-too\/\">mehr lesen&#8230;<\/a><\/li>\n<li>\n<h3>tim ist auch im Business-Sektor ein beliebtes Angebot<\/h3>\n<p><strong>20. April 2022<\/strong><\/p>\n<div>Unkompliziert und nachhaltig ohne eigenem Auto mobil sein: Das ist das Ziel von\u00a0tim, dem multimodalen Mobilit\u00e4tsangebot in Linz. An den sogenannten tim-Knoten steht unseren Kunden und Kundinnen neben den bestehenden \u00f6ffentlichen Verkehrsangeboten (e-)Carsharing flexibel zur Verf\u00fcgung. Das zukunftsorientierte und umweltfreundliche Sharing-Angebot bietet dabei nicht nur Privatpersonen eine Alternative zum eigenen Pkw, sondern ist mit einem eigens geschn\u00fcrten Business-Angebot auch f\u00fcr Unternehmen ein idealer Begleiter durch den beruflichen Mobilit\u00e4tsalltag. <\/div>\n<p><a href=\"https:\/\/www.tim-oesterreich.at\/linz\/tim-ist-auch-im-business-sektor-ein-beliebtes-angebot\/\">mehr lesen&#8230;<\/a><\/li>\n<li>\n<h3>tim-Mobilit\u00e4tsknoten beim Volksgarten er\u00f6ffnet<\/h3>\n<p><strong>19. November 2021<\/strong><\/p>\n<div>Das multimodale Mobilit\u00e4tskonzept tim (t\u00e4glich.intelligent.mobil) st\u00f6\u00dft auf gro\u00dfes Interesse in Linz. Und mit der steigenden Nachfrage nach tim w\u00e4chst auch das Angebot. Die LINZ AG LINIEN installierten k\u00fcrzlich einen weiteren Standort im Stadtgebiet Linz. LINZ AG-Vorstandsdirektorin Dr.in Jutta Rinner, B\u00fcrgermeister Klaus Luger, Vizeb\u00fcrgermeister und Neu-Verkehrsreferent Mag. Bernhard Baier und LINZ AG-Generaldirektor DI Erich Haider (Foto) er\u00f6ffneten den Knoten, der sich in unmittelbarer N\u00e4he des Volksgartens befindet.<br \/>\nSomit stehen der Bev\u00f6lkerung nun insgesamt neun Standorte im Stadtgebiet Linz und ein weiterer in der Stadt Leonding zur Verf\u00fcgung, um nachhaltig und flexibel, ohne ein eigenes Auto zu besitzen, mobil zu sein.<\/div>\n<p><a href=\"https:\/\/www.tim-oesterreich.at\/linz\/mobilitaetsknoten-nummer-9-beim-volksgarten-installiert\/\">mehr lesen&#8230;<\/a><\/li>\n<\/ul>\n","protected":false},"excerpt":{"rendered":"<p>News \u00c4nderung unserer Kundenvereinbarung 31. Oktober 2022mehr lesen&#8230; 100 Business-Kunden und Studentenrabatt 5. Oktober 2022 Neuigkeiten zum Semesterstart &#8211; Seit der Er\u00f6ffnung der ersten beiden Standorte vor drei Jahren sind neben Privatkunden auch bereits 100 Unternehmen mit dem (e-)Carsharing-Modell tim (t\u00e4glich. intelligent. mobil.) in Linz nachhaltig mobil. Die Wirtschaftshochschule LIMAK ist der 100. Business-Kunde und [&hellip;]<\/p>\n","protected":false},"author":18,"featured_media":0,"parent":0,"menu_order":11,"comment_status":"closed","ping_status":"closed","template":"","meta":{"footnotes":""},"class_list":["post-4236","page","type-page","status-publish","hentry"],"acf":[],"yoast_head":"<!-- This site is optimized with the Yoast SEO plugin v26.7 - https:\/\/yoast.com\/wordpress\/plugins\/seo\/ -->\n<title>News - TIM Linz<\/title>\n<meta name=\"robots\" content=\"index, follow, max-snippet:-1, max-image-preview:large, max-video-preview:-1\" \/>\n<link rel=\"canonical\" href=\"https:\/\/www.tim-oesterreich.at\/linz\/en\/news\/\" \/>\n<meta property=\"og:locale\" content=\"de_DE\" \/>\n<meta property=\"og:type\" content=\"article\" \/>\n<meta property=\"og:title\" content=\"News - TIM Linz\" \/>\n<meta property=\"og:description\" content=\"News \u00c4nderung unserer Kundenvereinbarung 31. Oktober 2022mehr lesen&#8230; 100 Business-Kunden und Studentenrabatt 5. Oktober 2022 Neuigkeiten zum Semesterstart &#8211; Seit der Er\u00f6ffnung der ersten beiden Standorte vor drei Jahren sind neben Privatkunden auch bereits 100 Unternehmen mit dem (e-)Carsharing-Modell tim (t\u00e4glich. intelligent. mobil.) in Linz nachhaltig mobil. Die Wirtschaftshochschule LIMAK ist der 100. Business-Kunde und [&hellip;]\" \/>\n<meta property=\"og:url\" content=\"https:\/\/www.tim-oesterreich.at\/linz\/en\/news\/\" \/>\n<meta property=\"og:site_name\" content=\"TIM Linz\" \/>\n<meta property=\"article:modified_time\" content=\"2022-10-31T11:41:39+00:00\" \/>\n<meta name=\"twitter:card\" content=\"summary_large_image\" \/>\n<script type=\"application\/ld+json\" class=\"yoast-schema-graph\">{\"@context\":\"https:\/\/schema.org\",\"@graph\":[{\"@type\":\"WebPage\",\"@id\":\"https:\/\/www.tim-oesterreich.at\/linz\/en\/news\/\",\"url\":\"https:\/\/www.tim-oesterreich.at\/linz\/en\/news\/\",\"name\":\"News - TIM Linz\",\"isPartOf\":{\"@id\":\"https:\/\/www.tim-oesterreich.at\/linz\/#website\"},\"datePublished\":\"2022-10-31T11:23:47+00:00\",\"dateModified\":\"2022-10-31T11:41:39+00:00\",\"breadcrumb\":{\"@id\":\"https:\/\/www.tim-oesterreich.at\/linz\/en\/news\/#breadcrumb\"},\"inLanguage\":\"de\",\"potentialAction\":[{\"@type\":\"ReadAction\",\"target\":[\"https:\/\/www.tim-oesterreich.at\/linz\/en\/news\/\"]}]},{\"@type\":\"BreadcrumbList\",\"@id\":\"https:\/\/www.tim-oesterreich.at\/linz\/en\/news\/#breadcrumb\",\"itemListElement\":[{\"@type\":\"ListItem\",\"position\":1,\"name\":\"Startseite\",\"item\":\"https:\/\/www.tim-oesterreich.at\/linz\/\"},{\"@type\":\"ListItem\",\"position\":2,\"name\":\"News\"}]},{\"@type\":\"WebSite\",\"@id\":\"https:\/\/www.tim-oesterreich.at\/linz\/#website\",\"url\":\"https:\/\/www.tim-oesterreich.at\/linz\/\",\"name\":\"TIM Linz\",\"description\":\"\",\"potentialAction\":[{\"@type\":\"SearchAction\",\"target\":{\"@type\":\"EntryPoint\",\"urlTemplate\":\"https:\/\/www.tim-oesterreich.at\/linz\/?s={search_term_string}\"},\"query-input\":{\"@type\":\"PropertyValueSpecification\",\"valueRequired\":true,\"valueName\":\"search_term_string\"}}],\"inLanguage\":\"de\"}]}<\/script>\n<!-- \/ Yoast SEO plugin. -->","yoast_head_json":{"title":"News - TIM Linz","robots":{"index":"index","follow":"follow","max-snippet":"max-snippet:-1","max-image-preview":"max-image-preview:large","max-video-preview":"max-video-preview:-1"},"canonical":"https:\/\/www.tim-oesterreich.at\/linz\/en\/news\/","og_locale":"de_DE","og_type":"article","og_title":"News - TIM Linz","og_description":"News \u00c4nderung unserer Kundenvereinbarung 31. Oktober 2022mehr lesen&#8230; 100 Business-Kunden und Studentenrabatt 5. Oktober 2022 Neuigkeiten zum Semesterstart &#8211; Seit der Er\u00f6ffnung der ersten beiden Standorte vor drei Jahren sind neben Privatkunden auch bereits 100 Unternehmen mit dem (e-)Carsharing-Modell tim (t\u00e4glich. intelligent. mobil.) in Linz nachhaltig mobil. Die Wirtschaftshochschule LIMAK ist der 100. Business-Kunde und [&hellip;]","og_url":"https:\/\/www.tim-oesterreich.at\/linz\/en\/news\/","og_site_name":"TIM Linz","article_modified_time":"2022-10-31T11:41:39+00:00","twitter_card":"summary_large_image","schema":{"@context":"https:\/\/schema.org","@graph":[{"@type":"WebPage","@id":"https:\/\/www.tim-oesterreich.at\/linz\/en\/news\/","url":"https:\/\/www.tim-oesterreich.at\/linz\/en\/news\/","name":"News - TIM Linz","isPartOf":{"@id":"https:\/\/www.tim-oesterreich.at\/linz\/#website"},"datePublished":"2022-10-31T11:23:47+00:00","dateModified":"2022-10-31T11:41:39+00:00","breadcrumb":{"@id":"https:\/\/www.tim-oesterreich.at\/linz\/en\/news\/#breadcrumb"},"inLanguage":"de","potentialAction":[{"@type":"ReadAction","target":["https:\/\/www.tim-oesterreich.at\/linz\/en\/news\/"]}]},{"@type":"BreadcrumbList","@id":"https:\/\/www.tim-oesterreich.at\/linz\/en\/news\/#breadcrumb","itemListElement":[{"@type":"ListItem","position":1,"name":"Startseite","item":"https:\/\/www.tim-oesterreich.at\/linz\/"},{"@type":"ListItem","position":2,"name":"News"}]},{"@type":"WebSite","@id":"https:\/\/www.tim-oesterreich.at\/linz\/#website","url":"https:\/\/www.tim-oesterreich.at\/linz\/","name":"TIM Linz","description":"","potentialAction":[{"@type":"SearchAction","target":{"@type":"EntryPoint","urlTemplate":"https:\/\/www.tim-oesterreich.at\/linz\/?s={search_term_string}"},"query-input":{"@type":"PropertyValueSpecification","valueRequired":true,"valueName":"search_term_string"}}],"inLanguage":"de"}]}},"lang":"en","translations":{"en":4236,"de":1600},"pll_sync_post":[],"_links":{"self":[{"href":"https:\/\/www.tim-oesterreich.at\/linz\/wp-json\/wp\/v2\/pages\/4236","targetHints":{"allow":["GET"]}}],"collection":[{"href":"https:\/\/www.tim-oesterreich.at\/linz\/wp-json\/wp\/v2\/pages"}],"about":[{"href":"https:\/\/www.tim-oesterreich.at\/linz\/wp-json\/wp\/v2\/types\/page"}],"author":[{"embeddable":true,"href":"https:\/\/www.tim-oesterreich.at\/linz\/wp-json\/wp\/v2\/users\/18"}],"replies":[{"embeddable":true,"href":"https:\/\/www.tim-oesterreich.at\/linz\/wp-json\/wp\/v2\/comments?post=4236"}],"version-history":[{"count":3,"href":"https:\/\/www.tim-oesterreich.at\/linz\/wp-json\/wp\/v2\/pages\/4236\/revisions"}],"predecessor-version":[{"id":4342,"href":"https:\/\/www.tim-oesterreich.at\/linz\/wp-json\/wp\/v2\/pages\/4236\/revisions\/4342"}],"wp:attachment":[{"href":"https:\/\/www.tim-oesterreich.at\/linz\/wp-json\/wp\/v2\/media?parent=4236"}],"curies":[{"name":"wp","href":"https:\/\/api.w.org\/{rel}","templated":true}]}}