{"id":3721,"date":"2022-10-31T12:56:46","date_gmt":"2022-10-31T11:56:46","guid":{"rendered":"https:\/\/www.tim-oesterreich.at\/linz\/?page_id=3721"},"modified":"2022-02-04T12:46:34","modified_gmt":"2022-02-04T11:46:34","slug":"barrierefreiheit","status":"publish","type":"page","link":"https:\/\/www.tim-oesterreich.at\/linz\/barrierefreiheit\/","title":{"rendered":"Barrierefreiheit"},"content":{"rendered":"<h2>Erkl\u00e4rung zur Barrierefreiheit<\/h2>\n<div>\n<p>Die\u00a0<strong>LINZ AG<\/strong>\u00a0ist bem\u00fcht, ihre Websites im Einklang mit der\u00a0<a href=\"https:\/\/eur-lex.europa.eu\/legal-content\/DE\/TXT\/?uri=CELEX:32016L2102\">Richtlinie (EU) 2016\/2102 des Europ\u00e4ischen Parlaments und des Rates vom 26. Oktober 2016 \u00fcber den barrierefreien Zugang zu den\u00a0Websites\u00a0und mobilen Anwendungen \u00f6ffentlicher Stellen<\/a>\u00a0(ABl.\u00a0L 327 vom 2.12.2016,\u00a0S.\u00a01) barrierefrei zug\u00e4nglich zu machen. Diese Erkl\u00e4rung zur Barrierefreiheit gilt f\u00fcr die\u00a0Websites\u00a0<a href=\"http:\/\/www.tim-oesterreich.at\/\">www.tim-oesterreich.at<\/a>\u00a0und die jeweiligen Sub-Seiten f\u00fcr Graz, Linz und den steirischen Zentralraum.<\/p>\n<h2>Stand der Vereinbarkeit mit den Anforderungen<\/h2>\n<p>Diese\u00a0<span lang=\"en\">Website<\/span>\u00a0ist wegen der folgenden Unvereinbarkeiten und\/oder Ausnahmen teilweise mit\u00a0<strong>Konformit\u00e4tsstufe AA<\/strong>\u00a0der\u00a0<a href=\"https:\/\/www.w3.org\/TR\/WCAG21\/\">\u201eRichtlinien f\u00fcr barrierefreie Webinhalte Web \u2013\u00a0<span lang=\"en\"><abbr title=\"Web Content Accessibility Guidelines\">WCAG<\/abbr><\/span>\u00a02.1\u2033<\/a>\u00a0entsprechend der geltenden harmonisierten europ\u00e4ischen Norm \u201eEurop\u00e4ischer Standard\u00a0<abbr title=\"Europ\u00e4ische Norm\">EN<\/abbr>\u00a0301 549 V2.1.2 (2018-08)\u201c vereinbar.<\/p>\n<h2>Nicht barrierefreie Inhalte<\/h2>\n<p>TIM (und die LINZ AG) sind grunds\u00e4tzlich bestrebt, die Informationen bestm\u00f6glich barrierefrei anzubieten. Neue Applikationen beziehungsweise Erweiterungen werden barrierefrei umgesetzt. \u00c4ltere Applikationen werden mittelfristig \u00fcberarbeitet beziehungsweise abgel\u00f6st.<\/p>\n<p>Die nachstehend aufgef\u00fchrten Inhalte sind aus folgenden Gr\u00fcnden nicht barrierefrei \u2013 jeweils bezugnehmend auf die\u00a0<a href=\"https:\/\/www.w3.org\/TR\/WCAG21\/\">Web Content Accessibility Guidelines (WCAG) 2.1 W3C Recommendation, Stand: 5. Juni 2018<\/a>:<\/p>\n<ol>\n<li>\u00c4lteren YouTube Videos fehlt eine manuelle Transcription. Wir erg\u00e4nzen diese laufend. (1.2.3 Audio Description or Media Alternative (Prerecorded))<\/li>\n<\/ol>\n<h2>Erstellung dieser Erkl\u00e4rung zur Barrierefreiheit<\/h2>\n<p><strong>Erstellungsdatum:<\/strong>\u00a0Diese Erkl\u00e4rung wurde im Dezember 2021 erstellt.<\/p>\n<p><strong>Vorlage f\u00fcr das Statement:<\/strong>\u00a0<a href=\"https:\/\/eur-lex.europa.eu\/resource.html?uri=cellar:e1dfb98d-5aa1-11e8-ab41-01aa75ed71a1.0001.02\/DOC_2&amp;format=PDF\"><span lang=\"en\">MODEL ACCESSIBILITY STATEMENT<\/span><\/a><\/p>\n<p><strong>Grundlage des Statements:<\/strong>\u00a0Manuelle und automatisierte (Siteimprove, axe)\u00a0Accessibility-Evaluierung einer externen Beraterfirma anhand von\u00a0Samples\u00a0der\u00a0Website www.tim-oesterreich.at<\/p>\n<p>Die Erkl\u00e4rung wurde zuletzt am\u00a002.12.2021\u00a0\u00fcberpr\u00fcft.<\/p>\n<h2>Feedback\u00a0und Kontaktangaben, Beschwerdem\u00f6glichkeit<\/h2>\n<p>Sollten Sie auf\u00a0www.tim-oesterreich.at Barrieren finden, k\u00f6nnen Sie diese melden und somit helfen, unser Angebot\u00a0weiter zu verbessern.<\/p>\n<p><a href=\"mailto:office@tim-linz.at\">Meldung von Barrieren auf TIM<\/a><\/p>\n<h2>Verantwortlich f\u00fcr diese Seite:<\/h2>\n<p><b>tim &#8211; t\u00e4glich. intelligent. mobil.<\/b><\/p>\n<p>LINZ LINIEN GmbH<\/p>\n<p>Wiener Stra\u00dfe 151<br \/>\nA &#8211; 4021 Linz<br \/>\nTel.: +43 (0)732\/3400-7733<\/p>\n<p><a href=\"mailto:office@tim-linz.at\">office@tim-linz.at<\/a><br \/>\n<a href=\"https:\/\/www.tim-oesterreich.at\/linz\/kontakt\/\">Kontakt<\/a><\/p>\n<h2>Feedback-Prozess<\/h2>\n<p>Wir werden Ihre Meldung oder Beschwerde im Rahmen der geltend gemachten M\u00e4ngel bei der Einhaltung der Barrierefreiheitsanforderungen der Website pr\u00fcfen und sind bestrebt Ihnen zeitnahe zu antworten. Falls notwendig, werden die M\u00e4ngel beseitigt. Das Ergebnis der Pr\u00fcfung sowie die getroffenen oder beabsichtigten Ma\u00dfnahmen werden Ihnen binnen 2 Monaten bekannt gegeben. Sollte der Inhalt der Website von der Verpflichtung zur barrierefreien Umsetzung ausgenommen sein, werden Sie ebenfalls binnen 2 Monaten dar\u00fcber verst\u00e4ndigt.<\/p>\n<\/div>\n","protected":false},"excerpt":{"rendered":"<p>Erkl\u00e4rung zur Barrierefreiheit Die\u00a0LINZ AG\u00a0ist bem\u00fcht, ihre Websites im Einklang mit der\u00a0Richtlinie (EU) 2016\/2102 des Europ\u00e4ischen Parlaments und des Rates vom 26. Oktober 2016 \u00fcber den barrierefreien Zugang zu den\u00a0Websites\u00a0und mobilen Anwendungen \u00f6ffentlicher Stellen\u00a0(ABl.\u00a0L 327 vom 2.12.2016,\u00a0S.\u00a01) barrierefrei zug\u00e4nglich zu machen. Diese Erkl\u00e4rung zur Barrierefreiheit gilt f\u00fcr die\u00a0Websites\u00a0www.tim-oesterreich.at\u00a0und die jeweiligen Sub-Seiten f\u00fcr Graz, Linz und [&hellip;]<\/p>\n","protected":false},"author":10,"featured_media":0,"parent":0,"menu_order":0,"comment_status":"closed","ping_status":"closed","template":"","meta":{"footnotes":""},"class_list":["post-3721","page","type-page","status-publish","hentry"],"acf":[],"yoast_head":"<!-- This site is optimized with the Yoast SEO plugin v26.7 - https:\/\/yoast.com\/wordpress\/plugins\/seo\/ -->\n<title>Barrierefreiheit - TIM Linz<\/title>\n<meta name=\"robots\" content=\"index, follow, max-snippet:-1, max-image-preview:large, max-video-preview:-1\" \/>\n<link rel=\"canonical\" href=\"https:\/\/www.tim-oesterreich.at\/linz\/barrierefreiheit\/\" \/>\n<meta property=\"og:locale\" content=\"de_DE\" \/>\n<meta property=\"og:type\" content=\"article\" \/>\n<meta property=\"og:title\" content=\"Barrierefreiheit - TIM Linz\" \/>\n<meta property=\"og:description\" content=\"Erkl\u00e4rung zur Barrierefreiheit Die\u00a0LINZ AG\u00a0ist bem\u00fcht, ihre Websites im Einklang mit der\u00a0Richtlinie (EU) 2016\/2102 des Europ\u00e4ischen Parlaments und des Rates vom 26. Oktober 2016 \u00fcber den barrierefreien Zugang zu den\u00a0Websites\u00a0und mobilen Anwendungen \u00f6ffentlicher Stellen\u00a0(ABl.\u00a0L 327 vom 2.12.2016,\u00a0S.\u00a01) barrierefrei zug\u00e4nglich zu machen. Diese Erkl\u00e4rung zur Barrierefreiheit gilt f\u00fcr die\u00a0Websites\u00a0www.tim-oesterreich.at\u00a0und die jeweiligen Sub-Seiten f\u00fcr Graz, Linz und [&hellip;]\" \/>\n<meta property=\"og:url\" content=\"https:\/\/www.tim-oesterreich.at\/linz\/barrierefreiheit\/\" \/>\n<meta property=\"og:site_name\" content=\"TIM Linz\" \/>\n<meta name=\"twitter:card\" content=\"summary_large_image\" \/>\n<script type=\"application\/ld+json\" class=\"yoast-schema-graph\">{\"@context\":\"https:\/\/schema.org\",\"@graph\":[{\"@type\":\"WebPage\",\"@id\":\"https:\/\/www.tim-oesterreich.at\/linz\/barrierefreiheit\/\",\"url\":\"https:\/\/www.tim-oesterreich.at\/linz\/barrierefreiheit\/\",\"name\":\"Barrierefreiheit - TIM Linz\",\"isPartOf\":{\"@id\":\"https:\/\/www.tim-oesterreich.at\/linz\/#website\"},\"datePublished\":\"2022-10-31T11:56:46+00:00\",\"breadcrumb\":{\"@id\":\"https:\/\/www.tim-oesterreich.at\/linz\/barrierefreiheit\/#breadcrumb\"},\"inLanguage\":\"de\",\"potentialAction\":[{\"@type\":\"ReadAction\",\"target\":[\"https:\/\/www.tim-oesterreich.at\/linz\/barrierefreiheit\/\"]}]},{\"@type\":\"BreadcrumbList\",\"@id\":\"https:\/\/www.tim-oesterreich.at\/linz\/barrierefreiheit\/#breadcrumb\",\"itemListElement\":[{\"@type\":\"ListItem\",\"position\":1,\"name\":\"Startseite\",\"item\":\"https:\/\/www.tim-oesterreich.at\/linz\/\"},{\"@type\":\"ListItem\",\"position\":2,\"name\":\"Barrierefreiheit\"}]},{\"@type\":\"WebSite\",\"@id\":\"https:\/\/www.tim-oesterreich.at\/linz\/#website\",\"url\":\"https:\/\/www.tim-oesterreich.at\/linz\/\",\"name\":\"TIM Linz\",\"description\":\"\",\"potentialAction\":[{\"@type\":\"SearchAction\",\"target\":{\"@type\":\"EntryPoint\",\"urlTemplate\":\"https:\/\/www.tim-oesterreich.at\/linz\/?s={search_term_string}\"},\"query-input\":{\"@type\":\"PropertyValueSpecification\",\"valueRequired\":true,\"valueName\":\"search_term_string\"}}],\"inLanguage\":\"de\"}]}<\/script>\n<!-- \/ Yoast SEO plugin. -->","yoast_head_json":{"title":"Barrierefreiheit - TIM Linz","robots":{"index":"index","follow":"follow","max-snippet":"max-snippet:-1","max-image-preview":"max-image-preview:large","max-video-preview":"max-video-preview:-1"},"canonical":"https:\/\/www.tim-oesterreich.at\/linz\/barrierefreiheit\/","og_locale":"de_DE","og_type":"article","og_title":"Barrierefreiheit - TIM Linz","og_description":"Erkl\u00e4rung zur Barrierefreiheit Die\u00a0LINZ AG\u00a0ist bem\u00fcht, ihre Websites im Einklang mit der\u00a0Richtlinie (EU) 2016\/2102 des Europ\u00e4ischen Parlaments und des Rates vom 26. Oktober 2016 \u00fcber den barrierefreien Zugang zu den\u00a0Websites\u00a0und mobilen Anwendungen \u00f6ffentlicher Stellen\u00a0(ABl.\u00a0L 327 vom 2.12.2016,\u00a0S.\u00a01) barrierefrei zug\u00e4nglich zu machen. Diese Erkl\u00e4rung zur Barrierefreiheit gilt f\u00fcr die\u00a0Websites\u00a0www.tim-oesterreich.at\u00a0und die jeweiligen Sub-Seiten f\u00fcr Graz, Linz und [&hellip;]","og_url":"https:\/\/www.tim-oesterreich.at\/linz\/barrierefreiheit\/","og_site_name":"TIM Linz","twitter_card":"summary_large_image","schema":{"@context":"https:\/\/schema.org","@graph":[{"@type":"WebPage","@id":"https:\/\/www.tim-oesterreich.at\/linz\/barrierefreiheit\/","url":"https:\/\/www.tim-oesterreich.at\/linz\/barrierefreiheit\/","name":"Barrierefreiheit - TIM Linz","isPartOf":{"@id":"https:\/\/www.tim-oesterreich.at\/linz\/#website"},"datePublished":"2022-10-31T11:56:46+00:00","breadcrumb":{"@id":"https:\/\/www.tim-oesterreich.at\/linz\/barrierefreiheit\/#breadcrumb"},"inLanguage":"de","potentialAction":[{"@type":"ReadAction","target":["https:\/\/www.tim-oesterreich.at\/linz\/barrierefreiheit\/"]}]},{"@type":"BreadcrumbList","@id":"https:\/\/www.tim-oesterreich.at\/linz\/barrierefreiheit\/#breadcrumb","itemListElement":[{"@type":"ListItem","position":1,"name":"Startseite","item":"https:\/\/www.tim-oesterreich.at\/linz\/"},{"@type":"ListItem","position":2,"name":"Barrierefreiheit"}]},{"@type":"WebSite","@id":"https:\/\/www.tim-oesterreich.at\/linz\/#website","url":"https:\/\/www.tim-oesterreich.at\/linz\/","name":"TIM Linz","description":"","potentialAction":[{"@type":"SearchAction","target":{"@type":"EntryPoint","urlTemplate":"https:\/\/www.tim-oesterreich.at\/linz\/?s={search_term_string}"},"query-input":{"@type":"PropertyValueSpecification","valueRequired":true,"valueName":"search_term_string"}}],"inLanguage":"de"}]}},"lang":"de","translations":{"de":3721,"en":4197},"pll_sync_post":[],"_links":{"self":[{"href":"https:\/\/www.tim-oesterreich.at\/linz\/wp-json\/wp\/v2\/pages\/3721","targetHints":{"allow":["GET"]}}],"collection":[{"href":"https:\/\/www.tim-oesterreich.at\/linz\/wp-json\/wp\/v2\/pages"}],"about":[{"href":"https:\/\/www.tim-oesterreich.at\/linz\/wp-json\/wp\/v2\/types\/page"}],"author":[{"embeddable":true,"href":"https:\/\/www.tim-oesterreich.at\/linz\/wp-json\/wp\/v2\/users\/10"}],"replies":[{"embeddable":true,"href":"https:\/\/www.tim-oesterreich.at\/linz\/wp-json\/wp\/v2\/comments?post=3721"}],"version-history":[{"count":7,"href":"https:\/\/www.tim-oesterreich.at\/linz\/wp-json\/wp\/v2\/pages\/3721\/revisions"}],"predecessor-version":[{"id":3737,"href":"https:\/\/www.tim-oesterreich.at\/linz\/wp-json\/wp\/v2\/pages\/3721\/revisions\/3737"}],"wp:attachment":[{"href":"https:\/\/www.tim-oesterreich.at\/linz\/wp-json\/wp\/v2\/media?parent=3721"}],"curies":[{"name":"wp","href":"https:\/\/api.w.org\/{rel}","templated":true}]}}