{"id":3443,"date":"2023-03-22T13:12:16","date_gmt":"2023-03-22T12:12:16","guid":{"rendered":"https:\/\/www.tim-oesterreich.at\/linz\/?page_id=3443"},"modified":"2025-06-12T12:28:38","modified_gmt":"2025-06-12T10:28:38","slug":"standorte","status":"publish","type":"page","link":"https:\/\/www.tim-oesterreich.at\/linz\/standorte\/","title":{"rendered":"tim-Standorte"},"content":{"rendered":"<h2>Hier findest du alle tim-Standorte auf einen Blick:<\/h2>\n<ul>\n<li>\n<h3>Hessenplatz<\/h3>\n<div>\n<p>Hessenplatz 9, 4020 Linz<\/p>\n<\/div>\n<\/li>\n<li>\n<h3>Linke Br\u00fcckenstra\u00dfe<\/h3>\n<div>\n<p>Linke Br\u00fcckenstra\u00dfe 22, 4040 Linz<\/p>\n<\/div>\n<\/li>\n<li>\n<h3>Volksgarten<\/h3>\n<div>\n<p>Blumauerstra\u00dfe, 4020 Linz<\/p>\n<\/div>\n<\/li>\n<li>\n<h3>Stadtplatz Leonding<\/h3>\n<div>\n<p>4060 Leonding<\/p>\n<\/div>\n<\/li>\n<li>\n<h3>Bindermichl<\/h3>\n<div>\n<p>Stadlerstra\u00dfe, 4020 Linz<\/p>\n<\/div>\n<\/li>\n<li>\n<h3>Simonystra\u00dfe<\/h3>\n<div>\n<p>Kreuzung Wiener Stra\u00dfe\/Simonystra\u00dfe, 4030 Linz<\/p>\n<\/div>\n<\/li>\n<li>\n<h3>SolarCity<\/h3>\n<div>\n<p>Heliosallee, 4030 Linz<\/p>\n<\/div>\n<\/li>\n<li>\n<h3>Tabakfabrik Linz<\/h3>\n<div>\n<p>Ludlgasse, 4020 Linz<\/p>\n<p>&nbsp;<\/p>\n<\/div>\n<\/li>\n<li>\n<h3>Johannes-Kepler-Universit\u00e4t Linz (JKU)<\/h3>\n<div>\n<p>Altenberger Stra\u00dfe, 4040 Linz<\/p>\n<\/div>\n<\/li>\n<li>\n<h3>Gr\u00fcne Mitte Linz<\/h3>\n<div>\n<p>Edeltraud-Hofer-Stra\u00dfe, 4020 Linz<\/p>\n<p>&nbsp;<\/p>\n<\/div>\n<\/li>\n<li>\n<h3>Hauptplatz Linz<\/h3>\n<div>\n<p>Hauptplatz Linz, 4020 Linz<\/p>\n<\/div>\n<\/li>\n<li>\n<h3>LINZ AG Center<\/h3>\n<div>\n<p>Wiener Stra\u00dfe 151, 4020 Linz<\/p>\n<\/div>\n<\/li>\n<li>\n<h3>tim linz test<\/h3>\n<div>\n<p>Hier findest Du konventionell betriebene \u201eCarsharing\u201c-Fahrzeuge\u00a0 (Skoda Fabia Combi) und hast eine perfekte \u00d6ffi-Anbindung!<\/p>\n<\/div>\n<\/li>\n<li>\n<h3>tim linz land test<\/h3>\n<div>\n<p>Hier findest Du konventionell betriebene \u201eCarsharing\u201c-Fahrzeuge\u00a0 (Skoda Fabia Combi) und hast eine perfekte \u00d6ffi-Anbindung!<\/p>\n<\/div>\n<\/li>\n<\/ul>\n<div>\n<p><strong>Hauptplatz:<\/strong><\/p>\n<ul>\n<li>e-Carsharing<\/li>\n<li>konventionelles Carsharing<\/li>\n<li>Mietwagen<\/li>\n<li>Fahrradabstellpl\u00e4tze<\/li>\n<li>\u00f6ffentliches Laden in der Tiefgarage<\/li>\n<li>Anruf-Sammel-Taxi<\/li>\n<\/ul>\n<p>&nbsp;<\/p>\n<\/div>\n<p><img width=\"1680\" height=\"1260\" src=\"https:\/\/www.tim-oesterreich.at\/linz\/wp-content\/uploads\/sites\/3\/2023\/03\/hauptplatz_tim_v2-1680x1260.jpg\" class=\"attachment-large size-large\" alt=\"\" decoding=\"async\" loading=\"lazy\" srcset=\"https:\/\/www.tim-oesterreich.at\/linz\/wp-content\/uploads\/sites\/3\/2023\/03\/hauptplatz_tim_v2-1680x1260.jpg 1680w, https:\/\/www.tim-oesterreich.at\/linz\/wp-content\/uploads\/sites\/3\/2023\/03\/hauptplatz_tim_v2-840x630.jpg 840w, https:\/\/www.tim-oesterreich.at\/linz\/wp-content\/uploads\/sites\/3\/2023\/03\/hauptplatz_tim_v2-560x420.jpg 560w\" sizes=\"auto, (max-width: 1680px) 100vw, 1680px\" \/><\/p>\n<div>\n<p><strong>LINZ AG Center:<br \/>\n<\/strong><em>Wiener Stra\u00dfe 151<\/em><\/p>\n<ul>\n<li>e-Carsharing<\/li>\n<li>\u00f6ffentliches Laden<\/li>\n<li>Fahrradabstellpl\u00e4tze<\/li>\n<li>Anruf-Sammel-Taxi<\/li>\n<\/ul>\n<\/div>\n<p><img width=\"1680\" height=\"1260\" src=\"https:\/\/www.tim-oesterreich.at\/linz\/wp-content\/uploads\/sites\/3\/2023\/03\/tim-standort-linz-1680x1260.jpg\" class=\"attachment-large size-large\" alt=\"\" decoding=\"async\" loading=\"lazy\" srcset=\"https:\/\/www.tim-oesterreich.at\/linz\/wp-content\/uploads\/sites\/3\/2023\/03\/tim-standort-linz-1680x1260.jpg 1680w, https:\/\/www.tim-oesterreich.at\/linz\/wp-content\/uploads\/sites\/3\/2023\/03\/tim-standort-linz-840x630.jpg 840w, https:\/\/www.tim-oesterreich.at\/linz\/wp-content\/uploads\/sites\/3\/2023\/03\/tim-standort-linz-560x420.jpg 560w\" sizes=\"auto, (max-width: 1680px) 100vw, 1680px\" \/><\/p>\n<div>\n<p><strong>JKU Johannes-Kepler-Universit\u00e4t:<br \/>\n<\/strong><em>Altenberger Stra\u00dfe <\/em><\/p>\n<ul>\n<li>e-Carsharing<\/li>\n<li>konventionelles Carsharing<\/li>\n<li>Mietwagen<\/li>\n<li>Fahrradabstellpl\u00e4tze<\/li>\n<li>Anruf-Sammel-Taxi<\/li>\n<\/ul>\n<p>&nbsp;<\/p>\n<\/div>\n<p><img width=\"1680\" height=\"1260\" src=\"https:\/\/www.tim-oesterreich.at\/linz\/wp-content\/uploads\/sites\/3\/2023\/03\/20210510_144324_2-1680x1260.jpg\" class=\"attachment-large size-large\" alt=\"\" decoding=\"async\" loading=\"lazy\" srcset=\"https:\/\/www.tim-oesterreich.at\/linz\/wp-content\/uploads\/sites\/3\/2023\/03\/20210510_144324_2-1680x1260.jpg 1680w, https:\/\/www.tim-oesterreich.at\/linz\/wp-content\/uploads\/sites\/3\/2023\/03\/20210510_144324_2-840x630.jpg 840w, https:\/\/www.tim-oesterreich.at\/linz\/wp-content\/uploads\/sites\/3\/2023\/03\/20210510_144324_2-560x420.jpg 560w\" sizes=\"auto, (max-width: 1680px) 100vw, 1680px\" \/><\/p>\n<div>\n<p><strong>Tabakfabrik:<br \/>\n<\/strong><em>Ludlgasse <\/em><\/p>\n<ul>\n<li>e-Carsharing<\/li>\n<li>konventionelles Carsharing<\/li>\n<li>Mietwagen<\/li>\n<li>Fahrradabstellpl\u00e4tze<\/li>\n<li>\u00f6ffentliches Laden<\/li>\n<li>Anruf-Sammel-Taxi<\/li>\n<\/ul>\n<\/div>\n<p><img width=\"1680\" height=\"1239\" src=\"https:\/\/www.tim-oesterreich.at\/linz\/wp-content\/uploads\/sites\/3\/2023\/03\/foke_2020051411011703_001-1680x1239.jpg\" class=\"attachment-large size-large\" alt=\"\" decoding=\"async\" loading=\"lazy\" \/><\/p>\n<div>\n<p><strong>Gr\u00fcne Mitte:<br \/>\n<\/strong><em>Edeltraud-Hofer-Stra\u00dfe <\/em><\/p>\n<ul>\n<li>e-Carsharing<\/li>\n<li>konventionelles Carsharing<\/li>\n<li>Mietwagen<\/li>\n<li>Fahrradabstellpl\u00e4tze<\/li>\n<li>\u00f6ffentliches Laden<\/li>\n<li>Anruf-Sammel-Taxi<\/li>\n<\/ul>\n<p>&nbsp;<\/p>\n<\/div>\n<p><img width=\"1680\" height=\"1260\" src=\"https:\/\/www.tim-oesterreich.at\/linz\/wp-content\/uploads\/sites\/3\/2023\/03\/gruene_mitte_01-1680x1260.jpg\" class=\"attachment-large size-large\" alt=\"\" decoding=\"async\" loading=\"lazy\" srcset=\"https:\/\/www.tim-oesterreich.at\/linz\/wp-content\/uploads\/sites\/3\/2023\/03\/gruene_mitte_01-1680x1260.jpg 1680w, https:\/\/www.tim-oesterreich.at\/linz\/wp-content\/uploads\/sites\/3\/2023\/03\/gruene_mitte_01-840x630.jpg 840w, https:\/\/www.tim-oesterreich.at\/linz\/wp-content\/uploads\/sites\/3\/2023\/03\/gruene_mitte_01-560x420.jpg 560w\" sizes=\"auto, (max-width: 1680px) 100vw, 1680px\" \/><\/p>\n<div>\n<p><strong>Solarcity:<br \/>\n<\/strong><em>Heliosallee <\/em><\/p>\n<ul>\n<li>e-Carsharing<\/li>\n<li>konventionelles Carsharing<\/li>\n<li>Mietwagen<\/li>\n<li>Fahrradabstellpl\u00e4tze<\/li>\n<li>\u00f6ffentliches Laden<\/li>\n<li>Anruf-Sammel-Taxi<\/li>\n<\/ul>\n<\/div>\n<p><img width=\"1680\" height=\"1260\" src=\"https:\/\/www.tim-oesterreich.at\/linz\/wp-content\/uploads\/sites\/3\/2023\/03\/foke_2020100613480354_085-1680x1260.jpg\" class=\"attachment-large size-large\" alt=\"\" decoding=\"async\" loading=\"lazy\" srcset=\"https:\/\/www.tim-oesterreich.at\/linz\/wp-content\/uploads\/sites\/3\/2023\/03\/foke_2020100613480354_085-1680x1260.jpg 1680w, https:\/\/www.tim-oesterreich.at\/linz\/wp-content\/uploads\/sites\/3\/2023\/03\/foke_2020100613480354_085-840x630.jpg 840w, https:\/\/www.tim-oesterreich.at\/linz\/wp-content\/uploads\/sites\/3\/2023\/03\/foke_2020100613480354_085-560x420.jpg 560w\" sizes=\"auto, (max-width: 1680px) 100vw, 1680px\" \/><\/p>\n<div>\n<p><strong>Simonystra\u00dfe:<\/strong><\/p>\n<ul>\n<li>e-Carsharing<\/li>\n<li>konventionelles Carsharing<\/li>\n<li>Mietwagen<\/li>\n<li>Fahrradabstellpl\u00e4tze<\/li>\n<li>\u00f6ffentliches Laden<\/li>\n<li>Anruf-Sammel-Taxi<\/li>\n<\/ul>\n<p>&nbsp;<\/p>\n<\/div>\n<p><img width=\"1680\" height=\"1260\" src=\"https:\/\/www.tim-oesterreich.at\/linz\/wp-content\/uploads\/sites\/3\/2021\/04\/standorterffnung_simonystrae-1680x1260.jpg\" class=\"attachment-large size-large\" alt=\"\" decoding=\"async\" loading=\"lazy\" srcset=\"https:\/\/www.tim-oesterreich.at\/linz\/wp-content\/uploads\/sites\/3\/2021\/04\/standorterffnung_simonystrae-1680x1260.jpg 1680w, https:\/\/www.tim-oesterreich.at\/linz\/wp-content\/uploads\/sites\/3\/2021\/04\/standorterffnung_simonystrae-840x630.jpg 840w, https:\/\/www.tim-oesterreich.at\/linz\/wp-content\/uploads\/sites\/3\/2021\/04\/standorterffnung_simonystrae-560x420.jpg 560w\" sizes=\"auto, (max-width: 1680px) 100vw, 1680px\" \/><\/p>\n<div>\n<p><strong>Bindermichl:<br \/>\n<\/strong><em>Stadlerstra\u00dfe<\/em><\/p>\n<ul>\n<li>e-Carsharing<\/li>\n<li>konventionelles Carsharing<\/li>\n<li>Mietwagen<\/li>\n<li>Fahrradabstellpl\u00e4tze<\/li>\n<li>Anruf-Sammel-Taxi<\/li>\n<\/ul>\n<p>&nbsp;<\/p>\n<\/div>\n<p><img width=\"1680\" height=\"1260\" src=\"https:\/\/www.tim-oesterreich.at\/linz\/wp-content\/uploads\/sites\/3\/2023\/03\/foke_11884-1680x1260.jpg\" class=\"attachment-large size-large\" alt=\"\" decoding=\"async\" loading=\"lazy\" srcset=\"https:\/\/www.tim-oesterreich.at\/linz\/wp-content\/uploads\/sites\/3\/2023\/03\/foke_11884-1680x1260.jpg 1680w, https:\/\/www.tim-oesterreich.at\/linz\/wp-content\/uploads\/sites\/3\/2023\/03\/foke_11884-840x630.jpg 840w, https:\/\/www.tim-oesterreich.at\/linz\/wp-content\/uploads\/sites\/3\/2023\/03\/foke_11884-560x420.jpg 560w\" sizes=\"auto, (max-width: 1680px) 100vw, 1680px\" \/><\/p>\n<div>\n<p><strong>Volksgarten:<br \/>\n<\/strong><em>Blumauerstra\u00dfe<\/em><\/p>\n<ul>\n<li>e-Carsharing<\/li>\n<li>konventionelles Carsharing<\/li>\n<li>Transporter<\/li>\n<li>Fahrradabstellpl\u00e4tze<\/li>\n<li><span style=\"font-size: 1em;letter-spacing: 0px\">\u00f6ffentliches Laden<\/span><\/li>\n<li>Anruf-Sammel-Taxi<\/li>\n<\/ul>\n<p>&nbsp;<\/p>\n<\/div>\n<p><img width=\"1680\" height=\"1260\" src=\"https:\/\/www.tim-oesterreich.at\/linz\/wp-content\/uploads\/sites\/3\/2023\/03\/foke_23161-1680x1260.jpg\" class=\"attachment-large size-large\" alt=\"\" decoding=\"async\" loading=\"lazy\" srcset=\"https:\/\/www.tim-oesterreich.at\/linz\/wp-content\/uploads\/sites\/3\/2023\/03\/foke_23161-1680x1260.jpg 1680w, https:\/\/www.tim-oesterreich.at\/linz\/wp-content\/uploads\/sites\/3\/2023\/03\/foke_23161-840x630.jpg 840w, https:\/\/www.tim-oesterreich.at\/linz\/wp-content\/uploads\/sites\/3\/2023\/03\/foke_23161-560x420.jpg 560w\" sizes=\"auto, (max-width: 1680px) 100vw, 1680px\" \/><\/p>\n<div>\n<p><strong>Stadtplatz Leonding:<\/strong><\/p>\n<ul>\n<li>e-Carsharing<\/li>\n<li>konventionelles Carsharing<\/li>\n<li>Fahrradabstellpl\u00e4tze<\/li>\n<li>\u00f6ffentliches Laden<\/li>\n<li>Anruf-Sammel-Taxi<\/li>\n<\/ul>\n<\/div>\n<p><img width=\"1680\" height=\"1260\" src=\"https:\/\/www.tim-oesterreich.at\/linz\/wp-content\/uploads\/sites\/3\/2023\/03\/tim-standort_leonding_20220510-039linzag_p-kerschbaummayr_exklusiv-1680x1260.jpg\" class=\"attachment-large size-large\" alt=\"\" decoding=\"async\" loading=\"lazy\" srcset=\"https:\/\/www.tim-oesterreich.at\/linz\/wp-content\/uploads\/sites\/3\/2023\/03\/tim-standort_leonding_20220510-039linzag_p-kerschbaummayr_exklusiv-1680x1260.jpg 1680w, https:\/\/www.tim-oesterreich.at\/linz\/wp-content\/uploads\/sites\/3\/2023\/03\/tim-standort_leonding_20220510-039linzag_p-kerschbaummayr_exklusiv-840x630.jpg 840w, https:\/\/www.tim-oesterreich.at\/linz\/wp-content\/uploads\/sites\/3\/2023\/03\/tim-standort_leonding_20220510-039linzag_p-kerschbaummayr_exklusiv-560x420.jpg 560w\" sizes=\"auto, (max-width: 1680px) 100vw, 1680px\" \/><\/p>\n<div>\n<p><strong>Linke Br\u00fcckenstra\u00dfe:<\/strong><\/p>\n<ul>\n<li>e-Carsharing<\/li>\n<li>konventionelles Carsharing<\/li>\n<li>Mietwagen<\/li>\n<li>Transporter<\/li>\n<li>Fahrradabstellpl\u00e4tze<\/li>\n<li><span style=\"font-size: 1em;letter-spacing: 0px\">\u00f6ffentliches Laden<\/span><\/li>\n<li>Anruf-Sammel-Taxi<\/li>\n<\/ul>\n<\/div>\n<p><img width=\"1680\" height=\"1260\" src=\"https:\/\/www.tim-oesterreich.at\/linz\/wp-content\/uploads\/sites\/3\/2023\/04\/foke_63703-ret-1680x1260.jpg\" class=\"attachment-large size-large\" alt=\"\" decoding=\"async\" loading=\"lazy\" srcset=\"https:\/\/www.tim-oesterreich.at\/linz\/wp-content\/uploads\/sites\/3\/2023\/04\/foke_63703-ret-1680x1260.jpg 1680w, https:\/\/www.tim-oesterreich.at\/linz\/wp-content\/uploads\/sites\/3\/2023\/04\/foke_63703-ret-840x630.jpg 840w, https:\/\/www.tim-oesterreich.at\/linz\/wp-content\/uploads\/sites\/3\/2023\/04\/foke_63703-ret-560x420.jpg 560w\" sizes=\"auto, (max-width: 1680px) 100vw, 1680px\" \/><\/p>\n<div>\n<p><strong>Hessenplatz:<\/strong><\/p>\n<ul>\n<li>e-Carsharing<\/li>\n<li>Mietwagen<\/li>\n<li>Fahrradabstellpl\u00e4tze<\/li>\n<li><span style=\"font-size: 1em;letter-spacing: 0px\">\u00f6ffentliches Laden<\/span><\/li>\n<li>Anruf-Sammel-Taxi<\/li>\n<\/ul>\n<\/div>\n<p><img width=\"1680\" height=\"1260\" src=\"https:\/\/www.tim-oesterreich.at\/linz\/wp-content\/uploads\/sites\/3\/2023\/12\/foke_90099_bearb-1680x1260.jpg\" class=\"attachment-large size-large\" alt=\"\" decoding=\"async\" loading=\"lazy\" srcset=\"https:\/\/www.tim-oesterreich.at\/linz\/wp-content\/uploads\/sites\/3\/2023\/12\/foke_90099_bearb-1680x1260.jpg 1680w, https:\/\/www.tim-oesterreich.at\/linz\/wp-content\/uploads\/sites\/3\/2023\/12\/foke_90099_bearb-840x630.jpg 840w, https:\/\/www.tim-oesterreich.at\/linz\/wp-content\/uploads\/sites\/3\/2023\/12\/foke_90099_bearb-560x420.jpg 560w\" sizes=\"auto, (max-width: 1680px) 100vw, 1680px\" \/><\/p>\n<div>\n<p><strong>Froschberg\/Stadion:<\/strong><\/p>\n<ul>\n<li>e-Carsharing<\/li>\n<li>Fahrradabstellpl\u00e4tze<\/li>\n<li><span style=\"font-size: 1em;letter-spacing: 0px\">\u00f6ffentliches Laden<\/span><\/li>\n<li>Anruf-Sammel-Taxi<\/li>\n<\/ul>\n<\/div>\n<p><img width=\"1680\" height=\"1260\" src=\"https:\/\/www.tim-oesterreich.at\/linz\/wp-content\/uploads\/sites\/3\/2025\/05\/tim_standort_froschberg_01_02-1680x1260.jpg\" class=\"attachment-large size-large\" alt=\"\" decoding=\"async\" loading=\"lazy\" srcset=\"https:\/\/www.tim-oesterreich.at\/linz\/wp-content\/uploads\/sites\/3\/2025\/05\/tim_standort_froschberg_01_02-1680x1260.jpg 1680w, https:\/\/www.tim-oesterreich.at\/linz\/wp-content\/uploads\/sites\/3\/2025\/05\/tim_standort_froschberg_01_02-840x630.jpg 840w, https:\/\/www.tim-oesterreich.at\/linz\/wp-content\/uploads\/sites\/3\/2025\/05\/tim_standort_froschberg_01_02-560x420.jpg 560w\" sizes=\"auto, (max-width: 1680px) 100vw, 1680px\" \/><\/p>\n","protected":false},"excerpt":{"rendered":"<p>Hier findest du alle tim-Standorte auf einen Blick: Hessenplatz Hessenplatz 9, 4020 Linz Linke Br\u00fcckenstra\u00dfe Linke Br\u00fcckenstra\u00dfe 22, 4040 Linz Volksgarten Blumauerstra\u00dfe, 4020 Linz Stadtplatz Leonding 4060 Leonding Bindermichl Stadlerstra\u00dfe, 4020 Linz Simonystra\u00dfe Kreuzung Wiener Stra\u00dfe\/Simonystra\u00dfe, 4030 Linz SolarCity Heliosallee, 4030 Linz Tabakfabrik Linz Ludlgasse, 4020 Linz &nbsp; Johannes-Kepler-Universit\u00e4t Linz (JKU) Altenberger Stra\u00dfe, 4040 Linz [&hellip;]<\/p>\n","protected":false},"author":10,"featured_media":0,"parent":0,"menu_order":0,"comment_status":"closed","ping_status":"closed","template":"","meta":{"footnotes":""},"class_list":["post-3443","page","type-page","status-publish","hentry"],"acf":[],"yoast_head":"<!-- This site is optimized with the Yoast SEO plugin v26.7 - https:\/\/yoast.com\/wordpress\/plugins\/seo\/ -->\n<title>tim-Standorte - TIM Linz<\/title>\n<meta name=\"robots\" content=\"index, follow, max-snippet:-1, max-image-preview:large, max-video-preview:-1\" \/>\n<link rel=\"canonical\" href=\"https:\/\/www.tim-oesterreich.at\/linz\/standorte\/\" \/>\n<meta property=\"og:locale\" content=\"de_DE\" \/>\n<meta property=\"og:type\" content=\"article\" \/>\n<meta property=\"og:title\" content=\"tim-Standorte - TIM Linz\" \/>\n<meta property=\"og:description\" content=\"Hier findest du alle tim-Standorte auf einen Blick: Hessenplatz Hessenplatz 9, 4020 Linz Linke Br\u00fcckenstra\u00dfe Linke Br\u00fcckenstra\u00dfe 22, 4040 Linz Volksgarten Blumauerstra\u00dfe, 4020 Linz Stadtplatz Leonding 4060 Leonding Bindermichl Stadlerstra\u00dfe, 4020 Linz Simonystra\u00dfe Kreuzung Wiener Stra\u00dfe\/Simonystra\u00dfe, 4030 Linz SolarCity Heliosallee, 4030 Linz Tabakfabrik Linz Ludlgasse, 4020 Linz &nbsp; Johannes-Kepler-Universit\u00e4t Linz (JKU) Altenberger Stra\u00dfe, 4040 Linz [&hellip;]\" \/>\n<meta property=\"og:url\" content=\"https:\/\/www.tim-oesterreich.at\/linz\/standorte\/\" \/>\n<meta property=\"og:site_name\" content=\"TIM Linz\" \/>\n<meta property=\"article:modified_time\" content=\"2025-06-12T10:28:38+00:00\" \/>\n<meta property=\"og:image\" content=\"https:\/\/www.tim-oesterreich.at\/linz\/wp-content\/uploads\/sites\/3\/2023\/03\/hauptplatz_tim_v2-1680x1260.jpg\" \/>\n<meta name=\"twitter:card\" content=\"summary_large_image\" \/>\n<script type=\"application\/ld+json\" class=\"yoast-schema-graph\">{\"@context\":\"https:\/\/schema.org\",\"@graph\":[{\"@type\":\"WebPage\",\"@id\":\"https:\/\/www.tim-oesterreich.at\/linz\/standorte\/\",\"url\":\"https:\/\/www.tim-oesterreich.at\/linz\/standorte\/\",\"name\":\"tim-Standorte - TIM Linz\",\"isPartOf\":{\"@id\":\"https:\/\/www.tim-oesterreich.at\/linz\/#website\"},\"primaryImageOfPage\":{\"@id\":\"https:\/\/www.tim-oesterreich.at\/linz\/standorte\/#primaryimage\"},\"image\":{\"@id\":\"https:\/\/www.tim-oesterreich.at\/linz\/standorte\/#primaryimage\"},\"thumbnailUrl\":\"https:\/\/www.tim-oesterreich.at\/linz\/wp-content\/uploads\/sites\/3\/2023\/03\/hauptplatz_tim_v2-1680x1260.jpg\",\"datePublished\":\"2023-03-22T12:12:16+00:00\",\"dateModified\":\"2025-06-12T10:28:38+00:00\",\"breadcrumb\":{\"@id\":\"https:\/\/www.tim-oesterreich.at\/linz\/standorte\/#breadcrumb\"},\"inLanguage\":\"de\",\"potentialAction\":[{\"@type\":\"ReadAction\",\"target\":[\"https:\/\/www.tim-oesterreich.at\/linz\/standorte\/\"]}]},{\"@type\":\"ImageObject\",\"inLanguage\":\"de\",\"@id\":\"https:\/\/www.tim-oesterreich.at\/linz\/standorte\/#primaryimage\",\"url\":\"https:\/\/www.tim-oesterreich.at\/linz\/wp-content\/uploads\/sites\/3\/2023\/03\/hauptplatz_tim_v2-1680x1260.jpg\",\"contentUrl\":\"https:\/\/www.tim-oesterreich.at\/linz\/wp-content\/uploads\/sites\/3\/2023\/03\/hauptplatz_tim_v2-1680x1260.jpg\"},{\"@type\":\"BreadcrumbList\",\"@id\":\"https:\/\/www.tim-oesterreich.at\/linz\/standorte\/#breadcrumb\",\"itemListElement\":[{\"@type\":\"ListItem\",\"position\":1,\"name\":\"Startseite\",\"item\":\"https:\/\/www.tim-oesterreich.at\/linz\/\"},{\"@type\":\"ListItem\",\"position\":2,\"name\":\"tim-Standorte\"}]},{\"@type\":\"WebSite\",\"@id\":\"https:\/\/www.tim-oesterreich.at\/linz\/#website\",\"url\":\"https:\/\/www.tim-oesterreich.at\/linz\/\",\"name\":\"TIM Linz\",\"description\":\"\",\"potentialAction\":[{\"@type\":\"SearchAction\",\"target\":{\"@type\":\"EntryPoint\",\"urlTemplate\":\"https:\/\/www.tim-oesterreich.at\/linz\/?s={search_term_string}\"},\"query-input\":{\"@type\":\"PropertyValueSpecification\",\"valueRequired\":true,\"valueName\":\"search_term_string\"}}],\"inLanguage\":\"de\"}]}<\/script>\n<!-- \/ Yoast SEO plugin. -->","yoast_head_json":{"title":"tim-Standorte - TIM Linz","robots":{"index":"index","follow":"follow","max-snippet":"max-snippet:-1","max-image-preview":"max-image-preview:large","max-video-preview":"max-video-preview:-1"},"canonical":"https:\/\/www.tim-oesterreich.at\/linz\/standorte\/","og_locale":"de_DE","og_type":"article","og_title":"tim-Standorte - TIM Linz","og_description":"Hier findest du alle tim-Standorte auf einen Blick: Hessenplatz Hessenplatz 9, 4020 Linz Linke Br\u00fcckenstra\u00dfe Linke Br\u00fcckenstra\u00dfe 22, 4040 Linz Volksgarten Blumauerstra\u00dfe, 4020 Linz Stadtplatz Leonding 4060 Leonding Bindermichl Stadlerstra\u00dfe, 4020 Linz Simonystra\u00dfe Kreuzung Wiener Stra\u00dfe\/Simonystra\u00dfe, 4030 Linz SolarCity Heliosallee, 4030 Linz Tabakfabrik Linz Ludlgasse, 4020 Linz &nbsp; Johannes-Kepler-Universit\u00e4t Linz (JKU) Altenberger Stra\u00dfe, 4040 Linz [&hellip;]","og_url":"https:\/\/www.tim-oesterreich.at\/linz\/standorte\/","og_site_name":"TIM Linz","article_modified_time":"2025-06-12T10:28:38+00:00","og_image":[{"url":"https:\/\/www.tim-oesterreich.at\/linz\/wp-content\/uploads\/sites\/3\/2023\/03\/hauptplatz_tim_v2-1680x1260.jpg","type":"","width":"","height":""}],"twitter_card":"summary_large_image","schema":{"@context":"https:\/\/schema.org","@graph":[{"@type":"WebPage","@id":"https:\/\/www.tim-oesterreich.at\/linz\/standorte\/","url":"https:\/\/www.tim-oesterreich.at\/linz\/standorte\/","name":"tim-Standorte - TIM Linz","isPartOf":{"@id":"https:\/\/www.tim-oesterreich.at\/linz\/#website"},"primaryImageOfPage":{"@id":"https:\/\/www.tim-oesterreich.at\/linz\/standorte\/#primaryimage"},"image":{"@id":"https:\/\/www.tim-oesterreich.at\/linz\/standorte\/#primaryimage"},"thumbnailUrl":"https:\/\/www.tim-oesterreich.at\/linz\/wp-content\/uploads\/sites\/3\/2023\/03\/hauptplatz_tim_v2-1680x1260.jpg","datePublished":"2023-03-22T12:12:16+00:00","dateModified":"2025-06-12T10:28:38+00:00","breadcrumb":{"@id":"https:\/\/www.tim-oesterreich.at\/linz\/standorte\/#breadcrumb"},"inLanguage":"de","potentialAction":[{"@type":"ReadAction","target":["https:\/\/www.tim-oesterreich.at\/linz\/standorte\/"]}]},{"@type":"ImageObject","inLanguage":"de","@id":"https:\/\/www.tim-oesterreich.at\/linz\/standorte\/#primaryimage","url":"https:\/\/www.tim-oesterreich.at\/linz\/wp-content\/uploads\/sites\/3\/2023\/03\/hauptplatz_tim_v2-1680x1260.jpg","contentUrl":"https:\/\/www.tim-oesterreich.at\/linz\/wp-content\/uploads\/sites\/3\/2023\/03\/hauptplatz_tim_v2-1680x1260.jpg"},{"@type":"BreadcrumbList","@id":"https:\/\/www.tim-oesterreich.at\/linz\/standorte\/#breadcrumb","itemListElement":[{"@type":"ListItem","position":1,"name":"Startseite","item":"https:\/\/www.tim-oesterreich.at\/linz\/"},{"@type":"ListItem","position":2,"name":"tim-Standorte"}]},{"@type":"WebSite","@id":"https:\/\/www.tim-oesterreich.at\/linz\/#website","url":"https:\/\/www.tim-oesterreich.at\/linz\/","name":"TIM Linz","description":"","potentialAction":[{"@type":"SearchAction","target":{"@type":"EntryPoint","urlTemplate":"https:\/\/www.tim-oesterreich.at\/linz\/?s={search_term_string}"},"query-input":{"@type":"PropertyValueSpecification","valueRequired":true,"valueName":"search_term_string"}}],"inLanguage":"de"}]}},"lang":"de","translations":{"de":3443,"en":4199},"pll_sync_post":[],"_links":{"self":[{"href":"https:\/\/www.tim-oesterreich.at\/linz\/wp-json\/wp\/v2\/pages\/3443","targetHints":{"allow":["GET"]}}],"collection":[{"href":"https:\/\/www.tim-oesterreich.at\/linz\/wp-json\/wp\/v2\/pages"}],"about":[{"href":"https:\/\/www.tim-oesterreich.at\/linz\/wp-json\/wp\/v2\/types\/page"}],"author":[{"embeddable":true,"href":"https:\/\/www.tim-oesterreich.at\/linz\/wp-json\/wp\/v2\/users\/10"}],"replies":[{"embeddable":true,"href":"https:\/\/www.tim-oesterreich.at\/linz\/wp-json\/wp\/v2\/comments?post=3443"}],"version-history":[{"count":7,"href":"https:\/\/www.tim-oesterreich.at\/linz\/wp-json\/wp\/v2\/pages\/3443\/revisions"}],"predecessor-version":[{"id":6156,"href":"https:\/\/www.tim-oesterreich.at\/linz\/wp-json\/wp\/v2\/pages\/3443\/revisions\/6156"}],"wp:attachment":[{"href":"https:\/\/www.tim-oesterreich.at\/linz\/wp-json\/wp\/v2\/media?parent=3443"}],"curies":[{"name":"wp","href":"https:\/\/api.w.org\/{rel}","templated":true}]}}