{"id":2843,"date":"2022-10-31T09:39:34","date_gmt":"2022-10-31T08:39:34","guid":{"rendered":"https:\/\/www.tim-oesterreich.at\/linz\/?page_id=2843"},"modified":"2025-10-01T09:13:44","modified_gmt":"2025-10-01T07:13:44","slug":"tim-business","status":"publish","type":"page","link":"https:\/\/www.tim-oesterreich.at\/linz\/tim-business\/","title":{"rendered":"tim Business"},"content":{"rendered":"<h2>Unsere tim-Businesskarte<\/h2>\n<div>\n<p>Die <strong>tim<\/strong>-Businesskarte ist der perfekte Begleiter durch den betrieblichen Mobilit\u00e4tsalltag: Das Unternehmen ben\u00f6tigt keinen eigenen Firmen-Fuhrpark und ist dennoch f\u00fcr Dienstfahrten nachhaltig mobil. Scrolle weiter und erfahre, wie du von den personalisierten oder \u00fcbertragbaren <strong>tim<\/strong>-Businesskarten profitieren kannst!<\/p>\n<\/div>\n<p><img width=\"1680\" height=\"1260\" src=\"https:\/\/www.tim-oesterreich.at\/linz\/wp-content\/uploads\/sites\/3\/2022\/08\/tim_business_2021_03_zugeschnitten-1680x1260.jpg\" class=\"attachment-large size-large\" alt=\"\" decoding=\"async\" loading=\"lazy\" srcset=\"https:\/\/www.tim-oesterreich.at\/linz\/wp-content\/uploads\/sites\/3\/2022\/08\/tim_business_2021_03_zugeschnitten-1680x1260.jpg 1680w, https:\/\/www.tim-oesterreich.at\/linz\/wp-content\/uploads\/sites\/3\/2022\/08\/tim_business_2021_03_zugeschnitten-840x630.jpg 840w, https:\/\/www.tim-oesterreich.at\/linz\/wp-content\/uploads\/sites\/3\/2022\/08\/tim_business_2021_03_zugeschnitten-560x420.jpg 560w\" sizes=\"auto, (max-width: 1680px) 100vw, 1680px\" \/><\/p>\n<div>\n<p>&nbsp;<\/p>\n<p>&nbsp;<\/p>\n<\/div>\n<h3>Warum tim Business?<\/h3>\n<div>\n<p>Mit <strong>tim<\/strong> Business tr\u00e4gst du zu umweltfreundlicher Mobilit\u00e4t und der Erreichung der Klimaziele bei. Du ben\u00f6tigst keinen eigenen Firmen-Fuhrpark und auch keine Fahrten mit Privat-PKWs auf Basis von Kilometergeld. Du musst dich um nichts k\u00fcmmern &#8211; wir stellen die Buchungsplattform inkl. elektronischem Fahrtenbuch zur Verf\u00fcgung und k\u00fcmmern uns um die Servicierung der <strong>tim<\/strong>-Fahrzeuge.<\/p>\n<p><em>Ganz nach dem Motto &#8211; Buchen. Einsteigen. Losfahren.<\/em><\/p>\n<p>&nbsp;<\/p>\n<p><strong>F\u00fcr die Nutzung der tim-Angebote gibt es f\u00fcr Unternehmen zwei Arten von tim-Businesskarten:<\/strong><\/p>\n<p><strong>Deine Vorteile mit der personalisierten\u00a0<\/strong><strong>tim-Businesskarte<\/strong><\/p>\n<ul>\n<li>Personalisierte Karte f\u00fcr jeden Mitarbeiter<\/li>\n<li>Eigene Rechnung und Fahrtenbuch f\u00fcr jeden Mitarbeiter &#8211; dadurch ist eine<br \/>\neindeutige Zuordnung der einzelnen Fahrten m\u00f6glich<\/li>\n<li>Fahrten zu den \u00fcblichen <strong>tim<\/strong>-Tarifen<\/li>\n<\/ul>\n<p><strong>Deine Vorteile mit der \u00fcbertragbaren tim-Businesskarte<br \/>\n<\/strong><\/p>\n<ul>\n<li>Flexible Karte f\u00fcr die Mitarbeiter<\/li>\n<li>Eine fixe, monatliche Grundgeb\u00fchr und viele m\u00f6gliche Nutzer<\/li>\n<li>Abrechnung auf einer Sammelrechnung<\/li>\n<li>Einfache Einschulung, auch in Gruppen<br \/>\n(Wissensweitergabe innerhalb des Unternehmens m\u00f6glich)<\/li>\n<li>Fahrten zu den \u00fcblichen <strong>tim<\/strong>-Tarifen<\/li>\n<\/ul>\n<p>&nbsp;<\/p>\n<\/div>\n<p><img width=\"508\" height=\"180\" src=\"https:\/\/www.tim-oesterreich.at\/linz\/wp-content\/uploads\/sites\/3\/2025\/10\/tim-business_preise.png\" class=\"attachment-large size-large\" alt=\"\" decoding=\"async\" loading=\"lazy\" \/><\/p>\n<div>\n<p>&nbsp;<\/p>\n<p>Du m\u00f6chtest die tim-Businesskarte f\u00fcr dein Unternehmen? Melde dich einfach <a href=\"https:\/\/www.tim-oesterreich.at\/linz\/anmelden\/\">hier<\/a> an oder kontaktiere uns unter 0732 3400-7733.<\/p>\n<\/div>\n","protected":false},"excerpt":{"rendered":"<p>Unsere tim-Businesskarte Die tim-Businesskarte ist der perfekte Begleiter durch den betrieblichen Mobilit\u00e4tsalltag: Das Unternehmen ben\u00f6tigt keinen eigenen Firmen-Fuhrpark und ist dennoch f\u00fcr Dienstfahrten nachhaltig mobil. Scrolle weiter und erfahre, wie du von den personalisierten oder \u00fcbertragbaren tim-Businesskarten profitieren kannst! &nbsp; &nbsp; Warum tim Business? Mit tim Business tr\u00e4gst du zu umweltfreundlicher Mobilit\u00e4t und der Erreichung [&hellip;]<\/p>\n","protected":false},"author":7,"featured_media":0,"parent":0,"menu_order":0,"comment_status":"closed","ping_status":"closed","template":"","meta":{"footnotes":""},"class_list":["post-2843","page","type-page","status-publish","hentry"],"acf":[],"yoast_head":"<!-- This site is optimized with the Yoast SEO plugin v26.7 - https:\/\/yoast.com\/wordpress\/plugins\/seo\/ -->\n<title>tim Business - TIM Linz<\/title>\n<meta name=\"robots\" content=\"index, follow, max-snippet:-1, max-image-preview:large, max-video-preview:-1\" \/>\n<link rel=\"canonical\" href=\"https:\/\/www.tim-oesterreich.at\/linz\/tim-business\/\" \/>\n<meta property=\"og:locale\" content=\"de_DE\" \/>\n<meta property=\"og:type\" content=\"article\" \/>\n<meta property=\"og:title\" content=\"tim Business - TIM Linz\" \/>\n<meta property=\"og:description\" content=\"Unsere tim-Businesskarte Die tim-Businesskarte ist der perfekte Begleiter durch den betrieblichen Mobilit\u00e4tsalltag: Das Unternehmen ben\u00f6tigt keinen eigenen Firmen-Fuhrpark und ist dennoch f\u00fcr Dienstfahrten nachhaltig mobil. Scrolle weiter und erfahre, wie du von den personalisierten oder \u00fcbertragbaren tim-Businesskarten profitieren kannst! &nbsp; &nbsp; Warum tim Business? Mit tim Business tr\u00e4gst du zu umweltfreundlicher Mobilit\u00e4t und der Erreichung [&hellip;]\" \/>\n<meta property=\"og:url\" content=\"https:\/\/www.tim-oesterreich.at\/linz\/tim-business\/\" \/>\n<meta property=\"og:site_name\" content=\"TIM Linz\" \/>\n<meta property=\"article:modified_time\" content=\"2025-10-01T07:13:44+00:00\" \/>\n<meta property=\"og:image\" content=\"https:\/\/www.tim-oesterreich.at\/linz\/wp-content\/uploads\/sites\/3\/2022\/08\/tim_business_2021_03_zugeschnitten-1680x1260.jpg\" \/>\n<meta name=\"twitter:card\" content=\"summary_large_image\" \/>\n<script type=\"application\/ld+json\" class=\"yoast-schema-graph\">{\"@context\":\"https:\/\/schema.org\",\"@graph\":[{\"@type\":\"WebPage\",\"@id\":\"https:\/\/www.tim-oesterreich.at\/linz\/tim-business\/\",\"url\":\"https:\/\/www.tim-oesterreich.at\/linz\/tim-business\/\",\"name\":\"tim Business - TIM Linz\",\"isPartOf\":{\"@id\":\"https:\/\/www.tim-oesterreich.at\/linz\/#website\"},\"primaryImageOfPage\":{\"@id\":\"https:\/\/www.tim-oesterreich.at\/linz\/tim-business\/#primaryimage\"},\"image\":{\"@id\":\"https:\/\/www.tim-oesterreich.at\/linz\/tim-business\/#primaryimage\"},\"thumbnailUrl\":\"https:\/\/www.tim-oesterreich.at\/linz\/wp-content\/uploads\/sites\/3\/2022\/08\/tim_business_2021_03_zugeschnitten-1680x1260.jpg\",\"datePublished\":\"2022-10-31T08:39:34+00:00\",\"dateModified\":\"2025-10-01T07:13:44+00:00\",\"breadcrumb\":{\"@id\":\"https:\/\/www.tim-oesterreich.at\/linz\/tim-business\/#breadcrumb\"},\"inLanguage\":\"de\",\"potentialAction\":[{\"@type\":\"ReadAction\",\"target\":[\"https:\/\/www.tim-oesterreich.at\/linz\/tim-business\/\"]}]},{\"@type\":\"ImageObject\",\"inLanguage\":\"de\",\"@id\":\"https:\/\/www.tim-oesterreich.at\/linz\/tim-business\/#primaryimage\",\"url\":\"https:\/\/www.tim-oesterreich.at\/linz\/wp-content\/uploads\/sites\/3\/2022\/08\/tim_business_2021_03_zugeschnitten-1680x1260.jpg\",\"contentUrl\":\"https:\/\/www.tim-oesterreich.at\/linz\/wp-content\/uploads\/sites\/3\/2022\/08\/tim_business_2021_03_zugeschnitten-1680x1260.jpg\"},{\"@type\":\"BreadcrumbList\",\"@id\":\"https:\/\/www.tim-oesterreich.at\/linz\/tim-business\/#breadcrumb\",\"itemListElement\":[{\"@type\":\"ListItem\",\"position\":1,\"name\":\"Startseite\",\"item\":\"https:\/\/www.tim-oesterreich.at\/linz\/\"},{\"@type\":\"ListItem\",\"position\":2,\"name\":\"tim Business\"}]},{\"@type\":\"WebSite\",\"@id\":\"https:\/\/www.tim-oesterreich.at\/linz\/#website\",\"url\":\"https:\/\/www.tim-oesterreich.at\/linz\/\",\"name\":\"TIM Linz\",\"description\":\"\",\"potentialAction\":[{\"@type\":\"SearchAction\",\"target\":{\"@type\":\"EntryPoint\",\"urlTemplate\":\"https:\/\/www.tim-oesterreich.at\/linz\/?s={search_term_string}\"},\"query-input\":{\"@type\":\"PropertyValueSpecification\",\"valueRequired\":true,\"valueName\":\"search_term_string\"}}],\"inLanguage\":\"de\"}]}<\/script>\n<!-- \/ Yoast SEO plugin. -->","yoast_head_json":{"title":"tim Business - TIM Linz","robots":{"index":"index","follow":"follow","max-snippet":"max-snippet:-1","max-image-preview":"max-image-preview:large","max-video-preview":"max-video-preview:-1"},"canonical":"https:\/\/www.tim-oesterreich.at\/linz\/tim-business\/","og_locale":"de_DE","og_type":"article","og_title":"tim Business - TIM Linz","og_description":"Unsere tim-Businesskarte Die tim-Businesskarte ist der perfekte Begleiter durch den betrieblichen Mobilit\u00e4tsalltag: Das Unternehmen ben\u00f6tigt keinen eigenen Firmen-Fuhrpark und ist dennoch f\u00fcr Dienstfahrten nachhaltig mobil. Scrolle weiter und erfahre, wie du von den personalisierten oder \u00fcbertragbaren tim-Businesskarten profitieren kannst! &nbsp; &nbsp; Warum tim Business? Mit tim Business tr\u00e4gst du zu umweltfreundlicher Mobilit\u00e4t und der Erreichung [&hellip;]","og_url":"https:\/\/www.tim-oesterreich.at\/linz\/tim-business\/","og_site_name":"TIM Linz","article_modified_time":"2025-10-01T07:13:44+00:00","og_image":[{"url":"https:\/\/www.tim-oesterreich.at\/linz\/wp-content\/uploads\/sites\/3\/2022\/08\/tim_business_2021_03_zugeschnitten-1680x1260.jpg","type":"","width":"","height":""}],"twitter_card":"summary_large_image","schema":{"@context":"https:\/\/schema.org","@graph":[{"@type":"WebPage","@id":"https:\/\/www.tim-oesterreich.at\/linz\/tim-business\/","url":"https:\/\/www.tim-oesterreich.at\/linz\/tim-business\/","name":"tim Business - TIM Linz","isPartOf":{"@id":"https:\/\/www.tim-oesterreich.at\/linz\/#website"},"primaryImageOfPage":{"@id":"https:\/\/www.tim-oesterreich.at\/linz\/tim-business\/#primaryimage"},"image":{"@id":"https:\/\/www.tim-oesterreich.at\/linz\/tim-business\/#primaryimage"},"thumbnailUrl":"https:\/\/www.tim-oesterreich.at\/linz\/wp-content\/uploads\/sites\/3\/2022\/08\/tim_business_2021_03_zugeschnitten-1680x1260.jpg","datePublished":"2022-10-31T08:39:34+00:00","dateModified":"2025-10-01T07:13:44+00:00","breadcrumb":{"@id":"https:\/\/www.tim-oesterreich.at\/linz\/tim-business\/#breadcrumb"},"inLanguage":"de","potentialAction":[{"@type":"ReadAction","target":["https:\/\/www.tim-oesterreich.at\/linz\/tim-business\/"]}]},{"@type":"ImageObject","inLanguage":"de","@id":"https:\/\/www.tim-oesterreich.at\/linz\/tim-business\/#primaryimage","url":"https:\/\/www.tim-oesterreich.at\/linz\/wp-content\/uploads\/sites\/3\/2022\/08\/tim_business_2021_03_zugeschnitten-1680x1260.jpg","contentUrl":"https:\/\/www.tim-oesterreich.at\/linz\/wp-content\/uploads\/sites\/3\/2022\/08\/tim_business_2021_03_zugeschnitten-1680x1260.jpg"},{"@type":"BreadcrumbList","@id":"https:\/\/www.tim-oesterreich.at\/linz\/tim-business\/#breadcrumb","itemListElement":[{"@type":"ListItem","position":1,"name":"Startseite","item":"https:\/\/www.tim-oesterreich.at\/linz\/"},{"@type":"ListItem","position":2,"name":"tim Business"}]},{"@type":"WebSite","@id":"https:\/\/www.tim-oesterreich.at\/linz\/#website","url":"https:\/\/www.tim-oesterreich.at\/linz\/","name":"TIM Linz","description":"","potentialAction":[{"@type":"SearchAction","target":{"@type":"EntryPoint","urlTemplate":"https:\/\/www.tim-oesterreich.at\/linz\/?s={search_term_string}"},"query-input":{"@type":"PropertyValueSpecification","valueRequired":true,"valueName":"search_term_string"}}],"inLanguage":"de"}]}},"lang":"de","translations":{"de":2843,"en":4201},"pll_sync_post":[],"_links":{"self":[{"href":"https:\/\/www.tim-oesterreich.at\/linz\/wp-json\/wp\/v2\/pages\/2843","targetHints":{"allow":["GET"]}}],"collection":[{"href":"https:\/\/www.tim-oesterreich.at\/linz\/wp-json\/wp\/v2\/pages"}],"about":[{"href":"https:\/\/www.tim-oesterreich.at\/linz\/wp-json\/wp\/v2\/types\/page"}],"author":[{"embeddable":true,"href":"https:\/\/www.tim-oesterreich.at\/linz\/wp-json\/wp\/v2\/users\/7"}],"replies":[{"embeddable":true,"href":"https:\/\/www.tim-oesterreich.at\/linz\/wp-json\/wp\/v2\/comments?post=2843"}],"version-history":[{"count":8,"href":"https:\/\/www.tim-oesterreich.at\/linz\/wp-json\/wp\/v2\/pages\/2843\/revisions"}],"predecessor-version":[{"id":6325,"href":"https:\/\/www.tim-oesterreich.at\/linz\/wp-json\/wp\/v2\/pages\/2843\/revisions\/6325"}],"wp:attachment":[{"href":"https:\/\/www.tim-oesterreich.at\/linz\/wp-json\/wp\/v2\/media?parent=2843"}],"curies":[{"name":"wp","href":"https:\/\/api.w.org\/{rel}","templated":true}]}}