{"id":1946,"date":"2022-10-31T13:00:41","date_gmt":"2022-10-31T12:00:41","guid":{"rendered":"https:\/\/www.tim-oesterreich.at\/?page_id=1946"},"modified":"2021-11-04T12:42:13","modified_gmt":"2021-11-04T11:42:13","slug":"datenschutz","status":"publish","type":"page","link":"https:\/\/www.tim-oesterreich.at\/linz\/datenschutz\/","title":{"rendered":"Datenschutzhinweis"},"content":{"rendered":"<h1>Datenschutzhinweis<\/h1>\n<div>\n<p>Die Datenschutzerkl\u00e4rung der LINZ LINIEN GmbH f\u00fcr \u00f6ffentlichen Personennahverkehr kann unter <a href=\"http:\/\/www.linzag.at\/datenschutz\/linien\" target=\"_blank\" rel=\"noopener\">www.linzag.at\/datenschutz\/linien<\/a> abgerufen werden. Zudem kann diese im LINZ AG Kundenzentrum (Wiener Stra\u00dfe 151, 4021 Linz) pers\u00f6nlich eingesehen oder unter <a href=\"mailto:datenschutz@linzag.at\" target=\"_blank\" rel=\"noopener\">datenschutz@linzag.at <\/a>angefordert werden.<\/p>\n<h2>Cookies<\/h2>\n<p>Hier k\u00f6nnen Sie Ihre Cookie Einstellungen einsehen und \u00e4ndern:<\/p>\n\n<\/div>\n","protected":false},"excerpt":{"rendered":"<p>Datenschutzhinweis Die Datenschutzerkl\u00e4rung der LINZ LINIEN GmbH f\u00fcr \u00f6ffentlichen Personennahverkehr kann unter www.linzag.at\/datenschutz\/linien abgerufen werden. Zudem kann diese im LINZ AG Kundenzentrum (Wiener Stra\u00dfe 151, 4021 Linz) pers\u00f6nlich eingesehen oder unter datenschutz@linzag.at angefordert werden. Cookies Hier k\u00f6nnen Sie Ihre Cookie Einstellungen einsehen und \u00e4ndern:<\/p>\n","protected":false},"author":1,"featured_media":0,"parent":0,"menu_order":6,"comment_status":"closed","ping_status":"closed","template":"","meta":{"footnotes":""},"class_list":["post-1946","page","type-page","status-publish","hentry"],"acf":[],"yoast_head":"<!-- This site is optimized with the Yoast SEO plugin v26.7 - https:\/\/yoast.com\/wordpress\/plugins\/seo\/ -->\n<title>Datenschutzhinweis - TIM Linz<\/title>\n<meta name=\"robots\" content=\"index, follow, max-snippet:-1, max-image-preview:large, max-video-preview:-1\" \/>\n<link rel=\"canonical\" href=\"https:\/\/www.tim-oesterreich.at\/linz\/datenschutz\/\" \/>\n<meta property=\"og:locale\" content=\"de_DE\" \/>\n<meta property=\"og:type\" content=\"article\" \/>\n<meta property=\"og:title\" content=\"Datenschutzhinweis - TIM Linz\" \/>\n<meta property=\"og:description\" content=\"Datenschutzhinweis Die Datenschutzerkl\u00e4rung der LINZ LINIEN GmbH f\u00fcr \u00f6ffentlichen Personennahverkehr kann unter www.linzag.at\/datenschutz\/linien abgerufen werden. Zudem kann diese im LINZ AG Kundenzentrum (Wiener Stra\u00dfe 151, 4021 Linz) pers\u00f6nlich eingesehen oder unter datenschutz@linzag.at angefordert werden. Cookies Hier k\u00f6nnen Sie Ihre Cookie Einstellungen einsehen und \u00e4ndern:\" \/>\n<meta property=\"og:url\" content=\"https:\/\/www.tim-oesterreich.at\/linz\/datenschutz\/\" \/>\n<meta property=\"og:site_name\" content=\"TIM Linz\" \/>\n<meta name=\"twitter:card\" content=\"summary_large_image\" \/>\n<script type=\"application\/ld+json\" class=\"yoast-schema-graph\">{\"@context\":\"https:\/\/schema.org\",\"@graph\":[{\"@type\":\"WebPage\",\"@id\":\"https:\/\/www.tim-oesterreich.at\/linz\/datenschutz\/\",\"url\":\"https:\/\/www.tim-oesterreich.at\/linz\/datenschutz\/\",\"name\":\"Datenschutzhinweis - TIM Linz\",\"isPartOf\":{\"@id\":\"https:\/\/www.tim-oesterreich.at\/linz\/#website\"},\"datePublished\":\"2022-10-31T12:00:41+00:00\",\"breadcrumb\":{\"@id\":\"https:\/\/www.tim-oesterreich.at\/linz\/datenschutz\/#breadcrumb\"},\"inLanguage\":\"de\",\"potentialAction\":[{\"@type\":\"ReadAction\",\"target\":[\"https:\/\/www.tim-oesterreich.at\/linz\/datenschutz\/\"]}]},{\"@type\":\"BreadcrumbList\",\"@id\":\"https:\/\/www.tim-oesterreich.at\/linz\/datenschutz\/#breadcrumb\",\"itemListElement\":[{\"@type\":\"ListItem\",\"position\":1,\"name\":\"Startseite\",\"item\":\"https:\/\/www.tim-oesterreich.at\/linz\/\"},{\"@type\":\"ListItem\",\"position\":2,\"name\":\"Datenschutzhinweis\"}]},{\"@type\":\"WebSite\",\"@id\":\"https:\/\/www.tim-oesterreich.at\/linz\/#website\",\"url\":\"https:\/\/www.tim-oesterreich.at\/linz\/\",\"name\":\"TIM Linz\",\"description\":\"\",\"potentialAction\":[{\"@type\":\"SearchAction\",\"target\":{\"@type\":\"EntryPoint\",\"urlTemplate\":\"https:\/\/www.tim-oesterreich.at\/linz\/?s={search_term_string}\"},\"query-input\":{\"@type\":\"PropertyValueSpecification\",\"valueRequired\":true,\"valueName\":\"search_term_string\"}}],\"inLanguage\":\"de\"}]}<\/script>\n<!-- \/ Yoast SEO plugin. -->","yoast_head_json":{"title":"Datenschutzhinweis - TIM Linz","robots":{"index":"index","follow":"follow","max-snippet":"max-snippet:-1","max-image-preview":"max-image-preview:large","max-video-preview":"max-video-preview:-1"},"canonical":"https:\/\/www.tim-oesterreich.at\/linz\/datenschutz\/","og_locale":"de_DE","og_type":"article","og_title":"Datenschutzhinweis - TIM Linz","og_description":"Datenschutzhinweis Die Datenschutzerkl\u00e4rung der LINZ LINIEN GmbH f\u00fcr \u00f6ffentlichen Personennahverkehr kann unter www.linzag.at\/datenschutz\/linien abgerufen werden. Zudem kann diese im LINZ AG Kundenzentrum (Wiener Stra\u00dfe 151, 4021 Linz) pers\u00f6nlich eingesehen oder unter datenschutz@linzag.at angefordert werden. Cookies Hier k\u00f6nnen Sie Ihre Cookie Einstellungen einsehen und \u00e4ndern:","og_url":"https:\/\/www.tim-oesterreich.at\/linz\/datenschutz\/","og_site_name":"TIM Linz","twitter_card":"summary_large_image","schema":{"@context":"https:\/\/schema.org","@graph":[{"@type":"WebPage","@id":"https:\/\/www.tim-oesterreich.at\/linz\/datenschutz\/","url":"https:\/\/www.tim-oesterreich.at\/linz\/datenschutz\/","name":"Datenschutzhinweis - TIM Linz","isPartOf":{"@id":"https:\/\/www.tim-oesterreich.at\/linz\/#website"},"datePublished":"2022-10-31T12:00:41+00:00","breadcrumb":{"@id":"https:\/\/www.tim-oesterreich.at\/linz\/datenschutz\/#breadcrumb"},"inLanguage":"de","potentialAction":[{"@type":"ReadAction","target":["https:\/\/www.tim-oesterreich.at\/linz\/datenschutz\/"]}]},{"@type":"BreadcrumbList","@id":"https:\/\/www.tim-oesterreich.at\/linz\/datenschutz\/#breadcrumb","itemListElement":[{"@type":"ListItem","position":1,"name":"Startseite","item":"https:\/\/www.tim-oesterreich.at\/linz\/"},{"@type":"ListItem","position":2,"name":"Datenschutzhinweis"}]},{"@type":"WebSite","@id":"https:\/\/www.tim-oesterreich.at\/linz\/#website","url":"https:\/\/www.tim-oesterreich.at\/linz\/","name":"TIM Linz","description":"","potentialAction":[{"@type":"SearchAction","target":{"@type":"EntryPoint","urlTemplate":"https:\/\/www.tim-oesterreich.at\/linz\/?s={search_term_string}"},"query-input":{"@type":"PropertyValueSpecification","valueRequired":true,"valueName":"search_term_string"}}],"inLanguage":"de"}]}},"lang":"de","translations":{"de":1946,"en":4222},"pll_sync_post":[],"_links":{"self":[{"href":"https:\/\/www.tim-oesterreich.at\/linz\/wp-json\/wp\/v2\/pages\/1946","targetHints":{"allow":["GET"]}}],"collection":[{"href":"https:\/\/www.tim-oesterreich.at\/linz\/wp-json\/wp\/v2\/pages"}],"about":[{"href":"https:\/\/www.tim-oesterreich.at\/linz\/wp-json\/wp\/v2\/types\/page"}],"author":[{"embeddable":true,"href":"https:\/\/www.tim-oesterreich.at\/linz\/wp-json\/wp\/v2\/users\/1"}],"replies":[{"embeddable":true,"href":"https:\/\/www.tim-oesterreich.at\/linz\/wp-json\/wp\/v2\/comments?post=1946"}],"version-history":[{"count":6,"href":"https:\/\/www.tim-oesterreich.at\/linz\/wp-json\/wp\/v2\/pages\/1946\/revisions"}],"predecessor-version":[{"id":3662,"href":"https:\/\/www.tim-oesterreich.at\/linz\/wp-json\/wp\/v2\/pages\/1946\/revisions\/3662"}],"wp:attachment":[{"href":"https:\/\/www.tim-oesterreich.at\/linz\/wp-json\/wp\/v2\/media?parent=1946"}],"curies":[{"name":"wp","href":"https:\/\/api.w.org\/{rel}","templated":true}]}}