{"id":1600,"date":"2022-10-31T12:23:47","date_gmt":"2022-10-31T11:23:47","guid":{"rendered":"https:\/\/www.tim-oesterreich.at\/?page_id=1600"},"modified":"2022-07-27T09:59:35","modified_gmt":"2022-07-27T07:59:35","slug":"news-2","status":"publish","type":"page","link":"https:\/\/www.tim-oesterreich.at\/linz\/news-2\/","title":{"rendered":"News"},"content":{"rendered":"<h2>News<\/h2>\n<ul>\n<li>\n<h3>tim knackt die Millionengrenze bei den gefahrenen Kilometern<\/h3>\n<p><strong>15. Juni 2022<\/strong><\/p>\n<div>Seit 2019 k\u00f6nnen die Linzer und Linzerinnen das multimodale Mobilit\u00e4tsangebot von tim (t\u00e4glich.intelligent.mobil) nutzen und dabei von unkomplizierter Mobilit\u00e4t, ohne ein eigenes Auto zu besitzen, profitieren. An den multimodalen Verkehrspunkten stehen neben den vorhandenen \u00d6ffi-Angeboten mit Bus und Stra\u00dfenbahn auch (e-)Carsharing f\u00fcr individuelle Fahrten zur Verf\u00fcgung. Neun Standorte stehen mittlerweile im Stadtgebiet von Linz und einer in der Stadt Leonding zur Verf\u00fcgung. Jetzt erreichte der Linzer Mobilit\u00e4tsanbieter einen weiteren Meilenstein: K\u00fcrzlich konnte die Millionengrenze geknackt werden: Die Nutzer und \u2013Nutzerinnen sind mehr als 1 Million Kilometer mit den Autos von tim unterwegs gewesen.<\/div>\n<p><a href=\"https:\/\/www.tim-oesterreich.at\/linz\/tim-knackt-die-millionengrenze-bei-den-gefahrenen-kilometern\/\">mehr lesen&#8230;<\/a><\/li>\n<li>\n<h3>tim ist auch im Business-Sektor ein beliebtes Angebot<\/h3>\n<p><strong>20. April 2022<\/strong><\/p>\n<div>Unkompliziert und nachhaltig ohne eigenem Auto mobil sein: Das ist das Ziel von\u00a0tim, dem multimodalen Mobilit\u00e4tsangebot in Linz. An den sogenannten tim-Knoten steht unseren Kunden und Kundinnen neben den bestehenden \u00f6ffentlichen Verkehrsangeboten (e-)Carsharing flexibel zur Verf\u00fcgung. Das zukunftsorientierte und umweltfreundliche Sharing-Angebot bietet dabei nicht nur Privatpersonen eine Alternative zum eigenen Pkw, sondern ist mit einem eigens geschn\u00fcrten Business-Angebot auch f\u00fcr Unternehmen ein idealer Begleiter durch den beruflichen Mobilit\u00e4tsalltag. <\/div>\n<p><a href=\"https:\/\/www.tim-oesterreich.at\/linz\/tim-ist-auch-im-business-sektor-ein-beliebtes-angebot\/\">mehr lesen&#8230;<\/a><\/li>\n<li>\n<h3>tim-Mobilit\u00e4tsknoten beim Volksgarten er\u00f6ffnet<\/h3>\n<p><strong>19. November 2021<\/strong><\/p>\n<div>Das multimodale Mobilit\u00e4tskonzept tim (t\u00e4glich.intelligent.mobil) st\u00f6\u00dft auf gro\u00dfes Interesse in Linz. Und mit der steigenden Nachfrage nach tim w\u00e4chst auch das Angebot. Die LINZ AG LINIEN installierten k\u00fcrzlich einen weiteren Standort im Stadtgebiet Linz. LINZ AG-Vorstandsdirektorin Dr.in Jutta Rinner, B\u00fcrgermeister Klaus Luger, Vizeb\u00fcrgermeister und Neu-Verkehrsreferent Mag. Bernhard Baier und LINZ AG-Generaldirektor DI Erich Haider (Foto) er\u00f6ffneten den Knoten, der sich in unmittelbarer N\u00e4he des Volksgartens befindet.<br \/>\nSomit stehen der Bev\u00f6lkerung nun insgesamt neun Standorte im Stadtgebiet Linz und ein weiterer in der Stadt Leonding zur Verf\u00fcgung, um nachhaltig und flexibel, ohne ein eigenes Auto zu besitzen, mobil zu sein.<\/div>\n<p><a href=\"https:\/\/www.tim-oesterreich.at\/linz\/mobilitaetsknoten-nummer-9-beim-volksgarten-installiert\/\">mehr lesen&#8230;<\/a><\/li>\n<li>\n<h3>(e-)Carsharing-Angebot tim erstmals au\u00dferhalb von Linz<\/h3>\n<p><strong>16. Juli 2021<\/strong><\/p>\n<div>tim, das multimodale Mobilit\u00e4tsangebot, st\u00f6\u00dft auf reges Interesse bei den Linzerinnen und Linzern. Nach der Realisierung von mittlerweile acht Standorten \u2013 der neunte folgt im Herbst \u2013 im Linzer Stadtgebiet kann tim nun auch in der Stadt Leonding genutzt werden. Anl\u00e4sslich des Umbaus des Stadtplatzes wurde der neue tim-Standort im Auftrag der Stadt Leonding heute von den LINZ AG LINIEN in Betrieb genommen. An dem Standort k\u00f6nnen die Kunden und Kundinnen vor allem schnell und unkompliziert (e-)Carsharing nutzen.<\/p>\n<p>\u00a0<\/p><\/div>\n<p><a href=\"https:\/\/www.tim-oesterreich.at\/linz\/e-carsharing-angebot-tim-erstmals-ausserhalb-von-linz\/\">mehr lesen&#8230;<\/a><\/li>\n<li>\n<h3>tim w\u00e4chst um weiteren Standort und begr\u00fc\u00dft 500. tim-Kunden<\/h3>\n<p><strong>13. Juli 2021<\/strong><\/p>\n<div>Das multimodale Mobilit\u00e4tskonzept tim (t\u00e4glich.intelligent.mobil) w\u00e4chst weiter. B\u00fcrgermeister Klaus Luger, Stadtrat Michael Raml, LINZ AG-Generaldirektor DI Erich Haider und LINZ AG-Vorstandsdirektorin Dr.in Jutta Rinner besuchten den neuen tim-Knoten am Bindermichl zur Er\u00f6ffnung. In Summe stehen den tim-Nutzerinnen und Nutzern damit ab sofort acht Standorte zur Verf\u00fcgung. An diesen k\u00f6nnen die Kunden und Kundinnen neben den \u00d6ffi-Angeboten vor allem schnell und unkompliziert (e-)Carsharing nutzen.<\/div>\n<p><a href=\"https:\/\/www.tim-oesterreich.at\/linz\/tim-waechst-um-weiteren-standort-und-begruesst-500-tim-kunden\/\">mehr lesen&#8230;<\/a><\/li>\n<li>\n<h3>CityBike-Aktion bei tim<\/h3>\n<p><strong>17. Mai 2021<\/strong><\/p>\n<div>Mit tim bist du jetzt noch flexibler unterwegs und kannst dir nicht nur Autos leihen, sondern auch ein paar Runden mit dem CityBike Linz drehen.<\/p>\n<p>Meldest du dich jetzt neu bei tim an, bekommst du zus\u00e4tzlich deinen pers\u00f6nlichen CityBike-Gutschein in der H\u00f6he von \u20ac 10,-<\/p><\/div>\n<p><a href=\"https:\/\/www.tim-oesterreich.at\/linz\/citybike-aktion-bei-tim\/\">mehr lesen&#8230;<\/a><\/li>\n<li>\n<h3>Siebter Standort und modernisiertes Fahrzeug-Angebot<\/h3>\n<p><strong>15. April 2021<\/strong><\/p>\n<div>Das multimodale Mobilit\u00e4tskonzept tim (t\u00e4glich.intelligent.mobil) ist wieder um einen Standort reicher.<br \/>\nDas umweltfreundliche Mobilit\u00e4tskonzept ist somit mit insgesamt sieben Standorten vertreten. Der neu installierte multimodale Knoten bietet den tim-Nutzern neben den bestehenden \u00f6ffentlichen Verkehrsangeboten vor allem auch die M\u00f6glichkeit von (e-)Carsharing. Dar\u00fcber hinaus d\u00fcrfen sich die Nutzerinnen und Nutzer mit dem Zeitpunkt der Er\u00f6ffnung auch \u00fcber ein Fahrzeug-Upgrade an den bestehenden Standorten freuen.\n<\/div>\n<p><a href=\"https:\/\/www.tim-oesterreich.at\/linz\/7-standort-und-modernisiertes-fahrzeug-angebot\/\">mehr lesen&#8230;<\/a><\/li>\n<li>\n<h3>Der n\u00e4chste und damit f\u00fcnfte tim-Standort geht in Betrieb<\/h3>\n<p><strong>8. Oktober 2020<\/strong><\/p>\n<div>Das tim-Netz w\u00e4chst stetig weiter: Erst k\u00fcrzlich wurde der vierte multimodale Mobilit\u00e4tsknoten bei der Tabakfabrik er\u00f6ffnet. Nun geht der n\u00e4chste und damit f\u00fcnfte tim-Knoten in Betrieb: Ab sofort k\u00f6nnen die tim-Autos auch in der Gr\u00fcnen Mitte (Edeltraud-Hofer-Stra\u00dfe) gebucht werden. Das Serviceangebot rund um (E-)Carsharing erg\u00e4nzt den \u00f6ffentlichen Verkehr und bietet Privatpersonen, aber auch Unternehmen eine Alternative zum eigenen Auto.<\/div>\n<p><a href=\"https:\/\/www.tim-oesterreich.at\/linz\/?p=3028\">mehr lesen&#8230;<\/a><\/li>\n<li>\n<h3>tim w\u00e4chst um Standort in der SolarCity<\/h3>\n<p><strong>7. Oktober 2020<\/strong><\/p>\n<div>tim\u00a0hat gleich doppelt Grund zur Freude:\u00a0Das multimodale Mobilit\u00e4tsangebot feierte k\u00fcrzlich nicht nur den 1. Geburtstag, sondern bekam diese Woche auch einen weiteren und damit den sechsten Standort dazu. Die SolarCity hat nun auch einen tim-Knoten, an dem die Kunden neben den \u00d6ffi-Angeboten schnell und unkompliziert (e-)Carsharing nutzen k\u00f6nnen. Ein Jahr ist es nun her, als tim als Erg\u00e4nzung zum \u00f6ffentlichen Verkehr beim LINZ AG-Center und beim Hauptplatz er\u00f6ffnet wurde. <\/div>\n<p><a href=\"https:\/\/www.tim-oesterreich.at\/linz\/tim-waechst-um-standort-in-der-solarcity\/\">mehr lesen&#8230;<\/a><\/li>\n<li>\n<h3>\u00c4nderung unserer Kundenvereinbarung<\/h3>\n<p><strong>2. September 2020<\/strong><a href=\"https:\/\/www.tim-oesterreich.at\/linz\/?p=2963\">mehr lesen&#8230;<\/a><\/li>\n<li>\n<h3>Der n\u00e4chste und damit f\u00fcnfte tim-Standort geht in Betrieb<\/h3>\n<p><strong>29. Juni 2020<\/strong><\/p>\n<div>Das tim-Netz w\u00e4chst stetig weiter: Erst k\u00fcrzlich wurde der vierte multimodale Mobilit\u00e4tsknoten bei der Tabakfabrik er\u00f6ffnet. Nun geht der n\u00e4chste und damit f\u00fcnfte tim-Knoten in Betrieb: Ab sofort k\u00f6nnen die tim-Autos auch in der Gr\u00fcnen Mitte (Edeltraud-Hofer-Stra\u00dfe) gebucht werden. Das Serviceangebot rund um (E-)Carsharing erg\u00e4nzt den \u00f6ffentlichen Verkehr und bietet Privatpersonen, aber auch Unternehmen eine Alternative zum eigenen Auto.<\/div>\n<p><a href=\"https:\/\/www.tim-oesterreich.at\/linz\/der-naechste-und-damit-fuenfte-tim-standort-geht-in-betrieb\/\">mehr lesen&#8230;<\/a><\/li>\n<li>\n<h3>tim Linz w\u00e4chst weiter!<\/h3>\n<p><strong>15. Mai 2020<\/strong><\/p>\n<div>Die tim-Nutzergemeinschaft kann sich freuen, denn die LINZ AG LINIEN<br \/>\nhaben gestern Donnerstag, 14. Mai 2020, den vierten multimodalen Mobilit\u00e4tsknoten er\u00f6ffnet und zwar bei der Tabakfabrik Linz. Das Serviceangebot rund um (E-)Carsharing erg\u00e4nzt den \u00f6ffentlichen Verkehr und bietet Privatpersonen, aber auch Unternehmen eine Alternative zum eigenen Auto. Somit sind k\u00fcrzere Fahrten, beispielsweise zu beruflichen Terminen, leichter zu bew\u00e4ltigen. <\/div>\n<p><a href=\"https:\/\/www.tim-oesterreich.at\/linz\/2910-2\/\">mehr lesen&#8230;<\/a><\/li>\n<\/ul>\n","protected":false},"excerpt":{"rendered":"<p>News tim knackt die Millionengrenze bei den gefahrenen Kilometern 15. Juni 2022 Seit 2019 k\u00f6nnen die Linzer und Linzerinnen das multimodale Mobilit\u00e4tsangebot von tim (t\u00e4glich.intelligent.mobil) nutzen und dabei von unkomplizierter Mobilit\u00e4t, ohne ein eigenes Auto zu besitzen, profitieren. An den multimodalen Verkehrspunkten stehen neben den vorhandenen \u00d6ffi-Angeboten mit Bus und Stra\u00dfenbahn auch (e-)Carsharing f\u00fcr individuelle [&hellip;]<\/p>\n","protected":false},"author":1,"featured_media":0,"parent":0,"menu_order":11,"comment_status":"closed","ping_status":"closed","template":"","meta":{"footnotes":""},"class_list":["post-1600","page","type-page","status-publish","hentry"],"acf":[],"yoast_head":"<!-- This site is optimized with the Yoast SEO plugin v26.7 - https:\/\/yoast.com\/wordpress\/plugins\/seo\/ -->\n<title>News - TIM Linz<\/title>\n<meta name=\"robots\" content=\"index, follow, max-snippet:-1, max-image-preview:large, max-video-preview:-1\" \/>\n<link rel=\"canonical\" href=\"https:\/\/www.tim-oesterreich.at\/linz\/news-2\/\" \/>\n<meta property=\"og:locale\" content=\"de_DE\" \/>\n<meta property=\"og:type\" content=\"article\" \/>\n<meta property=\"og:title\" content=\"News - TIM Linz\" \/>\n<meta property=\"og:description\" content=\"News tim knackt die Millionengrenze bei den gefahrenen Kilometern 15. Juni 2022 Seit 2019 k\u00f6nnen die Linzer und Linzerinnen das multimodale Mobilit\u00e4tsangebot von tim (t\u00e4glich.intelligent.mobil) nutzen und dabei von unkomplizierter Mobilit\u00e4t, ohne ein eigenes Auto zu besitzen, profitieren. An den multimodalen Verkehrspunkten stehen neben den vorhandenen \u00d6ffi-Angeboten mit Bus und Stra\u00dfenbahn auch (e-)Carsharing f\u00fcr individuelle [&hellip;]\" \/>\n<meta property=\"og:url\" content=\"https:\/\/www.tim-oesterreich.at\/linz\/news-2\/\" \/>\n<meta property=\"og:site_name\" content=\"TIM Linz\" \/>\n<meta name=\"twitter:card\" content=\"summary_large_image\" \/>\n<script type=\"application\/ld+json\" class=\"yoast-schema-graph\">{\"@context\":\"https:\/\/schema.org\",\"@graph\":[{\"@type\":\"WebPage\",\"@id\":\"https:\/\/www.tim-oesterreich.at\/linz\/news-2\/\",\"url\":\"https:\/\/www.tim-oesterreich.at\/linz\/news-2\/\",\"name\":\"News - TIM Linz\",\"isPartOf\":{\"@id\":\"https:\/\/www.tim-oesterreich.at\/linz\/#website\"},\"datePublished\":\"2022-10-31T11:23:47+00:00\",\"breadcrumb\":{\"@id\":\"https:\/\/www.tim-oesterreich.at\/linz\/news-2\/#breadcrumb\"},\"inLanguage\":\"de\",\"potentialAction\":[{\"@type\":\"ReadAction\",\"target\":[\"https:\/\/www.tim-oesterreich.at\/linz\/news-2\/\"]}]},{\"@type\":\"BreadcrumbList\",\"@id\":\"https:\/\/www.tim-oesterreich.at\/linz\/news-2\/#breadcrumb\",\"itemListElement\":[{\"@type\":\"ListItem\",\"position\":1,\"name\":\"Startseite\",\"item\":\"https:\/\/www.tim-oesterreich.at\/linz\/\"},{\"@type\":\"ListItem\",\"position\":2,\"name\":\"News\"}]},{\"@type\":\"WebSite\",\"@id\":\"https:\/\/www.tim-oesterreich.at\/linz\/#website\",\"url\":\"https:\/\/www.tim-oesterreich.at\/linz\/\",\"name\":\"TIM Linz\",\"description\":\"\",\"potentialAction\":[{\"@type\":\"SearchAction\",\"target\":{\"@type\":\"EntryPoint\",\"urlTemplate\":\"https:\/\/www.tim-oesterreich.at\/linz\/?s={search_term_string}\"},\"query-input\":{\"@type\":\"PropertyValueSpecification\",\"valueRequired\":true,\"valueName\":\"search_term_string\"}}],\"inLanguage\":\"de\"}]}<\/script>\n<!-- \/ Yoast SEO plugin. -->","yoast_head_json":{"title":"News - TIM Linz","robots":{"index":"index","follow":"follow","max-snippet":"max-snippet:-1","max-image-preview":"max-image-preview:large","max-video-preview":"max-video-preview:-1"},"canonical":"https:\/\/www.tim-oesterreich.at\/linz\/news-2\/","og_locale":"de_DE","og_type":"article","og_title":"News - TIM Linz","og_description":"News tim knackt die Millionengrenze bei den gefahrenen Kilometern 15. Juni 2022 Seit 2019 k\u00f6nnen die Linzer und Linzerinnen das multimodale Mobilit\u00e4tsangebot von tim (t\u00e4glich.intelligent.mobil) nutzen und dabei von unkomplizierter Mobilit\u00e4t, ohne ein eigenes Auto zu besitzen, profitieren. An den multimodalen Verkehrspunkten stehen neben den vorhandenen \u00d6ffi-Angeboten mit Bus und Stra\u00dfenbahn auch (e-)Carsharing f\u00fcr individuelle [&hellip;]","og_url":"https:\/\/www.tim-oesterreich.at\/linz\/news-2\/","og_site_name":"TIM Linz","twitter_card":"summary_large_image","schema":{"@context":"https:\/\/schema.org","@graph":[{"@type":"WebPage","@id":"https:\/\/www.tim-oesterreich.at\/linz\/news-2\/","url":"https:\/\/www.tim-oesterreich.at\/linz\/news-2\/","name":"News - TIM Linz","isPartOf":{"@id":"https:\/\/www.tim-oesterreich.at\/linz\/#website"},"datePublished":"2022-10-31T11:23:47+00:00","breadcrumb":{"@id":"https:\/\/www.tim-oesterreich.at\/linz\/news-2\/#breadcrumb"},"inLanguage":"de","potentialAction":[{"@type":"ReadAction","target":["https:\/\/www.tim-oesterreich.at\/linz\/news-2\/"]}]},{"@type":"BreadcrumbList","@id":"https:\/\/www.tim-oesterreich.at\/linz\/news-2\/#breadcrumb","itemListElement":[{"@type":"ListItem","position":1,"name":"Startseite","item":"https:\/\/www.tim-oesterreich.at\/linz\/"},{"@type":"ListItem","position":2,"name":"News"}]},{"@type":"WebSite","@id":"https:\/\/www.tim-oesterreich.at\/linz\/#website","url":"https:\/\/www.tim-oesterreich.at\/linz\/","name":"TIM Linz","description":"","potentialAction":[{"@type":"SearchAction","target":{"@type":"EntryPoint","urlTemplate":"https:\/\/www.tim-oesterreich.at\/linz\/?s={search_term_string}"},"query-input":{"@type":"PropertyValueSpecification","valueRequired":true,"valueName":"search_term_string"}}],"inLanguage":"de"}]}},"lang":"de","translations":{"de":1600,"en":4236},"pll_sync_post":[],"_links":{"self":[{"href":"https:\/\/www.tim-oesterreich.at\/linz\/wp-json\/wp\/v2\/pages\/1600","targetHints":{"allow":["GET"]}}],"collection":[{"href":"https:\/\/www.tim-oesterreich.at\/linz\/wp-json\/wp\/v2\/pages"}],"about":[{"href":"https:\/\/www.tim-oesterreich.at\/linz\/wp-json\/wp\/v2\/types\/page"}],"author":[{"embeddable":true,"href":"https:\/\/www.tim-oesterreich.at\/linz\/wp-json\/wp\/v2\/users\/1"}],"replies":[{"embeddable":true,"href":"https:\/\/www.tim-oesterreich.at\/linz\/wp-json\/wp\/v2\/comments?post=1600"}],"version-history":[{"count":4,"href":"https:\/\/www.tim-oesterreich.at\/linz\/wp-json\/wp\/v2\/pages\/1600\/revisions"}],"predecessor-version":[{"id":3827,"href":"https:\/\/www.tim-oesterreich.at\/linz\/wp-json\/wp\/v2\/pages\/1600\/revisions\/3827"}],"wp:attachment":[{"href":"https:\/\/www.tim-oesterreich.at\/linz\/wp-json\/wp\/v2\/media?parent=1600"}],"curies":[{"name":"wp","href":"https:\/\/api.w.org\/{rel}","templated":true}]}}