{"id":109,"date":"2022-10-31T09:39:35","date_gmt":"2022-10-31T08:39:35","guid":{"rendered":"https:\/\/www.tim-oesterreich.at\/?page_id=109"},"modified":"2019-12-16T13:24:51","modified_gmt":"2019-12-16T12:24:51","slug":"kontakt","status":"publish","type":"page","link":"https:\/\/www.tim-oesterreich.at\/linz\/kontakt\/","title":{"rendered":"Kontakt"},"content":{"rendered":"<h1>Kontakt<\/h1>\n<h2>So kontaktierst du tim<\/h2>\n<div>\n<p>Das <strong>tim-Servicecenter<\/strong> kannst du auf folgende Arten kontaktieren:<\/p>\n<ul>\n<li>per Telefon (rund um die Uhr): <a href=\"tel:004373234007733\">0732\/3400-7733<\/a><\/li>\n<li>per e-Mail: <a href=\"mailto:office@tim-linz.at\">office@tim-linz.at<\/a><\/li>\n<li>pers\u00f6nlicher Kontakt: <strong>tim-Servicecenter<\/strong>, Wiener Stra\u00dfe 151, 4020 Linz<\/li>\n<\/ul>\n<p>\u00d6ffnungszeiten: Montag bis Donnerstag von 8 &#8211; 17 Uhr, Freitag von 8 &#8211; 13 Uhr<\/p>\n<p>&nbsp;<\/p>\n<p>&nbsp;<\/p>\n<\/div>\n","protected":false},"excerpt":{"rendered":"<p>Kontakt So kontaktierst du tim Das tim-Servicecenter kannst du auf folgende Arten kontaktieren: per Telefon (rund um die Uhr): 0732\/3400-7733 per e-Mail: office@tim-linz.at pers\u00f6nlicher Kontakt: tim-Servicecenter, Wiener Stra\u00dfe 151, 4020 Linz \u00d6ffnungszeiten: Montag bis Donnerstag von 8 &#8211; 17 Uhr, Freitag von 8 &#8211; 13 Uhr &nbsp; &nbsp;<\/p>\n","protected":false},"author":1,"featured_media":0,"parent":0,"menu_order":9,"comment_status":"closed","ping_status":"closed","template":"","meta":{"footnotes":""},"class_list":["post-109","page","type-page","status-publish","hentry"],"acf":[],"yoast_head":"<!-- This site is optimized with the Yoast SEO plugin v26.7 - https:\/\/yoast.com\/wordpress\/plugins\/seo\/ -->\n<title>Kontakt - TIM Linz<\/title>\n<meta name=\"robots\" content=\"index, follow, max-snippet:-1, max-image-preview:large, max-video-preview:-1\" \/>\n<link rel=\"canonical\" href=\"https:\/\/www.tim-oesterreich.at\/linz\/kontakt\/\" \/>\n<meta property=\"og:locale\" content=\"de_DE\" \/>\n<meta property=\"og:type\" content=\"article\" \/>\n<meta property=\"og:title\" content=\"Kontakt - TIM Linz\" \/>\n<meta property=\"og:description\" content=\"Kontakt So kontaktierst du tim Das tim-Servicecenter kannst du auf folgende Arten kontaktieren: per Telefon (rund um die Uhr): 0732\/3400-7733 per e-Mail: office@tim-linz.at pers\u00f6nlicher Kontakt: tim-Servicecenter, Wiener Stra\u00dfe 151, 4020 Linz \u00d6ffnungszeiten: Montag bis Donnerstag von 8 &#8211; 17 Uhr, Freitag von 8 &#8211; 13 Uhr &nbsp; &nbsp;\" \/>\n<meta property=\"og:url\" content=\"https:\/\/www.tim-oesterreich.at\/linz\/kontakt\/\" \/>\n<meta property=\"og:site_name\" content=\"TIM Linz\" \/>\n<meta name=\"twitter:card\" content=\"summary_large_image\" \/>\n<script type=\"application\/ld+json\" class=\"yoast-schema-graph\">{\"@context\":\"https:\/\/schema.org\",\"@graph\":[{\"@type\":\"WebPage\",\"@id\":\"https:\/\/www.tim-oesterreich.at\/linz\/kontakt\/\",\"url\":\"https:\/\/www.tim-oesterreich.at\/linz\/kontakt\/\",\"name\":\"Kontakt - TIM Linz\",\"isPartOf\":{\"@id\":\"https:\/\/www.tim-oesterreich.at\/linz\/#website\"},\"datePublished\":\"2022-10-31T08:39:35+00:00\",\"breadcrumb\":{\"@id\":\"https:\/\/www.tim-oesterreich.at\/linz\/kontakt\/#breadcrumb\"},\"inLanguage\":\"de\",\"potentialAction\":[{\"@type\":\"ReadAction\",\"target\":[\"https:\/\/www.tim-oesterreich.at\/linz\/kontakt\/\"]}]},{\"@type\":\"BreadcrumbList\",\"@id\":\"https:\/\/www.tim-oesterreich.at\/linz\/kontakt\/#breadcrumb\",\"itemListElement\":[{\"@type\":\"ListItem\",\"position\":1,\"name\":\"Startseite\",\"item\":\"https:\/\/www.tim-oesterreich.at\/linz\/\"},{\"@type\":\"ListItem\",\"position\":2,\"name\":\"Kontakt\"}]},{\"@type\":\"WebSite\",\"@id\":\"https:\/\/www.tim-oesterreich.at\/linz\/#website\",\"url\":\"https:\/\/www.tim-oesterreich.at\/linz\/\",\"name\":\"TIM Linz\",\"description\":\"\",\"potentialAction\":[{\"@type\":\"SearchAction\",\"target\":{\"@type\":\"EntryPoint\",\"urlTemplate\":\"https:\/\/www.tim-oesterreich.at\/linz\/?s={search_term_string}\"},\"query-input\":{\"@type\":\"PropertyValueSpecification\",\"valueRequired\":true,\"valueName\":\"search_term_string\"}}],\"inLanguage\":\"de\"}]}<\/script>\n<!-- \/ Yoast SEO plugin. -->","yoast_head_json":{"title":"Kontakt - TIM Linz","robots":{"index":"index","follow":"follow","max-snippet":"max-snippet:-1","max-image-preview":"max-image-preview:large","max-video-preview":"max-video-preview:-1"},"canonical":"https:\/\/www.tim-oesterreich.at\/linz\/kontakt\/","og_locale":"de_DE","og_type":"article","og_title":"Kontakt - TIM Linz","og_description":"Kontakt So kontaktierst du tim Das tim-Servicecenter kannst du auf folgende Arten kontaktieren: per Telefon (rund um die Uhr): 0732\/3400-7733 per e-Mail: office@tim-linz.at pers\u00f6nlicher Kontakt: tim-Servicecenter, Wiener Stra\u00dfe 151, 4020 Linz \u00d6ffnungszeiten: Montag bis Donnerstag von 8 &#8211; 17 Uhr, Freitag von 8 &#8211; 13 Uhr &nbsp; &nbsp;","og_url":"https:\/\/www.tim-oesterreich.at\/linz\/kontakt\/","og_site_name":"TIM Linz","twitter_card":"summary_large_image","schema":{"@context":"https:\/\/schema.org","@graph":[{"@type":"WebPage","@id":"https:\/\/www.tim-oesterreich.at\/linz\/kontakt\/","url":"https:\/\/www.tim-oesterreich.at\/linz\/kontakt\/","name":"Kontakt - TIM Linz","isPartOf":{"@id":"https:\/\/www.tim-oesterreich.at\/linz\/#website"},"datePublished":"2022-10-31T08:39:35+00:00","breadcrumb":{"@id":"https:\/\/www.tim-oesterreich.at\/linz\/kontakt\/#breadcrumb"},"inLanguage":"de","potentialAction":[{"@type":"ReadAction","target":["https:\/\/www.tim-oesterreich.at\/linz\/kontakt\/"]}]},{"@type":"BreadcrumbList","@id":"https:\/\/www.tim-oesterreich.at\/linz\/kontakt\/#breadcrumb","itemListElement":[{"@type":"ListItem","position":1,"name":"Startseite","item":"https:\/\/www.tim-oesterreich.at\/linz\/"},{"@type":"ListItem","position":2,"name":"Kontakt"}]},{"@type":"WebSite","@id":"https:\/\/www.tim-oesterreich.at\/linz\/#website","url":"https:\/\/www.tim-oesterreich.at\/linz\/","name":"TIM Linz","description":"","potentialAction":[{"@type":"SearchAction","target":{"@type":"EntryPoint","urlTemplate":"https:\/\/www.tim-oesterreich.at\/linz\/?s={search_term_string}"},"query-input":{"@type":"PropertyValueSpecification","valueRequired":true,"valueName":"search_term_string"}}],"inLanguage":"de"}]}},"lang":"de","translations":{"de":109,"en":4228},"pll_sync_post":[],"_links":{"self":[{"href":"https:\/\/www.tim-oesterreich.at\/linz\/wp-json\/wp\/v2\/pages\/109","targetHints":{"allow":["GET"]}}],"collection":[{"href":"https:\/\/www.tim-oesterreich.at\/linz\/wp-json\/wp\/v2\/pages"}],"about":[{"href":"https:\/\/www.tim-oesterreich.at\/linz\/wp-json\/wp\/v2\/types\/page"}],"author":[{"embeddable":true,"href":"https:\/\/www.tim-oesterreich.at\/linz\/wp-json\/wp\/v2\/users\/1"}],"replies":[{"embeddable":true,"href":"https:\/\/www.tim-oesterreich.at\/linz\/wp-json\/wp\/v2\/comments?post=109"}],"version-history":[{"count":4,"href":"https:\/\/www.tim-oesterreich.at\/linz\/wp-json\/wp\/v2\/pages\/109\/revisions"}],"predecessor-version":[{"id":2760,"href":"https:\/\/www.tim-oesterreich.at\/linz\/wp-json\/wp\/v2\/pages\/109\/revisions\/2760"}],"wp:attachment":[{"href":"https:\/\/www.tim-oesterreich.at\/linz\/wp-json\/wp\/v2\/media?parent=109"}],"curies":[{"name":"wp","href":"https:\/\/api.w.org\/{rel}","templated":true}]}}