{"id":1075,"date":"2022-10-31T10:16:25","date_gmt":"2022-10-31T09:16:25","guid":{"rendered":"https:\/\/www.tim-oesterreich.at\/?page_id=1075"},"modified":"2025-02-06T11:27:28","modified_gmt":"2025-02-06T10:27:28","slug":"videos-so-funktioniert-tim","status":"publish","type":"page","link":"https:\/\/www.tim-oesterreich.at\/linz\/videos-so-funktioniert-tim\/","title":{"rendered":"So funktioniert&#8217;s"},"content":{"rendered":"<h1>So funktioniert&#8217;s<\/h1>\n<div>\n<p><strong>Hier findest du alles,<br \/>\nwas du \u00fcber tim wissen solltest!<\/strong><\/p>\n<p>Die folgenden Videos geben dir alle Infos, die du f\u00fcr die Nutzung von <strong>tim <\/strong>brauchst.<\/p>\n<\/div>\n<div>\n<p>Der Imagespot \u00fcber <strong>tim<\/strong> &#8211; mit allen notwendigen Infos!<\/p>\n<\/div>\n<div>\n<h3>tim-Linz Schulungsvideo<\/h3>\n<p>Deine online-Zusammenfassung der Schulung!<\/p>\n<\/div>\n<div>\n<p><strong>You can find the english version\u00a0<a href=\"https:\/\/www.youtube.com\/watch?v=4nN6hPoK5hc\">here<\/a>!<\/strong><\/p>\n<\/div>\n<div>\n<h3>So funktioniert tim<\/h3>\n<p>Hier gibt es allgemeine Infos zu <strong>tim<\/strong> auf einen Blick!<\/p>\n<\/div>\n<div>\n<h3>Buchen, reservieren und stornieren<\/h3>\n<p>In diesem Video erf\u00e4hrst du alles, was du rund um die Buchung<br \/>\neines <strong>tim-Autos<\/strong> wissen musst!<\/p>\n<\/div>\n<div>\n<h3>Das kostet <strong>tim<\/strong> und so funktioniert die Abrechnung.<\/h3>\n<p>Hier erf\u00e4hrst Du, wie die Abrechnung bei <strong>tim<\/strong> funktioniert.<\/p>\n<\/div>\n<div>\n<h3>Fahren und Laden von tim-e-Autos<\/h3>\n<p>Wie das geht, zeigt dir dieses Video anschaulich! Vom Losfahren bis<br \/>\nzum Ankommen &#8211; hier gibt es die Infos!<\/p>\n<\/div>\n<div>\n<h3>Fahren und tanken von konventionellen tim-Autos<\/h3>\n<p>Du hast ein konventionell (Benzin) betriebenes <strong>tim-Auto<\/strong><br \/>\ngebucht? Hier bekommst du die wichtigsten Infos dazu!<\/p>\n<\/div>\n<div>\n<h3>Tanken von konventionellen Mietwagen<\/h3>\n<p>Alles, was du \u00fcber das Tanken eines konventionell betriebenen (Benzin) Mietwagens wissen musst!<\/p>\n<\/div>\n<div>\n<p>Wenn du noch Fragen hast, dann lohnt sich ein Blick auf die <a href=\"https:\/\/www.tim-oesterreich.at\/linz\/faq\/\">FAQ<\/a><\/p>\n<p>&nbsp;<\/p>\n<p>Du kannst dich\u00a0aber auch telefonisch (Servicenummer\u00a0<a href=\"tel:004373234007733\">0732\/3400-7733<\/a>) oder per <a href=\"mailto:office@tim-linz.at\">e-Mail<\/a> an unser <strong>tim<\/strong>-Servicecenter in der Wiener Stra\u00dfe 151 wenden.<\/p>\n<\/div>\n","protected":false},"excerpt":{"rendered":"<p>So funktioniert&#8217;s Hier findest du alles, was du \u00fcber tim wissen solltest! Die folgenden Videos geben dir alle Infos, die du f\u00fcr die Nutzung von tim brauchst. Der Imagespot \u00fcber tim &#8211; mit allen notwendigen Infos! tim-Linz Schulungsvideo Deine online-Zusammenfassung der Schulung! You can find the english version\u00a0here! So funktioniert tim Hier gibt es allgemeine [&hellip;]<\/p>\n","protected":false},"author":2,"featured_media":0,"parent":0,"menu_order":13,"comment_status":"closed","ping_status":"closed","template":"","meta":{"footnotes":""},"class_list":["post-1075","page","type-page","status-publish","hentry"],"acf":[],"yoast_head":"<!-- This site is optimized with the Yoast SEO plugin v26.7 - https:\/\/yoast.com\/wordpress\/plugins\/seo\/ -->\n<title>So funktioniert&#039;s - TIM Linz<\/title>\n<meta name=\"robots\" content=\"index, follow, max-snippet:-1, max-image-preview:large, max-video-preview:-1\" \/>\n<link rel=\"canonical\" href=\"https:\/\/www.tim-oesterreich.at\/linz\/videos-so-funktioniert-tim\/\" \/>\n<meta property=\"og:locale\" content=\"de_DE\" \/>\n<meta property=\"og:type\" content=\"article\" \/>\n<meta property=\"og:title\" content=\"So funktioniert&#039;s - TIM Linz\" \/>\n<meta property=\"og:description\" content=\"So funktioniert&#8217;s Hier findest du alles, was du \u00fcber tim wissen solltest! Die folgenden Videos geben dir alle Infos, die du f\u00fcr die Nutzung von tim brauchst. Der Imagespot \u00fcber tim &#8211; mit allen notwendigen Infos! tim-Linz Schulungsvideo Deine online-Zusammenfassung der Schulung! You can find the english version\u00a0here! So funktioniert tim Hier gibt es allgemeine [&hellip;]\" \/>\n<meta property=\"og:url\" content=\"https:\/\/www.tim-oesterreich.at\/linz\/videos-so-funktioniert-tim\/\" \/>\n<meta property=\"og:site_name\" content=\"TIM Linz\" \/>\n<meta property=\"article:modified_time\" content=\"2025-02-06T10:27:28+00:00\" \/>\n<meta name=\"twitter:card\" content=\"summary_large_image\" \/>\n<script type=\"application\/ld+json\" class=\"yoast-schema-graph\">{\"@context\":\"https:\/\/schema.org\",\"@graph\":[{\"@type\":\"WebPage\",\"@id\":\"https:\/\/www.tim-oesterreich.at\/linz\/videos-so-funktioniert-tim\/\",\"url\":\"https:\/\/www.tim-oesterreich.at\/linz\/videos-so-funktioniert-tim\/\",\"name\":\"So funktioniert's - TIM Linz\",\"isPartOf\":{\"@id\":\"https:\/\/www.tim-oesterreich.at\/linz\/#website\"},\"datePublished\":\"2022-10-31T09:16:25+00:00\",\"dateModified\":\"2025-02-06T10:27:28+00:00\",\"breadcrumb\":{\"@id\":\"https:\/\/www.tim-oesterreich.at\/linz\/videos-so-funktioniert-tim\/#breadcrumb\"},\"inLanguage\":\"de\",\"potentialAction\":[{\"@type\":\"ReadAction\",\"target\":[\"https:\/\/www.tim-oesterreich.at\/linz\/videos-so-funktioniert-tim\/\"]}]},{\"@type\":\"BreadcrumbList\",\"@id\":\"https:\/\/www.tim-oesterreich.at\/linz\/videos-so-funktioniert-tim\/#breadcrumb\",\"itemListElement\":[{\"@type\":\"ListItem\",\"position\":1,\"name\":\"Startseite\",\"item\":\"https:\/\/www.tim-oesterreich.at\/linz\/\"},{\"@type\":\"ListItem\",\"position\":2,\"name\":\"So funktioniert&#8217;s\"}]},{\"@type\":\"WebSite\",\"@id\":\"https:\/\/www.tim-oesterreich.at\/linz\/#website\",\"url\":\"https:\/\/www.tim-oesterreich.at\/linz\/\",\"name\":\"TIM Linz\",\"description\":\"\",\"potentialAction\":[{\"@type\":\"SearchAction\",\"target\":{\"@type\":\"EntryPoint\",\"urlTemplate\":\"https:\/\/www.tim-oesterreich.at\/linz\/?s={search_term_string}\"},\"query-input\":{\"@type\":\"PropertyValueSpecification\",\"valueRequired\":true,\"valueName\":\"search_term_string\"}}],\"inLanguage\":\"de\"}]}<\/script>\n<!-- \/ Yoast SEO plugin. -->","yoast_head_json":{"title":"So funktioniert's - TIM Linz","robots":{"index":"index","follow":"follow","max-snippet":"max-snippet:-1","max-image-preview":"max-image-preview:large","max-video-preview":"max-video-preview:-1"},"canonical":"https:\/\/www.tim-oesterreich.at\/linz\/videos-so-funktioniert-tim\/","og_locale":"de_DE","og_type":"article","og_title":"So funktioniert's - TIM Linz","og_description":"So funktioniert&#8217;s Hier findest du alles, was du \u00fcber tim wissen solltest! Die folgenden Videos geben dir alle Infos, die du f\u00fcr die Nutzung von tim brauchst. Der Imagespot \u00fcber tim &#8211; mit allen notwendigen Infos! tim-Linz Schulungsvideo Deine online-Zusammenfassung der Schulung! You can find the english version\u00a0here! So funktioniert tim Hier gibt es allgemeine [&hellip;]","og_url":"https:\/\/www.tim-oesterreich.at\/linz\/videos-so-funktioniert-tim\/","og_site_name":"TIM Linz","article_modified_time":"2025-02-06T10:27:28+00:00","twitter_card":"summary_large_image","schema":{"@context":"https:\/\/schema.org","@graph":[{"@type":"WebPage","@id":"https:\/\/www.tim-oesterreich.at\/linz\/videos-so-funktioniert-tim\/","url":"https:\/\/www.tim-oesterreich.at\/linz\/videos-so-funktioniert-tim\/","name":"So funktioniert's - TIM Linz","isPartOf":{"@id":"https:\/\/www.tim-oesterreich.at\/linz\/#website"},"datePublished":"2022-10-31T09:16:25+00:00","dateModified":"2025-02-06T10:27:28+00:00","breadcrumb":{"@id":"https:\/\/www.tim-oesterreich.at\/linz\/videos-so-funktioniert-tim\/#breadcrumb"},"inLanguage":"de","potentialAction":[{"@type":"ReadAction","target":["https:\/\/www.tim-oesterreich.at\/linz\/videos-so-funktioniert-tim\/"]}]},{"@type":"BreadcrumbList","@id":"https:\/\/www.tim-oesterreich.at\/linz\/videos-so-funktioniert-tim\/#breadcrumb","itemListElement":[{"@type":"ListItem","position":1,"name":"Startseite","item":"https:\/\/www.tim-oesterreich.at\/linz\/"},{"@type":"ListItem","position":2,"name":"So funktioniert&#8217;s"}]},{"@type":"WebSite","@id":"https:\/\/www.tim-oesterreich.at\/linz\/#website","url":"https:\/\/www.tim-oesterreich.at\/linz\/","name":"TIM Linz","description":"","potentialAction":[{"@type":"SearchAction","target":{"@type":"EntryPoint","urlTemplate":"https:\/\/www.tim-oesterreich.at\/linz\/?s={search_term_string}"},"query-input":{"@type":"PropertyValueSpecification","valueRequired":true,"valueName":"search_term_string"}}],"inLanguage":"de"}]}},"lang":"de","translations":{"de":1075,"en":4238},"pll_sync_post":[],"_links":{"self":[{"href":"https:\/\/www.tim-oesterreich.at\/linz\/wp-json\/wp\/v2\/pages\/1075","targetHints":{"allow":["GET"]}}],"collection":[{"href":"https:\/\/www.tim-oesterreich.at\/linz\/wp-json\/wp\/v2\/pages"}],"about":[{"href":"https:\/\/www.tim-oesterreich.at\/linz\/wp-json\/wp\/v2\/types\/page"}],"author":[{"embeddable":true,"href":"https:\/\/www.tim-oesterreich.at\/linz\/wp-json\/wp\/v2\/users\/2"}],"replies":[{"embeddable":true,"href":"https:\/\/www.tim-oesterreich.at\/linz\/wp-json\/wp\/v2\/comments?post=1075"}],"version-history":[{"count":9,"href":"https:\/\/www.tim-oesterreich.at\/linz\/wp-json\/wp\/v2\/pages\/1075\/revisions"}],"predecessor-version":[{"id":5779,"href":"https:\/\/www.tim-oesterreich.at\/linz\/wp-json\/wp\/v2\/pages\/1075\/revisions\/5779"}],"wp:attachment":[{"href":"https:\/\/www.tim-oesterreich.at\/linz\/wp-json\/wp\/v2\/media?parent=1075"}],"curies":[{"name":"wp","href":"https:\/\/api.w.org\/{rel}","templated":true}]}}