{"id":102,"date":"2022-10-31T09:39:35","date_gmt":"2022-10-31T08:39:35","guid":{"rendered":"https:\/\/www.tim-oesterreich.at\/?page_id=102"},"modified":"2019-11-20T09:54:36","modified_gmt":"2019-11-20T08:54:36","slug":"impressum","status":"publish","type":"page","link":"https:\/\/www.tim-oesterreich.at\/linz\/impressum\/","title":{"rendered":"Impressum"},"content":{"rendered":"<h1>Muss ich einen tim-Mietwagen volltanken, bevor ich ihn zur\u00fcckbringe?<\/h1>\n<div>\n<p><b>LINZ AG f\u00fcr Energie, Telekommunikation, Verkehr und Kommunale Dienste<\/b><\/p>\n<p>Wiener Stra\u00dfe 151<br \/>\nPostfach 1300<br \/>\nA &#8211; 4021 Linz<\/p>\n<p>Tel.: +43 (0)732\/3400-4000<br \/>\nFax +43 (0)732\/3400-4009<br \/>\nE-Mail:\u00a0<a href=\"mailto:info@linzag.at\">info@linzag.at<\/a><\/p>\n<p>&nbsp;<\/p>\n<p>Firmenbuchnummer: 198666 g<br \/>\nFirmenbuchgericht: Landesgericht Linz<br \/>\nBranche: Energie, Telekommunikation, Verkehr und Kommunale Dienste<br \/>\nKammerzugeh\u00f6rigkeit: Wirtschaftskammer O\u00d6<br \/>\nAnwendbare gewerbliche und berufsrechtliche Vorschriften:<\/p>\n<ul>\n<li>Gewerbeordnung<\/li>\n<li>Abfallwirtschaftsgesetz<\/li>\n<li>Schifffahrtsgesetz<\/li>\n<li>Eisenbahngesetz<\/li>\n<li>Kraftfahrliniengesetz<\/li>\n<li>Elektrizit\u00e4tswirtschafts- und Organisationsgesetz<\/li>\n<li>Gaswirtschaftsgesetz<\/li>\n<\/ul>\n<p>DVR-Nummer: 1067842<br \/>\nUID-Nummer: ATU50203104<\/p>\n<\/div>\n","protected":false},"excerpt":{"rendered":"<p>Muss ich einen tim-Mietwagen volltanken, bevor ich ihn zur\u00fcckbringe? LINZ AG f\u00fcr Energie, Telekommunikation, Verkehr und Kommunale Dienste Wiener Stra\u00dfe 151 Postfach 1300 A &#8211; 4021 Linz Tel.: +43 (0)732\/3400-4000 Fax +43 (0)732\/3400-4009 E-Mail:\u00a0info@linzag.at &nbsp; Firmenbuchnummer: 198666 g Firmenbuchgericht: Landesgericht Linz Branche: Energie, Telekommunikation, Verkehr und Kommunale Dienste Kammerzugeh\u00f6rigkeit: Wirtschaftskammer O\u00d6 Anwendbare gewerbliche und berufsrechtliche [&hellip;]<\/p>\n","protected":false},"author":1,"featured_media":0,"parent":0,"menu_order":8,"comment_status":"closed","ping_status":"closed","template":"","meta":{"footnotes":""},"class_list":["post-102","page","type-page","status-publish","hentry"],"acf":[],"yoast_head":"<!-- This site is optimized with the Yoast SEO plugin v26.7 - https:\/\/yoast.com\/wordpress\/plugins\/seo\/ -->\n<title>Impressum - TIM Linz<\/title>\n<meta name=\"robots\" content=\"index, follow, max-snippet:-1, max-image-preview:large, max-video-preview:-1\" \/>\n<link rel=\"canonical\" href=\"https:\/\/www.tim-oesterreich.at\/linz\/impressum\/\" \/>\n<meta property=\"og:locale\" content=\"de_DE\" \/>\n<meta property=\"og:type\" content=\"article\" \/>\n<meta property=\"og:title\" content=\"Impressum - TIM Linz\" \/>\n<meta property=\"og:description\" content=\"Muss ich einen tim-Mietwagen volltanken, bevor ich ihn zur\u00fcckbringe? LINZ AG f\u00fcr Energie, Telekommunikation, Verkehr und Kommunale Dienste Wiener Stra\u00dfe 151 Postfach 1300 A &#8211; 4021 Linz Tel.: +43 (0)732\/3400-4000 Fax +43 (0)732\/3400-4009 E-Mail:\u00a0info@linzag.at &nbsp; Firmenbuchnummer: 198666 g Firmenbuchgericht: Landesgericht Linz Branche: Energie, Telekommunikation, Verkehr und Kommunale Dienste Kammerzugeh\u00f6rigkeit: Wirtschaftskammer O\u00d6 Anwendbare gewerbliche und berufsrechtliche [&hellip;]\" \/>\n<meta property=\"og:url\" content=\"https:\/\/www.tim-oesterreich.at\/linz\/impressum\/\" \/>\n<meta property=\"og:site_name\" content=\"TIM Linz\" \/>\n<meta name=\"twitter:card\" content=\"summary_large_image\" \/>\n<script type=\"application\/ld+json\" class=\"yoast-schema-graph\">{\"@context\":\"https:\/\/schema.org\",\"@graph\":[{\"@type\":\"WebPage\",\"@id\":\"https:\/\/www.tim-oesterreich.at\/linz\/impressum\/\",\"url\":\"https:\/\/www.tim-oesterreich.at\/linz\/impressum\/\",\"name\":\"Impressum - TIM Linz\",\"isPartOf\":{\"@id\":\"https:\/\/www.tim-oesterreich.at\/linz\/#website\"},\"datePublished\":\"2022-10-31T08:39:35+00:00\",\"breadcrumb\":{\"@id\":\"https:\/\/www.tim-oesterreich.at\/linz\/impressum\/#breadcrumb\"},\"inLanguage\":\"de\",\"potentialAction\":[{\"@type\":\"ReadAction\",\"target\":[\"https:\/\/www.tim-oesterreich.at\/linz\/impressum\/\"]}]},{\"@type\":\"BreadcrumbList\",\"@id\":\"https:\/\/www.tim-oesterreich.at\/linz\/impressum\/#breadcrumb\",\"itemListElement\":[{\"@type\":\"ListItem\",\"position\":1,\"name\":\"Startseite\",\"item\":\"https:\/\/www.tim-oesterreich.at\/linz\/\"},{\"@type\":\"ListItem\",\"position\":2,\"name\":\"Impressum\"}]},{\"@type\":\"WebSite\",\"@id\":\"https:\/\/www.tim-oesterreich.at\/linz\/#website\",\"url\":\"https:\/\/www.tim-oesterreich.at\/linz\/\",\"name\":\"TIM Linz\",\"description\":\"\",\"potentialAction\":[{\"@type\":\"SearchAction\",\"target\":{\"@type\":\"EntryPoint\",\"urlTemplate\":\"https:\/\/www.tim-oesterreich.at\/linz\/?s={search_term_string}\"},\"query-input\":{\"@type\":\"PropertyValueSpecification\",\"valueRequired\":true,\"valueName\":\"search_term_string\"}}],\"inLanguage\":\"de\"}]}<\/script>\n<!-- \/ Yoast SEO plugin. -->","yoast_head_json":{"title":"Impressum - TIM Linz","robots":{"index":"index","follow":"follow","max-snippet":"max-snippet:-1","max-image-preview":"max-image-preview:large","max-video-preview":"max-video-preview:-1"},"canonical":"https:\/\/www.tim-oesterreich.at\/linz\/impressum\/","og_locale":"de_DE","og_type":"article","og_title":"Impressum - TIM Linz","og_description":"Muss ich einen tim-Mietwagen volltanken, bevor ich ihn zur\u00fcckbringe? LINZ AG f\u00fcr Energie, Telekommunikation, Verkehr und Kommunale Dienste Wiener Stra\u00dfe 151 Postfach 1300 A &#8211; 4021 Linz Tel.: +43 (0)732\/3400-4000 Fax +43 (0)732\/3400-4009 E-Mail:\u00a0info@linzag.at &nbsp; Firmenbuchnummer: 198666 g Firmenbuchgericht: Landesgericht Linz Branche: Energie, Telekommunikation, Verkehr und Kommunale Dienste Kammerzugeh\u00f6rigkeit: Wirtschaftskammer O\u00d6 Anwendbare gewerbliche und berufsrechtliche [&hellip;]","og_url":"https:\/\/www.tim-oesterreich.at\/linz\/impressum\/","og_site_name":"TIM Linz","twitter_card":"summary_large_image","schema":{"@context":"https:\/\/schema.org","@graph":[{"@type":"WebPage","@id":"https:\/\/www.tim-oesterreich.at\/linz\/impressum\/","url":"https:\/\/www.tim-oesterreich.at\/linz\/impressum\/","name":"Impressum - TIM Linz","isPartOf":{"@id":"https:\/\/www.tim-oesterreich.at\/linz\/#website"},"datePublished":"2022-10-31T08:39:35+00:00","breadcrumb":{"@id":"https:\/\/www.tim-oesterreich.at\/linz\/impressum\/#breadcrumb"},"inLanguage":"de","potentialAction":[{"@type":"ReadAction","target":["https:\/\/www.tim-oesterreich.at\/linz\/impressum\/"]}]},{"@type":"BreadcrumbList","@id":"https:\/\/www.tim-oesterreich.at\/linz\/impressum\/#breadcrumb","itemListElement":[{"@type":"ListItem","position":1,"name":"Startseite","item":"https:\/\/www.tim-oesterreich.at\/linz\/"},{"@type":"ListItem","position":2,"name":"Impressum"}]},{"@type":"WebSite","@id":"https:\/\/www.tim-oesterreich.at\/linz\/#website","url":"https:\/\/www.tim-oesterreich.at\/linz\/","name":"TIM Linz","description":"","potentialAction":[{"@type":"SearchAction","target":{"@type":"EntryPoint","urlTemplate":"https:\/\/www.tim-oesterreich.at\/linz\/?s={search_term_string}"},"query-input":{"@type":"PropertyValueSpecification","valueRequired":true,"valueName":"search_term_string"}}],"inLanguage":"de"}]}},"lang":"de","translations":{"de":102,"en":4226},"pll_sync_post":[],"_links":{"self":[{"href":"https:\/\/www.tim-oesterreich.at\/linz\/wp-json\/wp\/v2\/pages\/102","targetHints":{"allow":["GET"]}}],"collection":[{"href":"https:\/\/www.tim-oesterreich.at\/linz\/wp-json\/wp\/v2\/pages"}],"about":[{"href":"https:\/\/www.tim-oesterreich.at\/linz\/wp-json\/wp\/v2\/types\/page"}],"author":[{"embeddable":true,"href":"https:\/\/www.tim-oesterreich.at\/linz\/wp-json\/wp\/v2\/users\/1"}],"replies":[{"embeddable":true,"href":"https:\/\/www.tim-oesterreich.at\/linz\/wp-json\/wp\/v2\/comments?post=102"}],"version-history":[{"count":4,"href":"https:\/\/www.tim-oesterreich.at\/linz\/wp-json\/wp\/v2\/pages\/102\/revisions"}],"predecessor-version":[{"id":3720,"href":"https:\/\/www.tim-oesterreich.at\/linz\/wp-json\/wp\/v2\/pages\/102\/revisions\/3720"}],"wp:attachment":[{"href":"https:\/\/www.tim-oesterreich.at\/linz\/wp-json\/wp\/v2\/media?parent=102"}],"curies":[{"name":"wp","href":"https:\/\/api.w.org\/{rel}","templated":true}]}}