{"id":4573,"date":"2024-06-28T13:17:21","date_gmt":"2024-06-28T11:17:21","guid":{"rendered":"https:\/\/www.tim-oesterreich.at\/graz\/?page_id=4573"},"modified":"2025-09-03T07:48:24","modified_gmt":"2025-09-03T05:48:24","slug":"tim-anmeldung","status":"publish","type":"page","link":"https:\/\/www.tim-oesterreich.at\/graz\/tim-anmeldung\/","title":{"rendered":"tim+ Anmeldung"},"content":{"rendered":"<h2>tim+ Anmeldung<\/h2>\n<div>\n<h3>Mehr Sicherheit mit tim+<\/h3>\n<p>Mit dem\u00a0<strong>tim+ Zusatzpaket\u00a0<\/strong>f\u00fcr zus\u00e4tzlich\u00a0<strong>\u20ac 60,- im Jahr<\/strong>, reduziert sich der Selbstbehalt von \u20ac 450,- auf\u00a0<strong>\u20ac 99,-<\/strong>\u00a0(g\u00fcltig f\u00fcr einen Schadensfall innerhalb von 12 Monaten).<\/p>\n<p>Das tim+ Zusatzpaket wird immer auf mindestens 12 Monate abgeschlossen und pauschal 1x j\u00e4hrlich verrechnet. Weitere Informationen findest du in unseren\u00a0<a href=\"https:\/\/www.tim-oesterreich.at\/graz\/agb\/\">AGB<\/a>\u00a0unter Punkt 14.3.<\/p>\n<p>Du bist bereits tim-Kund:in und m\u00f6chtest die Vorteile von tim+ nutzen? F\u00fclle hierf\u00fcr einfach das Formular aus:<\/p>\n<p>&nbsp;<\/p>\n<div class='fluentform ff-default fluentform_wrapper_1 ffs_default_wrap'>\n<form data-form_id=\"1\" id=\"fluentform_1\" class=\"frm-fluent-form fluent_form_1 ff-el-form-top ff_form_instance_1_1 ff-form-loading ffs_default\" data-form_instance=\"ff_form_instance_1_1\" method=\"POST\" >\n<fieldset  style=\"border: none!important;margin: 0!important;padding: 0!important;background-color: transparent!important;box-shadow: none!important;outline: none!important; min-inline-size: 100%;\">\n<legend class=\"ff_screen_reader_title\" style=\"display: block; margin: 0!important;padding: 0!important;height: 0!important;text-indent: -999999px;width: 0!important;overflow:hidden;\">tim+ Anmeldeformular<\/legend>\n<p><input type='hidden' name='__fluent_form_embded_post_id' value='4573' \/><input type=\"hidden\" id=\"_fluentform_1_fluentformnonce\" name=\"_fluentform_1_fluentformnonce\" value=\"bd52d4eb6c\" \/><input type=\"hidden\" name=\"_wp_http_referer\" value=\"\/graz\/wp-admin\/post.php\" \/><\/p>\n<div data-type=\"name-element\" data-name=\"names\" class=\" ff-field_container ff-name-field-wrapper\" >\n<div class='ff-t-container'>\n<div class='ff-t-cell '>\n<div class='ff-el-group  ff-el-form-top'>\n<div class=\"ff-el-input--label ff-el-is-required asterisk-right\"><label for='ff_1_names_first_name_' >Vorname<\/label><\/div>\n<div class='ff-el-input--content'><input type=\"text\" name=\"names[first_name]\" id=\"ff_1_names_first_name_\" class=\"ff-el-form-control\" aria-invalid=\"false\" aria-required=true><\/div>\n<\/div>\n<\/div>\n<div class='ff-t-cell '>\n<div class='ff-el-group  ff-el-form-top'>\n<div class=\"ff-el-input--label ff-el-is-required asterisk-right\"><label for='ff_1_names_last_name_' >Nachname<\/label><\/div>\n<div class='ff-el-input--content'><input type=\"text\" name=\"names[last_name]\" id=\"ff_1_names_last_name_\" class=\"ff-el-form-control\" aria-invalid=\"false\" aria-required=true><\/div>\n<\/div>\n<\/div>\n<\/div>\n<\/div>\n<div class='ff-el-group'>\n<div class=\"ff-el-input--label ff-el-is-required asterisk-right\"><label for='ff_1_input_text_5' aria-label=\"Mitgliedsnummer\">Mitgliedsnummer<\/label><\/div>\n<div class='ff-el-input--content'><input type=\"text\" name=\"input_text_5\" class=\"ff-el-form-control\" data-name=\"input_text_5\" id=\"ff_1_input_text_5\"  aria-invalid=\"false\" aria-required=true><\/div>\n<\/div>\n<div class='ff-el-group'>\n<div class=\"ff-el-input--label ff-el-is-required asterisk-right\"><label for='ff_1_input_text_4' aria-label=\"Stra\u00dfe\">Stra\u00dfe<\/label><\/div>\n<div class='ff-el-input--content'><input type=\"text\" name=\"input_text_4\" class=\"ff-el-form-control\" data-name=\"input_text_4\" id=\"ff_1_input_text_4\"  aria-invalid=\"false\" aria-required=true><\/div>\n<\/div>\n<div class='ff-el-group'>\n<div class=\"ff-el-input--label ff-el-is-required asterisk-right\"><label for='ff_1_input_text_3' aria-label=\"Hausnummer\/T\u00fcrnummer\">Hausnummer\/T\u00fcrnummer<\/label><\/div>\n<div class='ff-el-input--content'><input type=\"text\" name=\"input_text_3\" class=\"ff-el-form-control\" data-name=\"input_text_3\" id=\"ff_1_input_text_3\"  aria-invalid=\"false\" aria-required=true><\/div>\n<\/div>\n<div class='ff-el-group'>\n<div class=\"ff-el-input--label ff-el-is-required asterisk-right\"><label for='ff_1_input_text_2' aria-label=\"PLZ\">PLZ<\/label><\/div>\n<div class='ff-el-input--content'><input type=\"text\" name=\"input_text_2\" class=\"ff-el-form-control\" data-name=\"input_text_2\" id=\"ff_1_input_text_2\"  aria-invalid=\"false\" aria-required=true><\/div>\n<\/div>\n<div class='ff-el-group'>\n<div class=\"ff-el-input--label ff-el-is-required asterisk-right\"><label for='ff_1_input_text_1' aria-label=\"Stadt\">Stadt<\/label><\/div>\n<div class='ff-el-input--content'><input type=\"text\" name=\"input_text_1\" class=\"ff-el-form-control\" data-name=\"input_text_1\" id=\"ff_1_input_text_1\"  aria-invalid=\"false\" aria-required=true><\/div>\n<\/div>\n<div class='ff-el-group'>\n<div class=\"ff-el-input--label ff-el-is-required asterisk-right\"><label for='ff_1_email' aria-label=\"E-Mail\">E-Mail<\/label><\/div>\n<div class='ff-el-input--content'><input type=\"email\" name=\"email\" id=\"ff_1_email\" class=\"ff-el-form-control\" data-name=\"email\"  aria-invalid=\"false\" aria-required=true><\/div>\n<\/div>\n<div class='ff-el-group'>\n<div class=\"ff-el-input--label ff-el-is-required asterisk-right\"><label for='ff_1_input_text' aria-label=\"Telefon\">Telefon<\/label><\/div>\n<div class='ff-el-input--content'><input type=\"text\" name=\"input_text\" class=\"ff-el-form-control\" data-name=\"input_text\" id=\"ff_1_input_text\"  aria-invalid=\"false\" aria-required=true><\/div>\n<\/div>\n<div class='ff-el-group'>\n<div class='ff-el-input--content'>\n<div class='ff-el-form-check ff-el-form-check-'><label class='ff-el-form-check-label' for=checkbox_8478e498be5777bfcf8abbf9190e7e58><input  type=\"checkbox\" name=\"checkbox[]\" data-name=\"checkbox\" class=\"ff-el-form-check-input ff-el-form-check-checkbox\" value=\"Hiermit best\u00e4tige ich, dass ich das tim+ Zusatzpaket kostenpflichtig erwerben m\u00f6chte.\"  id='checkbox_8478e498be5777bfcf8abbf9190e7e58' aria-label='Hiermit best\u00e4tige ich, dass ich das tim+ Zusatzpaket kostenpflichtig erwerben m\u00f6chte.' aria-invalid='false' aria-required=true> <span>Hiermit best\u00e4tige ich, dass ich das tim+ Zusatzpaket kostenpflichtig erwerben m\u00f6chte.<\/span><\/label><\/div>\n<\/div>\n<\/div>\n<div class='ff-el-group  ff-custom_html' tabindex='-1' data-name=\"custom_html-1_1\" >\n<p style=\"text-align: right\">Holding Graz \u2013 Kommunale Dienstleistungen GmbH<br \/>Andreas-Hofer-Platz 15<br \/>8010 Graz<br \/>Creditor-ID: AT3900000000018634<\/p>\n<\/div>\n<div class='ff-el-group ff-text-left ff_submit_btn_wrapper ff_submit_btn_wrapper_custom'><button class=\"ff-btn ff-btn-submit ff-btn-lg en-button en-button--primary ff_btn_style\" type=\"submit\" name=\"custom_submit_button-1_2\" data-name=\"custom_submit_button-1_2\" >Absenden<\/button><\/p>\n<style>form.fluent_form_1 .ff-btn-submit { background-color: #1a7efb; color: #ffffff; }<\/style>\n<\/div>\n<\/fieldset>\n<\/form>\n<div id='fluentform_1_errors' class='ff-errors-in-stack ff_form_instance_1_1 ff-form-loading_errors ff_form_instance_1_1_errors'><\/div>\n<\/div>\n<p>        <script type=\"text\/javascript\">\n            window.fluent_form_ff_form_instance_1_1 = {\"id\":\"1\",\"settings\":{\"layout\":{\"labelPlacement\":\"top\",\"helpMessagePlacement\":\"with_label\",\"errorMessagePlacement\":\"inline\",\"cssClassName\":\"\",\"asteriskPlacement\":\"asterisk-right\"},\"restrictions\":{\"denyEmptySubmission\":{\"enabled\":false}}},\"form_instance\":\"ff_form_instance_1_1\",\"form_id_selector\":\"fluentform_1\",\"rules\":{\"names[first_name]\":{\"required\":{\"value\":true,\"message\":\"Dieses Feld ist erforderlich\",\"global_message\":\"Dieses Feld ist erforderlich\",\"global\":true}},\"names[middle_name]\":{\"required\":{\"value\":false,\"message\":\"Dieses Feld ist erforderlich\",\"global_message\":\"Dieses Feld ist erforderlich\",\"global\":true}},\"names[last_name]\":{\"required\":{\"value\":true,\"message\":\"Dieses Feld ist erforderlich\",\"global_message\":\"Dieses Feld ist erforderlich\",\"global\":true}},\"input_text_5\":{\"required\":{\"value\":true,\"message\":\"Dieses Feld ist erforderlich\",\"global_message\":\"Dieses Feld ist erforderlich\",\"global\":true}},\"input_text_4\":{\"required\":{\"value\":true,\"message\":\"Dieses Feld ist erforderlich\",\"global_message\":\"Dieses Feld ist erforderlich\",\"global\":true}},\"input_text_3\":{\"required\":{\"value\":true,\"message\":\"Dieses Feld ist erforderlich\",\"global_message\":\"Dieses Feld ist erforderlich\",\"global\":true}},\"input_text_2\":{\"required\":{\"value\":true,\"message\":\"Dieses Feld ist erforderlich\",\"global_message\":\"Dieses Feld ist erforderlich\",\"global\":true}},\"input_text_1\":{\"required\":{\"value\":true,\"message\":\"Dieses Feld ist erforderlich\",\"global_message\":\"Dieses Feld ist erforderlich\",\"global\":true}},\"email\":{\"required\":{\"value\":true,\"message\":\"Dieses Feld ist erforderlich\",\"global_message\":\"Dieses Feld ist erforderlich\",\"global\":true},\"email\":{\"value\":true,\"message\":\"Dieses Feld muss eine g\\u00fcltige E-Mail-Adresse enthalten\",\"global_message\":\"Dieses Feld muss eine g\\u00fcltige E-Mail-Adresse enthalten\",\"global\":true}},\"input_text\":{\"required\":{\"value\":true,\"message\":\"Dieses Feld ist erforderlich\",\"global_message\":\"Dieses Feld ist erforderlich\",\"global\":true}},\"checkbox\":{\"required\":{\"value\":true,\"message\":\"Dieses Feld ist erforderlich\",\"global_message\":\"Dieses Feld ist erforderlich\",\"global\":true}}},\"debounce_time\":300};\n                    <\/script><\/p>\n<\/div>\n","protected":false},"excerpt":{"rendered":"<p>tim+ Anmeldung Mehr Sicherheit mit tim+ Mit dem\u00a0tim+ Zusatzpaket\u00a0f\u00fcr zus\u00e4tzlich\u00a0\u20ac 60,- im Jahr, reduziert sich der Selbstbehalt von \u20ac 450,- auf\u00a0\u20ac 99,-\u00a0(g\u00fcltig f\u00fcr einen Schadensfall innerhalb von 12 Monaten). Das tim+ Zusatzpaket wird immer auf mindestens 12 Monate abgeschlossen und pauschal 1x j\u00e4hrlich verrechnet. Weitere Informationen findest du in unseren\u00a0AGB\u00a0unter Punkt 14.3. Du bist bereits [&hellip;]<\/p>\n","protected":false},"author":2,"featured_media":0,"parent":0,"menu_order":0,"comment_status":"closed","ping_status":"closed","template":"","meta":{"footnotes":""},"class_list":["post-4573","page","type-page","status-publish","hentry"],"acf":[],"yoast_head":"<!-- This site is optimized with the Yoast SEO plugin v26.7 - https:\/\/yoast.com\/wordpress\/plugins\/seo\/ -->\n<title>tim+ Anmeldung - TIM Graz<\/title>\n<meta name=\"robots\" content=\"index, follow, max-snippet:-1, max-image-preview:large, max-video-preview:-1\" \/>\n<link rel=\"canonical\" href=\"https:\/\/www.tim-oesterreich.at\/graz\/tim-anmeldung\/\" \/>\n<meta property=\"og:locale\" content=\"de_DE\" \/>\n<meta property=\"og:type\" content=\"article\" \/>\n<meta property=\"og:title\" content=\"tim+ Anmeldung - TIM Graz\" \/>\n<meta property=\"og:description\" content=\"tim+ Anmeldung Mehr Sicherheit mit tim+ Mit dem\u00a0tim+ Zusatzpaket\u00a0f\u00fcr zus\u00e4tzlich\u00a0\u20ac 60,- im Jahr, reduziert sich der Selbstbehalt von \u20ac 450,- auf\u00a0\u20ac 99,-\u00a0(g\u00fcltig f\u00fcr einen Schadensfall innerhalb von 12 Monaten). Das tim+ Zusatzpaket wird immer auf mindestens 12 Monate abgeschlossen und pauschal 1x j\u00e4hrlich verrechnet. Weitere Informationen findest du in unseren\u00a0AGB\u00a0unter Punkt 14.3. Du bist bereits [&hellip;]\" \/>\n<meta property=\"og:url\" content=\"https:\/\/www.tim-oesterreich.at\/graz\/tim-anmeldung\/\" \/>\n<meta property=\"og:site_name\" content=\"TIM Graz\" \/>\n<meta property=\"article:modified_time\" content=\"2025-09-03T05:48:24+00:00\" \/>\n<meta name=\"twitter:card\" content=\"summary_large_image\" \/>\n<script type=\"application\/ld+json\" class=\"yoast-schema-graph\">{\"@context\":\"https:\/\/schema.org\",\"@graph\":[{\"@type\":\"WebPage\",\"@id\":\"https:\/\/www.tim-oesterreich.at\/graz\/tim-anmeldung\/\",\"url\":\"https:\/\/www.tim-oesterreich.at\/graz\/tim-anmeldung\/\",\"name\":\"tim+ Anmeldung - TIM Graz\",\"isPartOf\":{\"@id\":\"https:\/\/www.tim-oesterreich.at\/graz\/#website\"},\"datePublished\":\"2024-06-28T11:17:21+00:00\",\"dateModified\":\"2025-09-03T05:48:24+00:00\",\"breadcrumb\":{\"@id\":\"https:\/\/www.tim-oesterreich.at\/graz\/tim-anmeldung\/#breadcrumb\"},\"inLanguage\":\"de\",\"potentialAction\":[{\"@type\":\"ReadAction\",\"target\":[\"https:\/\/www.tim-oesterreich.at\/graz\/tim-anmeldung\/\"]}]},{\"@type\":\"BreadcrumbList\",\"@id\":\"https:\/\/www.tim-oesterreich.at\/graz\/tim-anmeldung\/#breadcrumb\",\"itemListElement\":[{\"@type\":\"ListItem\",\"position\":1,\"name\":\"Startseite\",\"item\":\"https:\/\/www.tim-oesterreich.at\/graz\/\"},{\"@type\":\"ListItem\",\"position\":2,\"name\":\"tim+ Anmeldung\"}]},{\"@type\":\"WebSite\",\"@id\":\"https:\/\/www.tim-oesterreich.at\/graz\/#website\",\"url\":\"https:\/\/www.tim-oesterreich.at\/graz\/\",\"name\":\"TIM Graz\",\"description\":\"\",\"potentialAction\":[{\"@type\":\"SearchAction\",\"target\":{\"@type\":\"EntryPoint\",\"urlTemplate\":\"https:\/\/www.tim-oesterreich.at\/graz\/?s={search_term_string}\"},\"query-input\":{\"@type\":\"PropertyValueSpecification\",\"valueRequired\":true,\"valueName\":\"search_term_string\"}}],\"inLanguage\":\"de\"}]}<\/script>\n<!-- \/ Yoast SEO plugin. -->","yoast_head_json":{"title":"tim+ Anmeldung - TIM Graz","robots":{"index":"index","follow":"follow","max-snippet":"max-snippet:-1","max-image-preview":"max-image-preview:large","max-video-preview":"max-video-preview:-1"},"canonical":"https:\/\/www.tim-oesterreich.at\/graz\/tim-anmeldung\/","og_locale":"de_DE","og_type":"article","og_title":"tim+ Anmeldung - TIM Graz","og_description":"tim+ Anmeldung Mehr Sicherheit mit tim+ Mit dem\u00a0tim+ Zusatzpaket\u00a0f\u00fcr zus\u00e4tzlich\u00a0\u20ac 60,- im Jahr, reduziert sich der Selbstbehalt von \u20ac 450,- auf\u00a0\u20ac 99,-\u00a0(g\u00fcltig f\u00fcr einen Schadensfall innerhalb von 12 Monaten). Das tim+ Zusatzpaket wird immer auf mindestens 12 Monate abgeschlossen und pauschal 1x j\u00e4hrlich verrechnet. Weitere Informationen findest du in unseren\u00a0AGB\u00a0unter Punkt 14.3. Du bist bereits [&hellip;]","og_url":"https:\/\/www.tim-oesterreich.at\/graz\/tim-anmeldung\/","og_site_name":"TIM Graz","article_modified_time":"2025-09-03T05:48:24+00:00","twitter_card":"summary_large_image","schema":{"@context":"https:\/\/schema.org","@graph":[{"@type":"WebPage","@id":"https:\/\/www.tim-oesterreich.at\/graz\/tim-anmeldung\/","url":"https:\/\/www.tim-oesterreich.at\/graz\/tim-anmeldung\/","name":"tim+ Anmeldung - TIM Graz","isPartOf":{"@id":"https:\/\/www.tim-oesterreich.at\/graz\/#website"},"datePublished":"2024-06-28T11:17:21+00:00","dateModified":"2025-09-03T05:48:24+00:00","breadcrumb":{"@id":"https:\/\/www.tim-oesterreich.at\/graz\/tim-anmeldung\/#breadcrumb"},"inLanguage":"de","potentialAction":[{"@type":"ReadAction","target":["https:\/\/www.tim-oesterreich.at\/graz\/tim-anmeldung\/"]}]},{"@type":"BreadcrumbList","@id":"https:\/\/www.tim-oesterreich.at\/graz\/tim-anmeldung\/#breadcrumb","itemListElement":[{"@type":"ListItem","position":1,"name":"Startseite","item":"https:\/\/www.tim-oesterreich.at\/graz\/"},{"@type":"ListItem","position":2,"name":"tim+ Anmeldung"}]},{"@type":"WebSite","@id":"https:\/\/www.tim-oesterreich.at\/graz\/#website","url":"https:\/\/www.tim-oesterreich.at\/graz\/","name":"TIM Graz","description":"","potentialAction":[{"@type":"SearchAction","target":{"@type":"EntryPoint","urlTemplate":"https:\/\/www.tim-oesterreich.at\/graz\/?s={search_term_string}"},"query-input":{"@type":"PropertyValueSpecification","valueRequired":true,"valueName":"search_term_string"}}],"inLanguage":"de"}]}},"lang":"de","translations":{"de":4573},"pll_sync_post":[],"_links":{"self":[{"href":"https:\/\/www.tim-oesterreich.at\/graz\/wp-json\/wp\/v2\/pages\/4573","targetHints":{"allow":["GET"]}}],"collection":[{"href":"https:\/\/www.tim-oesterreich.at\/graz\/wp-json\/wp\/v2\/pages"}],"about":[{"href":"https:\/\/www.tim-oesterreich.at\/graz\/wp-json\/wp\/v2\/types\/page"}],"author":[{"embeddable":true,"href":"https:\/\/www.tim-oesterreich.at\/graz\/wp-json\/wp\/v2\/users\/2"}],"replies":[{"embeddable":true,"href":"https:\/\/www.tim-oesterreich.at\/graz\/wp-json\/wp\/v2\/comments?post=4573"}],"version-history":[{"count":7,"href":"https:\/\/www.tim-oesterreich.at\/graz\/wp-json\/wp\/v2\/pages\/4573\/revisions"}],"predecessor-version":[{"id":4864,"href":"https:\/\/www.tim-oesterreich.at\/graz\/wp-json\/wp\/v2\/pages\/4573\/revisions\/4864"}],"wp:attachment":[{"href":"https:\/\/www.tim-oesterreich.at\/graz\/wp-json\/wp\/v2\/media?parent=4573"}],"curies":[{"name":"wp","href":"https:\/\/api.w.org\/{rel}","templated":true}]}}