{"id":2895,"date":"2022-10-28T08:33:01","date_gmt":"2022-10-28T06:33:01","guid":{"rendered":"https:\/\/www.tim-oesterreich.at\/graz\/?page_id=2895"},"modified":"2025-08-26T16:22:01","modified_gmt":"2025-08-26T14:22:01","slug":"tim-business","status":"publish","type":"page","link":"https:\/\/www.tim-oesterreich.at\/graz\/tim-business\/","title":{"rendered":"tim Business"},"content":{"rendered":"<h1>tim Business \u2013 mach dein Unternehmen nachhaltig flexibel!<\/h1>\n<div>\n<p>Mit <strong>tim Business<\/strong> haben du und deine Mitarbeiter:innen Zugriff auf unsere<strong> tim-Autos <\/strong>an all unseren Multimodalen Knoten und Carsharing Standorten in Graz &#8211; und das 24 Stunden am Tag.<br \/>\nFirmenauto teilen statt besitzen, ist die Devise. <strong>tim Business <\/strong>ist das perfekte Carsharing-Angebot f\u00fcr jedes Unternehmen, das innovativ, gemeinschaftlich und nachhaltig agieren m\u00f6chte.<\/p>\n<\/div>\n<p><img width=\"1680\" height=\"1260\" src=\"https:\/\/www.tim-oesterreich.at\/graz\/wp-content\/uploads\/sites\/2\/2022\/01\/tim_business_097_c_lex_karelly-1680x1260.png\" class=\"attachment-large size-large\" alt=\"\" decoding=\"async\" loading=\"lazy\" srcset=\"https:\/\/www.tim-oesterreich.at\/graz\/wp-content\/uploads\/sites\/2\/2022\/01\/tim_business_097_c_lex_karelly-1680x1260.png 1680w, https:\/\/www.tim-oesterreich.at\/graz\/wp-content\/uploads\/sites\/2\/2022\/01\/tim_business_097_c_lex_karelly-840x630.png 840w, https:\/\/www.tim-oesterreich.at\/graz\/wp-content\/uploads\/sites\/2\/2022\/01\/tim_business_097_c_lex_karelly-560x420.png 560w\" sizes=\"auto, (max-width: 1680px) 100vw, 1680px\" \/><\/p>\n<h2>Unsere tim Business-Modelle f\u00fcr dein Unternehmen:<\/h2>\n<div>\n<p>Die <strong>tim-Business<\/strong> Mitgliedschaften sind in folgenden Varianten erh\u00e4ltlich:<\/p>\n<ul>\n<li><strong> pers\u00f6nlich<\/strong> \u2013 jede Person erh\u00e4lt ihre\/seine eigene, mit ihrem\/seinem Namen personalisierte <strong>tim-Mitgliedskarte<\/strong><\/li>\n<li><strong> \u00fcbertragbar<\/strong> und somit <strong>nicht personalisiert<\/strong> \u2013 dein Unternehmen oder eine Abteilung deines Unternehmens erh\u00e4lt eine Mitgliedskarte, die all deine Mitarbeiter:Innen nutzen k\u00f6nnen.<\/li>\n<\/ul>\n<\/div>\n<h2>Ab drei Mitgliedschaften in deinem Unternehmen profitierst du von verg\u00fcnstigten Preisen:<\/h2>\n<div>\n<div style=\"font-size: 0.9em\">\n<p>Die <strong>tim-Business<\/strong> Mitgliedschaften sind in folgenden Varianten erh\u00e4ltlich:<\/p>\n<p>&nbsp;<\/p>\n<table class=\"en-table--membership\" style=\"height: 265px\" width=\"683\">\n<tbody>\n<tr style=\"border-bottom: 2px solid #3d464c\">\n<th><\/th>\n<th scope=\"col\">personalisierte Karten und \u00fcbertragbare Karten<\/th>\n<th scope=\"col\"><\/th>\n<\/tr>\n<tr style=\"border-bottom: 2px dotted #3d464c\">\n<th scope=\"row\"><b>Registrierungsgeb\u00fchr<\/b><\/th>\n<td>\u20ac 15,-<\/td>\n<\/tr>\n<tr>\n<th class=\"en-bad-l-sm\" colspan=\"3\" scope=\"row\">Monatsgeb\u00fchr<\/th>\n<\/tr>\n<tr>\n<th style=\"padding-left: 2.5em\" scope=\"row\">Small: 1 Account, 5 Nutzer:innen<\/th>\n<td>\u20ac 35,-<\/td>\n<\/tr>\n<tr>\n<th style=\"padding-left: 2.5em\" scope=\"row\">Medium: 1 Account, 10 Nutzer:innen<\/th>\n<td>\u20ac 50,-<\/td>\n<\/tr>\n<tr>\n<th style=\"padding-left: 2.5em\" scope=\"row\">Large: 1 Account, 20 Nutzer:innen<\/th>\n<td>\u20ac 80,-<\/td>\n<\/tr>\n<tr>\n<th style=\"padding-left: 2.5em\" scope=\"row\">Stundentarif<\/th>\n<td>Zu den regul\u00e4ren tim Tarifen<\/td>\n<\/tr>\n<tr style=\"border-top: 2px dotted #3d464c;border-bottom: 2px dotted #3d464c\">\n<th scope=\"row\"><\/th>\n<td><\/td>\n<td><\/td>\n<\/tr>\n<\/tbody>\n<\/table>\n<\/div>\n<p style=\"margin-top: 0.5em;font-size: 0.8em;line-height: 1.5\">Alle Angaben inkl. Ust. Mindestvertragsdauer: 12 Monate<br \/>\nZ\u00fcsatzlich zur Monatsgeb\u00fchr verrechnet tim pro Automiete einen Stunden- und Kilometertarif (siehe <a href=\"https:\/\/www.tim-oesterreich.at\/graz\/wp-content\/uploads\/sites\/2\/2024\/05\/tim-tarifinfo-ab-juli-2024.pdf\" target=\"_blank\" rel=\"noopener\">Tarifblatt<\/a>).<\/p>\n<\/div>\n<p><img width=\"1600\" height=\"1066\" src=\"https:\/\/www.tim-oesterreich.at\/graz\/wp-content\/uploads\/sites\/2\/2022\/01\/monatsgebuehren-1.png\" class=\"attachment-large size-large\" alt=\"\" decoding=\"async\" loading=\"lazy\" srcset=\"https:\/\/www.tim-oesterreich.at\/graz\/wp-content\/uploads\/sites\/2\/2022\/01\/monatsgebuehren-1.png 1600w, https:\/\/www.tim-oesterreich.at\/graz\/wp-content\/uploads\/sites\/2\/2022\/01\/monatsgebuehren-1-768x512.png 768w, https:\/\/www.tim-oesterreich.at\/graz\/wp-content\/uploads\/sites\/2\/2022\/01\/monatsgebuehren-1-1536x1023.png 1536w\" sizes=\"auto, (max-width: 1600px) 100vw, 1600px\" \/><\/p>\n<div>\n<p>Am Ende jeden Monats erh\u00e4ltst du eine Sammelrechnung mit einer \u00fcbersichtlichen Auflistung aller Fahrten deines Unternehmens.<\/p>\n<p><a href=\"https:\/\/www.tim-oesterreich.at\/graz\/tim-business-2\/\">Hier geht es direkt zum Anmeldeformular.<\/a><\/p>\n<p>&nbsp;<\/p>\n<\/div>\n<div>\n<p>Die <strong>tim-Business<\/strong> Mitgliedschaften sind in folgenden Varianten erh\u00e4ltlich:<\/p>\n<table>\n<caption>\u00a0<\/caption>\n<thead>\n<tr>\n<th><\/th>\n<th><\/th>\n<\/tr>\n<\/thead>\n<tbody>\n<tr>\n<td><\/td>\n<td><\/td>\n<\/tr>\n<tr>\n<td><\/td>\n<td><\/td>\n<\/tr>\n<tr>\n<td><strong>Small<\/strong>: 1 Account, 5 Nutzer:innen<\/td>\n<td>\u00a0 \u00a0 \u00a0 \u00a0 \u00a0 \u20ac 35,-\u00a0 pro Monat<\/td>\n<\/tr>\n<tr>\n<td><strong>Medium<\/strong>: 1 Account, 10 Nutzer:innen<\/td>\n<td>\u00a0 \u00a0 \u00a0 \u00a0 \u00a0 \u20ac 50,-\u00a0 pro Monat<\/td>\n<\/tr>\n<tr>\n<td><strong>Large<\/strong>: 1 Account, 20 Nutzer:innen<\/td>\n<td>\u00a0 \u00a0 \u00a0 \u00a0 \u00a0 \u20ac 80,-\u00a0 pro Monat<\/td>\n<\/tr>\n<tr>\n<td><\/td>\n<td><\/td>\n<\/tr>\n<\/tbody>\n<\/table>\n<p><span style=\"font-size: 1em;letter-spacing: 0px\">Alle Angaben inkl. Ust. Mindestvertragsdauer: 12 Monate<\/span><\/p>\n<p>Die Registrierung f\u00fcr eine tim-Business-Mitgliedschaft kostet einmalig \u20ac 15,-.<br \/>\nZus\u00e4tzlich zur Monatsgeb\u00fchr verrechnet tim pro Automiete einen Stunden- und Kilometertarif (siehe <a href=\"https:\/\/www.tim-oesterreich.at\/graz\/tim-tarife\/\" target=\"_blank\" rel=\"noopener\">Tarifblatt<\/a>).<\/p>\n<p>&nbsp;<\/p>\n<\/div>\n<h1>Profitiere mit tim \u2013 die Vorteile im \u00dcberblick:<\/h1>\n<div>\n<h3>umweltfreundlich &amp; nachhaltig<\/h3>\n<ul>\n<li>Einsparung von Parkpl\u00e4tzen, mehr Frei- und Gr\u00fcnfl\u00e4chen.<\/li>\n<li>Jedes <strong>tim<\/strong> Auto spart 17 Fahrzeuge ein \u2013 zwei von drei <strong>tim Kund:innen<\/strong> haben entweder ihr eigenes Fahrzeug verkauft bzw. sich erst gar keines angeschafft.<\/li>\n<li>Jede\/r <strong>tim Kund:in <\/strong>verringert seinen CO2-Austo\u00df um 242kg\/Jahr.<\/li>\n<\/ul>\n<\/div>\n<div>\n<h3>preiswert &amp; transparent<\/h3>\n<ul>\n<li>monatliche Sammelrechnung inkl. einer \u00dcbersicht aller Fahrten (Fahrtenbuch)<\/li>\n<li>Reduktion der Mobilit\u00e4ts-, Koordinations- und Fuhrparkkosten<\/li>\n<li>stundengenaue Abrechnung<\/li>\n<\/ul>\n<\/div>\n<div>\n<h3>flexibel<\/h3>\n<ul>\n<li>Reservierung und Buchung 24 Stunden am Tag \/ 7 Tage in der Woche: per App, Internet oder Telefon<\/li>\n<li>Durch Interoperabilit\u00e4t k\u00f6nnen alle <strong>tim-Standorte <\/strong>in Graz genutzt werden. Fahre heute zu einem Termin mit unserem VW ID.3 und morgen zum Betriebsausflug mit dem Mercedes 9-Sitzer.<\/li>\n<\/ul>\n<\/div>\n<div>\n<h3>sicher &amp; sauber<\/h3>\n<ul>\n<li><strong>tim<\/strong> reinigt und wartet alle Autos regelm\u00e4\u00dfig<\/li>\n<li>24 Stunden Hotline bei Pannen, Unf\u00e4llen und sonstigen Problemen (inkl. Mobilit\u00e4tsgarantie)<\/li>\n<li>Vollkaskoversicherung<\/li>\n<\/ul>\n<\/div>\n<h1>Automatisch von unserem Bonussystem profitieren<\/h1>\n<div>\n<p>Je mehr gebuchte Fahrstunden, desto mehr Bonusleistungen.<\/p>\n<p>Per Ende jedes Kalenderjahrs werden alle gebuchten Fahrstunden eines Unternehmens zusammengerechnet und es warten attraktive Boni.<\/p>\n<\/div>\n<h2>Du willst tim Business f\u00fcr dein Unternehmen nutzen? In wenigen Schritten zur tim Business-Mitgliedschaft:<\/h2>\n<div>\n<ul>\n<li><a href=\"https:\/\/www.tim-oesterreich.at\/graz\/wp-content\/uploads\/sites\/2\/2022\/07\/tim_business_kundenvereinbarung_ausfuellbar.pdf\">Anmeldeformular <\/a>ausf\u00fcllen und gemeinsam mit den F\u00fchrerscheinkopien (der zeichnungsberechtigten Person und aller Mitarbeiter:innen, die eine personalisierte Karte w\u00fcnschen) an <a href=\"mailto:office@tim-graz.at\">office@tim-graz.at<\/a> senden<\/li>\n<li>Wir pr\u00fcfen deine Daten, erstellen einen Account und \u00fcbermitteln dir die Zugangsdaten zur Buchungsplattform sowie die <strong>tim-Mitgliedskarte(n)<\/strong>.<\/li>\n<li>\u2026und schon geht die Fahrt los!<\/li>\n<\/ul>\n<p>Du hast Fragen? Die <a href=\"https:\/\/www.tim-oesterreich.at\/graz\/faq\/\">FAQs<\/a> auf unserer Website helfen dir bestimmt weiter. Falls nicht, kannst du dich gerne bei uns melden. Telefonisch erreichst du uns von 8:00 \u2013 16:00 Uhr unter der Telefonnummer 0316 887 47 55 oder per E-mail an <a href=\"mailto:office@tim-graz.at\">office@tim-graz.at<\/a>.<\/p>\n<\/div>\n","protected":false},"excerpt":{"rendered":"<p>tim Business \u2013 mach dein Unternehmen nachhaltig flexibel! Mit tim Business haben du und deine Mitarbeiter:innen Zugriff auf unsere tim-Autos an all unseren Multimodalen Knoten und Carsharing Standorten in Graz &#8211; und das 24 Stunden am Tag. Firmenauto teilen statt besitzen, ist die Devise. tim Business ist das perfekte Carsharing-Angebot f\u00fcr jedes Unternehmen, das innovativ, [&hellip;]<\/p>\n","protected":false},"author":2,"featured_media":2917,"parent":0,"menu_order":0,"comment_status":"closed","ping_status":"closed","template":"","meta":{"footnotes":""},"class_list":["post-2895","page","type-page","status-publish","has-post-thumbnail","hentry"],"acf":[],"yoast_head":"<!-- This site is optimized with the Yoast SEO plugin v26.7 - https:\/\/yoast.com\/wordpress\/plugins\/seo\/ -->\n<title>tim Business - TIM Graz<\/title>\n<meta name=\"robots\" content=\"index, follow, max-snippet:-1, max-image-preview:large, max-video-preview:-1\" \/>\n<link rel=\"canonical\" href=\"https:\/\/www.tim-oesterreich.at\/graz\/tim-business\/\" \/>\n<meta property=\"og:locale\" content=\"de_DE\" \/>\n<meta property=\"og:type\" content=\"article\" \/>\n<meta property=\"og:title\" content=\"tim Business - TIM Graz\" \/>\n<meta property=\"og:description\" content=\"tim Business \u2013 mach dein Unternehmen nachhaltig flexibel! Mit tim Business haben du und deine Mitarbeiter:innen Zugriff auf unsere tim-Autos an all unseren Multimodalen Knoten und Carsharing Standorten in Graz &#8211; und das 24 Stunden am Tag. Firmenauto teilen statt besitzen, ist die Devise. tim Business ist das perfekte Carsharing-Angebot f\u00fcr jedes Unternehmen, das innovativ, [&hellip;]\" \/>\n<meta property=\"og:url\" content=\"https:\/\/www.tim-oesterreich.at\/graz\/tim-business\/\" \/>\n<meta property=\"og:site_name\" content=\"TIM Graz\" \/>\n<meta property=\"article:modified_time\" content=\"2025-08-26T14:22:01+00:00\" \/>\n<meta property=\"og:image\" content=\"https:\/\/www.tim-oesterreich.at\/graz\/wp-content\/uploads\/sites\/2\/2022\/01\/tim_business_097_c_lex_karelly-768x512.png\" \/>\n\t<meta property=\"og:image:width\" content=\"768\" \/>\n\t<meta property=\"og:image:height\" content=\"512\" \/>\n\t<meta property=\"og:image:type\" content=\"image\/png\" \/>\n<meta name=\"twitter:card\" content=\"summary_large_image\" \/>\n<script type=\"application\/ld+json\" class=\"yoast-schema-graph\">{\"@context\":\"https:\/\/schema.org\",\"@graph\":[{\"@type\":\"WebPage\",\"@id\":\"https:\/\/www.tim-oesterreich.at\/graz\/tim-business\/\",\"url\":\"https:\/\/www.tim-oesterreich.at\/graz\/tim-business\/\",\"name\":\"tim Business - TIM Graz\",\"isPartOf\":{\"@id\":\"https:\/\/www.tim-oesterreich.at\/graz\/#website\"},\"primaryImageOfPage\":{\"@id\":\"https:\/\/www.tim-oesterreich.at\/graz\/tim-business\/#primaryimage\"},\"image\":{\"@id\":\"https:\/\/www.tim-oesterreich.at\/graz\/tim-business\/#primaryimage\"},\"thumbnailUrl\":\"https:\/\/www.tim-oesterreich.at\/graz\/wp-content\/uploads\/sites\/2\/2022\/01\/tim_business_097_c_lex_karelly.png\",\"datePublished\":\"2022-10-28T06:33:01+00:00\",\"dateModified\":\"2025-08-26T14:22:01+00:00\",\"breadcrumb\":{\"@id\":\"https:\/\/www.tim-oesterreich.at\/graz\/tim-business\/#breadcrumb\"},\"inLanguage\":\"de\",\"potentialAction\":[{\"@type\":\"ReadAction\",\"target\":[\"https:\/\/www.tim-oesterreich.at\/graz\/tim-business\/\"]}]},{\"@type\":\"ImageObject\",\"inLanguage\":\"de\",\"@id\":\"https:\/\/www.tim-oesterreich.at\/graz\/tim-business\/#primaryimage\",\"url\":\"https:\/\/www.tim-oesterreich.at\/graz\/wp-content\/uploads\/sites\/2\/2022\/01\/tim_business_097_c_lex_karelly.png\",\"contentUrl\":\"https:\/\/www.tim-oesterreich.at\/graz\/wp-content\/uploads\/sites\/2\/2022\/01\/tim_business_097_c_lex_karelly.png\",\"width\":4000,\"height\":2666,\"caption\":\"(c) Lex Karelly\"},{\"@type\":\"BreadcrumbList\",\"@id\":\"https:\/\/www.tim-oesterreich.at\/graz\/tim-business\/#breadcrumb\",\"itemListElement\":[{\"@type\":\"ListItem\",\"position\":1,\"name\":\"Startseite\",\"item\":\"https:\/\/www.tim-oesterreich.at\/graz\/\"},{\"@type\":\"ListItem\",\"position\":2,\"name\":\"tim Business\"}]},{\"@type\":\"WebSite\",\"@id\":\"https:\/\/www.tim-oesterreich.at\/graz\/#website\",\"url\":\"https:\/\/www.tim-oesterreich.at\/graz\/\",\"name\":\"TIM Graz\",\"description\":\"\",\"potentialAction\":[{\"@type\":\"SearchAction\",\"target\":{\"@type\":\"EntryPoint\",\"urlTemplate\":\"https:\/\/www.tim-oesterreich.at\/graz\/?s={search_term_string}\"},\"query-input\":{\"@type\":\"PropertyValueSpecification\",\"valueRequired\":true,\"valueName\":\"search_term_string\"}}],\"inLanguage\":\"de\"}]}<\/script>\n<!-- \/ Yoast SEO plugin. -->","yoast_head_json":{"title":"tim Business - TIM Graz","robots":{"index":"index","follow":"follow","max-snippet":"max-snippet:-1","max-image-preview":"max-image-preview:large","max-video-preview":"max-video-preview:-1"},"canonical":"https:\/\/www.tim-oesterreich.at\/graz\/tim-business\/","og_locale":"de_DE","og_type":"article","og_title":"tim Business - TIM Graz","og_description":"tim Business \u2013 mach dein Unternehmen nachhaltig flexibel! Mit tim Business haben du und deine Mitarbeiter:innen Zugriff auf unsere tim-Autos an all unseren Multimodalen Knoten und Carsharing Standorten in Graz &#8211; und das 24 Stunden am Tag. Firmenauto teilen statt besitzen, ist die Devise. tim Business ist das perfekte Carsharing-Angebot f\u00fcr jedes Unternehmen, das innovativ, [&hellip;]","og_url":"https:\/\/www.tim-oesterreich.at\/graz\/tim-business\/","og_site_name":"TIM Graz","article_modified_time":"2025-08-26T14:22:01+00:00","og_image":[{"width":768,"height":512,"url":"https:\/\/www.tim-oesterreich.at\/graz\/wp-content\/uploads\/sites\/2\/2022\/01\/tim_business_097_c_lex_karelly-768x512.png","type":"image\/png"}],"twitter_card":"summary_large_image","schema":{"@context":"https:\/\/schema.org","@graph":[{"@type":"WebPage","@id":"https:\/\/www.tim-oesterreich.at\/graz\/tim-business\/","url":"https:\/\/www.tim-oesterreich.at\/graz\/tim-business\/","name":"tim Business - TIM Graz","isPartOf":{"@id":"https:\/\/www.tim-oesterreich.at\/graz\/#website"},"primaryImageOfPage":{"@id":"https:\/\/www.tim-oesterreich.at\/graz\/tim-business\/#primaryimage"},"image":{"@id":"https:\/\/www.tim-oesterreich.at\/graz\/tim-business\/#primaryimage"},"thumbnailUrl":"https:\/\/www.tim-oesterreich.at\/graz\/wp-content\/uploads\/sites\/2\/2022\/01\/tim_business_097_c_lex_karelly.png","datePublished":"2022-10-28T06:33:01+00:00","dateModified":"2025-08-26T14:22:01+00:00","breadcrumb":{"@id":"https:\/\/www.tim-oesterreich.at\/graz\/tim-business\/#breadcrumb"},"inLanguage":"de","potentialAction":[{"@type":"ReadAction","target":["https:\/\/www.tim-oesterreich.at\/graz\/tim-business\/"]}]},{"@type":"ImageObject","inLanguage":"de","@id":"https:\/\/www.tim-oesterreich.at\/graz\/tim-business\/#primaryimage","url":"https:\/\/www.tim-oesterreich.at\/graz\/wp-content\/uploads\/sites\/2\/2022\/01\/tim_business_097_c_lex_karelly.png","contentUrl":"https:\/\/www.tim-oesterreich.at\/graz\/wp-content\/uploads\/sites\/2\/2022\/01\/tim_business_097_c_lex_karelly.png","width":4000,"height":2666,"caption":"(c) Lex Karelly"},{"@type":"BreadcrumbList","@id":"https:\/\/www.tim-oesterreich.at\/graz\/tim-business\/#breadcrumb","itemListElement":[{"@type":"ListItem","position":1,"name":"Startseite","item":"https:\/\/www.tim-oesterreich.at\/graz\/"},{"@type":"ListItem","position":2,"name":"tim Business"}]},{"@type":"WebSite","@id":"https:\/\/www.tim-oesterreich.at\/graz\/#website","url":"https:\/\/www.tim-oesterreich.at\/graz\/","name":"TIM Graz","description":"","potentialAction":[{"@type":"SearchAction","target":{"@type":"EntryPoint","urlTemplate":"https:\/\/www.tim-oesterreich.at\/graz\/?s={search_term_string}"},"query-input":{"@type":"PropertyValueSpecification","valueRequired":true,"valueName":"search_term_string"}}],"inLanguage":"de"}]}},"lang":"de","translations":{"de":2895,"en":3427},"pll_sync_post":[],"_links":{"self":[{"href":"https:\/\/www.tim-oesterreich.at\/graz\/wp-json\/wp\/v2\/pages\/2895","targetHints":{"allow":["GET"]}}],"collection":[{"href":"https:\/\/www.tim-oesterreich.at\/graz\/wp-json\/wp\/v2\/pages"}],"about":[{"href":"https:\/\/www.tim-oesterreich.at\/graz\/wp-json\/wp\/v2\/types\/page"}],"author":[{"embeddable":true,"href":"https:\/\/www.tim-oesterreich.at\/graz\/wp-json\/wp\/v2\/users\/2"}],"replies":[{"embeddable":true,"href":"https:\/\/www.tim-oesterreich.at\/graz\/wp-json\/wp\/v2\/comments?post=2895"}],"version-history":[{"count":9,"href":"https:\/\/www.tim-oesterreich.at\/graz\/wp-json\/wp\/v2\/pages\/2895\/revisions"}],"predecessor-version":[{"id":4851,"href":"https:\/\/www.tim-oesterreich.at\/graz\/wp-json\/wp\/v2\/pages\/2895\/revisions\/4851"}],"wp:featuredmedia":[{"embeddable":true,"href":"https:\/\/www.tim-oesterreich.at\/graz\/wp-json\/wp\/v2\/media\/2917"}],"wp:attachment":[{"href":"https:\/\/www.tim-oesterreich.at\/graz\/wp-json\/wp\/v2\/media?parent=2895"}],"curies":[{"name":"wp","href":"https:\/\/api.w.org\/{rel}","templated":true}]}}