{"id":2756,"date":"2022-10-28T10:15:43","date_gmt":"2022-10-28T08:15:43","guid":{"rendered":"https:\/\/www.tim-oesterreich.at\/graz\/?page_id=2756"},"modified":"2025-05-28T14:07:17","modified_gmt":"2025-05-28T12:07:17","slug":"anmelden-2","status":"publish","type":"page","link":"https:\/\/www.tim-oesterreich.at\/graz\/anmelden-2\/","title":{"rendered":"Registrierung"},"content":{"rendered":"<h2>Registrierung<\/h2>\n<h3>Hier hast du die M\u00f6glichkeit dich f\u00fcr tim zu registrieren oder direkt einzuloggen:<\/h3>\n<div>\n<p>&nbsp;<\/p>\n<h3>Registrierung f\u00fcr private Nutzer:innen<\/h3>\n<p>Du willst das kostenpflichtige Angebot von tim in Graz nutzen? Dann lass uns ein paar Informationen zu deiner Person wissen und klicke hierf\u00fcr auf den untenstehenden Button \u201eRegistrierung\u201c. Sobald du deine Registrierung abgeschlossen hast, \u00fcberpr\u00fcfen wir deine Daten und senden dir ein Email, wenn dein Account aktiv ist. Du willst wissen, was tim monatlich (Mindestvertragsdauer 1 Jahr) und pro Fahrt kostet? Im <a href=\"https:\/\/www.tim-oesterreich.at\/graz\/tim-tarife\/\">Tarifblatt<\/a> kl\u00e4ren wir dich auf.<\/p>\n<p><a class=\"en-button en-button--primary\" style=\"margin: 0\" href=\"https:\/\/app.tim-graz.at\/register?pid=1353\" target=\"_blank\" rel=\"noopener\">Registrierung<\/a><\/p>\n<p>&nbsp;<\/p>\n<\/div>\n<div>\n<p>&nbsp;<\/p>\n<h3>Registrierung f\u00fcr tim-Business-Kund:innen<\/h3>\n<p>Du willst tim f\u00fcr dein Unternehmen oder deine Institution nutzen? Hier findest du alle Informationen zu <a href=\"https:\/\/www.tim-oesterreich.at\/graz\/tim-business\/\"><strong>tim Business<\/strong>.<\/a><\/p>\n<p>F\u00fcr die Registrierung f\u00fclle einfach das Formular aus, danach pr\u00fcfen wir deine Daten und dein Business-Account wird schnellstm\u00f6glich erstellt.<\/p>\n<p><a class=\"en-button en-button--primary\" style=\"margin: 0\" href=\"https:\/\/www.tim-oesterreich.at\/graz\/tim-business-2\/?pid=78\" target=\"_blank\" rel=\"noopener\">Business Registrierung<\/a><\/p>\n<p>&nbsp;<\/p>\n<\/div>\n<div>\n<p>&nbsp;<\/p>\n<h3>Hier geht&#8217;s zum Login<\/h3>\n<p>Du bist bereits registriert?<br \/>\nDie <strong>tim-\u00d6sterreich App<\/strong> findest du\u00a0in deinem <a href=\"https:\/\/play.google.com\/store\/apps\/details?id=com.ibiola.tim.oesterreich&amp;hl=de\">Google Play<\/a> oder <a href=\"https:\/\/apps.apple.com\/at\/app\/tim-%C3%B6sterreich\/id6443912926?platform=ipad\">App Store<\/a>. Einfach runterladen und losstarten.<\/p>\n<p><a class=\"en-button en-button--primary\" href=\"https:\/\/app.tim-graz.at\/login\">Login<\/a><\/p>\n<p>&nbsp;<\/p>\n<\/div>\n<div>\n<p>&nbsp;<\/p>\n<h3>Mehr Sicherheit mit tim+<\/h3>\n<p>Mit dem <strong>tim+ Zusatzpaket <\/strong>f\u00fcr zus\u00e4tzlich <strong>\u20ac 60,- im Jahr<\/strong>, reduziert sich der Selbstbehalt von \u20ac 450,- auf <strong>\u20ac 99,-<\/strong> (g\u00fcltig f\u00fcr einen Schadensfall innerhalb von 12 Monaten).<\/p>\n<p>Das tim+ Zusatzpaket wird immer auf mindestens 12 Monate abgeschlossen und pauschal 1x j\u00e4hrlich verrechnet. Weitere Informationen findest du in unseren <a href=\"https:\/\/www.tim-oesterreich.at\/graz\/wp-content\/uploads\/sites\/2\/2025\/05\/agb-tim-ab-1--juli-2025-deutsch.pdf\">AGB<\/a>\u00a0unter Punkt 14.3.<\/p>\n<p>Du bist bereits tim-Kund:in und m\u00f6chtest die Vorteile von tim+ nutzen? F\u00fclle hierf\u00fcr einfach das Formular aus.<\/p>\n<p><a class=\"en-button en-button--primary\" style=\"margin: 0\" href=\"https:\/\/www.tim-oesterreich.at\/graz\/tim-anmeldung\/?pid=78\" target=\"_blank\" rel=\"noopener\">tim+ Formular<\/a><\/p>\n<p>&nbsp;<\/p>\n<\/div>\n","protected":false},"excerpt":{"rendered":"<p>Registrierung Hier hast du die M\u00f6glichkeit dich f\u00fcr tim zu registrieren oder direkt einzuloggen: &nbsp; Registrierung f\u00fcr private Nutzer:innen Du willst das kostenpflichtige Angebot von tim in Graz nutzen? Dann lass uns ein paar Informationen zu deiner Person wissen und klicke hierf\u00fcr auf den untenstehenden Button \u201eRegistrierung\u201c. Sobald du deine Registrierung abgeschlossen hast, \u00fcberpr\u00fcfen wir [&hellip;]<\/p>\n","protected":false},"author":1,"featured_media":0,"parent":0,"menu_order":0,"comment_status":"closed","ping_status":"closed","template":"","meta":{"footnotes":""},"class_list":["post-2756","page","type-page","status-publish","hentry"],"acf":[],"yoast_head":"<!-- This site is optimized with the Yoast SEO plugin v26.7 - https:\/\/yoast.com\/wordpress\/plugins\/seo\/ -->\n<title>Registrierung - TIM Graz<\/title>\n<meta name=\"robots\" content=\"index, follow, max-snippet:-1, max-image-preview:large, max-video-preview:-1\" \/>\n<link rel=\"canonical\" href=\"https:\/\/www.tim-oesterreich.at\/graz\/anmelden-2\/\" \/>\n<meta property=\"og:locale\" content=\"de_DE\" \/>\n<meta property=\"og:type\" content=\"article\" \/>\n<meta property=\"og:title\" content=\"Registrierung - TIM Graz\" \/>\n<meta property=\"og:description\" content=\"Registrierung Hier hast du die M\u00f6glichkeit dich f\u00fcr tim zu registrieren oder direkt einzuloggen: &nbsp; Registrierung f\u00fcr private Nutzer:innen Du willst das kostenpflichtige Angebot von tim in Graz nutzen? Dann lass uns ein paar Informationen zu deiner Person wissen und klicke hierf\u00fcr auf den untenstehenden Button \u201eRegistrierung\u201c. Sobald du deine Registrierung abgeschlossen hast, \u00fcberpr\u00fcfen wir [&hellip;]\" \/>\n<meta property=\"og:url\" content=\"https:\/\/www.tim-oesterreich.at\/graz\/anmelden-2\/\" \/>\n<meta property=\"og:site_name\" content=\"TIM Graz\" \/>\n<meta property=\"article:modified_time\" content=\"2025-05-28T12:07:17+00:00\" \/>\n<meta name=\"twitter:card\" content=\"summary_large_image\" \/>\n<script type=\"application\/ld+json\" class=\"yoast-schema-graph\">{\"@context\":\"https:\/\/schema.org\",\"@graph\":[{\"@type\":\"WebPage\",\"@id\":\"https:\/\/www.tim-oesterreich.at\/graz\/anmelden-2\/\",\"url\":\"https:\/\/www.tim-oesterreich.at\/graz\/anmelden-2\/\",\"name\":\"Registrierung - TIM Graz\",\"isPartOf\":{\"@id\":\"https:\/\/www.tim-oesterreich.at\/graz\/#website\"},\"datePublished\":\"2022-10-28T08:15:43+00:00\",\"dateModified\":\"2025-05-28T12:07:17+00:00\",\"breadcrumb\":{\"@id\":\"https:\/\/www.tim-oesterreich.at\/graz\/anmelden-2\/#breadcrumb\"},\"inLanguage\":\"de\",\"potentialAction\":[{\"@type\":\"ReadAction\",\"target\":[\"https:\/\/www.tim-oesterreich.at\/graz\/anmelden-2\/\"]}]},{\"@type\":\"BreadcrumbList\",\"@id\":\"https:\/\/www.tim-oesterreich.at\/graz\/anmelden-2\/#breadcrumb\",\"itemListElement\":[{\"@type\":\"ListItem\",\"position\":1,\"name\":\"Startseite\",\"item\":\"https:\/\/www.tim-oesterreich.at\/graz\/\"},{\"@type\":\"ListItem\",\"position\":2,\"name\":\"Registrierung\"}]},{\"@type\":\"WebSite\",\"@id\":\"https:\/\/www.tim-oesterreich.at\/graz\/#website\",\"url\":\"https:\/\/www.tim-oesterreich.at\/graz\/\",\"name\":\"TIM Graz\",\"description\":\"\",\"potentialAction\":[{\"@type\":\"SearchAction\",\"target\":{\"@type\":\"EntryPoint\",\"urlTemplate\":\"https:\/\/www.tim-oesterreich.at\/graz\/?s={search_term_string}\"},\"query-input\":{\"@type\":\"PropertyValueSpecification\",\"valueRequired\":true,\"valueName\":\"search_term_string\"}}],\"inLanguage\":\"de\"}]}<\/script>\n<!-- \/ Yoast SEO plugin. -->","yoast_head_json":{"title":"Registrierung - TIM Graz","robots":{"index":"index","follow":"follow","max-snippet":"max-snippet:-1","max-image-preview":"max-image-preview:large","max-video-preview":"max-video-preview:-1"},"canonical":"https:\/\/www.tim-oesterreich.at\/graz\/anmelden-2\/","og_locale":"de_DE","og_type":"article","og_title":"Registrierung - TIM Graz","og_description":"Registrierung Hier hast du die M\u00f6glichkeit dich f\u00fcr tim zu registrieren oder direkt einzuloggen: &nbsp; Registrierung f\u00fcr private Nutzer:innen Du willst das kostenpflichtige Angebot von tim in Graz nutzen? Dann lass uns ein paar Informationen zu deiner Person wissen und klicke hierf\u00fcr auf den untenstehenden Button \u201eRegistrierung\u201c. Sobald du deine Registrierung abgeschlossen hast, \u00fcberpr\u00fcfen wir [&hellip;]","og_url":"https:\/\/www.tim-oesterreich.at\/graz\/anmelden-2\/","og_site_name":"TIM Graz","article_modified_time":"2025-05-28T12:07:17+00:00","twitter_card":"summary_large_image","schema":{"@context":"https:\/\/schema.org","@graph":[{"@type":"WebPage","@id":"https:\/\/www.tim-oesterreich.at\/graz\/anmelden-2\/","url":"https:\/\/www.tim-oesterreich.at\/graz\/anmelden-2\/","name":"Registrierung - TIM Graz","isPartOf":{"@id":"https:\/\/www.tim-oesterreich.at\/graz\/#website"},"datePublished":"2022-10-28T08:15:43+00:00","dateModified":"2025-05-28T12:07:17+00:00","breadcrumb":{"@id":"https:\/\/www.tim-oesterreich.at\/graz\/anmelden-2\/#breadcrumb"},"inLanguage":"de","potentialAction":[{"@type":"ReadAction","target":["https:\/\/www.tim-oesterreich.at\/graz\/anmelden-2\/"]}]},{"@type":"BreadcrumbList","@id":"https:\/\/www.tim-oesterreich.at\/graz\/anmelden-2\/#breadcrumb","itemListElement":[{"@type":"ListItem","position":1,"name":"Startseite","item":"https:\/\/www.tim-oesterreich.at\/graz\/"},{"@type":"ListItem","position":2,"name":"Registrierung"}]},{"@type":"WebSite","@id":"https:\/\/www.tim-oesterreich.at\/graz\/#website","url":"https:\/\/www.tim-oesterreich.at\/graz\/","name":"TIM Graz","description":"","potentialAction":[{"@type":"SearchAction","target":{"@type":"EntryPoint","urlTemplate":"https:\/\/www.tim-oesterreich.at\/graz\/?s={search_term_string}"},"query-input":{"@type":"PropertyValueSpecification","valueRequired":true,"valueName":"search_term_string"}}],"inLanguage":"de"}]}},"lang":"de","translations":{"de":2756},"pll_sync_post":[],"_links":{"self":[{"href":"https:\/\/www.tim-oesterreich.at\/graz\/wp-json\/wp\/v2\/pages\/2756","targetHints":{"allow":["GET"]}}],"collection":[{"href":"https:\/\/www.tim-oesterreich.at\/graz\/wp-json\/wp\/v2\/pages"}],"about":[{"href":"https:\/\/www.tim-oesterreich.at\/graz\/wp-json\/wp\/v2\/types\/page"}],"author":[{"embeddable":true,"href":"https:\/\/www.tim-oesterreich.at\/graz\/wp-json\/wp\/v2\/users\/1"}],"replies":[{"embeddable":true,"href":"https:\/\/www.tim-oesterreich.at\/graz\/wp-json\/wp\/v2\/comments?post=2756"}],"version-history":[{"count":9,"href":"https:\/\/www.tim-oesterreich.at\/graz\/wp-json\/wp\/v2\/pages\/2756\/revisions"}],"predecessor-version":[{"id":4814,"href":"https:\/\/www.tim-oesterreich.at\/graz\/wp-json\/wp\/v2\/pages\/2756\/revisions\/4814"}],"wp:attachment":[{"href":"https:\/\/www.tim-oesterreich.at\/graz\/wp-json\/wp\/v2\/media?parent=2756"}],"curies":[{"name":"wp","href":"https:\/\/api.w.org\/{rel}","templated":true}]}}