{"id":2159,"date":"2019-06-25T14:05:43","date_gmt":"2019-06-25T12:05:43","guid":{"rendered":"https:\/\/www.tim-oesterreich.at\/graz\/?page_id=2159"},"modified":"2020-03-10T00:54:36","modified_gmt":"2020-03-09T23:54:36","slug":"autos","status":"publish","type":"page","link":"https:\/\/www.tim-oesterreich.at\/graz\/autos\/","title":{"rendered":"Autos"},"content":{"rendered":"<h2>Autos<\/h2>\n<p><>Carsharing und Mietwagen<\/><\/p>\n<div>\n<p>Ob kurzer Shoppingtrip, Einkauf im M\u00f6belhaus oder Wochenendausflug mit FreundInnen \u2013 <strong>mit tim bist du in jeder Situation flexibel unterwegs!<\/strong><\/p>\n<\/div>\n<ul>\n<li>\n<h3><strong>Car<\/strong>Sharing<\/h3>\n<div>\n<ul>\n<li>optimal f\u00fcr kurze Leihdauer!<\/li>\n<li>ab <strong>4 \u20ac<\/strong>\/Stunde<\/li>\n<li><strong>VW e-Golf<\/strong>,<strong> Peugeot Transporter<\/strong> und\u00a0<strong>Skoda Fabia Combi<\/strong> zur Auswahl<\/li>\n<li>mit e-Autos in Graz bis zu <strong>3 Stunden gratis<\/strong> parken<\/li>\n<\/ul>\n<\/div>\n<p><a href=\"\/graz\/carsharing\">Details<\/a><a href=\"https:\/\/bb.tim-graz.at\">Auto w\u00e4hlen<\/a><\/li>\n<li>\n<h3><strong>Miet<\/strong>wagen<\/h3>\n<div>\n<ul>\n<li>optimal f\u00fcr einen Tag oder l\u00e4ngeren Zeitraum!<\/li>\n<li>ab <strong>76,80\u00a0\u20ac<\/strong>\/Tag<\/li>\n<li><strong>Skoda Octavia Combi<\/strong><\/li>\n<li>Spezialtarife f\u00fcr weitere <a href=\"http:\/\/www.europcar.at\/tim-graz\" target=\"_blank\" rel=\"noopener\">Europcar<\/a>-Autos f\u00fcr <strong>tim<\/strong>\u2011KundInnen<\/li>\n<\/ul>\n<\/div>\n<p><a href=\"\/graz\/mietwagen\">Details<\/a><a href=\"https:\/\/bb.tim-graz.at\">Auto buchen<\/a><\/li>\n<\/ul>\n<h2>Carsharing<\/h2>\n<div>\n<p>Wusstest du, dass bei Buchungen f\u00fcr einen Tag (24 Stunden) oder l\u00e4nger, ein tim\u2013Mietwagen billiger ist als ein (e-)Carsharingauto?<\/p>\n<\/div>\n<div>\n<h3>Noch Fragen?<\/h3>\n<p>Wenn du mehr erfahren willst, wirf einen Blick in unsere <a href=\"https:\/\/www.tim-oesterreich.at\/faq\/\">FAQ<\/a>.<br \/>\nVideos, die viele deiner Fragen beantworten, gibt es <a href=\"https:\/\/www.tim-oesterreich.at\/videos-so-funktioniert-tim\/\" target=\"_blank\">hier<\/a>!<\/p>\n<\/div>\n<h3>VW e-GOLF<\/h3>\n<div>\n<p>Einmal voll aufgeladen, legst du mit ihm bis zu 250 Kilometer, abh\u00e4ngig vom Model, geographischer Lage und deiner Fahrweise zuru\u0308ck!<\/p>\n<\/div>\n<p><a href=\"\/buchen\/\">Auto buchen<\/a> <a href=\"https:\/\/www.tim-oesterreich.at\/graz\/wp-content\/uploads\/sites\/2\/2019\/07\/tim_tarfininfo_2019_carsharing.pdf\">Carsharing Tarife<\/a> <\/p>\n<dl>\n<dt>ab<\/dt>\n<dd><span class=\"en-price__unit\">\u20ac<\/span>4<\/dd>\n<\/dl>\n<h3>VW PASSAT<\/h3>\n<div>\n<p>Im ger\u00e4umigen Kofferraum verstaust du deine komplette Shoppingausbeute, die R\u00fcckbank bleibt f\u00fcr MitfahrerInnen frei. Der Passat bietet dir Komfort und Sicherheit f\u00fcr die ganze Familie!<\/p>\n<\/div>\n<p><a href=\"\/buchen\/\">Auto buchen<\/a> <a href=\"https:\/\/www.tim-oesterreich.at\/graz\/wp-content\/uploads\/sites\/2\/2019\/01\/tim_tarfininfo_2019_a4.pdf\">Carsharing Tarife<\/a> <\/p>\n<dl>\n<dt>g\u00fcnstigster Preis<\/dt>\n<dd><span class=\"en-price__unit\">\u20ac<\/span>6<\/dd>\n<\/dl>\n<h3>VW TOURAN<\/h3>\n<div>\n<p>Gro\u00dfe Beinfreiheit und viel Stauraum: Mit dem VW Touran bringst du deine Gro\u00dfeink\u00e4ufe oder alle deine FreundInnen komfortabel und sicher von A nach B!<\/p>\n<\/div>\n<p><a href=\"\/buchen\/\">Auto buchen<\/a> <a href=\"https:\/\/www.tim-oesterreich.at\/graz\/wp-content\/uploads\/sites\/2\/2019\/01\/tim_tarfininfo_2019_a4.pdf\">Carsharing Tarife<\/a> <\/p>\n<dl>\n<dt>g\u00fcnstigster Preis<\/dt>\n<dd><span class=\"en-price__unit\">\u20ac<\/span>6<\/dd>\n<dt>1. und 2. Stunde<\/dt>\n<dd><span class=\"en-price__unit\">\u20ac<\/span>6<\/dd>\n<dt>3. und 4. Stunde<\/dt>\n<dd><span class=\"en-price__unit\">\u20ac<\/span>8<\/dd>\n<dt>Tagestarif<\/dt>\n<dd><span class=\"en-price__unit\">\u20ac<\/span>99<\/dd>\n<\/dl>\n<h3>SKODA FABIA COMBI<\/h3>\n<div>\n<p>Viele durchdachte Features, mit denen Du noch sicherer und noch komfortabler unterwegs bist. Der &#8222;Skoda Fabia Combi&#8220; macht intelligente Mobilit\u00e4t zum echten Kinderspiel.<\/p>\n<\/div>\n<p><a href=\"\/buchen\/\">Auto buchen<\/a> <a href=\"https:\/\/www.tim-oesterreich.at\/graz\/wp-content\/uploads\/sites\/2\/2019\/07\/tim_tarfininfo_2019_carsharing.pdf\">Carsharing Tarife<\/a> <\/p>\n<dl>\n<dt>ab<\/dt>\n<dd><span class=\"en-price__unit\">\u20ac<\/span>4<\/dd>\n<\/dl>\n<h3>PEUGEOT TRANSPORTER<\/h3>\n<div>\n<p>Du musst etwas Gr\u00f6\u00dferes transportieren? Kein Problem \u2013 der Laderaum des &#8222;Peugeot Transporters&#8220; misst L 190cm x B 125cm x H 140cm. <strong>Achtung: Das Platzwunder findest du nur am tim Carsharing-Standort Andreas-Hofer-Platz!<\/strong><\/p>\n<\/div>\n<p><a href=\"\/buchen\/\">Auto buchen<\/a> <a href=\"https:\/\/www.tim-oesterreich.at\/graz\/wp-content\/uploads\/sites\/2\/2019\/07\/tim_tarfininfo_2019_carsharing.pdf\">Carsharing Tarife<\/a> <\/p>\n<dl>\n<dt>ab<\/dt>\n<dd><span class=\"en-price__unit\">\u20ac<\/span>4<\/dd>\n<\/dl>\n<h2>Mietwagen<\/h2>\n<div>\n<p>Mietwagen sind die perfekte Alternative zum Carsharing, wenn du eine l\u00e4ngere Fahrt antreten willst \u2013 z. B. \u00fcbers Wochenende. Gute Fahrt!<\/p>\n<\/div>\n<div>\n<h3>Noch Fragen?<\/h3>\n<p>Wenn du mehr erfahren willst, wirf einen Blick in unsere <a href=\"https:\/\/www.tim-oesterreich.at\/faq\/\">FAQ<\/a>.<br \/>\nVideos, die viele deiner Fragen beantworten, gibt es <a href=\"https:\/\/www.tim-oesterreich.at\/videos-so-funktioniert-tim\/\" target=\"_blank\">hier<\/a>!<\/p>\n<\/div>\n<h3>VW Golf<\/h3>\n<div>\n<p>Der kleine Flitzer f\u00fcr Strecken in der Stadt und am Land. Mit dem fossilen VW Golf holst du dir echten Fahrspa\u00df f\u00fcr alle Strecken, ob kurz oder lang!<\/p>\n<\/div>\n<p><a href=\"https:\/\/bb.tim-graz.at\">Auto buchen<\/a> <a href=\"https:\/\/www.tim-oesterreich.at\/graz\/wp-content\/uploads\/sites\/2\/2019\/07\/tim_tarfininfo_2019_mietwagen.pdf\">Tarifblatt<\/a> <\/p>\n<dl>\n<dt>2 Tage (pro Tag)<\/dt>\n<dd><span class=\"en-price__unit\">\u20ac<\/span>76<span class=\"en-price__comma\">,<\/span><span class=\"en-price__decimal\">80<\/span><\/dd>\n<dt>3-5 Tage (pro Tag)<\/dt>\n<dd><span class=\"en-price__unit\">\u20ac<\/span>75<span class=\"en-price__comma\">,<\/span><span class=\"en-price__decimal\">60<\/span><\/dd>\n<dt>Wochenendtarif <br \/>(2 Tage)<\/dt>\n<dd><span class=\"en-price__unit\">\u20ac<\/span>153<span class=\"en-price__comma\">,<\/span><span class=\"en-price__decimal\">60<\/span><\/dd>\n<\/dl>\n<h3>SKODA OCTAVIA COMBI<\/h3>\n<div>\n<p>Der &#8222;Skoda Octavia Combi&#8220; ist dein idealer Begleiter, wenn du h\u00f6chsten Komfort und Fahrspa\u00df suchst. Und in seinem Kofferraum findest du genug Platz!<\/p>\n<\/div>\n<p><a href=\"https:\/\/bb.tim-graz.at\">Auto buchen<\/a> <a href=\"https:\/\/www.tim-oesterreich.at\/graz\/wp-content\/uploads\/sites\/2\/2019\/07\/tim_tarfininfo_2019_mietwagen.pdf\">Mietwagen Tarife<\/a> <\/p>\n<dl>\n<dt>ab<\/dt>\n<dd><span class=\"en-price__unit\">\u20ac<\/span>76<\/dd>\n<\/dl>\n<h3>weitere Mietwagen<\/h3>\n<div>\n<p>Unser Mobilit\u00e4tspartner <a href=\"http:\/\/www.europcar.at\/tim-graz\" target=\"_blank\" rel=\"noopener\">Europcar <\/a>bietet\u00a0Dir neben den <strong>tim<\/strong>-Mietwagen eine sehr gro\u00dfe Auswahl an Miet-Autos an. Bei Selbstabholung gibt&#8217;s PKW, Transporter und auch LKW\u00a0zum <strong>tim<\/strong>-Sonderpreis!<\/p>\n<\/div>\n<p><a href=\"http:\/\/www.europcar.at\/tim-graz\">Zu Europcar<\/a> <\/p>\n<h3>Audi A 4 Avant<\/h3>\n<div>\n<p>Der Audi A 4 2.0 ist dein idealer Begleiter, wenn du h\u00f6chsten Komfort und Fahrspa\u00df suchst. Und in seinem Kofferraum findest du genug Platz!<\/p>\n<\/div>\n<p><a href=\"https:\/\/bb.tim-graz.at\">Auto buchen<\/a> <a href=\"https:\/\/www.tim-oesterreich.at\/graz\/wp-content\/uploads\/sites\/2\/2019\/03\/tim_tarfininfo_2019_a4-120319.pdf\">Tarifblatt<\/a> <\/p>\n<dl>\n<dt>2 Tage (pro Tag)<\/dt>\n<dd><span class=\"en-price__unit\">\u20ac<\/span>76<span class=\"en-price__comma\">,<\/span><span class=\"en-price__decimal\">80<\/span><\/dd>\n<dt>3 &#8211; 5 Tage (pro Tag)<\/dt>\n<dd><span class=\"en-price__unit\">\u20ac<\/span>75<span class=\"en-price__comma\">,<\/span><span class=\"en-price__decimal\">60<\/span><\/dd>\n<dt>Wochenendtarif <br \/>(2 Tage)<\/dt>\n<dd><span class=\"en-price__unit\">\u20ac<\/span>153<span class=\"en-price__comma\">,<\/span><span class=\"en-price__decimal\">60<\/span><\/dd>\n<\/dl>\n","protected":false},"excerpt":{"rendered":"<p>Autos Carsharing und Mietwagen Ob kurzer Shoppingtrip, Einkauf im M\u00f6belhaus oder Wochenendausflug mit FreundInnen \u2013 mit tim bist du in jeder Situation flexibel unterwegs! CarSharing optimal f\u00fcr kurze Leihdauer! ab 4 \u20ac\/Stunde VW e-Golf, Peugeot Transporter und\u00a0Skoda Fabia Combi zur Auswahl mit e-Autos in Graz bis zu 3 Stunden gratis parken DetailsAuto w\u00e4hlen Mietwagen optimal [&hellip;]<\/p>\n","protected":false},"author":1,"featured_media":0,"parent":0,"menu_order":0,"comment_status":"closed","ping_status":"closed","template":"","meta":{"footnotes":""},"class_list":["post-2159","page","type-page","status-publish","hentry"],"acf":[],"yoast_head":"<!-- This site is optimized with the Yoast SEO plugin v26.7 - https:\/\/yoast.com\/wordpress\/plugins\/seo\/ -->\n<title>Autos - TIM Graz<\/title>\n<meta name=\"robots\" content=\"index, follow, max-snippet:-1, max-image-preview:large, max-video-preview:-1\" \/>\n<link rel=\"canonical\" href=\"https:\/\/www.tim-oesterreich.at\/graz\/autos\/\" \/>\n<meta property=\"og:locale\" content=\"de_DE\" \/>\n<meta property=\"og:type\" content=\"article\" \/>\n<meta property=\"og:title\" content=\"Autos - TIM Graz\" \/>\n<meta property=\"og:description\" content=\"Autos Carsharing und Mietwagen Ob kurzer Shoppingtrip, Einkauf im M\u00f6belhaus oder Wochenendausflug mit FreundInnen \u2013 mit tim bist du in jeder Situation flexibel unterwegs! CarSharing optimal f\u00fcr kurze Leihdauer! ab 4 \u20ac\/Stunde VW e-Golf, Peugeot Transporter und\u00a0Skoda Fabia Combi zur Auswahl mit e-Autos in Graz bis zu 3 Stunden gratis parken DetailsAuto w\u00e4hlen Mietwagen optimal [&hellip;]\" \/>\n<meta property=\"og:url\" content=\"https:\/\/www.tim-oesterreich.at\/graz\/autos\/\" \/>\n<meta property=\"og:site_name\" content=\"TIM Graz\" \/>\n<meta property=\"article:modified_time\" content=\"2020-03-09T23:54:36+00:00\" \/>\n<meta name=\"twitter:card\" content=\"summary_large_image\" \/>\n<script type=\"application\/ld+json\" class=\"yoast-schema-graph\">{\"@context\":\"https:\/\/schema.org\",\"@graph\":[{\"@type\":\"WebPage\",\"@id\":\"https:\/\/www.tim-oesterreich.at\/graz\/autos\/\",\"url\":\"https:\/\/www.tim-oesterreich.at\/graz\/autos\/\",\"name\":\"Autos - TIM Graz\",\"isPartOf\":{\"@id\":\"https:\/\/www.tim-oesterreich.at\/graz\/#website\"},\"datePublished\":\"2019-06-25T12:05:43+00:00\",\"dateModified\":\"2020-03-09T23:54:36+00:00\",\"breadcrumb\":{\"@id\":\"https:\/\/www.tim-oesterreich.at\/graz\/autos\/#breadcrumb\"},\"inLanguage\":\"de\",\"potentialAction\":[{\"@type\":\"ReadAction\",\"target\":[\"https:\/\/www.tim-oesterreich.at\/graz\/autos\/\"]}]},{\"@type\":\"BreadcrumbList\",\"@id\":\"https:\/\/www.tim-oesterreich.at\/graz\/autos\/#breadcrumb\",\"itemListElement\":[{\"@type\":\"ListItem\",\"position\":1,\"name\":\"Startseite\",\"item\":\"https:\/\/www.tim-oesterreich.at\/graz\/\"},{\"@type\":\"ListItem\",\"position\":2,\"name\":\"Autos\"}]},{\"@type\":\"WebSite\",\"@id\":\"https:\/\/www.tim-oesterreich.at\/graz\/#website\",\"url\":\"https:\/\/www.tim-oesterreich.at\/graz\/\",\"name\":\"TIM Graz\",\"description\":\"\",\"potentialAction\":[{\"@type\":\"SearchAction\",\"target\":{\"@type\":\"EntryPoint\",\"urlTemplate\":\"https:\/\/www.tim-oesterreich.at\/graz\/?s={search_term_string}\"},\"query-input\":{\"@type\":\"PropertyValueSpecification\",\"valueRequired\":true,\"valueName\":\"search_term_string\"}}],\"inLanguage\":\"de\"}]}<\/script>\n<!-- \/ Yoast SEO plugin. -->","yoast_head_json":{"title":"Autos - TIM Graz","robots":{"index":"index","follow":"follow","max-snippet":"max-snippet:-1","max-image-preview":"max-image-preview:large","max-video-preview":"max-video-preview:-1"},"canonical":"https:\/\/www.tim-oesterreich.at\/graz\/autos\/","og_locale":"de_DE","og_type":"article","og_title":"Autos - TIM Graz","og_description":"Autos Carsharing und Mietwagen Ob kurzer Shoppingtrip, Einkauf im M\u00f6belhaus oder Wochenendausflug mit FreundInnen \u2013 mit tim bist du in jeder Situation flexibel unterwegs! CarSharing optimal f\u00fcr kurze Leihdauer! ab 4 \u20ac\/Stunde VW e-Golf, Peugeot Transporter und\u00a0Skoda Fabia Combi zur Auswahl mit e-Autos in Graz bis zu 3 Stunden gratis parken DetailsAuto w\u00e4hlen Mietwagen optimal [&hellip;]","og_url":"https:\/\/www.tim-oesterreich.at\/graz\/autos\/","og_site_name":"TIM Graz","article_modified_time":"2020-03-09T23:54:36+00:00","twitter_card":"summary_large_image","schema":{"@context":"https:\/\/schema.org","@graph":[{"@type":"WebPage","@id":"https:\/\/www.tim-oesterreich.at\/graz\/autos\/","url":"https:\/\/www.tim-oesterreich.at\/graz\/autos\/","name":"Autos - TIM Graz","isPartOf":{"@id":"https:\/\/www.tim-oesterreich.at\/graz\/#website"},"datePublished":"2019-06-25T12:05:43+00:00","dateModified":"2020-03-09T23:54:36+00:00","breadcrumb":{"@id":"https:\/\/www.tim-oesterreich.at\/graz\/autos\/#breadcrumb"},"inLanguage":"de","potentialAction":[{"@type":"ReadAction","target":["https:\/\/www.tim-oesterreich.at\/graz\/autos\/"]}]},{"@type":"BreadcrumbList","@id":"https:\/\/www.tim-oesterreich.at\/graz\/autos\/#breadcrumb","itemListElement":[{"@type":"ListItem","position":1,"name":"Startseite","item":"https:\/\/www.tim-oesterreich.at\/graz\/"},{"@type":"ListItem","position":2,"name":"Autos"}]},{"@type":"WebSite","@id":"https:\/\/www.tim-oesterreich.at\/graz\/#website","url":"https:\/\/www.tim-oesterreich.at\/graz\/","name":"TIM Graz","description":"","potentialAction":[{"@type":"SearchAction","target":{"@type":"EntryPoint","urlTemplate":"https:\/\/www.tim-oesterreich.at\/graz\/?s={search_term_string}"},"query-input":{"@type":"PropertyValueSpecification","valueRequired":true,"valueName":"search_term_string"}}],"inLanguage":"de"}]}},"lang":"de","translations":{"de":2159,"en":3247},"pll_sync_post":[],"_links":{"self":[{"href":"https:\/\/www.tim-oesterreich.at\/graz\/wp-json\/wp\/v2\/pages\/2159","targetHints":{"allow":["GET"]}}],"collection":[{"href":"https:\/\/www.tim-oesterreich.at\/graz\/wp-json\/wp\/v2\/pages"}],"about":[{"href":"https:\/\/www.tim-oesterreich.at\/graz\/wp-json\/wp\/v2\/types\/page"}],"author":[{"embeddable":true,"href":"https:\/\/www.tim-oesterreich.at\/graz\/wp-json\/wp\/v2\/users\/1"}],"replies":[{"embeddable":true,"href":"https:\/\/www.tim-oesterreich.at\/graz\/wp-json\/wp\/v2\/comments?post=2159"}],"version-history":[{"count":2,"href":"https:\/\/www.tim-oesterreich.at\/graz\/wp-json\/wp\/v2\/pages\/2159\/revisions"}],"predecessor-version":[{"id":2402,"href":"https:\/\/www.tim-oesterreich.at\/graz\/wp-json\/wp\/v2\/pages\/2159\/revisions\/2402"}],"wp:attachment":[{"href":"https:\/\/www.tim-oesterreich.at\/graz\/wp-json\/wp\/v2\/media?parent=2159"}],"curies":[{"name":"wp","href":"https:\/\/api.w.org\/{rel}","templated":true}]}}