{"id":1946,"date":"2022-10-11T10:30:02","date_gmt":"2022-10-11T08:30:02","guid":{"rendered":"https:\/\/www.tim-oesterreich.at\/?page_id=1946"},"modified":"2021-12-02T12:29:08","modified_gmt":"2021-12-02T11:29:08","slug":"datenschutz","status":"publish","type":"page","link":"https:\/\/www.tim-oesterreich.at\/graz\/datenschutz\/","title":{"rendered":"Datenschutzhinweis"},"content":{"rendered":"<h1>Datenschutzhinweis<\/h1>\n<div>\n<p>Der Schutz Ihrer Privatsph\u00e4re bei der Nutzung unserer Webseite ist f\u00fcr uns ein wichtiges Anliegen. Deshalb erl\u00e4utert die vorliegende Datenschutzinformation gr\u00fcndlich, welche personenbezogenen Daten von Ihnen bei der Nutzung unseres Internetangebots verarbeitet und wie diese Daten von uns (= Verantwortlicher) gesch\u00fctzt werden. Die Datenverarbeitung erfolgt auf Basis der geltenden gesetzlichen Bestimmungen.<\/p>\n<h3>Zustimmung<\/h3>\n\n<p><strong>Verantwortlicher der Datenverarbeitung: <\/strong><br \/>\nHolding Graz \u2013 Kommunale Dienstleistungen GmbH<br \/>\nAndreas-Hofer-Platz 15<br \/>\n8010 Graz<br \/>\nPostfach 848<\/p>\n<p><strong>Vertreter des Verantwortlichen:<\/strong><br \/>\nDipl. Ing. Wolfgang Malik<br \/>\nDr. Gerd Heigl<br \/>\nMag. Mark Perz, MA, MBA<\/p>\n<p><strong>Datenschutzbeauftragter:<\/strong><br \/>\nMag. Florian Alexander Hutzl<br \/>\n<a href=\"mailto:datenschutz@holding-graz.at\">datenschutz@holding-graz.at<\/a><\/p>\n<p>Die Datenschutzinformation des Anbieters kann unter <a href=\"https:\/\/www.holding-graz.at\/de\/datenschutz\/\">https:\/\/www.holding-graz.at\/de\/datenschutz\/ <\/a>abgerufen werden.<\/p>\n<\/div>\n","protected":false},"excerpt":{"rendered":"<p>Datenschutzhinweis Der Schutz Ihrer Privatsph\u00e4re bei der Nutzung unserer Webseite ist f\u00fcr uns ein wichtiges Anliegen. Deshalb erl\u00e4utert die vorliegende Datenschutzinformation gr\u00fcndlich, welche personenbezogenen Daten von Ihnen bei der Nutzung unseres Internetangebots verarbeitet und wie diese Daten von uns (= Verantwortlicher) gesch\u00fctzt werden. Die Datenverarbeitung erfolgt auf Basis der geltenden gesetzlichen Bestimmungen. Zustimmung Verantwortlicher der [&hellip;]<\/p>\n","protected":false},"author":1,"featured_media":0,"parent":0,"menu_order":0,"comment_status":"closed","ping_status":"closed","template":"","meta":{"footnotes":""},"class_list":["post-1946","page","type-page","status-publish","hentry"],"acf":[],"yoast_head":"<!-- This site is optimized with the Yoast SEO plugin v26.7 - https:\/\/yoast.com\/wordpress\/plugins\/seo\/ -->\n<title>Datenschutzhinweis - TIM Graz<\/title>\n<meta name=\"robots\" content=\"index, follow, max-snippet:-1, max-image-preview:large, max-video-preview:-1\" \/>\n<link rel=\"canonical\" href=\"https:\/\/www.tim-oesterreich.at\/graz\/datenschutz\/\" \/>\n<meta property=\"og:locale\" content=\"de_DE\" \/>\n<meta property=\"og:type\" content=\"article\" \/>\n<meta property=\"og:title\" content=\"Datenschutzhinweis - TIM Graz\" \/>\n<meta property=\"og:description\" content=\"Datenschutzhinweis Der Schutz Ihrer Privatsph\u00e4re bei der Nutzung unserer Webseite ist f\u00fcr uns ein wichtiges Anliegen. Deshalb erl\u00e4utert die vorliegende Datenschutzinformation gr\u00fcndlich, welche personenbezogenen Daten von Ihnen bei der Nutzung unseres Internetangebots verarbeitet und wie diese Daten von uns (= Verantwortlicher) gesch\u00fctzt werden. Die Datenverarbeitung erfolgt auf Basis der geltenden gesetzlichen Bestimmungen. Zustimmung Verantwortlicher der [&hellip;]\" \/>\n<meta property=\"og:url\" content=\"https:\/\/www.tim-oesterreich.at\/graz\/datenschutz\/\" \/>\n<meta property=\"og:site_name\" content=\"TIM Graz\" \/>\n<meta name=\"twitter:card\" content=\"summary_large_image\" \/>\n<script type=\"application\/ld+json\" class=\"yoast-schema-graph\">{\"@context\":\"https:\/\/schema.org\",\"@graph\":[{\"@type\":\"WebPage\",\"@id\":\"https:\/\/www.tim-oesterreich.at\/graz\/datenschutz\/\",\"url\":\"https:\/\/www.tim-oesterreich.at\/graz\/datenschutz\/\",\"name\":\"Datenschutzhinweis - TIM Graz\",\"isPartOf\":{\"@id\":\"https:\/\/www.tim-oesterreich.at\/graz\/#website\"},\"datePublished\":\"2022-10-11T08:30:02+00:00\",\"breadcrumb\":{\"@id\":\"https:\/\/www.tim-oesterreich.at\/graz\/datenschutz\/#breadcrumb\"},\"inLanguage\":\"de\",\"potentialAction\":[{\"@type\":\"ReadAction\",\"target\":[\"https:\/\/www.tim-oesterreich.at\/graz\/datenschutz\/\"]}]},{\"@type\":\"BreadcrumbList\",\"@id\":\"https:\/\/www.tim-oesterreich.at\/graz\/datenschutz\/#breadcrumb\",\"itemListElement\":[{\"@type\":\"ListItem\",\"position\":1,\"name\":\"Startseite\",\"item\":\"https:\/\/www.tim-oesterreich.at\/graz\/\"},{\"@type\":\"ListItem\",\"position\":2,\"name\":\"Datenschutzhinweis\"}]},{\"@type\":\"WebSite\",\"@id\":\"https:\/\/www.tim-oesterreich.at\/graz\/#website\",\"url\":\"https:\/\/www.tim-oesterreich.at\/graz\/\",\"name\":\"TIM Graz\",\"description\":\"\",\"potentialAction\":[{\"@type\":\"SearchAction\",\"target\":{\"@type\":\"EntryPoint\",\"urlTemplate\":\"https:\/\/www.tim-oesterreich.at\/graz\/?s={search_term_string}\"},\"query-input\":{\"@type\":\"PropertyValueSpecification\",\"valueRequired\":true,\"valueName\":\"search_term_string\"}}],\"inLanguage\":\"de\"}]}<\/script>\n<!-- \/ Yoast SEO plugin. -->","yoast_head_json":{"title":"Datenschutzhinweis - TIM Graz","robots":{"index":"index","follow":"follow","max-snippet":"max-snippet:-1","max-image-preview":"max-image-preview:large","max-video-preview":"max-video-preview:-1"},"canonical":"https:\/\/www.tim-oesterreich.at\/graz\/datenschutz\/","og_locale":"de_DE","og_type":"article","og_title":"Datenschutzhinweis - TIM Graz","og_description":"Datenschutzhinweis Der Schutz Ihrer Privatsph\u00e4re bei der Nutzung unserer Webseite ist f\u00fcr uns ein wichtiges Anliegen. Deshalb erl\u00e4utert die vorliegende Datenschutzinformation gr\u00fcndlich, welche personenbezogenen Daten von Ihnen bei der Nutzung unseres Internetangebots verarbeitet und wie diese Daten von uns (= Verantwortlicher) gesch\u00fctzt werden. Die Datenverarbeitung erfolgt auf Basis der geltenden gesetzlichen Bestimmungen. Zustimmung Verantwortlicher der [&hellip;]","og_url":"https:\/\/www.tim-oesterreich.at\/graz\/datenschutz\/","og_site_name":"TIM Graz","twitter_card":"summary_large_image","schema":{"@context":"https:\/\/schema.org","@graph":[{"@type":"WebPage","@id":"https:\/\/www.tim-oesterreich.at\/graz\/datenschutz\/","url":"https:\/\/www.tim-oesterreich.at\/graz\/datenschutz\/","name":"Datenschutzhinweis - TIM Graz","isPartOf":{"@id":"https:\/\/www.tim-oesterreich.at\/graz\/#website"},"datePublished":"2022-10-11T08:30:02+00:00","breadcrumb":{"@id":"https:\/\/www.tim-oesterreich.at\/graz\/datenschutz\/#breadcrumb"},"inLanguage":"de","potentialAction":[{"@type":"ReadAction","target":["https:\/\/www.tim-oesterreich.at\/graz\/datenschutz\/"]}]},{"@type":"BreadcrumbList","@id":"https:\/\/www.tim-oesterreich.at\/graz\/datenschutz\/#breadcrumb","itemListElement":[{"@type":"ListItem","position":1,"name":"Startseite","item":"https:\/\/www.tim-oesterreich.at\/graz\/"},{"@type":"ListItem","position":2,"name":"Datenschutzhinweis"}]},{"@type":"WebSite","@id":"https:\/\/www.tim-oesterreich.at\/graz\/#website","url":"https:\/\/www.tim-oesterreich.at\/graz\/","name":"TIM Graz","description":"","potentialAction":[{"@type":"SearchAction","target":{"@type":"EntryPoint","urlTemplate":"https:\/\/www.tim-oesterreich.at\/graz\/?s={search_term_string}"},"query-input":{"@type":"PropertyValueSpecification","valueRequired":true,"valueName":"search_term_string"}}],"inLanguage":"de"}]}},"lang":"de","translations":{"de":1946,"en":3404},"pll_sync_post":[],"_links":{"self":[{"href":"https:\/\/www.tim-oesterreich.at\/graz\/wp-json\/wp\/v2\/pages\/1946","targetHints":{"allow":["GET"]}}],"collection":[{"href":"https:\/\/www.tim-oesterreich.at\/graz\/wp-json\/wp\/v2\/pages"}],"about":[{"href":"https:\/\/www.tim-oesterreich.at\/graz\/wp-json\/wp\/v2\/types\/page"}],"author":[{"embeddable":true,"href":"https:\/\/www.tim-oesterreich.at\/graz\/wp-json\/wp\/v2\/users\/1"}],"replies":[{"embeddable":true,"href":"https:\/\/www.tim-oesterreich.at\/graz\/wp-json\/wp\/v2\/comments?post=1946"}],"version-history":[{"count":7,"href":"https:\/\/www.tim-oesterreich.at\/graz\/wp-json\/wp\/v2\/pages\/1946\/revisions"}],"predecessor-version":[{"id":2727,"href":"https:\/\/www.tim-oesterreich.at\/graz\/wp-json\/wp\/v2\/pages\/1946\/revisions\/2727"}],"wp:attachment":[{"href":"https:\/\/www.tim-oesterreich.at\/graz\/wp-json\/wp\/v2\/media?parent=1946"}],"curies":[{"name":"wp","href":"https:\/\/api.w.org\/{rel}","templated":true}]}}