{"id":1600,"date":"2017-09-11T09:54:23","date_gmt":"2017-09-11T07:54:23","guid":{"rendered":"https:\/\/www.tim-oesterreich.at\/?page_id=1600"},"modified":"2025-08-18T14:57:28","modified_gmt":"2025-08-18T12:57:28","slug":"news","status":"publish","type":"page","link":"https:\/\/www.tim-oesterreich.at\/graz\/news\/","title":{"rendered":"News"},"content":{"rendered":"<ul>\n<li>\n<h3>Andreas-Hofer-Platz: ge\u00e4nderte Ausfahrt<\/h3>\n<p><strong>18. August 2025<\/strong><a href=\"https:\/\/www.tim-oesterreich.at\/graz\/andreas-hofer-platz-geaenderte-ausfahrt\/\">mehr lesen&#8230;<\/a><\/li>\n<li>\n<h3>Tarife und AGB werden angepasst<\/h3>\n<p><strong>27. Mai 2025<\/strong><\/p>\n<div>News von tim: Ab 1. Juli werden die Tarife angepasst, dazu gibt es neue Allgemeine Gesch\u00e4ftsbedingungen.<\/div>\n<p><a href=\"https:\/\/www.tim-oesterreich.at\/graz\/tarife-und-agb-werden-angepasst\/\">mehr lesen&#8230;<\/a><\/li>\n<li>\n<h3>Neue Lastenr\u00e4der bei tim<\/h3>\n<p><strong>29. April 2025<\/strong><\/p>\n<div>Unser innovatives Mobilit\u00e4tsangebot stellt nun neue Lastenr\u00e4der zur Verf\u00fcgung.<\/div>\n<p><a href=\"https:\/\/www.tim-oesterreich.at\/graz\/neue-lastenraeder-bei-tim\/\">mehr lesen&#8230;<\/a><\/li>\n<li>\n<h3>tim gibt es nun auch in Andritz!<\/h3>\n<p><strong>27. April 2025<\/strong><\/p>\n<div>Neuer tim-Carsharing-Standort in der Grazer Stra\u00dfe im Stadtbezirk Andritz er\u00f6ffnet!<\/div>\n<p><a href=\"https:\/\/www.tim-oesterreich.at\/graz\/tim-gibt-es-nun-auch-in-andritz\/\">mehr lesen&#8230;<\/a><\/li>\n<li>\n<h3>tim gibt es nun auch in Gratkorn!<\/h3>\n<p><strong>23. Januar 2025<\/strong><\/p>\n<div>Der zentral gelegene tim-Knoten \u201eAm Rinnergrund\u201c bietet ab sofort ein umfassendes Mobilit\u00e4tsangebot.<\/div>\n<p><a href=\"https:\/\/www.tim-oesterreich.at\/graz\/tim-gibt-es-nun-auch-in-gratkorn\/\">mehr lesen&#8230;<\/a><\/li>\n<li>\n<h3>tim-Standort Andreas-Hofer-Platz wieder aktiv!<\/h3>\n<p><strong>15. Dezember 2024<\/strong><\/p>\n<div>Wegen der Bauarbeiten zur Innenstadtentlastung im Bereich Neutorgasse und Tegetthoffbr\u00fccke war der Standort am Andreas-Hofer-Platz geschlossen worden. Nun ist er wieder aktiv.<\/div>\n<p><a href=\"https:\/\/www.tim-oesterreich.at\/graz\/tim-standort-andreas-hofer-platz-wieder-aktiv\/\">mehr lesen&#8230;<\/a><\/li>\n<li>\n<h3>GrazGutschein: Das ideale Geschenk f\u00fcr Alle!<\/h3>\n<p><strong>29. November 2024<\/strong><\/p>\n<div>Auch bei tim kann man mit GrazGutscheinen zahlen.<\/div>\n<p><a href=\"https:\/\/www.tim-oesterreich.at\/graz\/grazgutschein-das-ideale-geschenk-fuer-alle\/\">mehr lesen&#8230;<\/a><\/li>\n<li>\n<h3>flux bringt dich zu tim<\/h3>\n<p><strong>27. November 2024<\/strong><\/p>\n<div>Dein Sammeltaxi bringt dich in \u00fcber 40 Gemeinden in Graz-Umgebung, Voitsberg und Stadtrandgebieten von Graz an dein Ziel &#8211; auch zu tim. <\/div>\n<p><a href=\"https:\/\/www.tim-oesterreich.at\/graz\/flux-bringt-dich-zu-tim\/\">mehr lesen&#8230;<\/a><\/li>\n<li>\n<h3>Marathon am 13.10.: Sperre einiger Standorte<\/h3>\n<p><strong>3. Oktober 2024<\/strong><\/p>\n<div>Aufgrund des Graz Marathon 2024 m\u00fcssen wir am Sonntag, 13. Oktober 2024, von 5.00 bis 17.30 Uhr die tim-Standorte Eisernes Tor, Hasnerplatz, Schmiedgasse, Kalchberggasse und Sch\u00f6naug\u00fcrtel sperren.<\/div>\n<p><a href=\"https:\/\/www.tim-oesterreich.at\/graz\/marathon-am-13-10-sperre-einiger-standorte\/\">mehr lesen&#8230;<\/a><\/li>\n<li>\n<h3>Inklusionstransporter neu im Angebot<\/h3>\n<p><strong>27. September 2024<\/strong><\/p>\n<div>Mit dem inklusiv gestalteten Renault Trafic hat das europaweit einzigartige Mobilit\u00e4tsprojekt \u201etim\u201c der Holding Graz erstmals ein Fahrzeug in der Flotte im Einsatz, das f\u00fcr Rollst\u00fchle geeignet ist.<\/div>\n<p><a href=\"https:\/\/www.tim-oesterreich.at\/graz\/inklusionstransporter-neu-im-angebot\/\">mehr lesen&#8230;<\/a><\/li>\n<li>\n<h3>Tolle Gewinne: Such mit tim den Sommer<\/h3>\n<p><strong>9. Juli 2024<\/strong><\/p>\n<div>Wir freuen uns, Dir unsere neue tim-Sommeraktion \u201eSuch mit tim den Sommer\u201c vorzustellen! Dabei kannst Du tolle Preise gewinnen!<\/div>\n<p><a href=\"https:\/\/www.tim-oesterreich.at\/graz\/tolle-gewinne-such-mit-tim-den-sommer\/\">mehr lesen&#8230;<\/a><\/li>\n<li>\n<h3>Mehr Sicherheit mit tim+<\/h3>\n<p><strong>27. Juni 2024<\/strong><\/p>\n<div>tim+ erm\u00f6glicht dir noch mehr Sicherheit und weniger Selbstbehalt im Schadensfall. Alle Infos gibt es hier! <\/div>\n<p><a href=\"https:\/\/www.tim-oesterreich.at\/graz\/mehr-sicherheit-mit-tim\/\">mehr lesen&#8230;<\/a><\/li>\n<\/ul>\n","protected":false},"excerpt":{"rendered":"<p>Andreas-Hofer-Platz: ge\u00e4nderte Ausfahrt 18. August 2025mehr lesen&#8230; Tarife und AGB werden angepasst 27. Mai 2025 News von tim: Ab 1. Juli werden die Tarife angepasst, dazu gibt es neue Allgemeine Gesch\u00e4ftsbedingungen. mehr lesen&#8230; Neue Lastenr\u00e4der bei tim 29. April 2025 Unser innovatives Mobilit\u00e4tsangebot stellt nun neue Lastenr\u00e4der zur Verf\u00fcgung. mehr lesen&#8230; tim gibt es nun [&hellip;]<\/p>\n","protected":false},"author":1,"featured_media":0,"parent":0,"menu_order":0,"comment_status":"closed","ping_status":"closed","template":"","meta":{"footnotes":""},"class_list":["post-1600","page","type-page","status-publish","hentry"],"acf":[],"yoast_head":"<!-- This site is optimized with the Yoast SEO plugin v26.7 - https:\/\/yoast.com\/wordpress\/plugins\/seo\/ -->\n<title>News - TIM Graz<\/title>\n<meta name=\"robots\" content=\"index, follow, max-snippet:-1, max-image-preview:large, max-video-preview:-1\" \/>\n<link rel=\"canonical\" href=\"https:\/\/www.tim-oesterreich.at\/graz\/news\/\" \/>\n<meta property=\"og:locale\" content=\"de_DE\" \/>\n<meta property=\"og:type\" content=\"article\" \/>\n<meta property=\"og:title\" content=\"News - TIM Graz\" \/>\n<meta property=\"og:description\" content=\"Andreas-Hofer-Platz: ge\u00e4nderte Ausfahrt 18. August 2025mehr lesen&#8230; Tarife und AGB werden angepasst 27. Mai 2025 News von tim: Ab 1. Juli werden die Tarife angepasst, dazu gibt es neue Allgemeine Gesch\u00e4ftsbedingungen. mehr lesen&#8230; Neue Lastenr\u00e4der bei tim 29. April 2025 Unser innovatives Mobilit\u00e4tsangebot stellt nun neue Lastenr\u00e4der zur Verf\u00fcgung. mehr lesen&#8230; tim gibt es nun [&hellip;]\" \/>\n<meta property=\"og:url\" content=\"https:\/\/www.tim-oesterreich.at\/graz\/news\/\" \/>\n<meta property=\"og:site_name\" content=\"TIM Graz\" \/>\n<meta property=\"article:modified_time\" content=\"2025-08-18T12:57:28+00:00\" \/>\n<meta name=\"twitter:card\" content=\"summary_large_image\" \/>\n<script type=\"application\/ld+json\" class=\"yoast-schema-graph\">{\"@context\":\"https:\/\/schema.org\",\"@graph\":[{\"@type\":\"WebPage\",\"@id\":\"https:\/\/www.tim-oesterreich.at\/graz\/news\/\",\"url\":\"https:\/\/www.tim-oesterreich.at\/graz\/news\/\",\"name\":\"News - TIM Graz\",\"isPartOf\":{\"@id\":\"https:\/\/www.tim-oesterreich.at\/graz\/#website\"},\"datePublished\":\"2017-09-11T07:54:23+00:00\",\"dateModified\":\"2025-08-18T12:57:28+00:00\",\"breadcrumb\":{\"@id\":\"https:\/\/www.tim-oesterreich.at\/graz\/news\/#breadcrumb\"},\"inLanguage\":\"de\",\"potentialAction\":[{\"@type\":\"ReadAction\",\"target\":[\"https:\/\/www.tim-oesterreich.at\/graz\/news\/\"]}]},{\"@type\":\"BreadcrumbList\",\"@id\":\"https:\/\/www.tim-oesterreich.at\/graz\/news\/#breadcrumb\",\"itemListElement\":[{\"@type\":\"ListItem\",\"position\":1,\"name\":\"Startseite\",\"item\":\"https:\/\/www.tim-oesterreich.at\/graz\/\"},{\"@type\":\"ListItem\",\"position\":2,\"name\":\"News\"}]},{\"@type\":\"WebSite\",\"@id\":\"https:\/\/www.tim-oesterreich.at\/graz\/#website\",\"url\":\"https:\/\/www.tim-oesterreich.at\/graz\/\",\"name\":\"TIM Graz\",\"description\":\"\",\"potentialAction\":[{\"@type\":\"SearchAction\",\"target\":{\"@type\":\"EntryPoint\",\"urlTemplate\":\"https:\/\/www.tim-oesterreich.at\/graz\/?s={search_term_string}\"},\"query-input\":{\"@type\":\"PropertyValueSpecification\",\"valueRequired\":true,\"valueName\":\"search_term_string\"}}],\"inLanguage\":\"de\"}]}<\/script>\n<!-- \/ Yoast SEO plugin. -->","yoast_head_json":{"title":"News - TIM Graz","robots":{"index":"index","follow":"follow","max-snippet":"max-snippet:-1","max-image-preview":"max-image-preview:large","max-video-preview":"max-video-preview:-1"},"canonical":"https:\/\/www.tim-oesterreich.at\/graz\/news\/","og_locale":"de_DE","og_type":"article","og_title":"News - TIM Graz","og_description":"Andreas-Hofer-Platz: ge\u00e4nderte Ausfahrt 18. August 2025mehr lesen&#8230; Tarife und AGB werden angepasst 27. Mai 2025 News von tim: Ab 1. Juli werden die Tarife angepasst, dazu gibt es neue Allgemeine Gesch\u00e4ftsbedingungen. mehr lesen&#8230; Neue Lastenr\u00e4der bei tim 29. April 2025 Unser innovatives Mobilit\u00e4tsangebot stellt nun neue Lastenr\u00e4der zur Verf\u00fcgung. mehr lesen&#8230; tim gibt es nun [&hellip;]","og_url":"https:\/\/www.tim-oesterreich.at\/graz\/news\/","og_site_name":"TIM Graz","article_modified_time":"2025-08-18T12:57:28+00:00","twitter_card":"summary_large_image","schema":{"@context":"https:\/\/schema.org","@graph":[{"@type":"WebPage","@id":"https:\/\/www.tim-oesterreich.at\/graz\/news\/","url":"https:\/\/www.tim-oesterreich.at\/graz\/news\/","name":"News - TIM Graz","isPartOf":{"@id":"https:\/\/www.tim-oesterreich.at\/graz\/#website"},"datePublished":"2017-09-11T07:54:23+00:00","dateModified":"2025-08-18T12:57:28+00:00","breadcrumb":{"@id":"https:\/\/www.tim-oesterreich.at\/graz\/news\/#breadcrumb"},"inLanguage":"de","potentialAction":[{"@type":"ReadAction","target":["https:\/\/www.tim-oesterreich.at\/graz\/news\/"]}]},{"@type":"BreadcrumbList","@id":"https:\/\/www.tim-oesterreich.at\/graz\/news\/#breadcrumb","itemListElement":[{"@type":"ListItem","position":1,"name":"Startseite","item":"https:\/\/www.tim-oesterreich.at\/graz\/"},{"@type":"ListItem","position":2,"name":"News"}]},{"@type":"WebSite","@id":"https:\/\/www.tim-oesterreich.at\/graz\/#website","url":"https:\/\/www.tim-oesterreich.at\/graz\/","name":"TIM Graz","description":"","potentialAction":[{"@type":"SearchAction","target":{"@type":"EntryPoint","urlTemplate":"https:\/\/www.tim-oesterreich.at\/graz\/?s={search_term_string}"},"query-input":{"@type":"PropertyValueSpecification","valueRequired":true,"valueName":"search_term_string"}}],"inLanguage":"de"}]}},"lang":"de","translations":{"de":1600,"en":3420},"pll_sync_post":[],"_links":{"self":[{"href":"https:\/\/www.tim-oesterreich.at\/graz\/wp-json\/wp\/v2\/pages\/1600","targetHints":{"allow":["GET"]}}],"collection":[{"href":"https:\/\/www.tim-oesterreich.at\/graz\/wp-json\/wp\/v2\/pages"}],"about":[{"href":"https:\/\/www.tim-oesterreich.at\/graz\/wp-json\/wp\/v2\/types\/page"}],"author":[{"embeddable":true,"href":"https:\/\/www.tim-oesterreich.at\/graz\/wp-json\/wp\/v2\/users\/1"}],"replies":[{"embeddable":true,"href":"https:\/\/www.tim-oesterreich.at\/graz\/wp-json\/wp\/v2\/comments?post=1600"}],"version-history":[{"count":5,"href":"https:\/\/www.tim-oesterreich.at\/graz\/wp-json\/wp\/v2\/pages\/1600\/revisions"}],"predecessor-version":[{"id":4837,"href":"https:\/\/www.tim-oesterreich.at\/graz\/wp-json\/wp\/v2\/pages\/1600\/revisions\/4837"}],"wp:attachment":[{"href":"https:\/\/www.tim-oesterreich.at\/graz\/wp-json\/wp\/v2\/media?parent=1600"}],"curies":[{"name":"wp","href":"https:\/\/api.w.org\/{rel}","templated":true}]}}